{"id":8301,"date":"2024-06-19T08:52:14","date_gmt":"2024-06-19T08:52:14","guid":{"rendered":"https:\/\/www.cevauto.com\/?page_id=8301"},"modified":"2024-07-26T09:50:35","modified_gmt":"2024-07-26T09:50:35","slug":"case","status":"publish","type":"page","link":"https:\/\/www.exp-byd.com\/es\/case\/","title":{"rendered":"Caso"},"content":{"rendered":"<div data-elementor-type=\"wp-page\" data-elementor-id=\"8301\" class=\"elementor elementor-8301\" data-elementor-post-type=\"page\">\n\t\t\t\t<div class=\"elementor-element elementor-element-4e0166e e-con-full e-flex e-con e-parent\" data-id=\"4e0166e\" data-element_type=\"container\" data-settings=\"{&quot;background_background&quot;:&quot;video&quot;,&quot;background_video_link&quot;:&quot;https:\\\/\\\/www.youtube.com\\\/watch?v=3Noa7mwmAwc&quot;,&quot;background_play_on_mobile&quot;:&quot;yes&quot;}\">\n\t\t<div class=\"elementor-background-video-container\">\n\t\t\t\t\t\t\t<div class=\"elementor-background-video-embed\"><\/div>\n\t\t\t\t\t\t<\/div>\t\t<div class=\"elementor-element elementor-element-603e63a elementor-widget elementor-widget-woocommerce-breadcrumb\" data-id=\"603e63a\" data-element_type=\"widget\" data-widget_type=\"woocommerce-breadcrumb.default\">\n\t\t\t\t<div class=\"elementor-widget-container\">\n\t\t\t<nav class=\"woocommerce-breadcrumb\" aria-label=\"Breadcrumb\" data-no-translation=\"\" data-trp-gettext=\"\">Inicio<\/nav>\t\t<\/div>\n\t\t\t\t<\/div>\n\t\t\t\t<\/div>\n\t\t<div class=\"elementor-element elementor-element-4e7b419 animated-slow e-flex e-con-boxed elementor-invisible e-con e-parent\" data-id=\"4e7b419\" data-element_type=\"container\" data-settings=\"{&quot;animation&quot;:&quot;fadeInUp&quot;}\">\n\t\t\t\t\t<div class=\"e-con-inner\">\n\t\t\t\t<div class=\"elementor-element elementor-element-887754a elementor-grid-3 elementor-grid-tablet-2 elementor-grid-mobile-1 elementor-posts--thumbnail-top elementor-widget elementor-widget-posts\" data-id=\"887754a\" data-element_type=\"widget\" data-settings=\"{&quot;pagination_type&quot;:&quot;numbers_and_prev_next&quot;,&quot;classic_columns&quot;:&quot;3&quot;,&quot;classic_columns_tablet&quot;:&quot;2&quot;,&quot;classic_columns_mobile&quot;:&quot;1&quot;,&quot;classic_row_gap&quot;:{&quot;unit&quot;:&quot;px&quot;,&quot;size&quot;:35,&quot;sizes&quot;:[]},&quot;classic_row_gap_tablet&quot;:{&quot;unit&quot;:&quot;px&quot;,&quot;size&quot;:&quot;&quot;,&quot;sizes&quot;:[]},&quot;classic_row_gap_mobile&quot;:{&quot;unit&quot;:&quot;px&quot;,&quot;size&quot;:&quot;&quot;,&quot;sizes&quot;:[]}}\" data-widget_type=\"posts.classic\">\n\t\t\t\t<div class=\"elementor-widget-container\">\n\t\t\t\t\t<div class=\"elementor-posts-container elementor-posts elementor-posts--skin-classic elementor-grid\">\n\t\t\t\t<article class=\"elementor-post elementor-grid-item post-9844 post type-post status-publish format-standard has-post-thumbnail hentry category-case\">\n\t\t\t\t<a class=\"elementor-post__thumbnail__link\" href=\"https:\/\/www.exp-byd.com\/es\/35-units-geely-geometry-a-mexico\/\" tabindex=\"-1\" >\n\t\t\t<div class=\"elementor-post__thumbnail\"><img fetchpriority=\"high\" decoding=\"async\" width=\"800\" height=\"600\" src=\"https:\/\/www.exp-byd.com\/wp-content\/uploads\/2024\/08\/20240808-22.jpg\" class=\"attachment-full size-full wp-image-9850\" alt=\"\" srcset=\"https:\/\/www.exp-byd.com\/wp-content\/uploads\/2024\/08\/20240808-22.jpg 800w, https:\/\/www.exp-byd.com\/wp-content\/uploads\/2024\/08\/20240808-22-300x225.jpg 300w, https:\/\/www.exp-byd.com\/wp-content\/uploads\/2024\/08\/20240808-22-768x576.jpg 768w, https:\/\/www.exp-byd.com\/wp-content\/uploads\/2024\/08\/20240808-22-16x12.jpg 16w\" sizes=\"(max-width: 800px) 100vw, 800px\" \/><\/div>\n\t\t<\/a>\n\t\t\t\t<div class=\"elementor-post__text\">\n\t\t\t\t<h3 class=\"elementor-post__title\">\n\t\t\t<a href=\"https:\/\/www.exp-byd.com\/es\/35-units-geely-geometry-a-mexico\/\" >\n\t\t\t\t35 Unidades GEELY GEOMETRY A \u2013 M\u00e9xico\t\t\t<\/a>\n\t\t<\/h3>\n\t\t\t\t<div class=\"elementor-post__excerpt\">\n\t\t\t<p>Autom\u00f3vil: GEELY GEOMETRY A Unidades: 35 Pa\u00eds de exportaci\u00f3n: M\u00e9xico<\/p>\n\t\t<\/div>\n\t\t\t\t<\/div>\n\t\t\t\t<\/article>\n\t\t\t\t<article class=\"elementor-post elementor-grid-item post-9834 post type-post status-publish format-standard has-post-thumbnail hentry category-case\">\n\t\t\t\t<a class=\"elementor-post__thumbnail__link\" href=\"https:\/\/www.exp-byd.com\/es\/12-units-avatr-11-costa-rica\/\" tabindex=\"-1\" >\n\t\t\t<div class=\"elementor-post__thumbnail\"><img decoding=\"async\" width=\"800\" height=\"600\" src=\"https:\/\/www.exp-byd.com\/wp-content\/uploads\/2024\/08\/20240808-18.jpg\" class=\"attachment-full size-full wp-image-9837\" alt=\"\" srcset=\"https:\/\/www.exp-byd.com\/wp-content\/uploads\/2024\/08\/20240808-18.jpg 800w, https:\/\/www.exp-byd.com\/wp-content\/uploads\/2024\/08\/20240808-18-300x225.jpg 300w, https:\/\/www.exp-byd.com\/wp-content\/uploads\/2024\/08\/20240808-18-768x576.jpg 768w, https:\/\/www.exp-byd.com\/wp-content\/uploads\/2024\/08\/20240808-18-16x12.jpg 16w\" sizes=\"(max-width: 800px) 100vw, 800px\" \/><\/div>\n\t\t<\/a>\n\t\t\t\t<div class=\"elementor-post__text\">\n\t\t\t\t<h3 class=\"elementor-post__title\">\n\t\t\t<a href=\"https:\/\/www.exp-byd.com\/es\/12-units-avatr-11-costa-rica\/\" >\n\t\t\t\t12 Unidades AVATR 11 \u2013 Costa Rica\t\t\t<\/a>\n\t\t<\/h3>\n\t\t\t\t<div class=\"elementor-post__excerpt\">\n\t\t\t<p>Autom\u00f3vil: AVATR 11 Unidades: 12 Pa\u00eds de exportaci\u00f3n: Costa Rica<\/p>\n\t\t<\/div>\n\t\t\t\t<\/div>\n\t\t\t\t<\/article>\n\t\t\t\t<article class=\"elementor-post elementor-grid-item post-9823 post type-post status-publish format-standard has-post-thumbnail hentry category-case\">\n\t\t\t\t<a class=\"elementor-post__thumbnail__link\" href=\"https:\/\/www.exp-byd.com\/es\/10-units-bz3-2-units-bz4x-ethiopia\/\" tabindex=\"-1\" >\n\t\t\t<div class=\"elementor-post__thumbnail\"><img decoding=\"async\" width=\"800\" height=\"600\" src=\"https:\/\/www.exp-byd.com\/wp-content\/uploads\/2024\/08\/20240808-15.jpg\" class=\"attachment-full size-full wp-image-9830\" alt=\"\" srcset=\"https:\/\/www.exp-byd.com\/wp-content\/uploads\/2024\/08\/20240808-15.jpg 800w, https:\/\/www.exp-byd.com\/wp-content\/uploads\/2024\/08\/20240808-15-300x225.jpg 300w, https:\/\/www.exp-byd.com\/wp-content\/uploads\/2024\/08\/20240808-15-768x576.jpg 768w, https:\/\/www.exp-byd.com\/wp-content\/uploads\/2024\/08\/20240808-15-16x12.jpg 16w\" sizes=\"(max-width: 800px) 100vw, 800px\" \/><\/div>\n\t\t<\/a>\n\t\t\t\t<div class=\"elementor-post__text\">\n\t\t\t\t<h3 class=\"elementor-post__title\">\n\t\t\t<a href=\"https:\/\/www.exp-byd.com\/es\/10-units-bz3-2-units-bz4x-ethiopia\/\" >\n\t\t\t\t10 Unidades TOYOTA bZ3 + 2 Unidades TOYOTA bZ4X \u2013 Etiop\u00eda\t\t\t<\/a>\n\t\t<\/h3>\n\t\t\t\t<div class=\"elementor-post__excerpt\">\n\t\t\t<p>Veh\u00edculo: TOYOTA bZ3 + bZ4X Unidades: 12 Pa\u00eds de exportaci\u00f3n: Etiop\u00eda<\/p>\n\t\t<\/div>\n\t\t\t\t<\/div>\n\t\t\t\t<\/article>\n\t\t\t\t<article class=\"elementor-post elementor-grid-item post-9812 post type-post status-publish format-standard has-post-thumbnail hentry category-case\">\n\t\t\t\t<a class=\"elementor-post__thumbnail__link\" href=\"https:\/\/www.exp-byd.com\/es\/7-units-tesla-model-y-ethiopia\/\" tabindex=\"-1\" >\n\t\t\t<div class=\"elementor-post__thumbnail\"><img loading=\"lazy\" decoding=\"async\" width=\"800\" height=\"600\" src=\"https:\/\/www.exp-byd.com\/wp-content\/uploads\/2024\/08\/20240808-10.jpg\" class=\"attachment-full size-full wp-image-9819\" alt=\"\" srcset=\"https:\/\/www.exp-byd.com\/wp-content\/uploads\/2024\/08\/20240808-10.jpg 800w, https:\/\/www.exp-byd.com\/wp-content\/uploads\/2024\/08\/20240808-10-300x225.jpg 300w, https:\/\/www.exp-byd.com\/wp-content\/uploads\/2024\/08\/20240808-10-768x576.jpg 768w, https:\/\/www.exp-byd.com\/wp-content\/uploads\/2024\/08\/20240808-10-16x12.jpg 16w\" sizes=\"(max-width: 800px) 100vw, 800px\" \/><\/div>\n\t\t<\/a>\n\t\t\t\t<div class=\"elementor-post__text\">\n\t\t\t\t<h3 class=\"elementor-post__title\">\n\t\t\t<a href=\"https:\/\/www.exp-byd.com\/es\/7-units-tesla-model-y-ethiopia\/\" >\n\t\t\t\t7 unidades TESLA Model Y \u2013 Etiop\u00eda\t\t\t<\/a>\n\t\t<\/h3>\n\t\t\t\t<div class=\"elementor-post__excerpt\">\n\t\t\t<p>Autom\u00f3vil: Tesla Model Y Unidades: 7 Pa\u00eds de exportaci\u00f3n: Etiop\u00eda<\/p>\n\t\t<\/div>\n\t\t\t\t<\/div>\n\t\t\t\t<\/article>\n\t\t\t\t<article class=\"elementor-post elementor-grid-item post-9799 post type-post status-publish format-standard has-post-thumbnail hentry category-case\">\n\t\t\t\t<a class=\"elementor-post__thumbnail__link\" href=\"https:\/\/www.exp-byd.com\/es\/10-units-xiaomi-su-7-colombia\/\" tabindex=\"-1\" >\n\t\t\t<div class=\"elementor-post__thumbnail\"><img loading=\"lazy\" decoding=\"async\" width=\"800\" height=\"600\" src=\"https:\/\/www.exp-byd.com\/wp-content\/uploads\/2024\/08\/20240808-8.jpg\" class=\"attachment-full size-full wp-image-9805\" alt=\"\" srcset=\"https:\/\/www.exp-byd.com\/wp-content\/uploads\/2024\/08\/20240808-8.jpg 800w, https:\/\/www.exp-byd.com\/wp-content\/uploads\/2024\/08\/20240808-8-300x225.jpg 300w, https:\/\/www.exp-byd.com\/wp-content\/uploads\/2024\/08\/20240808-8-768x576.jpg 768w, https:\/\/www.exp-byd.com\/wp-content\/uploads\/2024\/08\/20240808-8-16x12.jpg 16w\" sizes=\"(max-width: 800px) 100vw, 800px\" \/><\/div>\n\t\t<\/a>\n\t\t\t\t<div class=\"elementor-post__text\">\n\t\t\t\t<h3 class=\"elementor-post__title\">\n\t\t\t<a href=\"https:\/\/www.exp-byd.com\/es\/10-units-xiaomi-su-7-colombia\/\" >\n\t\t\t\t10 Unidades XIAOMI SU 7 \u2013 Colombia\t\t\t<\/a>\n\t\t<\/h3>\n\t\t\t\t<div class=\"elementor-post__excerpt\">\n\t\t\t<p>Veh\u00edculo: XIAOMI SU7 Unidades: 10 Pa\u00eds de exportaci\u00f3n: Colombia<\/p>\n\t\t<\/div>\n\t\t\t\t<\/div>\n\t\t\t\t<\/article>\n\t\t\t\t<article class=\"elementor-post elementor-grid-item post-8521 post type-post status-publish format-standard has-post-thumbnail hentry category-case\">\n\t\t\t\t<a class=\"elementor-post__thumbnail__link\" href=\"https:\/\/www.exp-byd.com\/es\/15-units-zeekr-001-chile\/\" tabindex=\"-1\" >\n\t\t\t<div class=\"elementor-post__thumbnail\"><img loading=\"lazy\" decoding=\"async\" width=\"800\" height=\"600\" src=\"https:\/\/www.exp-byd.com\/wp-content\/uploads\/2024\/06\/Zeekr-001-transport_2.png\" class=\"attachment-full size-full wp-image-8524\" alt=\"\" srcset=\"https:\/\/www.exp-byd.com\/wp-content\/uploads\/2024\/06\/Zeekr-001-transport_2.png 800w, https:\/\/www.exp-byd.com\/wp-content\/uploads\/2024\/06\/Zeekr-001-transport_2-300x225.png 300w, https:\/\/www.exp-byd.com\/wp-content\/uploads\/2024\/06\/Zeekr-001-transport_2-768x576.png 768w, https:\/\/www.exp-byd.com\/wp-content\/uploads\/2024\/06\/Zeekr-001-transport_2-16x12.png 16w\" sizes=\"(max-width: 800px) 100vw, 800px\" \/><\/div>\n\t\t<\/a>\n\t\t\t\t<div class=\"elementor-post__text\">\n\t\t\t\t<h3 class=\"elementor-post__title\">\n\t\t\t<a href=\"https:\/\/www.exp-byd.com\/es\/15-units-zeekr-001-chile\/\" >\n\t\t\t\t15 Unidades ZEEKR 001 \u2013 Chile\t\t\t<\/a>\n\t\t<\/h3>\n\t\t\t\t<div class=\"elementor-post__excerpt\">\n\t\t\t<p>Autom\u00f3vil: ZEEKR 001 Unidades: 15 Pa\u00eds de exportaci\u00f3n: Chile<\/p>\n\t\t<\/div>\n\t\t\t\t<\/div>\n\t\t\t\t<\/article>\n\t\t\t\t<article class=\"elementor-post elementor-grid-item post-8509 post type-post status-publish format-standard has-post-thumbnail hentry category-case\">\n\t\t\t\t<a class=\"elementor-post__thumbnail__link\" href=\"https:\/\/www.exp-byd.com\/es\/125-units-xpeng-g9-qatar\/\" tabindex=\"-1\" >\n\t\t\t<div class=\"elementor-post__thumbnail\"><img loading=\"lazy\" decoding=\"async\" width=\"800\" height=\"600\" src=\"https:\/\/www.exp-byd.com\/wp-content\/uploads\/2024\/06\/Xpeng-transport_4.jpg\" class=\"attachment-full size-full wp-image-8517\" alt=\"\" srcset=\"https:\/\/www.exp-byd.com\/wp-content\/uploads\/2024\/06\/Xpeng-transport_4.jpg 800w, https:\/\/www.exp-byd.com\/wp-content\/uploads\/2024\/06\/Xpeng-transport_4-300x225.jpg 300w, https:\/\/www.exp-byd.com\/wp-content\/uploads\/2024\/06\/Xpeng-transport_4-768x576.jpg 768w, https:\/\/www.exp-byd.com\/wp-content\/uploads\/2024\/06\/Xpeng-transport_4-16x12.jpg 16w\" sizes=\"(max-width: 800px) 100vw, 800px\" \/><\/div>\n\t\t<\/a>\n\t\t\t\t<div class=\"elementor-post__text\">\n\t\t\t\t<h3 class=\"elementor-post__title\">\n\t\t\t<a href=\"https:\/\/www.exp-byd.com\/es\/125-units-xpeng-g9-qatar\/\" >\n\t\t\t\t125 Unidades XPENG G9 \u2013 Qatar\t\t\t<\/a>\n\t\t<\/h3>\n\t\t\t\t<div class=\"elementor-post__excerpt\">\n\t\t\t<p>Veh\u00edculo: XPENG G9 Unidades: 125 Pa\u00eds de exportaci\u00f3n: Qatar<\/p>\n\t\t<\/div>\n\t\t\t\t<\/div>\n\t\t\t\t<\/article>\n\t\t\t\t<article class=\"elementor-post elementor-grid-item post-8497 post type-post status-publish format-standard has-post-thumbnail hentry category-case\">\n\t\t\t\t<a class=\"elementor-post__thumbnail__link\" href=\"https:\/\/www.exp-byd.com\/es\/3-units-benz-eqb-oman\/\" tabindex=\"-1\" >\n\t\t\t<div class=\"elementor-post__thumbnail\"><img loading=\"lazy\" decoding=\"async\" width=\"800\" height=\"600\" src=\"https:\/\/www.exp-byd.com\/wp-content\/uploads\/2024\/06\/EQB-transport_1.png\" class=\"attachment-full size-full wp-image-8502\" alt=\"\" srcset=\"https:\/\/www.exp-byd.com\/wp-content\/uploads\/2024\/06\/EQB-transport_1.png 800w, https:\/\/www.exp-byd.com\/wp-content\/uploads\/2024\/06\/EQB-transport_1-300x225.png 300w, https:\/\/www.exp-byd.com\/wp-content\/uploads\/2024\/06\/EQB-transport_1-768x576.png 768w, https:\/\/www.exp-byd.com\/wp-content\/uploads\/2024\/06\/EQB-transport_1-16x12.png 16w\" sizes=\"(max-width: 800px) 100vw, 800px\" \/><\/div>\n\t\t<\/a>\n\t\t\t\t<div class=\"elementor-post__text\">\n\t\t\t\t<h3 class=\"elementor-post__title\">\n\t\t\t<a href=\"https:\/\/www.exp-byd.com\/es\/3-units-benz-eqb-oman\/\" >\n\t\t\t\t3 Unidades BENZ EQB \u2013 Om\u00e1n\t\t\t<\/a>\n\t\t<\/h3>\n\t\t\t\t<div class=\"elementor-post__excerpt\">\n\t\t\t<p>Veh\u00edculo: BENZ EQB Unidades: 3 Pa\u00eds de exportaci\u00f3n: Om\u00e1n<\/p>\n\t\t<\/div>\n\t\t\t\t<\/div>\n\t\t\t\t<\/article>\n\t\t\t\t<article class=\"elementor-post elementor-grid-item post-8481 post type-post status-publish format-standard has-post-thumbnail hentry category-case\">\n\t\t\t\t<a class=\"elementor-post__thumbnail__link\" href=\"https:\/\/www.exp-byd.com\/es\/8-units-avatr-12-egypt\/\" tabindex=\"-1\" >\n\t\t\t<div class=\"elementor-post__thumbnail\"><img loading=\"lazy\" decoding=\"async\" width=\"800\" height=\"600\" src=\"https:\/\/www.exp-byd.com\/wp-content\/uploads\/2024\/06\/AVATR-transport_3.jpg\" class=\"attachment-full size-full wp-image-8490\" alt=\"\" srcset=\"https:\/\/www.exp-byd.com\/wp-content\/uploads\/2024\/06\/AVATR-transport_3.jpg 800w, https:\/\/www.exp-byd.com\/wp-content\/uploads\/2024\/06\/AVATR-transport_3-300x225.jpg 300w, https:\/\/www.exp-byd.com\/wp-content\/uploads\/2024\/06\/AVATR-transport_3-768x576.jpg 768w, https:\/\/www.exp-byd.com\/wp-content\/uploads\/2024\/06\/AVATR-transport_3-16x12.jpg 16w\" sizes=\"(max-width: 800px) 100vw, 800px\" \/><\/div>\n\t\t<\/a>\n\t\t\t\t<div class=\"elementor-post__text\">\n\t\t\t\t<h3 class=\"elementor-post__title\">\n\t\t\t<a href=\"https:\/\/www.exp-byd.com\/es\/8-units-avatr-12-egypt\/\" >\n\t\t\t\t8 Unidades AVATR 12 \u2013 Egipto\t\t\t<\/a>\n\t\t<\/h3>\n\t\t\t\t<div class=\"elementor-post__excerpt\">\n\t\t\t<p>Veh\u00edculo: AVATR 12 Unidades: 8 Pa\u00eds de exportaci\u00f3n: Egipto<\/p>\n\t\t<\/div>\n\t\t\t\t<\/div>\n\t\t\t\t<\/article>\n\t\t\t\t<\/div>\n\t\t\n\t\t\t\t<div class=\"e-load-more-anchor\" data-page=\"1\" data-max-page=\"2\" data-next-page=\"https:\/\/www.exp-byd.com\/es\/wp-json\/wp\/v2\/pages\/8301\/page\/2\/\"><\/div>\n\t\t\t\t<nav class=\"elementor-pagination\" aria-label=\"Paginaci\u00f3n\">\n\t\t\t<span class=\"page-numbers prev\">&quot; Anterior<\/span>\n<span aria-current=\"page\" class=\"page-numbers current\"><span class=\"elementor-screen-only\">P\u00e1gina<\/span>1<\/span>\n<a class=\"page-numbers\" href=\"https:\/\/www.exp-byd.com\/es\/wp-json\/wp\/v2\/pages\/8301\/page\/2\/\"><span class=\"elementor-screen-only\">P\u00e1gina<\/span>2<\/a>\n<a class=\"page-numbers next\" href=\"https:\/\/www.exp-byd.com\/es\/wp-json\/wp\/v2\/pages\/8301\/page\/2\/\">Pr\u00f3ximo &quot;<\/a>\t\t<\/nav>\n\t\t\t\t<\/div>\n\t\t\t\t<\/div>\n\t\t\t\t\t<\/div>\n\t\t\t\t<\/div>\n\t\t\t\t<\/div>","protected":false},"excerpt":{"rendered":"","protected":false},"author":1,"featured_media":0,"parent":0,"menu_order":0,"comment_status":"closed","ping_status":"closed","template":"elementor_header_footer","meta":{"rank_math_lock_modified_date":false,"footnotes":""},"class_list":["post-8301","page","type-page","status-publish","hentry"],"_links":{"self":[{"href":"https:\/\/www.exp-byd.com\/es\/wp-json\/wp\/v2\/pages\/8301","targetHints":{"allow":["GET"]}}],"collection":[{"href":"https:\/\/www.exp-byd.com\/es\/wp-json\/wp\/v2\/pages"}],"about":[{"href":"https:\/\/www.exp-byd.com\/es\/wp-json\/wp\/v2\/types\/page"}],"author":[{"embeddable":true,"href":"https:\/\/www.exp-byd.com\/es\/wp-json\/wp\/v2\/users\/1"}],"replies":[{"embeddable":true,"href":"https:\/\/www.exp-byd.com\/es\/wp-json\/wp\/v2\/comments?post=8301"}],"version-history":[{"count":22,"href":"https:\/\/www.exp-byd.com\/es\/wp-json\/wp\/v2\/pages\/8301\/revisions"}],"predecessor-version":[{"id":9410,"href":"https:\/\/www.exp-byd.com\/es\/wp-json\/wp\/v2\/pages\/8301\/revisions\/9410"}],"wp:attachment":[{"href":"https:\/\/www.exp-byd.com\/es\/wp-json\/wp\/v2\/media?parent=8301"}],"curies":[{"name":"wp","href":"https:\/\/api.w.org\/{rel}","templated":true}]}}