{"id":8999,"date":"2024-07-10T08:48:14","date_gmt":"2024-07-10T08:48:14","guid":{"rendered":"https:\/\/www.cevauto.com\/?page_id=8999"},"modified":"2024-07-22T02:51:11","modified_gmt":"2024-07-22T02:51:11","slug":"maintenance-network","status":"publish","type":"page","link":"https:\/\/www.exp-byd.com\/es\/maintenance-network\/","title":{"rendered":"Red de mantenimiento"},"content":{"rendered":"<div data-elementor-type=\"wp-page\" data-elementor-id=\"8999\" class=\"elementor elementor-8999\" data-elementor-post-type=\"page\">\n\t\t\t\t<div class=\"elementor-element elementor-element-db1f963 e-con-full e-flex e-con e-parent\" data-id=\"db1f963\" data-element_type=\"container\" data-settings=\"{&quot;background_background&quot;:&quot;video&quot;,&quot;background_video_link&quot;:&quot;https:\\\/\\\/www.youtube.com\\\/watch?v=PmwTtd-ANfQ&quot;,&quot;background_play_on_mobile&quot;:&quot;yes&quot;}\">\n\t\t<div class=\"elementor-background-video-container\">\n\t\t\t\t\t\t\t<div class=\"elementor-background-video-embed\"><\/div>\n\t\t\t\t\t\t<\/div>\t\t<div class=\"elementor-element elementor-element-304363a elementor-widget elementor-widget-woocommerce-breadcrumb\" data-id=\"304363a\" data-element_type=\"widget\" data-widget_type=\"woocommerce-breadcrumb.default\">\n\t\t\t\t<div class=\"elementor-widget-container\">\n\t\t\t<nav class=\"woocommerce-breadcrumb\" aria-label=\"Breadcrumb\" data-no-translation=\"\" data-trp-gettext=\"\">Inicio<\/nav>\t\t<\/div>\n\t\t\t\t<\/div>\n\t\t\t\t<\/div>\n\t\t<div class=\"elementor-element elementor-element-1355652 e-flex e-con-boxed e-con e-parent\" data-id=\"1355652\" data-element_type=\"container\">\n\t\t\t\t\t<div class=\"e-con-inner\">\n\t\t\t\t<div class=\"elementor-element elementor-element-53d055c e-n-tabs-mobile elementor-widget elementor-widget-n-tabs\" data-id=\"53d055c\" data-element_type=\"widget\" data-widget_type=\"nested-tabs.default\">\n\t\t\t\t<div class=\"elementor-widget-container\">\n\t\t\t\t\t<div class=\"e-n-tabs\" data-widget-number=\"87885148\" aria-label=\"Pesta\u00f1as. Abre elementos con Intro o Espacio, ci\u00e9rralos con Escape y navega con las fechas.\">\n\t\t\t<div class=\"e-n-tabs-heading\" role=\"tablist\">\n\t\t\t\t\t<button id=\"e-n-tab-title-878851481\" class=\"e-n-tab-title\" aria-selected=\"true\" data-tab-index=\"1\" role=\"tab\" tabindex=\"0\" aria-controls=\"e-n-tab-content-878851481\" style=\"--n-tabs-title-order: 1;\">\n\t\t\t\t\t\t<span class=\"e-n-tab-title-text\">\n\t\t\t\tEtiop\u00eda\t\t\t<\/span>\n\t\t<\/button>\n\t\t\t\t<button id=\"e-n-tab-title-878851482\" class=\"e-n-tab-title\" aria-selected=\"false\" data-tab-index=\"2\" role=\"tab\" tabindex=\"-1\" aria-controls=\"e-n-tab-content-878851482\" style=\"--n-tabs-title-order: 2;\">\n\t\t\t\t\t\t<span class=\"e-n-tab-title-text\">\n\t\t\t\tRuanda\t\t\t<\/span>\n\t\t<\/button>\n\t\t\t\t\t<\/div>\n\t\t\t<div class=\"e-n-tabs-content\">\n\t\t\t\t<div id=\"e-n-tab-content-878851481\" role=\"tabpanel\" aria-labelledby=\"e-n-tab-title-878851481\" data-tab-index=\"1\" style=\"--n-tabs-title-order: 1;\" class=\"e-active elementor-element elementor-element-a2818ca e-con-full e-flex e-con e-child\" data-id=\"a2818ca\" data-element_type=\"container\">\n\t\t<div class=\"elementor-element elementor-element-8b050c3 e-flex e-con-boxed e-con e-child\" data-id=\"8b050c3\" data-element_type=\"container\">\n\t\t\t\t\t<div class=\"e-con-inner\">\n\t\t\t\t<div class=\"elementor-element elementor-element-8ab02c3 elementor-widget elementor-widget-text-editor\" data-id=\"8ab02c3\" data-element_type=\"widget\" data-widget_type=\"text-editor.default\">\n\t\t\t\t<div class=\"elementor-widget-container\">\n\t\t\t\t\t\t\t<p>Para reparaci\u00f3n de veh\u00edculos el\u00e9ctricos: <br \/>Tel\u00e9fono: \ud83d\udcde +251 973731303<br \/>Taller: Girar EV Garage<br \/>Persona de contacto: Yonatan<br \/>Ubicaci\u00f3n: 2R54+8QC, Addis Abeba, Etiop\u00eda<br \/>Pa\u00eds: Etiop\u00eda<\/p>\t\t\t\t\t\t<\/div>\n\t\t\t\t<\/div>\n\t\t\t\t<div class=\"elementor-element elementor-element-08eb95a elementor-widget elementor-widget-google_maps\" data-id=\"08eb95a\" data-element_type=\"widget\" data-widget_type=\"google_maps.default\">\n\t\t\t\t<div class=\"elementor-widget-container\">\n\t\t\t\t\t<div class=\"elementor-custom-embed\">\n\t\t\t<iframe loading=\"lazy\"\n\t\t\t\t\tsrc=\"https:\/\/maps.google.com\/maps?q=2R54%2B8QC%2C%20Addis%20Ababa%2C%20Ethiopia&#038;t=m&#038;z=10&#038;output=embed&#038;iwloc=near\"\n\t\t\t\t\ttitle=\"2R54+8QC, Addis Abeba, Etiop\u00eda\"\n\t\t\t\t\taria-label=\"2R54+8QC, Addis Abeba, Etiop\u00eda\"\n\t\t\t><\/iframe>\n\t\t<\/div>\n\t\t\t\t<\/div>\n\t\t\t\t<\/div>\n\t\t\t\t\t<\/div>\n\t\t\t\t<\/div>\n\t\t\t\t<\/div>\n\t\t<div id=\"e-n-tab-content-878851482\" role=\"tabpanel\" aria-labelledby=\"e-n-tab-title-878851482\" data-tab-index=\"2\" style=\"--n-tabs-title-order: 2;\" class=\"elementor-element elementor-element-d07d77c e-con-full e-flex e-con e-child\" data-id=\"d07d77c\" data-element_type=\"container\">\n\t\t<div class=\"elementor-element elementor-element-d00a75f e-flex e-con-boxed e-con e-child\" data-id=\"d00a75f\" data-element_type=\"container\">\n\t\t\t\t\t<div class=\"e-con-inner\">\n\t\t\t\t<div class=\"elementor-element elementor-element-85299f0 elementor-widget elementor-widget-text-editor\" data-id=\"85299f0\" data-element_type=\"widget\" data-widget_type=\"text-editor.default\">\n\t\t\t\t<div class=\"elementor-widget-container\">\n\t\t\t\t\t\t\t<p>Para reparaci\u00f3n de veh\u00edculos el\u00e9ctricos: <br \/>Tel\u00e9fono: \ud83d\udcde +250798219566<br \/>Taller: Kabisa EV Garage<br \/>Persona de contacto: Abby<br \/>Ubicaci\u00f3n: 439Q+78 Kigali, Ruanda<br \/>Pa\u00eds: Ruanda<\/p>\t\t\t\t\t\t<\/div>\n\t\t\t\t<\/div>\n\t\t\t\t<div class=\"elementor-element elementor-element-b82d43d elementor-widget elementor-widget-google_maps\" data-id=\"b82d43d\" data-element_type=\"widget\" data-widget_type=\"google_maps.default\">\n\t\t\t\t<div class=\"elementor-widget-container\">\n\t\t\t\t\t<div class=\"elementor-custom-embed\">\n\t\t\t<iframe loading=\"lazy\"\n\t\t\t\t\tsrc=\"https:\/\/maps.google.com\/maps?q=439Q%2B78%20Kigali%2C%20Rwanda&#038;t=m&#038;z=10&#038;output=embed&#038;iwloc=near\"\n\t\t\t\t\ttitle=\"439Q+78 Kigali, Ruanda\"\n\t\t\t\t\taria-label=\"439Q+78 Kigali, Ruanda\"\n\t\t\t><\/iframe>\n\t\t<\/div>\n\t\t\t\t<\/div>\n\t\t\t\t<\/div>\n\t\t\t\t\t<\/div>\n\t\t\t\t<\/div>\n\t\t\t\t<\/div>\n\t\t\t\t\t<\/div>\n\t\t<\/div>\n\t\t\t\t<\/div>\n\t\t\t\t<\/div>\n\t\t\t\t\t<\/div>\n\t\t\t\t<\/div>\n\t\t\t\t<\/div>","protected":false},"excerpt":{"rendered":"<p>Ethiopia Rwanda For EVs repair: Telephone: \ud83d\udcde +251 973731303Workshop: Girar EV GarageContact person: YonatanLocation: 2R54+8QC, Addis Ababa, EthiopiaCountry: Ethiopia For EVs repair: Telephone: \ud83d\udcde +250798219566Workshop: Kabisa EV GarageContact person\uff1a\u00a0AbbyLocation: 439Q+78 Kigali, RwandaCountry: Rwanda For EVs repair: Telephone: \ud83d\udcde +251 973731303Workshop: Girar EV GarageContact person: YonatanLocation: 2R54+8QC, Addis Ababa, EthiopiaCountry: Ethiopia For EVs repair: Telephone: \ud83d\udcde [&hellip;]<\/p>","protected":false},"author":1,"featured_media":0,"parent":0,"menu_order":0,"comment_status":"closed","ping_status":"closed","template":"elementor_header_footer","meta":{"rank_math_lock_modified_date":false,"footnotes":""},"class_list":["post-8999","page","type-page","status-publish","hentry"],"_links":{"self":[{"href":"https:\/\/www.exp-byd.com\/es\/wp-json\/wp\/v2\/pages\/8999","targetHints":{"allow":["GET"]}}],"collection":[{"href":"https:\/\/www.exp-byd.com\/es\/wp-json\/wp\/v2\/pages"}],"about":[{"href":"https:\/\/www.exp-byd.com\/es\/wp-json\/wp\/v2\/types\/page"}],"author":[{"embeddable":true,"href":"https:\/\/www.exp-byd.com\/es\/wp-json\/wp\/v2\/users\/1"}],"replies":[{"embeddable":true,"href":"https:\/\/www.exp-byd.com\/es\/wp-json\/wp\/v2\/comments?post=8999"}],"version-history":[{"count":58,"href":"https:\/\/www.exp-byd.com\/es\/wp-json\/wp\/v2\/pages\/8999\/revisions"}],"predecessor-version":[{"id":9170,"href":"https:\/\/www.exp-byd.com\/es\/wp-json\/wp\/v2\/pages\/8999\/revisions\/9170"}],"wp:attachment":[{"href":"https:\/\/www.exp-byd.com\/es\/wp-json\/wp\/v2\/media?parent=8999"}],"curies":[{"name":"wp","href":"https:\/\/api.w.org\/{rel}","templated":true}]}}