{"id":10073,"date":"2024-08-20T08:19:39","date_gmt":"2024-08-20T08:19:39","guid":{"rendered":"https:\/\/www.cevauto.com\/?post_type=product&#038;p=10073"},"modified":"2024-11-13T06:03:59","modified_gmt":"2024-11-13T06:03:59","slug":"yudo-yuntu","status":"publish","type":"product","link":"https:\/\/www.exp-byd.com\/fr\/product\/yudo-yuntu\/","title":{"rendered":"Y\u00fbdo Yuntu"},"content":{"rendered":"<div data-elementor-type=\"product-post\" data-elementor-id=\"10073\" class=\"elementor elementor-10073\" data-elementor-post-type=\"product\">\n\t\t\t\t<div class=\"elementor-element elementor-element-923e87f e-con-full e-flex e-con e-parent\" data-id=\"923e87f\" data-element_type=\"container\" data-settings=\"{&quot;background_background&quot;:&quot;video&quot;}\">\n\t\t<div class=\"elementor-element elementor-element-9c8b308 e-flex e-con-boxed e-con e-child\" data-id=\"9c8b308\" data-element_type=\"container\" data-settings=\"{&quot;background_background&quot;:&quot;video&quot;,&quot;background_play_on_mobile&quot;:&quot;yes&quot;}\">\n\t\t\t\t\t<div class=\"e-con-inner\">\n\t\t<div class=\"elementor-element elementor-element-3ab7e06 e-con-full e-flex e-con e-child\" data-id=\"3ab7e06\" data-element_type=\"container\" data-settings=\"{&quot;background_background&quot;:&quot;video&quot;,&quot;background_video_link&quot;:&quot;https:\\\/\\\/www.youtube.com\\\/watch?v=ezvVDdkk7NA&quot;,&quot;background_play_on_mobile&quot;:&quot;yes&quot;}\">\n\t\t<div class=\"elementor-background-video-container\">\n\t\t\t\t\t\t\t<div class=\"elementor-background-video-embed\"><\/div>\n\t\t\t\t\t\t<\/div>\t\t<\/div>\n\t\t\t\t\t<\/div>\n\t\t\t\t<\/div>\n\t\t\t\t<\/div>\n\t\t<div class=\"elementor-element elementor-element-34cf146 e-flex e-con-boxed e-con e-parent\" data-id=\"34cf146\" data-element_type=\"container\">\n\t\t\t\t\t<div class=\"e-con-inner\">\n\t\t\t\t<div class=\"elementor-element elementor-element-f8db6a1 e-n-tabs-mobile elementor-widget elementor-widget-n-tabs\" data-id=\"f8db6a1\" data-element_type=\"widget\" data-settings=\"{&quot;tabs_justify_horizontal&quot;:&quot;start&quot;,&quot;horizontal_scroll&quot;:&quot;disable&quot;}\" data-widget_type=\"nested-tabs.default\">\n\t\t\t\t<div class=\"elementor-widget-container\">\n\t\t\t\t\t<div class=\"e-n-tabs\" data-widget-number=\"260945569\" aria-label=\"Onglets. Ouvrez des \u00e9l\u00e9ments avec Entrer ou Espace, fermez-les avec Echape et naviguez \u00e0 l&#039;aide des touches fl\u00e9ch\u00e9es.\">\n\t\t\t<div class=\"e-n-tabs-heading\" role=\"tablist\">\n\t\t\t\t\t<button id=\"e-n-tab-title-2609455691\" class=\"e-n-tab-title\" aria-selected=\"true\" data-tab-index=\"1\" role=\"tab\" tabindex=\"0\" aria-controls=\"e-n-tab-content-2609455691\" style=\"--n-tabs-title-order: 1;\">\n\t\t\t\t\t\t<span class=\"e-n-tab-title-text\">\n\t\t\t\tExt\u00e9rieur\t\t\t<\/span>\n\t\t<\/button>\n\t\t\t\t<button id=\"e-n-tab-title-2609455692\" class=\"e-n-tab-title\" aria-selected=\"false\" data-tab-index=\"2\" role=\"tab\" tabindex=\"-1\" aria-controls=\"e-n-tab-content-2609455692\" style=\"--n-tabs-title-order: 2;\">\n\t\t\t\t\t\t<span class=\"e-n-tab-title-text\">\n\t\t\t\tInt\u00e9rieur\t\t\t<\/span>\n\t\t<\/button>\n\t\t\t\t<button id=\"e-n-tab-title-2609455693\" class=\"e-n-tab-title\" aria-selected=\"false\" data-tab-index=\"3\" role=\"tab\" tabindex=\"-1\" aria-controls=\"e-n-tab-content-2609455693\" style=\"--n-tabs-title-order: 3;\">\n\t\t\t\t\t\t<span class=\"e-n-tab-title-text\">\n\t\t\t\tCommentaires\t\t\t<\/span>\n\t\t<\/button>\n\t\t\t\t\t<\/div>\n\t\t\t<div class=\"e-n-tabs-content\">\n\t\t\t\t<div id=\"e-n-tab-content-2609455691\" role=\"tabpanel\" aria-labelledby=\"e-n-tab-title-2609455691\" data-tab-index=\"1\" style=\"--n-tabs-title-order: 1;\" class=\"e-active elementor-element elementor-element-0291027 e-con-full e-flex e-con e-child\" data-id=\"0291027\" data-element_type=\"container\">\n\t\t<div class=\"elementor-element elementor-element-4b93aba e-con-full e-flex e-con e-child\" data-id=\"4b93aba\" data-element_type=\"container\">\n\t\t\t\t<div class=\"elementor-element elementor-element-24f6a5c gallery-spacing-custom elementor-widget elementor-widget-image-gallery\" data-id=\"24f6a5c\" data-element_type=\"widget\" data-widget_type=\"image-gallery.default\">\n\t\t\t\t<div class=\"elementor-widget-container\">\n\t\t\t\t\t<div class=\"elementor-image-gallery\">\n\t\t\t<div id='gallery-1' class='gallery galleryid-10073 gallery-columns-3 gallery-size-full'><figure class='gallery-item'>\n\t\t\t<div class='gallery-icon landscape'>\n\t\t\t\t<a data-elementor-open-lightbox=\"yes\" data-elementor-lightbox-slideshow=\"24f6a5c\" data-elementor-lightbox-title=\"YUDO YUNTU 2\" data-e-action-hash=\"#elementor-action%3Aaction%3Dlightbox%26settings%3DeyJpZCI6MTAwNzcsInVybCI6Imh0dHBzOlwvXC93d3cuZXhwLWJ5ZC5jb21cL3dwLWNvbnRlbnRcL3VwbG9hZHNcLzIwMjRcLzA4XC9ZVURPLVlVTlRVLTIud2VicCIsInNsaWRlc2hvdyI6IjI0ZjZhNWMifQ%3D%3D\" href='https:\/\/www.exp-byd.com\/wp-content\/uploads\/2024\/08\/YUDO-YUNTU-2.webp'><img fetchpriority=\"high\" decoding=\"async\" width=\"2400\" height=\"1600\" src=\"https:\/\/www.exp-byd.com\/wp-content\/uploads\/2024\/08\/YUDO-YUNTU-2.webp\" class=\"attachment-full size-full\" alt=\"\" srcset=\"https:\/\/www.exp-byd.com\/wp-content\/uploads\/2024\/08\/YUDO-YUNTU-2.webp 2400w, https:\/\/www.exp-byd.com\/wp-content\/uploads\/2024\/08\/YUDO-YUNTU-2-300x200.webp 300w, https:\/\/www.exp-byd.com\/wp-content\/uploads\/2024\/08\/YUDO-YUNTU-2-1024x683.webp 1024w, https:\/\/www.exp-byd.com\/wp-content\/uploads\/2024\/08\/YUDO-YUNTU-2-768x512.webp 768w, https:\/\/www.exp-byd.com\/wp-content\/uploads\/2024\/08\/YUDO-YUNTU-2-1536x1024.webp 1536w, https:\/\/www.exp-byd.com\/wp-content\/uploads\/2024\/08\/YUDO-YUNTU-2-2048x1365.webp 2048w, https:\/\/www.exp-byd.com\/wp-content\/uploads\/2024\/08\/YUDO-YUNTU-2-18x12.webp 18w, https:\/\/www.exp-byd.com\/wp-content\/uploads\/2024\/08\/YUDO-YUNTU-2-1200x800.webp 1200w\" sizes=\"(max-width: 2400px) 100vw, 2400px\" \/><\/a>\n\t\t\t<\/div><\/figure><figure class='gallery-item'>\n\t\t\t<div class='gallery-icon landscape'>\n\t\t\t\t<a data-elementor-open-lightbox=\"yes\" data-elementor-lightbox-slideshow=\"24f6a5c\" data-elementor-lightbox-title=\"YUDO YUNTU 3\" data-e-action-hash=\"#elementor-action%3Aaction%3Dlightbox%26settings%3DeyJpZCI6MTAwNzgsInVybCI6Imh0dHBzOlwvXC93d3cuZXhwLWJ5ZC5jb21cL3dwLWNvbnRlbnRcL3VwbG9hZHNcLzIwMjRcLzA4XC9ZVURPLVlVTlRVLTMud2VicCIsInNsaWRlc2hvdyI6IjI0ZjZhNWMifQ%3D%3D\" href='https:\/\/www.exp-byd.com\/wp-content\/uploads\/2024\/08\/YUDO-YUNTU-3.webp'><img decoding=\"async\" width=\"2400\" height=\"1600\" src=\"https:\/\/www.exp-byd.com\/wp-content\/uploads\/2024\/08\/YUDO-YUNTU-3.webp\" class=\"attachment-full size-full\" alt=\"\" srcset=\"https:\/\/www.exp-byd.com\/wp-content\/uploads\/2024\/08\/YUDO-YUNTU-3.webp 2400w, https:\/\/www.exp-byd.com\/wp-content\/uploads\/2024\/08\/YUDO-YUNTU-3-300x200.webp 300w, https:\/\/www.exp-byd.com\/wp-content\/uploads\/2024\/08\/YUDO-YUNTU-3-1024x683.webp 1024w, https:\/\/www.exp-byd.com\/wp-content\/uploads\/2024\/08\/YUDO-YUNTU-3-768x512.webp 768w, https:\/\/www.exp-byd.com\/wp-content\/uploads\/2024\/08\/YUDO-YUNTU-3-1536x1024.webp 1536w, https:\/\/www.exp-byd.com\/wp-content\/uploads\/2024\/08\/YUDO-YUNTU-3-2048x1365.webp 2048w, https:\/\/www.exp-byd.com\/wp-content\/uploads\/2024\/08\/YUDO-YUNTU-3-18x12.webp 18w, https:\/\/www.exp-byd.com\/wp-content\/uploads\/2024\/08\/YUDO-YUNTU-3-1200x800.webp 1200w\" sizes=\"(max-width: 2400px) 100vw, 2400px\" \/><\/a>\n\t\t\t<\/div><\/figure><figure class='gallery-item'>\n\t\t\t<div class='gallery-icon landscape'>\n\t\t\t\t<a data-elementor-open-lightbox=\"yes\" data-elementor-lightbox-slideshow=\"24f6a5c\" data-elementor-lightbox-title=\"YUDO YUNTU 10\" data-e-action-hash=\"#elementor-action%3Aaction%3Dlightbox%26settings%3DeyJpZCI6MTAwODgsInVybCI6Imh0dHBzOlwvXC93d3cuZXhwLWJ5ZC5jb21cL3dwLWNvbnRlbnRcL3VwbG9hZHNcLzIwMjRcLzA4XC9ZVURPLVlVTlRVLTEwLndlYnAiLCJzbGlkZXNob3ciOiIyNGY2YTVjIn0%3D\" href='https:\/\/www.exp-byd.com\/wp-content\/uploads\/2024\/08\/YUDO-YUNTU-10.webp'><img decoding=\"async\" width=\"2400\" height=\"1600\" src=\"https:\/\/www.exp-byd.com\/wp-content\/uploads\/2024\/08\/YUDO-YUNTU-10.webp\" class=\"attachment-full size-full\" alt=\"\" srcset=\"https:\/\/www.exp-byd.com\/wp-content\/uploads\/2024\/08\/YUDO-YUNTU-10.webp 2400w, https:\/\/www.exp-byd.com\/wp-content\/uploads\/2024\/08\/YUDO-YUNTU-10-300x200.webp 300w, https:\/\/www.exp-byd.com\/wp-content\/uploads\/2024\/08\/YUDO-YUNTU-10-1024x683.webp 1024w, https:\/\/www.exp-byd.com\/wp-content\/uploads\/2024\/08\/YUDO-YUNTU-10-768x512.webp 768w, https:\/\/www.exp-byd.com\/wp-content\/uploads\/2024\/08\/YUDO-YUNTU-10-1536x1024.webp 1536w, https:\/\/www.exp-byd.com\/wp-content\/uploads\/2024\/08\/YUDO-YUNTU-10-2048x1365.webp 2048w, https:\/\/www.exp-byd.com\/wp-content\/uploads\/2024\/08\/YUDO-YUNTU-10-18x12.webp 18w, https:\/\/www.exp-byd.com\/wp-content\/uploads\/2024\/08\/YUDO-YUNTU-10-1200x800.webp 1200w\" sizes=\"(max-width: 2400px) 100vw, 2400px\" \/><\/a>\n\t\t\t<\/div><\/figure><figure class='gallery-item'>\n\t\t\t<div class='gallery-icon landscape'>\n\t\t\t\t<a data-elementor-open-lightbox=\"yes\" data-elementor-lightbox-slideshow=\"24f6a5c\" data-elementor-lightbox-title=\"YUDO YUNTU 11\" data-e-action-hash=\"#elementor-action%3Aaction%3Dlightbox%26settings%3DeyJpZCI6MTAwODksInVybCI6Imh0dHBzOlwvXC93d3cuZXhwLWJ5ZC5jb21cL3dwLWNvbnRlbnRcL3VwbG9hZHNcLzIwMjRcLzA4XC9ZVURPLVlVTlRVLTExLndlYnAiLCJzbGlkZXNob3ciOiIyNGY2YTVjIn0%3D\" href='https:\/\/www.exp-byd.com\/wp-content\/uploads\/2024\/08\/YUDO-YUNTU-11.webp'><img loading=\"lazy\" decoding=\"async\" width=\"2400\" height=\"1600\" src=\"https:\/\/www.exp-byd.com\/wp-content\/uploads\/2024\/08\/YUDO-YUNTU-11.webp\" class=\"attachment-full size-full\" alt=\"\" srcset=\"https:\/\/www.exp-byd.com\/wp-content\/uploads\/2024\/08\/YUDO-YUNTU-11.webp 2400w, https:\/\/www.exp-byd.com\/wp-content\/uploads\/2024\/08\/YUDO-YUNTU-11-300x200.webp 300w, https:\/\/www.exp-byd.com\/wp-content\/uploads\/2024\/08\/YUDO-YUNTU-11-1024x683.webp 1024w, https:\/\/www.exp-byd.com\/wp-content\/uploads\/2024\/08\/YUDO-YUNTU-11-768x512.webp 768w, https:\/\/www.exp-byd.com\/wp-content\/uploads\/2024\/08\/YUDO-YUNTU-11-1536x1024.webp 1536w, https:\/\/www.exp-byd.com\/wp-content\/uploads\/2024\/08\/YUDO-YUNTU-11-2048x1365.webp 2048w, https:\/\/www.exp-byd.com\/wp-content\/uploads\/2024\/08\/YUDO-YUNTU-11-18x12.webp 18w, https:\/\/www.exp-byd.com\/wp-content\/uploads\/2024\/08\/YUDO-YUNTU-11-1200x800.webp 1200w\" sizes=\"(max-width: 2400px) 100vw, 2400px\" \/><\/a>\n\t\t\t<\/div><\/figure>\n\t\t<\/div>\n\t\t<\/div>\n\t\t\t\t<\/div>\n\t\t\t\t<\/div>\n\t\t\t\t<\/div>\n\t\t\t\t<\/div>\n\t\t<div id=\"e-n-tab-content-2609455692\" role=\"tabpanel\" aria-labelledby=\"e-n-tab-title-2609455692\" data-tab-index=\"2\" style=\"--n-tabs-title-order: 2;\" class=\"elementor-element elementor-element-9f0b552 e-con-full e-flex e-con e-child\" data-id=\"9f0b552\" data-element_type=\"container\">\n\t\t<div class=\"elementor-element elementor-element-3dd5c9d e-con-full e-flex e-con e-child\" data-id=\"3dd5c9d\" data-element_type=\"container\">\n\t\t\t\t<div class=\"elementor-element elementor-element-f8c75e0 gallery-spacing-custom elementor-widget elementor-widget-image-gallery\" data-id=\"f8c75e0\" data-element_type=\"widget\" data-widget_type=\"image-gallery.default\">\n\t\t\t\t<div class=\"elementor-widget-container\">\n\t\t\t\t\t<div class=\"elementor-image-gallery\">\n\t\t\t<div id='gallery-2' class='gallery galleryid-10073 gallery-columns-3 gallery-size-full'><figure class='gallery-item'>\n\t\t\t<div class='gallery-icon landscape'>\n\t\t\t\t<a data-elementor-open-lightbox=\"yes\" data-elementor-lightbox-slideshow=\"f8c75e0\" data-elementor-lightbox-title=\"YUDO YUNTU 5\" data-e-action-hash=\"#elementor-action%3Aaction%3Dlightbox%26settings%3DeyJpZCI6MTAwODAsInVybCI6Imh0dHBzOlwvXC93d3cuZXhwLWJ5ZC5jb21cL3dwLWNvbnRlbnRcL3VwbG9hZHNcLzIwMjRcLzA4XC9ZVURPLVlVTlRVLTUud2VicCIsInNsaWRlc2hvdyI6ImY4Yzc1ZTAifQ%3D%3D\" href='https:\/\/www.exp-byd.com\/wp-content\/uploads\/2024\/08\/YUDO-YUNTU-5.webp'><img loading=\"lazy\" decoding=\"async\" width=\"2508\" height=\"1672\" src=\"https:\/\/www.exp-byd.com\/wp-content\/uploads\/2024\/08\/YUDO-YUNTU-5.webp\" class=\"attachment-full size-full\" alt=\"\" srcset=\"https:\/\/www.exp-byd.com\/wp-content\/uploads\/2024\/08\/YUDO-YUNTU-5.webp 2508w, https:\/\/www.exp-byd.com\/wp-content\/uploads\/2024\/08\/YUDO-YUNTU-5-300x200.webp 300w, https:\/\/www.exp-byd.com\/wp-content\/uploads\/2024\/08\/YUDO-YUNTU-5-1024x683.webp 1024w, https:\/\/www.exp-byd.com\/wp-content\/uploads\/2024\/08\/YUDO-YUNTU-5-768x512.webp 768w, https:\/\/www.exp-byd.com\/wp-content\/uploads\/2024\/08\/YUDO-YUNTU-5-1536x1024.webp 1536w, https:\/\/www.exp-byd.com\/wp-content\/uploads\/2024\/08\/YUDO-YUNTU-5-2048x1365.webp 2048w, https:\/\/www.exp-byd.com\/wp-content\/uploads\/2024\/08\/YUDO-YUNTU-5-18x12.webp 18w, https:\/\/www.exp-byd.com\/wp-content\/uploads\/2024\/08\/YUDO-YUNTU-5-1200x800.webp 1200w\" sizes=\"(max-width: 2508px) 100vw, 2508px\" \/><\/a>\n\t\t\t<\/div><\/figure><figure class='gallery-item'>\n\t\t\t<div class='gallery-icon landscape'>\n\t\t\t\t<a data-elementor-open-lightbox=\"yes\" data-elementor-lightbox-slideshow=\"f8c75e0\" data-elementor-lightbox-title=\"YUDO YUNTU 6\" data-e-action-hash=\"#elementor-action%3Aaction%3Dlightbox%26settings%3DeyJpZCI6MTAwODEsInVybCI6Imh0dHBzOlwvXC93d3cuZXhwLWJ5ZC5jb21cL3dwLWNvbnRlbnRcL3VwbG9hZHNcLzIwMjRcLzA4XC9ZVURPLVlVTlRVLTYud2VicCIsInNsaWRlc2hvdyI6ImY4Yzc1ZTAifQ%3D%3D\" href='https:\/\/www.exp-byd.com\/wp-content\/uploads\/2024\/08\/YUDO-YUNTU-6.webp'><img loading=\"lazy\" decoding=\"async\" width=\"2508\" height=\"1672\" src=\"https:\/\/www.exp-byd.com\/wp-content\/uploads\/2024\/08\/YUDO-YUNTU-6.webp\" class=\"attachment-full size-full\" alt=\"\" srcset=\"https:\/\/www.exp-byd.com\/wp-content\/uploads\/2024\/08\/YUDO-YUNTU-6.webp 2508w, https:\/\/www.exp-byd.com\/wp-content\/uploads\/2024\/08\/YUDO-YUNTU-6-300x200.webp 300w, https:\/\/www.exp-byd.com\/wp-content\/uploads\/2024\/08\/YUDO-YUNTU-6-1024x683.webp 1024w, https:\/\/www.exp-byd.com\/wp-content\/uploads\/2024\/08\/YUDO-YUNTU-6-768x512.webp 768w, https:\/\/www.exp-byd.com\/wp-content\/uploads\/2024\/08\/YUDO-YUNTU-6-1536x1024.webp 1536w, https:\/\/www.exp-byd.com\/wp-content\/uploads\/2024\/08\/YUDO-YUNTU-6-2048x1365.webp 2048w, https:\/\/www.exp-byd.com\/wp-content\/uploads\/2024\/08\/YUDO-YUNTU-6-18x12.webp 18w, https:\/\/www.exp-byd.com\/wp-content\/uploads\/2024\/08\/YUDO-YUNTU-6-1200x800.webp 1200w\" sizes=\"(max-width: 2508px) 100vw, 2508px\" \/><\/a>\n\t\t\t<\/div><\/figure><figure class='gallery-item'>\n\t\t\t<div class='gallery-icon landscape'>\n\t\t\t\t<a data-elementor-open-lightbox=\"yes\" data-elementor-lightbox-slideshow=\"f8c75e0\" data-elementor-lightbox-title=\"YUDO YUNTU 7\" data-e-action-hash=\"#elementor-action%3Aaction%3Dlightbox%26settings%3DeyJpZCI6MTAwODIsInVybCI6Imh0dHBzOlwvXC93d3cuZXhwLWJ5ZC5jb21cL3dwLWNvbnRlbnRcL3VwbG9hZHNcLzIwMjRcLzA4XC9ZVURPLVlVTlRVLTcud2VicCIsInNsaWRlc2hvdyI6ImY4Yzc1ZTAifQ%3D%3D\" href='https:\/\/www.exp-byd.com\/wp-content\/uploads\/2024\/08\/YUDO-YUNTU-7.webp'><img loading=\"lazy\" decoding=\"async\" width=\"2508\" height=\"1672\" src=\"https:\/\/www.exp-byd.com\/wp-content\/uploads\/2024\/08\/YUDO-YUNTU-7.webp\" class=\"attachment-full size-full\" alt=\"\" srcset=\"https:\/\/www.exp-byd.com\/wp-content\/uploads\/2024\/08\/YUDO-YUNTU-7.webp 2508w, https:\/\/www.exp-byd.com\/wp-content\/uploads\/2024\/08\/YUDO-YUNTU-7-300x200.webp 300w, https:\/\/www.exp-byd.com\/wp-content\/uploads\/2024\/08\/YUDO-YUNTU-7-1024x683.webp 1024w, https:\/\/www.exp-byd.com\/wp-content\/uploads\/2024\/08\/YUDO-YUNTU-7-768x512.webp 768w, https:\/\/www.exp-byd.com\/wp-content\/uploads\/2024\/08\/YUDO-YUNTU-7-1536x1024.webp 1536w, https:\/\/www.exp-byd.com\/wp-content\/uploads\/2024\/08\/YUDO-YUNTU-7-2048x1365.webp 2048w, https:\/\/www.exp-byd.com\/wp-content\/uploads\/2024\/08\/YUDO-YUNTU-7-18x12.webp 18w, https:\/\/www.exp-byd.com\/wp-content\/uploads\/2024\/08\/YUDO-YUNTU-7-1200x800.webp 1200w\" sizes=\"(max-width: 2508px) 100vw, 2508px\" \/><\/a>\n\t\t\t<\/div><\/figure><figure class='gallery-item'>\n\t\t\t<div class='gallery-icon landscape'>\n\t\t\t\t<a data-elementor-open-lightbox=\"yes\" data-elementor-lightbox-slideshow=\"f8c75e0\" data-elementor-lightbox-title=\"YUDO YUNTU 8\" data-e-action-hash=\"#elementor-action%3Aaction%3Dlightbox%26settings%3DeyJpZCI6MTAwODMsInVybCI6Imh0dHBzOlwvXC93d3cuZXhwLWJ5ZC5jb21cL3dwLWNvbnRlbnRcL3VwbG9hZHNcLzIwMjRcLzA4XC9ZVURPLVlVTlRVLTgud2VicCIsInNsaWRlc2hvdyI6ImY4Yzc1ZTAifQ%3D%3D\" href='https:\/\/www.exp-byd.com\/wp-content\/uploads\/2024\/08\/YUDO-YUNTU-8.webp'><img loading=\"lazy\" decoding=\"async\" width=\"2508\" height=\"1672\" src=\"https:\/\/www.exp-byd.com\/wp-content\/uploads\/2024\/08\/YUDO-YUNTU-8.webp\" class=\"attachment-full size-full\" alt=\"\" srcset=\"https:\/\/www.exp-byd.com\/wp-content\/uploads\/2024\/08\/YUDO-YUNTU-8.webp 2508w, https:\/\/www.exp-byd.com\/wp-content\/uploads\/2024\/08\/YUDO-YUNTU-8-300x200.webp 300w, https:\/\/www.exp-byd.com\/wp-content\/uploads\/2024\/08\/YUDO-YUNTU-8-1024x683.webp 1024w, https:\/\/www.exp-byd.com\/wp-content\/uploads\/2024\/08\/YUDO-YUNTU-8-768x512.webp 768w, https:\/\/www.exp-byd.com\/wp-content\/uploads\/2024\/08\/YUDO-YUNTU-8-1536x1024.webp 1536w, https:\/\/www.exp-byd.com\/wp-content\/uploads\/2024\/08\/YUDO-YUNTU-8-2048x1365.webp 2048w, https:\/\/www.exp-byd.com\/wp-content\/uploads\/2024\/08\/YUDO-YUNTU-8-18x12.webp 18w, https:\/\/www.exp-byd.com\/wp-content\/uploads\/2024\/08\/YUDO-YUNTU-8-1200x800.webp 1200w\" sizes=\"(max-width: 2508px) 100vw, 2508px\" \/><\/a>\n\t\t\t<\/div><\/figure><figure class='gallery-item'>\n\t\t\t<div class='gallery-icon landscape'>\n\t\t\t\t<a data-elementor-open-lightbox=\"yes\" data-elementor-lightbox-slideshow=\"f8c75e0\" data-elementor-lightbox-title=\"YUDO YUNTU 9\" data-e-action-hash=\"#elementor-action%3Aaction%3Dlightbox%26settings%3DeyJpZCI6MTAwODQsInVybCI6Imh0dHBzOlwvXC93d3cuZXhwLWJ5ZC5jb21cL3dwLWNvbnRlbnRcL3VwbG9hZHNcLzIwMjRcLzA4XC9ZVURPLVlVTlRVLTkud2VicCIsInNsaWRlc2hvdyI6ImY4Yzc1ZTAifQ%3D%3D\" href='https:\/\/www.exp-byd.com\/wp-content\/uploads\/2024\/08\/YUDO-YUNTU-9.webp'><img loading=\"lazy\" decoding=\"async\" width=\"2508\" height=\"1672\" src=\"https:\/\/www.exp-byd.com\/wp-content\/uploads\/2024\/08\/YUDO-YUNTU-9.webp\" class=\"attachment-full size-full\" alt=\"\" srcset=\"https:\/\/www.exp-byd.com\/wp-content\/uploads\/2024\/08\/YUDO-YUNTU-9.webp 2508w, https:\/\/www.exp-byd.com\/wp-content\/uploads\/2024\/08\/YUDO-YUNTU-9-300x200.webp 300w, https:\/\/www.exp-byd.com\/wp-content\/uploads\/2024\/08\/YUDO-YUNTU-9-1024x683.webp 1024w, https:\/\/www.exp-byd.com\/wp-content\/uploads\/2024\/08\/YUDO-YUNTU-9-768x512.webp 768w, https:\/\/www.exp-byd.com\/wp-content\/uploads\/2024\/08\/YUDO-YUNTU-9-1536x1024.webp 1536w, https:\/\/www.exp-byd.com\/wp-content\/uploads\/2024\/08\/YUDO-YUNTU-9-2048x1365.webp 2048w, https:\/\/www.exp-byd.com\/wp-content\/uploads\/2024\/08\/YUDO-YUNTU-9-18x12.webp 18w, https:\/\/www.exp-byd.com\/wp-content\/uploads\/2024\/08\/YUDO-YUNTU-9-1200x800.webp 1200w\" sizes=\"(max-width: 2508px) 100vw, 2508px\" \/><\/a>\n\t\t\t<\/div><\/figure>\n\t\t<\/div>\n\t\t<\/div>\n\t\t\t\t<\/div>\n\t\t\t\t<\/div>\n\t\t\t\t<\/div>\n\t\t\t\t<\/div>\n\t\t<div id=\"e-n-tab-content-2609455693\" role=\"tabpanel\" aria-labelledby=\"e-n-tab-title-2609455693\" data-tab-index=\"3\" style=\"--n-tabs-title-order: 3;\" class=\"elementor-element elementor-element-1d660ec e-con-full e-flex e-con e-child\" data-id=\"1d660ec\" data-element_type=\"container\">\n\t\t<div class=\"elementor-element elementor-element-ef072dd e-con-full e-flex e-con e-child\" data-id=\"ef072dd\" data-element_type=\"container\">\n\t\t\t\t<\/div>\n\t\t\t\t<\/div>\n\t\t\t\t\t<\/div>\n\t\t<\/div>\n\t\t\t\t<\/div>\n\t\t\t\t<\/div>\n\t\t\t\t\t<\/div>\n\t\t\t\t<\/div>\n\t\t\t\t<\/div>","protected":false},"excerpt":{"rendered":"<p><strong>Types de carburant<\/strong>: VE<\/p>\n<p><strong>Capacit\u00e9 de la batterie<\/strong>(kWh) : 31,95\/41,7<\/p>\n<p><strong>Practice<\/strong>(km): 320\/415<\/p>\n<p><strong>Temps d&#039;acc\u00e9l\u00e9ration de 0 \u00e0 100 km\/h<\/strong>(s): 8.4\/9<\/p>\n<p><strong>Vitesse de pointe<\/strong>(km\/h) : 130<\/p>\n<p><strong>Type de lecteur<\/strong>: FWD<\/p>\n<p><strong>Couleur<\/strong>: Personnalis\u00e9<\/p>\n<p><strong>Dimensions du v\u00e9hicule<\/strong>(mm): 4035x1736x1625<\/p>","protected":false},"featured_media":10074,"comment_status":"open","ping_status":"closed","template":"","meta":{"rank_math_lock_modified_date":false},"product_cat":[98],"product_tag":[],"class_list":{"0":"post-10073","1":"product","2":"type-product","3":"status-publish","4":"has-post-thumbnail","6":"product_cat-yudo","8":"first","9":"instock","10":"shipping-taxable","11":"product-type-simple"},"_links":{"self":[{"href":"https:\/\/www.exp-byd.com\/fr\/wp-json\/wp\/v2\/product\/10073","targetHints":{"allow":["GET"]}}],"collection":[{"href":"https:\/\/www.exp-byd.com\/fr\/wp-json\/wp\/v2\/product"}],"about":[{"href":"https:\/\/www.exp-byd.com\/fr\/wp-json\/wp\/v2\/types\/product"}],"replies":[{"embeddable":true,"href":"https:\/\/www.exp-byd.com\/fr\/wp-json\/wp\/v2\/comments?post=10073"}],"version-history":[{"count":11,"href":"https:\/\/www.exp-byd.com\/fr\/wp-json\/wp\/v2\/product\/10073\/revisions"}],"predecessor-version":[{"id":10172,"href":"https:\/\/www.exp-byd.com\/fr\/wp-json\/wp\/v2\/product\/10073\/revisions\/10172"}],"wp:featuredmedia":[{"embeddable":true,"href":"https:\/\/www.exp-byd.com\/fr\/wp-json\/wp\/v2\/media\/10074"}],"wp:attachment":[{"href":"https:\/\/www.exp-byd.com\/fr\/wp-json\/wp\/v2\/media?parent=10073"}],"wp:term":[{"taxonomy":"product_cat","embeddable":true,"href":"https:\/\/www.exp-byd.com\/fr\/wp-json\/wp\/v2\/product_cat?post=10073"},{"taxonomy":"product_tag","embeddable":true,"href":"https:\/\/www.exp-byd.com\/fr\/wp-json\/wp\/v2\/product_tag?post=10073"}],"curies":[{"name":"wp","href":"https:\/\/api.w.org\/{rel}","templated":true}]}}