{"id":11243,"date":"2024-12-02T08:10:29","date_gmt":"2024-12-02T08:10:29","guid":{"rendered":"https:\/\/www.cevauto.com\/?post_type=product&#038;p=11243"},"modified":"2024-12-02T08:15:33","modified_gmt":"2024-12-02T08:15:33","slug":"aluminum-pop-up-roof-top-tent","status":"publish","type":"product","link":"https:\/\/www.exp-byd.com\/fr\/product\/aluminum-pop-up-roof-top-tent\/","title":{"rendered":"Aluminum Pop Up Roof Top Tent"},"content":{"rendered":"<div data-elementor-type=\"product-post\" data-elementor-id=\"11243\" class=\"elementor elementor-11243\" data-elementor-post-type=\"product\">\n\t\t\t\t<div class=\"elementor-element elementor-element-923e87f e-con-full e-flex e-con e-parent\" data-id=\"923e87f\" data-element_type=\"container\" data-settings=\"{&quot;background_background&quot;:&quot;video&quot;}\">\n\t\t\t\t<\/div>\n\t\t<div class=\"elementor-element elementor-element-34cf146 e-flex e-con-boxed e-con e-parent\" data-id=\"34cf146\" data-element_type=\"container\">\n\t\t\t\t\t<div class=\"e-con-inner\">\n\t\t\t\t<div class=\"elementor-element elementor-element-f8db6a1 e-n-tabs-mobile elementor-widget elementor-widget-n-tabs\" data-id=\"f8db6a1\" data-element_type=\"widget\" data-settings=\"{&quot;tabs_justify_horizontal&quot;:&quot;start&quot;,&quot;horizontal_scroll&quot;:&quot;disable&quot;}\" data-widget_type=\"nested-tabs.default\">\n\t\t\t\t<div class=\"elementor-widget-container\">\n\t\t\t\t\t<div class=\"e-n-tabs\" data-widget-number=\"260945569\" aria-label=\"Onglets. Ouvrez des \u00e9l\u00e9ments avec Entrer ou Espace, fermez-les avec Echape et naviguez \u00e0 l&#039;aide des touches fl\u00e9ch\u00e9es.\">\n\t\t\t<div class=\"e-n-tabs-heading\" role=\"tablist\">\n\t\t\t\t\t<button id=\"e-n-tab-title-2609455691\" class=\"e-n-tab-title\" aria-selected=\"true\" data-tab-index=\"1\" role=\"tab\" tabindex=\"0\" aria-controls=\"e-n-tab-content-2609455691\" style=\"--n-tabs-title-order: 1;\">\n\t\t\t\t\t\t<span class=\"e-n-tab-title-text\">\n\t\t\t\tExt\u00e9rieur\t\t\t<\/span>\n\t\t<\/button>\n\t\t\t\t<button id=\"e-n-tab-title-2609455692\" class=\"e-n-tab-title\" aria-selected=\"false\" data-tab-index=\"2\" role=\"tab\" tabindex=\"-1\" aria-controls=\"e-n-tab-content-2609455692\" style=\"--n-tabs-title-order: 2;\">\n\t\t\t\t\t\t<span class=\"e-n-tab-title-text\">\n\t\t\t\tCommentaires\t\t\t<\/span>\n\t\t<\/button>\n\t\t\t\t\t<\/div>\n\t\t\t<div class=\"e-n-tabs-content\">\n\t\t\t\t<div id=\"e-n-tab-content-2609455691\" role=\"tabpanel\" aria-labelledby=\"e-n-tab-title-2609455691\" data-tab-index=\"1\" style=\"--n-tabs-title-order: 1;\" class=\"e-active elementor-element elementor-element-0291027 e-con-full e-flex e-con e-child\" data-id=\"0291027\" data-element_type=\"container\">\n\t\t<div class=\"elementor-element elementor-element-4b93aba e-con-full e-flex e-con e-child\" data-id=\"4b93aba\" data-element_type=\"container\">\n\t\t\t\t<div class=\"elementor-element elementor-element-24f6a5c gallery-spacing-custom elementor-widget elementor-widget-image-gallery\" data-id=\"24f6a5c\" data-element_type=\"widget\" data-widget_type=\"image-gallery.default\">\n\t\t\t\t<div class=\"elementor-widget-container\">\n\t\t\t\t\t<div class=\"elementor-image-gallery\">\n\t\t\t<div id='gallery-1' class='gallery galleryid-11243 gallery-columns-2 gallery-size-full'><figure class='gallery-item'>\n\t\t\t<div class='gallery-icon landscape'>\n\t\t\t\t<a data-elementor-open-lightbox=\"yes\" data-elementor-lightbox-slideshow=\"24f6a5c\" data-elementor-lightbox-title=\"Aluminum Pop Up Roof Top Tent Jeep Tent 5\" data-e-action-hash=\"#elementor-action%3Aaction%3Dlightbox%26settings%3DeyJpZCI6MTEyNDksInVybCI6Imh0dHBzOlwvXC93d3cuZXhwLWJ5ZC5jb21cL3dwLWNvbnRlbnRcL3VwbG9hZHNcLzIwMjRcLzEyXC9BbHVtaW51bS1Qb3AtVXAtUm9vZi1Ub3AtVGVudC1KZWVwLVRlbnQtNS5qcGciLCJzbGlkZXNob3ciOiIyNGY2YTVjIn0%3D\" href='https:\/\/www.exp-byd.com\/wp-content\/uploads\/2024\/12\/Aluminum-Pop-Up-Roof-Top-Tent-Jeep-Tent-5.jpg'><img fetchpriority=\"high\" decoding=\"async\" width=\"1940\" height=\"1200\" src=\"https:\/\/www.exp-byd.com\/wp-content\/uploads\/2024\/12\/Aluminum-Pop-Up-Roof-Top-Tent-Jeep-Tent-5.jpg\" class=\"attachment-full size-full\" alt=\"\" srcset=\"https:\/\/www.exp-byd.com\/wp-content\/uploads\/2024\/12\/Aluminum-Pop-Up-Roof-Top-Tent-Jeep-Tent-5.jpg 1940w, https:\/\/www.exp-byd.com\/wp-content\/uploads\/2024\/12\/Aluminum-Pop-Up-Roof-Top-Tent-Jeep-Tent-5-300x186.jpg 300w, https:\/\/www.exp-byd.com\/wp-content\/uploads\/2024\/12\/Aluminum-Pop-Up-Roof-Top-Tent-Jeep-Tent-5-1024x633.jpg 1024w, https:\/\/www.exp-byd.com\/wp-content\/uploads\/2024\/12\/Aluminum-Pop-Up-Roof-Top-Tent-Jeep-Tent-5-768x475.jpg 768w, https:\/\/www.exp-byd.com\/wp-content\/uploads\/2024\/12\/Aluminum-Pop-Up-Roof-Top-Tent-Jeep-Tent-5-1536x950.jpg 1536w, https:\/\/www.exp-byd.com\/wp-content\/uploads\/2024\/12\/Aluminum-Pop-Up-Roof-Top-Tent-Jeep-Tent-5-18x12.jpg 18w, https:\/\/www.exp-byd.com\/wp-content\/uploads\/2024\/12\/Aluminum-Pop-Up-Roof-Top-Tent-Jeep-Tent-5-1200x742.jpg 1200w\" sizes=\"(max-width: 1940px) 100vw, 1940px\" \/><\/a>\n\t\t\t<\/div><\/figure><figure class='gallery-item'>\n\t\t\t<div class='gallery-icon landscape'>\n\t\t\t\t<a data-elementor-open-lightbox=\"yes\" data-elementor-lightbox-slideshow=\"24f6a5c\" data-elementor-lightbox-title=\"Aluminum Pop Up Roof Top Tent Jeep Tent 6\" data-e-action-hash=\"#elementor-action%3Aaction%3Dlightbox%26settings%3DeyJpZCI6MTEyNTAsInVybCI6Imh0dHBzOlwvXC93d3cuZXhwLWJ5ZC5jb21cL3dwLWNvbnRlbnRcL3VwbG9hZHNcLzIwMjRcLzEyXC9BbHVtaW51bS1Qb3AtVXAtUm9vZi1Ub3AtVGVudC1KZWVwLVRlbnQtNi5qcGciLCJzbGlkZXNob3ciOiIyNGY2YTVjIn0%3D\" href='https:\/\/www.exp-byd.com\/wp-content\/uploads\/2024\/12\/Aluminum-Pop-Up-Roof-Top-Tent-Jeep-Tent-6.jpg'><img decoding=\"async\" width=\"1940\" height=\"1200\" src=\"https:\/\/www.exp-byd.com\/wp-content\/uploads\/2024\/12\/Aluminum-Pop-Up-Roof-Top-Tent-Jeep-Tent-6.jpg\" class=\"attachment-full size-full\" alt=\"\" srcset=\"https:\/\/www.exp-byd.com\/wp-content\/uploads\/2024\/12\/Aluminum-Pop-Up-Roof-Top-Tent-Jeep-Tent-6.jpg 1940w, https:\/\/www.exp-byd.com\/wp-content\/uploads\/2024\/12\/Aluminum-Pop-Up-Roof-Top-Tent-Jeep-Tent-6-300x186.jpg 300w, https:\/\/www.exp-byd.com\/wp-content\/uploads\/2024\/12\/Aluminum-Pop-Up-Roof-Top-Tent-Jeep-Tent-6-1024x633.jpg 1024w, https:\/\/www.exp-byd.com\/wp-content\/uploads\/2024\/12\/Aluminum-Pop-Up-Roof-Top-Tent-Jeep-Tent-6-768x475.jpg 768w, https:\/\/www.exp-byd.com\/wp-content\/uploads\/2024\/12\/Aluminum-Pop-Up-Roof-Top-Tent-Jeep-Tent-6-1536x950.jpg 1536w, https:\/\/www.exp-byd.com\/wp-content\/uploads\/2024\/12\/Aluminum-Pop-Up-Roof-Top-Tent-Jeep-Tent-6-18x12.jpg 18w, https:\/\/www.exp-byd.com\/wp-content\/uploads\/2024\/12\/Aluminum-Pop-Up-Roof-Top-Tent-Jeep-Tent-6-1200x742.jpg 1200w\" sizes=\"(max-width: 1940px) 100vw, 1940px\" \/><\/a>\n\t\t\t<\/div><\/figure>\n\t\t<\/div>\n\t\t<\/div>\n\t\t\t\t<\/div>\n\t\t\t\t<\/div>\n\t\t\t\t<\/div>\n\t\t\t\t<\/div>\n\t\t<div id=\"e-n-tab-content-2609455692\" role=\"tabpanel\" aria-labelledby=\"e-n-tab-title-2609455692\" data-tab-index=\"2\" style=\"--n-tabs-title-order: 2;\" class=\"elementor-element elementor-element-1d660ec e-con-full e-flex e-con e-child\" data-id=\"1d660ec\" data-element_type=\"container\">\n\t\t<div class=\"elementor-element elementor-element-ef072dd e-con-full e-flex e-con e-child\" data-id=\"ef072dd\" data-element_type=\"container\">\n\t\t\t\t<\/div>\n\t\t\t\t<\/div>\n\t\t\t\t\t<\/div>\n\t\t<\/div>\n\t\t\t\t<\/div>\n\t\t\t\t<\/div>\n\t\t\t\t\t<\/div>\n\t\t\t\t<\/div>\n\t\t\t\t<\/div>","protected":false},"excerpt":{"rendered":"<p><strong>Shell:<\/strong> Honeycomb Aluminum<\/p>\n<p><strong>Tent Color:<\/strong> Customizable<\/p>\n<p><strong>Tent Fabric:<\/strong> 600D Oxford or 280 T\/C Rip-stop Canvas, PU coating, 2000m waterproof, Anti-UV 50+<\/p>\n<p><strong>Mattress:<\/strong> 5cm High-density Sponge with Washable Cover<\/p>\n<p><strong>Ladder:<\/strong> 2.3m Telescopic Ladder<\/p>","protected":false},"featured_media":11244,"comment_status":"open","ping_status":"closed","template":"","meta":{"rank_math_lock_modified_date":false},"product_cat":[102],"product_tag":[],"class_list":{"0":"post-11243","1":"product","2":"type-product","3":"status-publish","4":"has-post-thumbnail","6":"product_cat-accessories","8":"first","9":"instock","10":"shipping-taxable","11":"product-type-simple"},"_links":{"self":[{"href":"https:\/\/www.exp-byd.com\/fr\/wp-json\/wp\/v2\/product\/11243","targetHints":{"allow":["GET"]}}],"collection":[{"href":"https:\/\/www.exp-byd.com\/fr\/wp-json\/wp\/v2\/product"}],"about":[{"href":"https:\/\/www.exp-byd.com\/fr\/wp-json\/wp\/v2\/types\/product"}],"replies":[{"embeddable":true,"href":"https:\/\/www.exp-byd.com\/fr\/wp-json\/wp\/v2\/comments?post=11243"}],"version-history":[{"count":5,"href":"https:\/\/www.exp-byd.com\/fr\/wp-json\/wp\/v2\/product\/11243\/revisions"}],"predecessor-version":[{"id":11254,"href":"https:\/\/www.exp-byd.com\/fr\/wp-json\/wp\/v2\/product\/11243\/revisions\/11254"}],"wp:featuredmedia":[{"embeddable":true,"href":"https:\/\/www.exp-byd.com\/fr\/wp-json\/wp\/v2\/media\/11244"}],"wp:attachment":[{"href":"https:\/\/www.exp-byd.com\/fr\/wp-json\/wp\/v2\/media?parent=11243"}],"wp:term":[{"taxonomy":"product_cat","embeddable":true,"href":"https:\/\/www.exp-byd.com\/fr\/wp-json\/wp\/v2\/product_cat?post=11243"},{"taxonomy":"product_tag","embeddable":true,"href":"https:\/\/www.exp-byd.com\/fr\/wp-json\/wp\/v2\/product_tag?post=11243"}],"curies":[{"name":"wp","href":"https:\/\/api.w.org\/{rel}","templated":true}]}}