{"id":12286,"date":"2025-11-17T05:43:48","date_gmt":"2025-11-17T05:43:48","guid":{"rendered":"https:\/\/www.cevauto.com\/?post_type=product&#038;p=12286"},"modified":"2025-11-17T06:05:21","modified_gmt":"2025-11-17T06:05:21","slug":"byd-seal-05-dm-i","status":"publish","type":"product","link":"https:\/\/www.exp-byd.com\/fr\/product\/byd-seal-05-dm-i\/","title":{"rendered":"BYD SEAL 05 DM-i"},"content":{"rendered":"<div data-elementor-type=\"product-post\" data-elementor-id=\"12286\" class=\"elementor elementor-12286\" data-elementor-post-type=\"product\">\n\t\t\t\t<div class=\"elementor-element elementor-element-923e87f e-con-full e-flex e-con e-parent\" data-id=\"923e87f\" data-element_type=\"container\" data-settings=\"{&quot;background_background&quot;:&quot;video&quot;}\">\n\t\t<div class=\"elementor-element elementor-element-9c8b308 e-flex e-con-boxed e-con e-child\" data-id=\"9c8b308\" data-element_type=\"container\" data-settings=\"{&quot;background_background&quot;:&quot;video&quot;,&quot;background_play_on_mobile&quot;:&quot;yes&quot;}\">\n\t\t\t\t\t<div class=\"e-con-inner\">\n\t\t<div class=\"elementor-element elementor-element-3ab7e06 e-con-full e-flex e-con e-child\" data-id=\"3ab7e06\" data-element_type=\"container\" data-settings=\"{&quot;background_background&quot;:&quot;video&quot;,&quot;background_video_link&quot;:&quot;https:\\\/\\\/www.youtube.com\\\/watch?v=4FCqQEcgKLE&quot;,&quot;background_play_on_mobile&quot;:&quot;yes&quot;}\">\n\t\t<div class=\"elementor-background-video-container\">\n\t\t\t\t\t\t\t<div class=\"elementor-background-video-embed\"><\/div>\n\t\t\t\t\t\t<\/div>\t\t<\/div>\n\t\t\t\t\t<\/div>\n\t\t\t\t<\/div>\n\t\t\t\t<\/div>\n\t\t<div class=\"elementor-element elementor-element-34cf146 e-flex e-con-boxed e-con e-parent\" data-id=\"34cf146\" data-element_type=\"container\">\n\t\t\t\t\t<div class=\"e-con-inner\">\n\t\t\t\t<div class=\"elementor-element elementor-element-f8db6a1 e-n-tabs-mobile elementor-widget elementor-widget-n-tabs\" data-id=\"f8db6a1\" data-element_type=\"widget\" data-settings=\"{&quot;tabs_justify_horizontal&quot;:&quot;start&quot;,&quot;horizontal_scroll&quot;:&quot;disable&quot;}\" data-widget_type=\"nested-tabs.default\">\n\t\t\t\t<div class=\"elementor-widget-container\">\n\t\t\t\t\t<div class=\"e-n-tabs\" data-widget-number=\"260945569\" aria-label=\"Onglets. Ouvrez des \u00e9l\u00e9ments avec Entrer ou Espace, fermez-les avec Echape et naviguez \u00e0 l&#039;aide des touches fl\u00e9ch\u00e9es.\">\n\t\t\t<div class=\"e-n-tabs-heading\" role=\"tablist\">\n\t\t\t\t\t<button id=\"e-n-tab-title-2609455691\" class=\"e-n-tab-title\" aria-selected=\"true\" data-tab-index=\"1\" role=\"tab\" tabindex=\"0\" aria-controls=\"e-n-tab-content-2609455691\" style=\"--n-tabs-title-order: 1;\">\n\t\t\t\t\t\t<span class=\"e-n-tab-title-text\">\n\t\t\t\tExt\u00e9rieur\t\t\t<\/span>\n\t\t<\/button>\n\t\t\t\t<button id=\"e-n-tab-title-2609455692\" class=\"e-n-tab-title\" aria-selected=\"false\" data-tab-index=\"2\" role=\"tab\" tabindex=\"-1\" aria-controls=\"e-n-tab-content-2609455692\" style=\"--n-tabs-title-order: 2;\">\n\t\t\t\t\t\t<span class=\"e-n-tab-title-text\">\n\t\t\t\tInt\u00e9rieur\t\t\t<\/span>\n\t\t<\/button>\n\t\t\t\t<button id=\"e-n-tab-title-2609455693\" class=\"e-n-tab-title\" aria-selected=\"false\" data-tab-index=\"3\" role=\"tab\" tabindex=\"-1\" aria-controls=\"e-n-tab-content-2609455693\" style=\"--n-tabs-title-order: 3;\">\n\t\t\t\t\t\t<span class=\"e-n-tab-title-text\">\n\t\t\t\tCaract\u00e9ristiques\t\t\t<\/span>\n\t\t<\/button>\n\t\t\t\t<button id=\"e-n-tab-title-2609455694\" class=\"e-n-tab-title\" aria-selected=\"false\" data-tab-index=\"4\" role=\"tab\" tabindex=\"-1\" aria-controls=\"e-n-tab-content-2609455694\" style=\"--n-tabs-title-order: 4;\">\n\t\t\t\t\t\t<span class=\"e-n-tab-title-text\">\n\t\t\t\tCommentaires\t\t\t<\/span>\n\t\t<\/button>\n\t\t\t\t\t<\/div>\n\t\t\t<div class=\"e-n-tabs-content\">\n\t\t\t\t<div id=\"e-n-tab-content-2609455691\" role=\"tabpanel\" aria-labelledby=\"e-n-tab-title-2609455691\" data-tab-index=\"1\" style=\"--n-tabs-title-order: 1;\" class=\"e-active elementor-element elementor-element-0291027 e-con-full e-flex e-con e-child\" data-id=\"0291027\" data-element_type=\"container\">\n\t\t<div class=\"elementor-element elementor-element-4b93aba e-con-full e-flex e-con e-child\" data-id=\"4b93aba\" data-element_type=\"container\">\n\t\t\t\t<div class=\"elementor-element elementor-element-24f6a5c gallery-spacing-custom elementor-widget elementor-widget-image-gallery\" data-id=\"24f6a5c\" data-element_type=\"widget\" data-widget_type=\"image-gallery.default\">\n\t\t\t\t<div class=\"elementor-widget-container\">\n\t\t\t\t\t<div class=\"elementor-image-gallery\">\n\t\t\t<div id='gallery-1' class='gallery galleryid-12286 gallery-columns-3 gallery-size-full'><figure class='gallery-item'>\n\t\t\t<div class='gallery-icon landscape'>\n\t\t\t\t<a data-elementor-open-lightbox=\"yes\" data-elementor-lightbox-slideshow=\"24f6a5c\" data-elementor-lightbox-title=\"4d926a33a2e44e818e48431e60e9f24b~2508x0\" data-e-action-hash=\"#elementor-action%3Aaction%3Dlightbox%26settings%3DeyJpZCI6MTIyOTMsInVybCI6Imh0dHBzOlwvXC93d3cuZXhwLWJ5ZC5jb21cL3dwLWNvbnRlbnRcL3VwbG9hZHNcLzIwMjVcLzExXC80ZDkyNmEzM2EyZTQ0ZTgxOGU0ODQzMWU2MGU5ZjI0YjI1MDh4MC53ZWJwIiwic2xpZGVzaG93IjoiMjRmNmE1YyJ9\" href='https:\/\/www.exp-byd.com\/wp-content\/uploads\/2025\/11\/4d926a33a2e44e818e48431e60e9f24b2508x0.webp'><img fetchpriority=\"high\" decoding=\"async\" width=\"2400\" height=\"1600\" src=\"https:\/\/www.exp-byd.com\/wp-content\/uploads\/2025\/11\/4d926a33a2e44e818e48431e60e9f24b2508x0.webp\" class=\"attachment-full size-full\" alt=\"\" srcset=\"https:\/\/www.exp-byd.com\/wp-content\/uploads\/2025\/11\/4d926a33a2e44e818e48431e60e9f24b2508x0.webp 2400w, https:\/\/www.exp-byd.com\/wp-content\/uploads\/2025\/11\/4d926a33a2e44e818e48431e60e9f24b2508x0-300x200.webp 300w, https:\/\/www.exp-byd.com\/wp-content\/uploads\/2025\/11\/4d926a33a2e44e818e48431e60e9f24b2508x0-1024x683.webp 1024w, https:\/\/www.exp-byd.com\/wp-content\/uploads\/2025\/11\/4d926a33a2e44e818e48431e60e9f24b2508x0-768x512.webp 768w, https:\/\/www.exp-byd.com\/wp-content\/uploads\/2025\/11\/4d926a33a2e44e818e48431e60e9f24b2508x0-1536x1024.webp 1536w, https:\/\/www.exp-byd.com\/wp-content\/uploads\/2025\/11\/4d926a33a2e44e818e48431e60e9f24b2508x0-2048x1365.webp 2048w, https:\/\/www.exp-byd.com\/wp-content\/uploads\/2025\/11\/4d926a33a2e44e818e48431e60e9f24b2508x0-18x12.webp 18w, https:\/\/www.exp-byd.com\/wp-content\/uploads\/2025\/11\/4d926a33a2e44e818e48431e60e9f24b2508x0-1200x800.webp 1200w\" sizes=\"(max-width: 2400px) 100vw, 2400px\" \/><\/a>\n\t\t\t<\/div><\/figure><figure class='gallery-item'>\n\t\t\t<div class='gallery-icon landscape'>\n\t\t\t\t<a data-elementor-open-lightbox=\"yes\" data-elementor-lightbox-slideshow=\"24f6a5c\" data-elementor-lightbox-title=\"bc03382c0cbd44778aab20b1e94e0f3a~2508x0\" data-e-action-hash=\"#elementor-action%3Aaction%3Dlightbox%26settings%3DeyJpZCI6MTIyOTQsInVybCI6Imh0dHBzOlwvXC93d3cuZXhwLWJ5ZC5jb21cL3dwLWNvbnRlbnRcL3VwbG9hZHNcLzIwMjVcLzExXC9iYzAzMzgyYzBjYmQ0NDc3OGFhYjIwYjFlOTRlMGYzYTI1MDh4MC53ZWJwIiwic2xpZGVzaG93IjoiMjRmNmE1YyJ9\" href='https:\/\/www.exp-byd.com\/wp-content\/uploads\/2025\/11\/bc03382c0cbd44778aab20b1e94e0f3a2508x0.webp'><img decoding=\"async\" width=\"2508\" height=\"1672\" src=\"https:\/\/www.exp-byd.com\/wp-content\/uploads\/2025\/11\/bc03382c0cbd44778aab20b1e94e0f3a2508x0.webp\" class=\"attachment-full size-full\" alt=\"\" srcset=\"https:\/\/www.exp-byd.com\/wp-content\/uploads\/2025\/11\/bc03382c0cbd44778aab20b1e94e0f3a2508x0.webp 2508w, https:\/\/www.exp-byd.com\/wp-content\/uploads\/2025\/11\/bc03382c0cbd44778aab20b1e94e0f3a2508x0-300x200.webp 300w, https:\/\/www.exp-byd.com\/wp-content\/uploads\/2025\/11\/bc03382c0cbd44778aab20b1e94e0f3a2508x0-1024x683.webp 1024w, https:\/\/www.exp-byd.com\/wp-content\/uploads\/2025\/11\/bc03382c0cbd44778aab20b1e94e0f3a2508x0-768x512.webp 768w, https:\/\/www.exp-byd.com\/wp-content\/uploads\/2025\/11\/bc03382c0cbd44778aab20b1e94e0f3a2508x0-1536x1024.webp 1536w, https:\/\/www.exp-byd.com\/wp-content\/uploads\/2025\/11\/bc03382c0cbd44778aab20b1e94e0f3a2508x0-2048x1365.webp 2048w, https:\/\/www.exp-byd.com\/wp-content\/uploads\/2025\/11\/bc03382c0cbd44778aab20b1e94e0f3a2508x0-18x12.webp 18w, https:\/\/www.exp-byd.com\/wp-content\/uploads\/2025\/11\/bc03382c0cbd44778aab20b1e94e0f3a2508x0-1200x800.webp 1200w\" sizes=\"(max-width: 2508px) 100vw, 2508px\" \/><\/a>\n\t\t\t<\/div><\/figure><figure class='gallery-item'>\n\t\t\t<div class='gallery-icon landscape'>\n\t\t\t\t<a data-elementor-open-lightbox=\"yes\" data-elementor-lightbox-slideshow=\"24f6a5c\" data-elementor-lightbox-title=\"1c7f3f0fd5871e9e91254815b6180a7e~2508x0\" data-e-action-hash=\"#elementor-action%3Aaction%3Dlightbox%26settings%3DeyJpZCI6MTIyOTIsInVybCI6Imh0dHBzOlwvXC93d3cuZXhwLWJ5ZC5jb21cL3dwLWNvbnRlbnRcL3VwbG9hZHNcLzIwMjVcLzExXC8xYzdmM2YwZmQ1ODcxZTllOTEyNTQ4MTViNjE4MGE3ZTI1MDh4MC53ZWJwIiwic2xpZGVzaG93IjoiMjRmNmE1YyJ9\" href='https:\/\/www.exp-byd.com\/wp-content\/uploads\/2025\/11\/1c7f3f0fd5871e9e91254815b6180a7e2508x0.webp'><img decoding=\"async\" width=\"1500\" height=\"1000\" src=\"https:\/\/www.exp-byd.com\/wp-content\/uploads\/2025\/11\/1c7f3f0fd5871e9e91254815b6180a7e2508x0.webp\" class=\"attachment-full size-full\" alt=\"\" srcset=\"https:\/\/www.exp-byd.com\/wp-content\/uploads\/2025\/11\/1c7f3f0fd5871e9e91254815b6180a7e2508x0.webp 1500w, https:\/\/www.exp-byd.com\/wp-content\/uploads\/2025\/11\/1c7f3f0fd5871e9e91254815b6180a7e2508x0-300x200.webp 300w, https:\/\/www.exp-byd.com\/wp-content\/uploads\/2025\/11\/1c7f3f0fd5871e9e91254815b6180a7e2508x0-1024x683.webp 1024w, https:\/\/www.exp-byd.com\/wp-content\/uploads\/2025\/11\/1c7f3f0fd5871e9e91254815b6180a7e2508x0-768x512.webp 768w, https:\/\/www.exp-byd.com\/wp-content\/uploads\/2025\/11\/1c7f3f0fd5871e9e91254815b6180a7e2508x0-18x12.webp 18w, https:\/\/www.exp-byd.com\/wp-content\/uploads\/2025\/11\/1c7f3f0fd5871e9e91254815b6180a7e2508x0-1200x800.webp 1200w\" sizes=\"(max-width: 1500px) 100vw, 1500px\" \/><\/a>\n\t\t\t<\/div><\/figure><figure class='gallery-item'>\n\t\t\t<div class='gallery-icon landscape'>\n\t\t\t\t<a data-elementor-open-lightbox=\"yes\" data-elementor-lightbox-slideshow=\"24f6a5c\" data-elementor-lightbox-title=\"f40faf44a32dc0dce4783a5d88d02eb8~2508x0\" data-e-action-hash=\"#elementor-action%3Aaction%3Dlightbox%26settings%3DeyJpZCI6MTIyOTUsInVybCI6Imh0dHBzOlwvXC93d3cuZXhwLWJ5ZC5jb21cL3dwLWNvbnRlbnRcL3VwbG9hZHNcLzIwMjVcLzExXC9mNDBmYWY0NGEzMmRjMGRjZTQ3ODNhNWQ4OGQwMmViODI1MDh4MC53ZWJwIiwic2xpZGVzaG93IjoiMjRmNmE1YyJ9\" href='https:\/\/www.exp-byd.com\/wp-content\/uploads\/2025\/11\/f40faf44a32dc0dce4783a5d88d02eb82508x0.webp'><img loading=\"lazy\" decoding=\"async\" width=\"1500\" height=\"1000\" src=\"https:\/\/www.exp-byd.com\/wp-content\/uploads\/2025\/11\/f40faf44a32dc0dce4783a5d88d02eb82508x0.webp\" class=\"attachment-full size-full\" alt=\"\" srcset=\"https:\/\/www.exp-byd.com\/wp-content\/uploads\/2025\/11\/f40faf44a32dc0dce4783a5d88d02eb82508x0.webp 1500w, https:\/\/www.exp-byd.com\/wp-content\/uploads\/2025\/11\/f40faf44a32dc0dce4783a5d88d02eb82508x0-300x200.webp 300w, https:\/\/www.exp-byd.com\/wp-content\/uploads\/2025\/11\/f40faf44a32dc0dce4783a5d88d02eb82508x0-1024x683.webp 1024w, https:\/\/www.exp-byd.com\/wp-content\/uploads\/2025\/11\/f40faf44a32dc0dce4783a5d88d02eb82508x0-768x512.webp 768w, https:\/\/www.exp-byd.com\/wp-content\/uploads\/2025\/11\/f40faf44a32dc0dce4783a5d88d02eb82508x0-18x12.webp 18w, https:\/\/www.exp-byd.com\/wp-content\/uploads\/2025\/11\/f40faf44a32dc0dce4783a5d88d02eb82508x0-1200x800.webp 1200w\" sizes=\"(max-width: 1500px) 100vw, 1500px\" \/><\/a>\n\t\t\t<\/div><\/figure>\n\t\t<\/div>\n\t\t<\/div>\n\t\t\t\t<\/div>\n\t\t\t\t<\/div>\n\t\t\t\t<\/div>\n\t\t\t\t<\/div>\n\t\t<div id=\"e-n-tab-content-2609455692\" role=\"tabpanel\" aria-labelledby=\"e-n-tab-title-2609455692\" data-tab-index=\"2\" style=\"--n-tabs-title-order: 2;\" class=\"elementor-element elementor-element-9f0b552 e-con-full e-flex e-con e-child\" data-id=\"9f0b552\" data-element_type=\"container\">\n\t\t<div class=\"elementor-element elementor-element-3dd5c9d e-con-full e-flex e-con e-child\" data-id=\"3dd5c9d\" data-element_type=\"container\">\n\t\t\t\t<div class=\"elementor-element elementor-element-f8c75e0 gallery-spacing-custom elementor-widget elementor-widget-image-gallery\" data-id=\"f8c75e0\" data-element_type=\"widget\" data-widget_type=\"image-gallery.default\">\n\t\t\t\t<div class=\"elementor-widget-container\">\n\t\t\t\t\t<div class=\"elementor-image-gallery\">\n\t\t\t<div id='gallery-2' class='gallery galleryid-12286 gallery-columns-3 gallery-size-full'><figure class='gallery-item'>\n\t\t\t<div class='gallery-icon landscape'>\n\t\t\t\t<a data-elementor-open-lightbox=\"yes\" data-elementor-lightbox-slideshow=\"f8c75e0\" data-elementor-lightbox-title=\"DCP_8e2402542bfcb0ae47c8c5336a8b9a82~2508x0\" data-e-action-hash=\"#elementor-action%3Aaction%3Dlightbox%26settings%3DeyJpZCI6MTIyOTgsInVybCI6Imh0dHBzOlwvXC93d3cuZXhwLWJ5ZC5jb21cL3dwLWNvbnRlbnRcL3VwbG9hZHNcLzIwMjVcLzExXC9EQ1BfOGUyNDAyNTQyYmZjYjBhZTQ3YzhjNTMzNmE4YjlhODIyNTA4eDAud2VicCIsInNsaWRlc2hvdyI6ImY4Yzc1ZTAifQ%3D%3D\" href='https:\/\/www.exp-byd.com\/wp-content\/uploads\/2025\/11\/DCP_8e2402542bfcb0ae47c8c5336a8b9a822508x0.webp'><img loading=\"lazy\" decoding=\"async\" width=\"2508\" height=\"1672\" src=\"https:\/\/www.exp-byd.com\/wp-content\/uploads\/2025\/11\/DCP_8e2402542bfcb0ae47c8c5336a8b9a822508x0.webp\" class=\"attachment-full size-full\" alt=\"\" srcset=\"https:\/\/www.exp-byd.com\/wp-content\/uploads\/2025\/11\/DCP_8e2402542bfcb0ae47c8c5336a8b9a822508x0.webp 2508w, https:\/\/www.exp-byd.com\/wp-content\/uploads\/2025\/11\/DCP_8e2402542bfcb0ae47c8c5336a8b9a822508x0-300x200.webp 300w, https:\/\/www.exp-byd.com\/wp-content\/uploads\/2025\/11\/DCP_8e2402542bfcb0ae47c8c5336a8b9a822508x0-1024x683.webp 1024w, https:\/\/www.exp-byd.com\/wp-content\/uploads\/2025\/11\/DCP_8e2402542bfcb0ae47c8c5336a8b9a822508x0-768x512.webp 768w, https:\/\/www.exp-byd.com\/wp-content\/uploads\/2025\/11\/DCP_8e2402542bfcb0ae47c8c5336a8b9a822508x0-1536x1024.webp 1536w, https:\/\/www.exp-byd.com\/wp-content\/uploads\/2025\/11\/DCP_8e2402542bfcb0ae47c8c5336a8b9a822508x0-2048x1365.webp 2048w, https:\/\/www.exp-byd.com\/wp-content\/uploads\/2025\/11\/DCP_8e2402542bfcb0ae47c8c5336a8b9a822508x0-18x12.webp 18w, https:\/\/www.exp-byd.com\/wp-content\/uploads\/2025\/11\/DCP_8e2402542bfcb0ae47c8c5336a8b9a822508x0-1200x800.webp 1200w\" sizes=\"(max-width: 2508px) 100vw, 2508px\" \/><\/a>\n\t\t\t<\/div><\/figure><figure class='gallery-item'>\n\t\t\t<div class='gallery-icon landscape'>\n\t\t\t\t<a data-elementor-open-lightbox=\"yes\" data-elementor-lightbox-slideshow=\"f8c75e0\" data-elementor-lightbox-title=\"DCP_21b026139e7e57b07b7217ddd51a51e6~2508x0\" data-e-action-hash=\"#elementor-action%3Aaction%3Dlightbox%26settings%3DeyJpZCI6MTIyOTksInVybCI6Imh0dHBzOlwvXC93d3cuZXhwLWJ5ZC5jb21cL3dwLWNvbnRlbnRcL3VwbG9hZHNcLzIwMjVcLzExXC9EQ1BfMjFiMDI2MTM5ZTdlNTdiMDdiNzIxN2RkZDUxYTUxZTYyNTA4eDAud2VicCIsInNsaWRlc2hvdyI6ImY4Yzc1ZTAifQ%3D%3D\" href='https:\/\/www.exp-byd.com\/wp-content\/uploads\/2025\/11\/DCP_21b026139e7e57b07b7217ddd51a51e62508x0.webp'><img loading=\"lazy\" decoding=\"async\" width=\"2508\" height=\"1672\" src=\"https:\/\/www.exp-byd.com\/wp-content\/uploads\/2025\/11\/DCP_21b026139e7e57b07b7217ddd51a51e62508x0.webp\" class=\"attachment-full size-full\" alt=\"\" srcset=\"https:\/\/www.exp-byd.com\/wp-content\/uploads\/2025\/11\/DCP_21b026139e7e57b07b7217ddd51a51e62508x0.webp 2508w, https:\/\/www.exp-byd.com\/wp-content\/uploads\/2025\/11\/DCP_21b026139e7e57b07b7217ddd51a51e62508x0-300x200.webp 300w, https:\/\/www.exp-byd.com\/wp-content\/uploads\/2025\/11\/DCP_21b026139e7e57b07b7217ddd51a51e62508x0-1024x683.webp 1024w, https:\/\/www.exp-byd.com\/wp-content\/uploads\/2025\/11\/DCP_21b026139e7e57b07b7217ddd51a51e62508x0-768x512.webp 768w, https:\/\/www.exp-byd.com\/wp-content\/uploads\/2025\/11\/DCP_21b026139e7e57b07b7217ddd51a51e62508x0-1536x1024.webp 1536w, https:\/\/www.exp-byd.com\/wp-content\/uploads\/2025\/11\/DCP_21b026139e7e57b07b7217ddd51a51e62508x0-2048x1365.webp 2048w, https:\/\/www.exp-byd.com\/wp-content\/uploads\/2025\/11\/DCP_21b026139e7e57b07b7217ddd51a51e62508x0-18x12.webp 18w, https:\/\/www.exp-byd.com\/wp-content\/uploads\/2025\/11\/DCP_21b026139e7e57b07b7217ddd51a51e62508x0-1200x800.webp 1200w\" sizes=\"(max-width: 2508px) 100vw, 2508px\" \/><\/a>\n\t\t\t<\/div><\/figure><figure class='gallery-item'>\n\t\t\t<div class='gallery-icon landscape'>\n\t\t\t\t<a data-elementor-open-lightbox=\"yes\" data-elementor-lightbox-slideshow=\"f8c75e0\" data-elementor-lightbox-title=\"DCP_0f954c38ea38ebf7b2e4222aaa11b0cb~2508x0\" data-e-action-hash=\"#elementor-action%3Aaction%3Dlightbox%26settings%3DeyJpZCI6MTIyOTYsInVybCI6Imh0dHBzOlwvXC93d3cuZXhwLWJ5ZC5jb21cL3dwLWNvbnRlbnRcL3VwbG9hZHNcLzIwMjVcLzExXC9EQ1BfMGY5NTRjMzhlYTM4ZWJmN2IyZTQyMjJhYWExMWIwY2IyNTA4eDAud2VicCIsInNsaWRlc2hvdyI6ImY4Yzc1ZTAifQ%3D%3D\" href='https:\/\/www.exp-byd.com\/wp-content\/uploads\/2025\/11\/DCP_0f954c38ea38ebf7b2e4222aaa11b0cb2508x0.webp'><img loading=\"lazy\" decoding=\"async\" width=\"2508\" height=\"1672\" src=\"https:\/\/www.exp-byd.com\/wp-content\/uploads\/2025\/11\/DCP_0f954c38ea38ebf7b2e4222aaa11b0cb2508x0.webp\" class=\"attachment-full size-full\" alt=\"\" srcset=\"https:\/\/www.exp-byd.com\/wp-content\/uploads\/2025\/11\/DCP_0f954c38ea38ebf7b2e4222aaa11b0cb2508x0.webp 2508w, https:\/\/www.exp-byd.com\/wp-content\/uploads\/2025\/11\/DCP_0f954c38ea38ebf7b2e4222aaa11b0cb2508x0-300x200.webp 300w, https:\/\/www.exp-byd.com\/wp-content\/uploads\/2025\/11\/DCP_0f954c38ea38ebf7b2e4222aaa11b0cb2508x0-1024x683.webp 1024w, https:\/\/www.exp-byd.com\/wp-content\/uploads\/2025\/11\/DCP_0f954c38ea38ebf7b2e4222aaa11b0cb2508x0-768x512.webp 768w, https:\/\/www.exp-byd.com\/wp-content\/uploads\/2025\/11\/DCP_0f954c38ea38ebf7b2e4222aaa11b0cb2508x0-1536x1024.webp 1536w, https:\/\/www.exp-byd.com\/wp-content\/uploads\/2025\/11\/DCP_0f954c38ea38ebf7b2e4222aaa11b0cb2508x0-2048x1365.webp 2048w, https:\/\/www.exp-byd.com\/wp-content\/uploads\/2025\/11\/DCP_0f954c38ea38ebf7b2e4222aaa11b0cb2508x0-18x12.webp 18w, https:\/\/www.exp-byd.com\/wp-content\/uploads\/2025\/11\/DCP_0f954c38ea38ebf7b2e4222aaa11b0cb2508x0-1200x800.webp 1200w\" sizes=\"(max-width: 2508px) 100vw, 2508px\" \/><\/a>\n\t\t\t<\/div><\/figure>\n\t\t<\/div>\n\t\t<\/div>\n\t\t\t\t<\/div>\n\t\t\t\t<\/div>\n\t\t\t\t<\/div>\n\t\t\t\t<\/div>\n\t\t<div id=\"e-n-tab-content-2609455693\" role=\"tabpanel\" aria-labelledby=\"e-n-tab-title-2609455693\" data-tab-index=\"3\" style=\"--n-tabs-title-order: 3;\" class=\"elementor-element elementor-element-1d660ec e-con-full e-flex e-con e-child\" data-id=\"1d660ec\" data-element_type=\"container\">\n\t\t<div class=\"elementor-element elementor-element-ef072dd e-con-full e-flex e-con e-child\" data-id=\"ef072dd\" data-element_type=\"container\">\n\t\t\t\t<\/div>\n\t\t\t\t<\/div>\n\t\t<div id=\"e-n-tab-content-2609455694\" role=\"tabpanel\" aria-labelledby=\"e-n-tab-title-2609455694\" data-tab-index=\"4\" style=\"--n-tabs-title-order: 4;\" class=\"elementor-element elementor-element-f215e27 e-con-full e-flex e-con e-child\" data-id=\"f215e27\" data-element_type=\"container\">\n\t\t<div class=\"elementor-element elementor-element-bbcca72 e-con-full e-flex e-con e-child\" data-id=\"bbcca72\" data-element_type=\"container\">\n\t\t\t\t<\/div>\n\t\t\t\t<\/div>\n\t\t\t\t\t<\/div>\n\t\t<\/div>\n\t\t\t\t<\/div>\n\t\t\t\t<\/div>\n\t\t\t\t\t<\/div>\n\t\t\t\t<\/div>\n\t\t\t\t<\/div>","protected":false},"excerpt":{"rendered":"<p><strong>Types de carburant<\/strong>: PHEV<\/p>\n<p><strong>Capacit\u00e9 de la batterie<\/strong>(kWh):15.87 \/ 7.68<\/p>\n<p><strong>Pure Electric Range<\/strong> (km) WLTC:100\/43\/90<\/p>\n<p><strong>Pure Electric Range <\/strong>(km)CLTC: 128\/55\/120<\/p>\n<p><strong>Temps d&#039;acc\u00e9l\u00e9ration de 0 \u00e0 100 km\/h<\/strong>(s): 7,6<\/p>\n<p><strong>Vitesse de pointe<\/strong>(km\/h) : 180<\/p>\n<p><strong>Type de lecteur<\/strong>: FWD<\/p>\n<p><strong>Couleur<\/strong>: Personnalis\u00e9<\/p>\n<p><strong>Dimensions du v\u00e9hicule<\/strong>(mm): 4780x1837x1515<\/p>","protected":false},"featured_media":12289,"comment_status":"open","ping_status":"closed","template":"","meta":{"rank_math_lock_modified_date":false},"product_cat":[17],"product_tag":[],"class_list":{"0":"post-12286","1":"product","2":"type-product","3":"status-publish","4":"has-post-thumbnail","6":"product_cat-byd","8":"first","9":"instock","10":"shipping-taxable","11":"product-type-simple"},"_links":{"self":[{"href":"https:\/\/www.exp-byd.com\/fr\/wp-json\/wp\/v2\/product\/12286","targetHints":{"allow":["GET"]}}],"collection":[{"href":"https:\/\/www.exp-byd.com\/fr\/wp-json\/wp\/v2\/product"}],"about":[{"href":"https:\/\/www.exp-byd.com\/fr\/wp-json\/wp\/v2\/types\/product"}],"replies":[{"embeddable":true,"href":"https:\/\/www.exp-byd.com\/fr\/wp-json\/wp\/v2\/comments?post=12286"}],"version-history":[{"count":5,"href":"https:\/\/www.exp-byd.com\/fr\/wp-json\/wp\/v2\/product\/12286\/revisions"}],"predecessor-version":[{"id":12321,"href":"https:\/\/www.exp-byd.com\/fr\/wp-json\/wp\/v2\/product\/12286\/revisions\/12321"}],"wp:featuredmedia":[{"embeddable":true,"href":"https:\/\/www.exp-byd.com\/fr\/wp-json\/wp\/v2\/media\/12289"}],"wp:attachment":[{"href":"https:\/\/www.exp-byd.com\/fr\/wp-json\/wp\/v2\/media?parent=12286"}],"wp:term":[{"taxonomy":"product_cat","embeddable":true,"href":"https:\/\/www.exp-byd.com\/fr\/wp-json\/wp\/v2\/product_cat?post=12286"},{"taxonomy":"product_tag","embeddable":true,"href":"https:\/\/www.exp-byd.com\/fr\/wp-json\/wp\/v2\/product_tag?post=12286"}],"curies":[{"name":"wp","href":"https:\/\/api.w.org\/{rel}","templated":true}]}}