{"id":13955,"date":"2025-11-21T05:57:53","date_gmt":"2025-11-21T05:57:53","guid":{"rendered":"https:\/\/www.cevauto.com\/?post_type=product&#038;p=13955"},"modified":"2025-11-24T03:44:10","modified_gmt":"2025-11-24T03:44:10","slug":"aion-rt","status":"publish","type":"product","link":"https:\/\/www.exp-byd.com\/fr\/product\/aion-rt\/","title":{"rendered":"AION RT"},"content":{"rendered":"<div data-elementor-type=\"product-post\" data-elementor-id=\"13955\" class=\"elementor elementor-13955\" data-elementor-post-type=\"product\">\n\t\t\t\t<div class=\"elementor-element elementor-element-923e87f e-con-full e-flex e-con e-parent\" data-id=\"923e87f\" data-element_type=\"container\" data-settings=\"{&quot;background_background&quot;:&quot;video&quot;}\">\n\t\t<div class=\"elementor-element elementor-element-9c8b308 e-flex e-con-boxed e-con e-child\" data-id=\"9c8b308\" data-element_type=\"container\" data-settings=\"{&quot;background_background&quot;:&quot;video&quot;,&quot;background_play_on_mobile&quot;:&quot;yes&quot;}\">\n\t\t\t\t\t<div class=\"e-con-inner\">\n\t\t<div class=\"elementor-element elementor-element-3ab7e06 e-con-full e-flex e-con e-child\" data-id=\"3ab7e06\" data-element_type=\"container\" data-settings=\"{&quot;background_background&quot;:&quot;video&quot;,&quot;background_video_link&quot;:&quot;https:\\\/\\\/www.youtube.com\\\/watch?v=MbSkjeOoJao&quot;,&quot;background_play_on_mobile&quot;:&quot;yes&quot;}\">\n\t\t<div class=\"elementor-background-video-container\">\n\t\t\t\t\t\t\t<div class=\"elementor-background-video-embed\"><\/div>\n\t\t\t\t\t\t<\/div>\t\t<\/div>\n\t\t\t\t\t<\/div>\n\t\t\t\t<\/div>\n\t\t\t\t<\/div>\n\t\t<div class=\"elementor-element elementor-element-34cf146 e-flex e-con-boxed e-con e-parent\" data-id=\"34cf146\" data-element_type=\"container\">\n\t\t\t\t\t<div class=\"e-con-inner\">\n\t\t\t\t<div class=\"elementor-element elementor-element-f8db6a1 e-n-tabs-mobile elementor-widget elementor-widget-n-tabs\" data-id=\"f8db6a1\" data-element_type=\"widget\" data-settings=\"{&quot;tabs_justify_horizontal&quot;:&quot;start&quot;,&quot;horizontal_scroll&quot;:&quot;disable&quot;}\" data-widget_type=\"nested-tabs.default\">\n\t\t\t\t<div class=\"elementor-widget-container\">\n\t\t\t\t\t<div class=\"e-n-tabs\" data-widget-number=\"260945569\" aria-label=\"Onglets. Ouvrez des \u00e9l\u00e9ments avec Entrer ou Espace, fermez-les avec Echape et naviguez \u00e0 l&#039;aide des touches fl\u00e9ch\u00e9es.\">\n\t\t\t<div class=\"e-n-tabs-heading\" role=\"tablist\">\n\t\t\t\t\t<button id=\"e-n-tab-title-2609455691\" class=\"e-n-tab-title\" aria-selected=\"true\" data-tab-index=\"1\" role=\"tab\" tabindex=\"0\" aria-controls=\"e-n-tab-content-2609455691\" style=\"--n-tabs-title-order: 1;\">\n\t\t\t\t\t\t<span class=\"e-n-tab-title-text\">\n\t\t\t\tExt\u00e9rieur\t\t\t<\/span>\n\t\t<\/button>\n\t\t\t\t<button id=\"e-n-tab-title-2609455692\" class=\"e-n-tab-title\" aria-selected=\"false\" data-tab-index=\"2\" role=\"tab\" tabindex=\"-1\" aria-controls=\"e-n-tab-content-2609455692\" style=\"--n-tabs-title-order: 2;\">\n\t\t\t\t\t\t<span class=\"e-n-tab-title-text\">\n\t\t\t\tInt\u00e9rieur\t\t\t<\/span>\n\t\t<\/button>\n\t\t\t\t<button id=\"e-n-tab-title-2609455693\" class=\"e-n-tab-title\" aria-selected=\"false\" data-tab-index=\"3\" role=\"tab\" tabindex=\"-1\" aria-controls=\"e-n-tab-content-2609455693\" style=\"--n-tabs-title-order: 3;\">\n\t\t\t\t\t\t<span class=\"e-n-tab-title-text\">\n\t\t\t\tCommentaires\t\t\t<\/span>\n\t\t<\/button>\n\t\t\t\t\t<\/div>\n\t\t\t<div class=\"e-n-tabs-content\">\n\t\t\t\t<div id=\"e-n-tab-content-2609455691\" role=\"tabpanel\" aria-labelledby=\"e-n-tab-title-2609455691\" data-tab-index=\"1\" style=\"--n-tabs-title-order: 1;\" class=\"e-active elementor-element elementor-element-0291027 e-con-full e-flex e-con e-child\" data-id=\"0291027\" data-element_type=\"container\">\n\t\t<div class=\"elementor-element elementor-element-4b93aba e-con-full e-flex e-con e-child\" data-id=\"4b93aba\" data-element_type=\"container\">\n\t\t\t\t<div class=\"elementor-element elementor-element-24f6a5c gallery-spacing-custom elementor-widget elementor-widget-image-gallery\" data-id=\"24f6a5c\" data-element_type=\"widget\" data-widget_type=\"image-gallery.default\">\n\t\t\t\t<div class=\"elementor-widget-container\">\n\t\t\t\t\t<div class=\"elementor-image-gallery\">\n\t\t\t<div id='gallery-1' class='gallery galleryid-13955 gallery-columns-3 gallery-size-full'><figure class='gallery-item'>\n\t\t\t<div class='gallery-icon landscape'>\n\t\t\t\t<a data-elementor-open-lightbox=\"yes\" data-elementor-lightbox-slideshow=\"24f6a5c\" data-elementor-lightbox-title=\"3d5ee51fcae241df8f7751561f518fc8~2508x0\" data-e-action-hash=\"#elementor-action%3Aaction%3Dlightbox%26settings%3DeyJpZCI6MTM5NjUsInVybCI6Imh0dHBzOlwvXC93d3cuZXhwLWJ5ZC5jb21cL3dwLWNvbnRlbnRcL3VwbG9hZHNcLzIwMjVcLzExXC8zZDVlZTUxZmNhZTI0MWRmOGY3NzUxNTYxZjUxOGZjODI1MDh4MC53ZWJwIiwic2xpZGVzaG93IjoiMjRmNmE1YyJ9\" href='https:\/\/www.exp-byd.com\/wp-content\/uploads\/2025\/11\/3d5ee51fcae241df8f7751561f518fc82508x0.webp'><img fetchpriority=\"high\" decoding=\"async\" width=\"2508\" height=\"1672\" src=\"https:\/\/www.exp-byd.com\/wp-content\/uploads\/2025\/11\/3d5ee51fcae241df8f7751561f518fc82508x0.webp\" class=\"attachment-full size-full\" alt=\"\" srcset=\"https:\/\/www.exp-byd.com\/wp-content\/uploads\/2025\/11\/3d5ee51fcae241df8f7751561f518fc82508x0.webp 2508w, https:\/\/www.exp-byd.com\/wp-content\/uploads\/2025\/11\/3d5ee51fcae241df8f7751561f518fc82508x0-300x200.webp 300w, https:\/\/www.exp-byd.com\/wp-content\/uploads\/2025\/11\/3d5ee51fcae241df8f7751561f518fc82508x0-1024x683.webp 1024w, https:\/\/www.exp-byd.com\/wp-content\/uploads\/2025\/11\/3d5ee51fcae241df8f7751561f518fc82508x0-768x512.webp 768w, https:\/\/www.exp-byd.com\/wp-content\/uploads\/2025\/11\/3d5ee51fcae241df8f7751561f518fc82508x0-1536x1024.webp 1536w, https:\/\/www.exp-byd.com\/wp-content\/uploads\/2025\/11\/3d5ee51fcae241df8f7751561f518fc82508x0-2048x1365.webp 2048w, https:\/\/www.exp-byd.com\/wp-content\/uploads\/2025\/11\/3d5ee51fcae241df8f7751561f518fc82508x0-18x12.webp 18w, https:\/\/www.exp-byd.com\/wp-content\/uploads\/2025\/11\/3d5ee51fcae241df8f7751561f518fc82508x0-1200x800.webp 1200w\" sizes=\"(max-width: 2508px) 100vw, 2508px\" \/><\/a>\n\t\t\t<\/div><\/figure><figure class='gallery-item'>\n\t\t\t<div class='gallery-icon landscape'>\n\t\t\t\t<a data-elementor-open-lightbox=\"yes\" data-elementor-lightbox-slideshow=\"24f6a5c\" data-elementor-lightbox-title=\"162520f484b34ec3bf9cdefb1bb4f252~2508x0\" data-e-action-hash=\"#elementor-action%3Aaction%3Dlightbox%26settings%3DeyJpZCI6MTM5NjgsInVybCI6Imh0dHBzOlwvXC93d3cuZXhwLWJ5ZC5jb21cL3dwLWNvbnRlbnRcL3VwbG9hZHNcLzIwMjVcLzExXC8xNjI1MjBmNDg0YjM0ZWMzYmY5Y2RlZmIxYmI0ZjI1MjI1MDh4MC53ZWJwIiwic2xpZGVzaG93IjoiMjRmNmE1YyJ9\" href='https:\/\/www.exp-byd.com\/wp-content\/uploads\/2025\/11\/162520f484b34ec3bf9cdefb1bb4f2522508x0.webp'><img decoding=\"async\" width=\"2508\" height=\"1672\" src=\"https:\/\/www.exp-byd.com\/wp-content\/uploads\/2025\/11\/162520f484b34ec3bf9cdefb1bb4f2522508x0.webp\" class=\"attachment-full size-full\" alt=\"\" srcset=\"https:\/\/www.exp-byd.com\/wp-content\/uploads\/2025\/11\/162520f484b34ec3bf9cdefb1bb4f2522508x0.webp 2508w, https:\/\/www.exp-byd.com\/wp-content\/uploads\/2025\/11\/162520f484b34ec3bf9cdefb1bb4f2522508x0-300x200.webp 300w, https:\/\/www.exp-byd.com\/wp-content\/uploads\/2025\/11\/162520f484b34ec3bf9cdefb1bb4f2522508x0-1024x683.webp 1024w, https:\/\/www.exp-byd.com\/wp-content\/uploads\/2025\/11\/162520f484b34ec3bf9cdefb1bb4f2522508x0-768x512.webp 768w, https:\/\/www.exp-byd.com\/wp-content\/uploads\/2025\/11\/162520f484b34ec3bf9cdefb1bb4f2522508x0-1536x1024.webp 1536w, https:\/\/www.exp-byd.com\/wp-content\/uploads\/2025\/11\/162520f484b34ec3bf9cdefb1bb4f2522508x0-2048x1365.webp 2048w, https:\/\/www.exp-byd.com\/wp-content\/uploads\/2025\/11\/162520f484b34ec3bf9cdefb1bb4f2522508x0-18x12.webp 18w, https:\/\/www.exp-byd.com\/wp-content\/uploads\/2025\/11\/162520f484b34ec3bf9cdefb1bb4f2522508x0-1200x800.webp 1200w\" sizes=\"(max-width: 2508px) 100vw, 2508px\" \/><\/a>\n\t\t\t<\/div><\/figure><figure class='gallery-item'>\n\t\t\t<div class='gallery-icon landscape'>\n\t\t\t\t<a data-elementor-open-lightbox=\"yes\" data-elementor-lightbox-slideshow=\"24f6a5c\" data-elementor-lightbox-title=\"22b74fc2754e4d278e76ec1caf71cc43~2508x0\" data-e-action-hash=\"#elementor-action%3Aaction%3Dlightbox%26settings%3DeyJpZCI6MTM5NjYsInVybCI6Imh0dHBzOlwvXC93d3cuZXhwLWJ5ZC5jb21cL3dwLWNvbnRlbnRcL3VwbG9hZHNcLzIwMjVcLzExXC8yMmI3NGZjMjc1NGU0ZDI3OGU3NmVjMWNhZjcxY2M0MzI1MDh4MC53ZWJwIiwic2xpZGVzaG93IjoiMjRmNmE1YyJ9\" href='https:\/\/www.exp-byd.com\/wp-content\/uploads\/2025\/11\/22b74fc2754e4d278e76ec1caf71cc432508x0.webp'><img decoding=\"async\" width=\"2508\" height=\"1672\" src=\"https:\/\/www.exp-byd.com\/wp-content\/uploads\/2025\/11\/22b74fc2754e4d278e76ec1caf71cc432508x0.webp\" class=\"attachment-full size-full\" alt=\"\" srcset=\"https:\/\/www.exp-byd.com\/wp-content\/uploads\/2025\/11\/22b74fc2754e4d278e76ec1caf71cc432508x0.webp 2508w, https:\/\/www.exp-byd.com\/wp-content\/uploads\/2025\/11\/22b74fc2754e4d278e76ec1caf71cc432508x0-300x200.webp 300w, https:\/\/www.exp-byd.com\/wp-content\/uploads\/2025\/11\/22b74fc2754e4d278e76ec1caf71cc432508x0-1024x683.webp 1024w, https:\/\/www.exp-byd.com\/wp-content\/uploads\/2025\/11\/22b74fc2754e4d278e76ec1caf71cc432508x0-768x512.webp 768w, https:\/\/www.exp-byd.com\/wp-content\/uploads\/2025\/11\/22b74fc2754e4d278e76ec1caf71cc432508x0-1536x1024.webp 1536w, https:\/\/www.exp-byd.com\/wp-content\/uploads\/2025\/11\/22b74fc2754e4d278e76ec1caf71cc432508x0-2048x1365.webp 2048w, https:\/\/www.exp-byd.com\/wp-content\/uploads\/2025\/11\/22b74fc2754e4d278e76ec1caf71cc432508x0-18x12.webp 18w, https:\/\/www.exp-byd.com\/wp-content\/uploads\/2025\/11\/22b74fc2754e4d278e76ec1caf71cc432508x0-1200x800.webp 1200w\" sizes=\"(max-width: 2508px) 100vw, 2508px\" \/><\/a>\n\t\t\t<\/div><\/figure><figure class='gallery-item'>\n\t\t\t<div class='gallery-icon landscape'>\n\t\t\t\t<a data-elementor-open-lightbox=\"yes\" data-elementor-lightbox-slideshow=\"24f6a5c\" data-elementor-lightbox-title=\"49bafa8bc5194881b675d20724d326ad~2508x0\" data-e-action-hash=\"#elementor-action%3Aaction%3Dlightbox%26settings%3DeyJpZCI6MTM5NjcsInVybCI6Imh0dHBzOlwvXC93d3cuZXhwLWJ5ZC5jb21cL3dwLWNvbnRlbnRcL3VwbG9hZHNcLzIwMjVcLzExXC80OWJhZmE4YmM1MTk0ODgxYjY3NWQyMDcyNGQzMjZhZDI1MDh4MC53ZWJwIiwic2xpZGVzaG93IjoiMjRmNmE1YyJ9\" href='https:\/\/www.exp-byd.com\/wp-content\/uploads\/2025\/11\/49bafa8bc5194881b675d20724d326ad2508x0.webp'><img loading=\"lazy\" decoding=\"async\" width=\"2508\" height=\"1672\" src=\"https:\/\/www.exp-byd.com\/wp-content\/uploads\/2025\/11\/49bafa8bc5194881b675d20724d326ad2508x0.webp\" class=\"attachment-full size-full\" alt=\"\" srcset=\"https:\/\/www.exp-byd.com\/wp-content\/uploads\/2025\/11\/49bafa8bc5194881b675d20724d326ad2508x0.webp 2508w, https:\/\/www.exp-byd.com\/wp-content\/uploads\/2025\/11\/49bafa8bc5194881b675d20724d326ad2508x0-300x200.webp 300w, https:\/\/www.exp-byd.com\/wp-content\/uploads\/2025\/11\/49bafa8bc5194881b675d20724d326ad2508x0-1024x683.webp 1024w, https:\/\/www.exp-byd.com\/wp-content\/uploads\/2025\/11\/49bafa8bc5194881b675d20724d326ad2508x0-768x512.webp 768w, https:\/\/www.exp-byd.com\/wp-content\/uploads\/2025\/11\/49bafa8bc5194881b675d20724d326ad2508x0-1536x1024.webp 1536w, https:\/\/www.exp-byd.com\/wp-content\/uploads\/2025\/11\/49bafa8bc5194881b675d20724d326ad2508x0-2048x1365.webp 2048w, https:\/\/www.exp-byd.com\/wp-content\/uploads\/2025\/11\/49bafa8bc5194881b675d20724d326ad2508x0-18x12.webp 18w, https:\/\/www.exp-byd.com\/wp-content\/uploads\/2025\/11\/49bafa8bc5194881b675d20724d326ad2508x0-1200x800.webp 1200w\" sizes=\"(max-width: 2508px) 100vw, 2508px\" \/><\/a>\n\t\t\t<\/div><\/figure><figure class='gallery-item'>\n\t\t\t<div class='gallery-icon landscape'>\n\t\t\t\t<a data-elementor-open-lightbox=\"yes\" data-elementor-lightbox-slideshow=\"24f6a5c\" data-elementor-lightbox-title=\"a5fa2ca82d2642229e201158e461d8da~2508x0\" data-e-action-hash=\"#elementor-action%3Aaction%3Dlightbox%26settings%3DeyJpZCI6MTM5NjksInVybCI6Imh0dHBzOlwvXC93d3cuZXhwLWJ5ZC5jb21cL3dwLWNvbnRlbnRcL3VwbG9hZHNcLzIwMjVcLzExXC9hNWZhMmNhODJkMjY0MjIyOWUyMDExNThlNDYxZDhkYTI1MDh4MC53ZWJwIiwic2xpZGVzaG93IjoiMjRmNmE1YyJ9\" href='https:\/\/www.exp-byd.com\/wp-content\/uploads\/2025\/11\/a5fa2ca82d2642229e201158e461d8da2508x0.webp'><img loading=\"lazy\" decoding=\"async\" width=\"2508\" height=\"1672\" src=\"https:\/\/www.exp-byd.com\/wp-content\/uploads\/2025\/11\/a5fa2ca82d2642229e201158e461d8da2508x0.webp\" class=\"attachment-full size-full\" alt=\"\" srcset=\"https:\/\/www.exp-byd.com\/wp-content\/uploads\/2025\/11\/a5fa2ca82d2642229e201158e461d8da2508x0.webp 2508w, https:\/\/www.exp-byd.com\/wp-content\/uploads\/2025\/11\/a5fa2ca82d2642229e201158e461d8da2508x0-300x200.webp 300w, https:\/\/www.exp-byd.com\/wp-content\/uploads\/2025\/11\/a5fa2ca82d2642229e201158e461d8da2508x0-1024x683.webp 1024w, https:\/\/www.exp-byd.com\/wp-content\/uploads\/2025\/11\/a5fa2ca82d2642229e201158e461d8da2508x0-768x512.webp 768w, https:\/\/www.exp-byd.com\/wp-content\/uploads\/2025\/11\/a5fa2ca82d2642229e201158e461d8da2508x0-1536x1024.webp 1536w, https:\/\/www.exp-byd.com\/wp-content\/uploads\/2025\/11\/a5fa2ca82d2642229e201158e461d8da2508x0-2048x1365.webp 2048w, https:\/\/www.exp-byd.com\/wp-content\/uploads\/2025\/11\/a5fa2ca82d2642229e201158e461d8da2508x0-18x12.webp 18w, https:\/\/www.exp-byd.com\/wp-content\/uploads\/2025\/11\/a5fa2ca82d2642229e201158e461d8da2508x0-1200x800.webp 1200w\" sizes=\"(max-width: 2508px) 100vw, 2508px\" \/><\/a>\n\t\t\t<\/div><\/figure><figure class='gallery-item'>\n\t\t\t<div class='gallery-icon landscape'>\n\t\t\t\t<a data-elementor-open-lightbox=\"yes\" data-elementor-lightbox-slideshow=\"24f6a5c\" data-elementor-lightbox-title=\"ed942ea603394a2891a1e6fd8269dd56~2508x0\" data-e-action-hash=\"#elementor-action%3Aaction%3Dlightbox%26settings%3DeyJpZCI6MTM5NzAsInVybCI6Imh0dHBzOlwvXC93d3cuZXhwLWJ5ZC5jb21cL3dwLWNvbnRlbnRcL3VwbG9hZHNcLzIwMjVcLzExXC9lZDk0MmVhNjAzMzk0YTI4OTFhMWU2ZmQ4MjY5ZGQ1NjI1MDh4MC53ZWJwIiwic2xpZGVzaG93IjoiMjRmNmE1YyJ9\" href='https:\/\/www.exp-byd.com\/wp-content\/uploads\/2025\/11\/ed942ea603394a2891a1e6fd8269dd562508x0.webp'><img loading=\"lazy\" decoding=\"async\" width=\"2508\" height=\"1672\" src=\"https:\/\/www.exp-byd.com\/wp-content\/uploads\/2025\/11\/ed942ea603394a2891a1e6fd8269dd562508x0.webp\" class=\"attachment-full size-full\" alt=\"\" srcset=\"https:\/\/www.exp-byd.com\/wp-content\/uploads\/2025\/11\/ed942ea603394a2891a1e6fd8269dd562508x0.webp 2508w, https:\/\/www.exp-byd.com\/wp-content\/uploads\/2025\/11\/ed942ea603394a2891a1e6fd8269dd562508x0-300x200.webp 300w, https:\/\/www.exp-byd.com\/wp-content\/uploads\/2025\/11\/ed942ea603394a2891a1e6fd8269dd562508x0-1024x683.webp 1024w, https:\/\/www.exp-byd.com\/wp-content\/uploads\/2025\/11\/ed942ea603394a2891a1e6fd8269dd562508x0-768x512.webp 768w, https:\/\/www.exp-byd.com\/wp-content\/uploads\/2025\/11\/ed942ea603394a2891a1e6fd8269dd562508x0-1536x1024.webp 1536w, https:\/\/www.exp-byd.com\/wp-content\/uploads\/2025\/11\/ed942ea603394a2891a1e6fd8269dd562508x0-2048x1365.webp 2048w, https:\/\/www.exp-byd.com\/wp-content\/uploads\/2025\/11\/ed942ea603394a2891a1e6fd8269dd562508x0-18x12.webp 18w, https:\/\/www.exp-byd.com\/wp-content\/uploads\/2025\/11\/ed942ea603394a2891a1e6fd8269dd562508x0-1200x800.webp 1200w\" sizes=\"(max-width: 2508px) 100vw, 2508px\" \/><\/a>\n\t\t\t<\/div><\/figure>\n\t\t<\/div>\n\t\t<\/div>\n\t\t\t\t<\/div>\n\t\t\t\t<\/div>\n\t\t\t\t<\/div>\n\t\t\t\t<\/div>\n\t\t<div id=\"e-n-tab-content-2609455692\" role=\"tabpanel\" aria-labelledby=\"e-n-tab-title-2609455692\" data-tab-index=\"2\" style=\"--n-tabs-title-order: 2;\" class=\"elementor-element elementor-element-9f0b552 e-con-full e-flex e-con e-child\" data-id=\"9f0b552\" data-element_type=\"container\">\n\t\t<div class=\"elementor-element elementor-element-3dd5c9d e-con-full e-flex e-con e-child\" data-id=\"3dd5c9d\" data-element_type=\"container\">\n\t\t\t\t<div class=\"elementor-element elementor-element-f8c75e0 gallery-spacing-custom elementor-widget elementor-widget-image-gallery\" data-id=\"f8c75e0\" data-element_type=\"widget\" data-widget_type=\"image-gallery.default\">\n\t\t\t\t<div class=\"elementor-widget-container\">\n\t\t\t\t\t<div class=\"elementor-image-gallery\">\n\t\t\t<div id='gallery-2' class='gallery galleryid-13955 gallery-columns-3 gallery-size-full'><figure class='gallery-item'>\n\t\t\t<div class='gallery-icon landscape'>\n\t\t\t\t<a data-elementor-open-lightbox=\"yes\" data-elementor-lightbox-slideshow=\"f8c75e0\" data-elementor-lightbox-title=\"ea4706c6992741ebb76c6db8ed1631e0~2508x0\" data-e-action-hash=\"#elementor-action%3Aaction%3Dlightbox%26settings%3DeyJpZCI6MTM5NzMsInVybCI6Imh0dHBzOlwvXC93d3cuZXhwLWJ5ZC5jb21cL3dwLWNvbnRlbnRcL3VwbG9hZHNcLzIwMjVcLzExXC9lYTQ3MDZjNjk5Mjc0MWViYjc2YzZkYjhlZDE2MzFlMDI1MDh4MC53ZWJwIiwic2xpZGVzaG93IjoiZjhjNzVlMCJ9\" href='https:\/\/www.exp-byd.com\/wp-content\/uploads\/2025\/11\/ea4706c6992741ebb76c6db8ed1631e02508x0.webp'><img loading=\"lazy\" decoding=\"async\" width=\"2508\" height=\"1672\" src=\"https:\/\/www.exp-byd.com\/wp-content\/uploads\/2025\/11\/ea4706c6992741ebb76c6db8ed1631e02508x0.webp\" class=\"attachment-full size-full\" alt=\"\" srcset=\"https:\/\/www.exp-byd.com\/wp-content\/uploads\/2025\/11\/ea4706c6992741ebb76c6db8ed1631e02508x0.webp 2508w, https:\/\/www.exp-byd.com\/wp-content\/uploads\/2025\/11\/ea4706c6992741ebb76c6db8ed1631e02508x0-300x200.webp 300w, https:\/\/www.exp-byd.com\/wp-content\/uploads\/2025\/11\/ea4706c6992741ebb76c6db8ed1631e02508x0-1024x683.webp 1024w, https:\/\/www.exp-byd.com\/wp-content\/uploads\/2025\/11\/ea4706c6992741ebb76c6db8ed1631e02508x0-768x512.webp 768w, https:\/\/www.exp-byd.com\/wp-content\/uploads\/2025\/11\/ea4706c6992741ebb76c6db8ed1631e02508x0-1536x1024.webp 1536w, https:\/\/www.exp-byd.com\/wp-content\/uploads\/2025\/11\/ea4706c6992741ebb76c6db8ed1631e02508x0-2048x1365.webp 2048w, https:\/\/www.exp-byd.com\/wp-content\/uploads\/2025\/11\/ea4706c6992741ebb76c6db8ed1631e02508x0-18x12.webp 18w, https:\/\/www.exp-byd.com\/wp-content\/uploads\/2025\/11\/ea4706c6992741ebb76c6db8ed1631e02508x0-1200x800.webp 1200w\" sizes=\"(max-width: 2508px) 100vw, 2508px\" \/><\/a>\n\t\t\t<\/div><\/figure><figure class='gallery-item'>\n\t\t\t<div class='gallery-icon landscape'>\n\t\t\t\t<a data-elementor-open-lightbox=\"yes\" data-elementor-lightbox-slideshow=\"f8c75e0\" data-elementor-lightbox-title=\"2f3451cf6b914809a7a153728dbb5d54~2508x0\" data-e-action-hash=\"#elementor-action%3Aaction%3Dlightbox%26settings%3DeyJpZCI6MTM5NzEsInVybCI6Imh0dHBzOlwvXC93d3cuZXhwLWJ5ZC5jb21cL3dwLWNvbnRlbnRcL3VwbG9hZHNcLzIwMjVcLzExXC8yZjM0NTFjZjZiOTE0ODA5YTdhMTUzNzI4ZGJiNWQ1NDI1MDh4MC53ZWJwIiwic2xpZGVzaG93IjoiZjhjNzVlMCJ9\" href='https:\/\/www.exp-byd.com\/wp-content\/uploads\/2025\/11\/2f3451cf6b914809a7a153728dbb5d542508x0.webp'><img loading=\"lazy\" decoding=\"async\" width=\"2508\" height=\"1672\" src=\"https:\/\/www.exp-byd.com\/wp-content\/uploads\/2025\/11\/2f3451cf6b914809a7a153728dbb5d542508x0.webp\" class=\"attachment-full size-full\" alt=\"\" srcset=\"https:\/\/www.exp-byd.com\/wp-content\/uploads\/2025\/11\/2f3451cf6b914809a7a153728dbb5d542508x0.webp 2508w, https:\/\/www.exp-byd.com\/wp-content\/uploads\/2025\/11\/2f3451cf6b914809a7a153728dbb5d542508x0-300x200.webp 300w, https:\/\/www.exp-byd.com\/wp-content\/uploads\/2025\/11\/2f3451cf6b914809a7a153728dbb5d542508x0-1024x683.webp 1024w, https:\/\/www.exp-byd.com\/wp-content\/uploads\/2025\/11\/2f3451cf6b914809a7a153728dbb5d542508x0-768x512.webp 768w, https:\/\/www.exp-byd.com\/wp-content\/uploads\/2025\/11\/2f3451cf6b914809a7a153728dbb5d542508x0-1536x1024.webp 1536w, https:\/\/www.exp-byd.com\/wp-content\/uploads\/2025\/11\/2f3451cf6b914809a7a153728dbb5d542508x0-2048x1365.webp 2048w, https:\/\/www.exp-byd.com\/wp-content\/uploads\/2025\/11\/2f3451cf6b914809a7a153728dbb5d542508x0-18x12.webp 18w, https:\/\/www.exp-byd.com\/wp-content\/uploads\/2025\/11\/2f3451cf6b914809a7a153728dbb5d542508x0-1200x800.webp 1200w\" sizes=\"(max-width: 2508px) 100vw, 2508px\" \/><\/a>\n\t\t\t<\/div><\/figure><figure class='gallery-item'>\n\t\t\t<div class='gallery-icon landscape'>\n\t\t\t\t<a data-elementor-open-lightbox=\"yes\" data-elementor-lightbox-slideshow=\"f8c75e0\" data-elementor-lightbox-title=\"b71da633f0dc44338d877c63af7eeb96~2508x0\" data-e-action-hash=\"#elementor-action%3Aaction%3Dlightbox%26settings%3DeyJpZCI6MTM5NzIsInVybCI6Imh0dHBzOlwvXC93d3cuZXhwLWJ5ZC5jb21cL3dwLWNvbnRlbnRcL3VwbG9hZHNcLzIwMjVcLzExXC9iNzFkYTYzM2YwZGM0NDMzOGQ4NzdjNjNhZjdlZWI5NjI1MDh4MC53ZWJwIiwic2xpZGVzaG93IjoiZjhjNzVlMCJ9\" href='https:\/\/www.exp-byd.com\/wp-content\/uploads\/2025\/11\/b71da633f0dc44338d877c63af7eeb962508x0.webp'><img loading=\"lazy\" decoding=\"async\" width=\"2508\" height=\"1672\" src=\"https:\/\/www.exp-byd.com\/wp-content\/uploads\/2025\/11\/b71da633f0dc44338d877c63af7eeb962508x0.webp\" class=\"attachment-full size-full\" alt=\"\" srcset=\"https:\/\/www.exp-byd.com\/wp-content\/uploads\/2025\/11\/b71da633f0dc44338d877c63af7eeb962508x0.webp 2508w, https:\/\/www.exp-byd.com\/wp-content\/uploads\/2025\/11\/b71da633f0dc44338d877c63af7eeb962508x0-300x200.webp 300w, https:\/\/www.exp-byd.com\/wp-content\/uploads\/2025\/11\/b71da633f0dc44338d877c63af7eeb962508x0-1024x683.webp 1024w, https:\/\/www.exp-byd.com\/wp-content\/uploads\/2025\/11\/b71da633f0dc44338d877c63af7eeb962508x0-768x512.webp 768w, https:\/\/www.exp-byd.com\/wp-content\/uploads\/2025\/11\/b71da633f0dc44338d877c63af7eeb962508x0-1536x1024.webp 1536w, https:\/\/www.exp-byd.com\/wp-content\/uploads\/2025\/11\/b71da633f0dc44338d877c63af7eeb962508x0-2048x1365.webp 2048w, https:\/\/www.exp-byd.com\/wp-content\/uploads\/2025\/11\/b71da633f0dc44338d877c63af7eeb962508x0-18x12.webp 18w, https:\/\/www.exp-byd.com\/wp-content\/uploads\/2025\/11\/b71da633f0dc44338d877c63af7eeb962508x0-1200x800.webp 1200w\" sizes=\"(max-width: 2508px) 100vw, 2508px\" \/><\/a>\n\t\t\t<\/div><\/figure>\n\t\t<\/div>\n\t\t<\/div>\n\t\t\t\t<\/div>\n\t\t\t\t<\/div>\n\t\t\t\t<\/div>\n\t\t\t\t<\/div>\n\t\t<div id=\"e-n-tab-content-2609455693\" role=\"tabpanel\" aria-labelledby=\"e-n-tab-title-2609455693\" data-tab-index=\"3\" style=\"--n-tabs-title-order: 3;\" class=\"elementor-element elementor-element-1d660ec e-con-full e-flex e-con e-child\" data-id=\"1d660ec\" data-element_type=\"container\">\n\t\t<div class=\"elementor-element elementor-element-ef072dd e-con-full e-flex e-con e-child\" data-id=\"ef072dd\" data-element_type=\"container\">\n\t\t\t\t<\/div>\n\t\t\t\t<\/div>\n\t\t\t\t\t<\/div>\n\t\t<\/div>\n\t\t\t\t<\/div>\n\t\t\t\t<\/div>\n\t\t\t\t\t<\/div>\n\t\t\t\t<\/div>\n\t\t\t\t<\/div>","protected":false},"excerpt":{"rendered":"<p><strong>Types de carburant<\/strong>: BEV<\/p>\n<p><strong>Capacit\u00e9 de la batterie<\/strong>(kWh): 55.1\/68.1<\/p>\n<p><strong>Practice<\/strong>(km): 520\/650<\/p>\n<p><strong>Temps d&#039;acc\u00e9l\u00e9ration de 0 \u00e0 100 km\/h<\/strong>(s): 7.5\/7.7<\/p>\n<p><strong>Vitesse de pointe<\/strong>(km\/h): 163<\/p>\n<p><strong>Type de lecteur<\/strong>: FWD<\/p>\n<p><strong>Couleur<\/strong>: Personnalis\u00e9<\/p>\n<p><strong>Dimensions du v\u00e9hicule<\/strong>(mm): 4865x1875x1520<\/p>","protected":false},"featured_media":13963,"comment_status":"open","ping_status":"closed","template":"","meta":{"rank_math_lock_modified_date":false},"product_cat":[46],"product_tag":[],"class_list":{"0":"post-13955","1":"product","2":"type-product","3":"status-publish","4":"has-post-thumbnail","6":"product_cat-aion","8":"first","9":"instock","10":"shipping-taxable","11":"product-type-simple"},"_links":{"self":[{"href":"https:\/\/www.exp-byd.com\/fr\/wp-json\/wp\/v2\/product\/13955","targetHints":{"allow":["GET"]}}],"collection":[{"href":"https:\/\/www.exp-byd.com\/fr\/wp-json\/wp\/v2\/product"}],"about":[{"href":"https:\/\/www.exp-byd.com\/fr\/wp-json\/wp\/v2\/types\/product"}],"replies":[{"embeddable":true,"href":"https:\/\/www.exp-byd.com\/fr\/wp-json\/wp\/v2\/comments?post=13955"}],"version-history":[{"count":7,"href":"https:\/\/www.exp-byd.com\/fr\/wp-json\/wp\/v2\/product\/13955\/revisions"}],"predecessor-version":[{"id":14397,"href":"https:\/\/www.exp-byd.com\/fr\/wp-json\/wp\/v2\/product\/13955\/revisions\/14397"}],"wp:featuredmedia":[{"embeddable":true,"href":"https:\/\/www.exp-byd.com\/fr\/wp-json\/wp\/v2\/media\/13963"}],"wp:attachment":[{"href":"https:\/\/www.exp-byd.com\/fr\/wp-json\/wp\/v2\/media?parent=13955"}],"wp:term":[{"taxonomy":"product_cat","embeddable":true,"href":"https:\/\/www.exp-byd.com\/fr\/wp-json\/wp\/v2\/product_cat?post=13955"},{"taxonomy":"product_tag","embeddable":true,"href":"https:\/\/www.exp-byd.com\/fr\/wp-json\/wp\/v2\/product_tag?post=13955"}],"curies":[{"name":"wp","href":"https:\/\/api.w.org\/{rel}","templated":true}]}}