{"id":1427,"date":"2024-04-11T07:14:18","date_gmt":"2024-04-11T07:14:18","guid":{"rendered":"https:\/\/www.cevauto.com\/?post_type=product&#038;p=1427"},"modified":"2024-08-08T07:26:16","modified_gmt":"2024-08-08T07:26:16","slug":"xiaomi-su-7","status":"publish","type":"product","link":"https:\/\/www.exp-byd.com\/fr\/product\/xiaomi-su-7\/","title":{"rendered":"XIAOMI SU7"},"content":{"rendered":"<div data-elementor-type=\"product-post\" data-elementor-id=\"1427\" class=\"elementor elementor-1427\" data-elementor-post-type=\"product\">\n\t\t\t\t<div class=\"elementor-element elementor-element-eb96ace e-con-full e-flex e-con e-parent\" data-id=\"eb96ace\" data-element_type=\"container\" data-settings=\"{&quot;background_background&quot;:&quot;video&quot;}\">\n\t\t<div class=\"elementor-element elementor-element-527b643 e-flex e-con-boxed e-con e-child\" data-id=\"527b643\" data-element_type=\"container\" data-settings=\"{&quot;background_background&quot;:&quot;video&quot;,&quot;background_play_on_mobile&quot;:&quot;yes&quot;}\">\n\t\t\t\t\t<div class=\"e-con-inner\">\n\t\t<div class=\"elementor-element elementor-element-89b0bb3 e-flex e-con-boxed e-con e-child\" data-id=\"89b0bb3\" data-element_type=\"container\" data-settings=\"{&quot;background_background&quot;:&quot;video&quot;,&quot;background_video_link&quot;:&quot;https:\\\/\\\/www.youtube.com\\\/watch?v=3Noa7mwmAwc&quot;,&quot;background_play_on_mobile&quot;:&quot;yes&quot;}\">\n\t\t\t\t\t<div class=\"e-con-inner\">\n\t\t<div class=\"elementor-background-video-container\">\n\t\t\t\t\t\t\t<div class=\"elementor-background-video-embed\"><\/div>\n\t\t\t\t\t\t<\/div>\t\t\t<\/div>\n\t\t\t\t<\/div>\n\t\t\t\t\t<\/div>\n\t\t\t\t<\/div>\n\t\t\t\t<\/div>\n\t\t<div class=\"elementor-element elementor-element-5361e7c e-flex e-con-boxed e-con e-parent\" data-id=\"5361e7c\" data-element_type=\"container\">\n\t\t\t\t\t<div class=\"e-con-inner\">\n\t\t\t\t<div class=\"elementor-element elementor-element-a7720d0 elementor-widget elementor-widget-heading\" data-id=\"a7720d0\" data-element_type=\"widget\" data-widget_type=\"heading.default\">\n\t\t\t\t<div class=\"elementor-widget-container\">\n\t\t\t<h2 class=\"elementor-heading-title elementor-size-default\">Ext\u00e9rieur<\/h2>\t\t<\/div>\n\t\t\t\t<\/div>\n\t\t\t\t<div class=\"elementor-element elementor-element-c134705 gallery-spacing-custom elementor-widget elementor-widget-image-gallery\" data-id=\"c134705\" data-element_type=\"widget\" data-widget_type=\"image-gallery.default\">\n\t\t\t\t<div class=\"elementor-widget-container\">\n\t\t\t\t\t<div class=\"elementor-image-gallery\">\n\t\t\t<div id='gallery-1' class='gallery galleryid-1427 gallery-columns-3 gallery-size-full'><figure class='gallery-item'>\n\t\t\t<div class='gallery-icon landscape'>\n\t\t\t\t<a data-elementor-open-lightbox=\"yes\" data-elementor-lightbox-slideshow=\"c134705\" data-elementor-lightbox-title=\"139f99ce7ff5b9ea1d10ee64fc5a7cf4~512x0\" data-e-action-hash=\"#elementor-action%3Aaction%3Dlightbox%26settings%3DeyJpZCI6MTQzOCwidXJsIjoiaHR0cHM6XC9cL3d3dy5leHAtYnlkLmNvbVwvd3AtY29udGVudFwvdXBsb2Fkc1wvMjAyNFwvMDRcLzEzOWY5OWNlN2ZmNWI5ZWExZDEwZWU2NGZjNWE3Y2Y0NTEyeDAud2VicCIsInNsaWRlc2hvdyI6ImMxMzQ3MDUifQ%3D%3D\" href='https:\/\/www.exp-byd.com\/wp-content\/uploads\/2024\/04\/139f99ce7ff5b9ea1d10ee64fc5a7cf4512x0.webp'><img fetchpriority=\"high\" decoding=\"async\" width=\"512\" height=\"341\" src=\"https:\/\/www.exp-byd.com\/wp-content\/uploads\/2024\/04\/139f99ce7ff5b9ea1d10ee64fc5a7cf4512x0.webp\" class=\"attachment-full size-full\" alt=\"\" srcset=\"https:\/\/www.exp-byd.com\/wp-content\/uploads\/2024\/04\/139f99ce7ff5b9ea1d10ee64fc5a7cf4512x0.webp 512w, https:\/\/www.exp-byd.com\/wp-content\/uploads\/2024\/04\/139f99ce7ff5b9ea1d10ee64fc5a7cf4512x0-300x200.webp 300w\" sizes=\"(max-width: 512px) 100vw, 512px\" \/><\/a>\n\t\t\t<\/div><\/figure><figure class='gallery-item'>\n\t\t\t<div class='gallery-icon landscape'>\n\t\t\t\t<a data-elementor-open-lightbox=\"yes\" data-elementor-lightbox-slideshow=\"c134705\" data-elementor-lightbox-title=\"a6c77c58c6a60eff40e29adfd0ab635d~512x0\" data-e-action-hash=\"#elementor-action%3Aaction%3Dlightbox%26settings%3DeyJpZCI6MTQzOSwidXJsIjoiaHR0cHM6XC9cL3d3dy5leHAtYnlkLmNvbVwvd3AtY29udGVudFwvdXBsb2Fkc1wvMjAyNFwvMDRcL2E2Yzc3YzU4YzZhNjBlZmY0MGUyOWFkZmQwYWI2MzVkNTEyeDAud2VicCIsInNsaWRlc2hvdyI6ImMxMzQ3MDUifQ%3D%3D\" href='https:\/\/www.exp-byd.com\/wp-content\/uploads\/2024\/04\/a6c77c58c6a60eff40e29adfd0ab635d512x0.webp'><img decoding=\"async\" width=\"512\" height=\"341\" src=\"https:\/\/www.exp-byd.com\/wp-content\/uploads\/2024\/04\/a6c77c58c6a60eff40e29adfd0ab635d512x0.webp\" class=\"attachment-full size-full\" alt=\"\" srcset=\"https:\/\/www.exp-byd.com\/wp-content\/uploads\/2024\/04\/a6c77c58c6a60eff40e29adfd0ab635d512x0.webp 512w, https:\/\/www.exp-byd.com\/wp-content\/uploads\/2024\/04\/a6c77c58c6a60eff40e29adfd0ab635d512x0-300x200.webp 300w\" sizes=\"(max-width: 512px) 100vw, 512px\" \/><\/a>\n\t\t\t<\/div><\/figure><figure class='gallery-item'>\n\t\t\t<div class='gallery-icon landscape'>\n\t\t\t\t<a data-elementor-open-lightbox=\"yes\" data-elementor-lightbox-slideshow=\"c134705\" data-elementor-lightbox-title=\"0972c5c19b975711287d6146a5389d79~512x0\" data-e-action-hash=\"#elementor-action%3Aaction%3Dlightbox%26settings%3DeyJpZCI6MTQ0MCwidXJsIjoiaHR0cHM6XC9cL3d3dy5leHAtYnlkLmNvbVwvd3AtY29udGVudFwvdXBsb2Fkc1wvMjAyNFwvMDRcLzA5NzJjNWMxOWI5NzU3MTEyODdkNjE0NmE1Mzg5ZDc5NTEyeDAud2VicCIsInNsaWRlc2hvdyI6ImMxMzQ3MDUifQ%3D%3D\" href='https:\/\/www.exp-byd.com\/wp-content\/uploads\/2024\/04\/0972c5c19b975711287d6146a5389d79512x0.webp'><img decoding=\"async\" width=\"512\" height=\"341\" src=\"https:\/\/www.exp-byd.com\/wp-content\/uploads\/2024\/04\/0972c5c19b975711287d6146a5389d79512x0.webp\" class=\"attachment-full size-full\" alt=\"\" srcset=\"https:\/\/www.exp-byd.com\/wp-content\/uploads\/2024\/04\/0972c5c19b975711287d6146a5389d79512x0.webp 512w, https:\/\/www.exp-byd.com\/wp-content\/uploads\/2024\/04\/0972c5c19b975711287d6146a5389d79512x0-300x200.webp 300w\" sizes=\"(max-width: 512px) 100vw, 512px\" \/><\/a>\n\t\t\t<\/div><\/figure><figure class='gallery-item'>\n\t\t\t<div class='gallery-icon landscape'>\n\t\t\t\t<a data-elementor-open-lightbox=\"yes\" data-elementor-lightbox-slideshow=\"c134705\" data-elementor-lightbox-title=\"68f0ac5c1f85c9171afbdbd139ebb018~512x0\" data-e-action-hash=\"#elementor-action%3Aaction%3Dlightbox%26settings%3DeyJpZCI6MTQ0MSwidXJsIjoiaHR0cHM6XC9cL3d3dy5leHAtYnlkLmNvbVwvd3AtY29udGVudFwvdXBsb2Fkc1wvMjAyNFwvMDRcLzY4ZjBhYzVjMWY4NWM5MTcxYWZiZGJkMTM5ZWJiMDE4NTEyeDAud2VicCIsInNsaWRlc2hvdyI6ImMxMzQ3MDUifQ%3D%3D\" href='https:\/\/www.exp-byd.com\/wp-content\/uploads\/2024\/04\/68f0ac5c1f85c9171afbdbd139ebb018512x0.webp'><img loading=\"lazy\" decoding=\"async\" width=\"512\" height=\"341\" src=\"https:\/\/www.exp-byd.com\/wp-content\/uploads\/2024\/04\/68f0ac5c1f85c9171afbdbd139ebb018512x0.webp\" class=\"attachment-full size-full\" alt=\"\" srcset=\"https:\/\/www.exp-byd.com\/wp-content\/uploads\/2024\/04\/68f0ac5c1f85c9171afbdbd139ebb018512x0.webp 512w, https:\/\/www.exp-byd.com\/wp-content\/uploads\/2024\/04\/68f0ac5c1f85c9171afbdbd139ebb018512x0-300x200.webp 300w\" sizes=\"(max-width: 512px) 100vw, 512px\" \/><\/a>\n\t\t\t<\/div><\/figure><figure class='gallery-item'>\n\t\t\t<div class='gallery-icon landscape'>\n\t\t\t\t<a data-elementor-open-lightbox=\"yes\" data-elementor-lightbox-slideshow=\"c134705\" data-elementor-lightbox-title=\"184937f3c9e181f48630e1aee2f6189e~512x0\" data-e-action-hash=\"#elementor-action%3Aaction%3Dlightbox%26settings%3DeyJpZCI6MTQ0MiwidXJsIjoiaHR0cHM6XC9cL3d3dy5leHAtYnlkLmNvbVwvd3AtY29udGVudFwvdXBsb2Fkc1wvMjAyNFwvMDRcLzE4NDkzN2YzYzllMTgxZjQ4NjMwZTFhZWUyZjYxODllNTEyeDAud2VicCIsInNsaWRlc2hvdyI6ImMxMzQ3MDUifQ%3D%3D\" href='https:\/\/www.exp-byd.com\/wp-content\/uploads\/2024\/04\/184937f3c9e181f48630e1aee2f6189e512x0.webp'><img loading=\"lazy\" decoding=\"async\" width=\"512\" height=\"341\" src=\"https:\/\/www.exp-byd.com\/wp-content\/uploads\/2024\/04\/184937f3c9e181f48630e1aee2f6189e512x0.webp\" class=\"attachment-full size-full\" alt=\"\" srcset=\"https:\/\/www.exp-byd.com\/wp-content\/uploads\/2024\/04\/184937f3c9e181f48630e1aee2f6189e512x0.webp 512w, https:\/\/www.exp-byd.com\/wp-content\/uploads\/2024\/04\/184937f3c9e181f48630e1aee2f6189e512x0-300x200.webp 300w\" sizes=\"(max-width: 512px) 100vw, 512px\" \/><\/a>\n\t\t\t<\/div><\/figure>\n\t\t<\/div>\n\t\t<\/div>\n\t\t\t\t<\/div>\n\t\t\t\t<\/div>\n\t\t\t\t\t<\/div>\n\t\t\t\t<\/div>\n\t\t<div class=\"elementor-element elementor-element-4d6e4dd e-flex e-con-boxed e-con e-parent\" data-id=\"4d6e4dd\" data-element_type=\"container\">\n\t\t\t\t\t<div class=\"e-con-inner\">\n\t\t\t\t<div class=\"elementor-element elementor-element-f511c84 elementor-widget elementor-widget-heading\" data-id=\"f511c84\" data-element_type=\"widget\" data-widget_type=\"heading.default\">\n\t\t\t\t<div class=\"elementor-widget-container\">\n\t\t\t<h2 class=\"elementor-heading-title elementor-size-default\">Int\u00e9rieur<\/h2>\t\t<\/div>\n\t\t\t\t<\/div>\n\t\t\t\t<div class=\"elementor-element elementor-element-198e409 gallery-spacing-custom elementor-widget elementor-widget-image-gallery\" data-id=\"198e409\" data-element_type=\"widget\" data-widget_type=\"image-gallery.default\">\n\t\t\t\t<div class=\"elementor-widget-container\">\n\t\t\t\t\t<div class=\"elementor-image-gallery\">\n\t\t\t<div id='gallery-2' class='gallery galleryid-1427 gallery-columns-3 gallery-size-full'><figure class='gallery-item'>\n\t\t\t<div class='gallery-icon landscape'>\n\t\t\t\t<a data-elementor-open-lightbox=\"yes\" data-elementor-lightbox-slideshow=\"198e409\" data-elementor-lightbox-title=\"c913ecb7372c27751d02cb6a77e24008~512x0\" data-e-action-hash=\"#elementor-action%3Aaction%3Dlightbox%26settings%3DeyJpZCI6MTQ0NiwidXJsIjoiaHR0cHM6XC9cL3d3dy5leHAtYnlkLmNvbVwvd3AtY29udGVudFwvdXBsb2Fkc1wvMjAyNFwvMDRcL2M5MTNlY2I3MzcyYzI3NzUxZDAyY2I2YTc3ZTI0MDA4NTEyeDAud2VicCIsInNsaWRlc2hvdyI6IjE5OGU0MDkifQ%3D%3D\" href='https:\/\/www.exp-byd.com\/wp-content\/uploads\/2024\/04\/c913ecb7372c27751d02cb6a77e24008512x0.webp'><img loading=\"lazy\" decoding=\"async\" width=\"512\" height=\"341\" src=\"https:\/\/www.exp-byd.com\/wp-content\/uploads\/2024\/04\/c913ecb7372c27751d02cb6a77e24008512x0.webp\" class=\"attachment-full size-full\" alt=\"\" srcset=\"https:\/\/www.exp-byd.com\/wp-content\/uploads\/2024\/04\/c913ecb7372c27751d02cb6a77e24008512x0.webp 512w, https:\/\/www.exp-byd.com\/wp-content\/uploads\/2024\/04\/c913ecb7372c27751d02cb6a77e24008512x0-300x200.webp 300w\" sizes=\"(max-width: 512px) 100vw, 512px\" \/><\/a>\n\t\t\t<\/div><\/figure><figure class='gallery-item'>\n\t\t\t<div class='gallery-icon landscape'>\n\t\t\t\t<a data-elementor-open-lightbox=\"yes\" data-elementor-lightbox-slideshow=\"198e409\" data-elementor-lightbox-title=\"718d04335bee3509ddd6026a77e9f265~512x0\" data-e-action-hash=\"#elementor-action%3Aaction%3Dlightbox%26settings%3DeyJpZCI6MTQ0NywidXJsIjoiaHR0cHM6XC9cL3d3dy5leHAtYnlkLmNvbVwvd3AtY29udGVudFwvdXBsb2Fkc1wvMjAyNFwvMDRcLzcxOGQwNDMzNWJlZTM1MDlkZGQ2MDI2YTc3ZTlmMjY1NTEyeDAud2VicCIsInNsaWRlc2hvdyI6IjE5OGU0MDkifQ%3D%3D\" href='https:\/\/www.exp-byd.com\/wp-content\/uploads\/2024\/04\/718d04335bee3509ddd6026a77e9f265512x0.webp'><img loading=\"lazy\" decoding=\"async\" width=\"512\" height=\"341\" src=\"https:\/\/www.exp-byd.com\/wp-content\/uploads\/2024\/04\/718d04335bee3509ddd6026a77e9f265512x0.webp\" class=\"attachment-full size-full\" alt=\"\" srcset=\"https:\/\/www.exp-byd.com\/wp-content\/uploads\/2024\/04\/718d04335bee3509ddd6026a77e9f265512x0.webp 512w, https:\/\/www.exp-byd.com\/wp-content\/uploads\/2024\/04\/718d04335bee3509ddd6026a77e9f265512x0-300x200.webp 300w\" sizes=\"(max-width: 512px) 100vw, 512px\" \/><\/a>\n\t\t\t<\/div><\/figure><figure class='gallery-item'>\n\t\t\t<div class='gallery-icon landscape'>\n\t\t\t\t<a data-elementor-open-lightbox=\"yes\" data-elementor-lightbox-slideshow=\"198e409\" data-elementor-lightbox-title=\"3f953a68734c217a76f0a1b163e9e36c~512x0\" data-e-action-hash=\"#elementor-action%3Aaction%3Dlightbox%26settings%3DeyJpZCI6MTQ0OCwidXJsIjoiaHR0cHM6XC9cL3d3dy5leHAtYnlkLmNvbVwvd3AtY29udGVudFwvdXBsb2Fkc1wvMjAyNFwvMDRcLzNmOTUzYTY4NzM0YzIxN2E3NmYwYTFiMTYzZTllMzZjNTEyeDAud2VicCIsInNsaWRlc2hvdyI6IjE5OGU0MDkifQ%3D%3D\" href='https:\/\/www.exp-byd.com\/wp-content\/uploads\/2024\/04\/3f953a68734c217a76f0a1b163e9e36c512x0.webp'><img loading=\"lazy\" decoding=\"async\" width=\"512\" height=\"341\" src=\"https:\/\/www.exp-byd.com\/wp-content\/uploads\/2024\/04\/3f953a68734c217a76f0a1b163e9e36c512x0.webp\" class=\"attachment-full size-full\" alt=\"\" srcset=\"https:\/\/www.exp-byd.com\/wp-content\/uploads\/2024\/04\/3f953a68734c217a76f0a1b163e9e36c512x0.webp 512w, https:\/\/www.exp-byd.com\/wp-content\/uploads\/2024\/04\/3f953a68734c217a76f0a1b163e9e36c512x0-300x200.webp 300w\" sizes=\"(max-width: 512px) 100vw, 512px\" \/><\/a>\n\t\t\t<\/div><\/figure><figure class='gallery-item'>\n\t\t\t<div class='gallery-icon landscape'>\n\t\t\t\t<a data-elementor-open-lightbox=\"yes\" data-elementor-lightbox-slideshow=\"198e409\" data-elementor-lightbox-title=\"d2114b84194ad4ef0f0cffd66426145a~512x0\" data-e-action-hash=\"#elementor-action%3Aaction%3Dlightbox%26settings%3DeyJpZCI6MTQ0OSwidXJsIjoiaHR0cHM6XC9cL3d3dy5leHAtYnlkLmNvbVwvd3AtY29udGVudFwvdXBsb2Fkc1wvMjAyNFwvMDRcL2QyMTE0Yjg0MTk0YWQ0ZWYwZjBjZmZkNjY0MjYxNDVhNTEyeDAud2VicCIsInNsaWRlc2hvdyI6IjE5OGU0MDkifQ%3D%3D\" href='https:\/\/www.exp-byd.com\/wp-content\/uploads\/2024\/04\/d2114b84194ad4ef0f0cffd66426145a512x0.webp'><img loading=\"lazy\" decoding=\"async\" width=\"512\" height=\"341\" src=\"https:\/\/www.exp-byd.com\/wp-content\/uploads\/2024\/04\/d2114b84194ad4ef0f0cffd66426145a512x0.webp\" class=\"attachment-full size-full\" alt=\"\" srcset=\"https:\/\/www.exp-byd.com\/wp-content\/uploads\/2024\/04\/d2114b84194ad4ef0f0cffd66426145a512x0.webp 512w, https:\/\/www.exp-byd.com\/wp-content\/uploads\/2024\/04\/d2114b84194ad4ef0f0cffd66426145a512x0-300x200.webp 300w\" sizes=\"(max-width: 512px) 100vw, 512px\" \/><\/a>\n\t\t\t<\/div><\/figure><figure class='gallery-item'>\n\t\t\t<div class='gallery-icon landscape'>\n\t\t\t\t<a data-elementor-open-lightbox=\"yes\" data-elementor-lightbox-slideshow=\"198e409\" data-elementor-lightbox-title=\"b5cf650523796e9636deed300d11a3e5~512x0\" data-e-action-hash=\"#elementor-action%3Aaction%3Dlightbox%26settings%3DeyJpZCI6MTQ1MCwidXJsIjoiaHR0cHM6XC9cL3d3dy5leHAtYnlkLmNvbVwvd3AtY29udGVudFwvdXBsb2Fkc1wvMjAyNFwvMDRcL2I1Y2Y2NTA1MjM3OTZlOTYzNmRlZWQzMDBkMTFhM2U1NTEyeDAud2VicCIsInNsaWRlc2hvdyI6IjE5OGU0MDkifQ%3D%3D\" href='https:\/\/www.exp-byd.com\/wp-content\/uploads\/2024\/04\/b5cf650523796e9636deed300d11a3e5512x0.webp'><img loading=\"lazy\" decoding=\"async\" width=\"512\" height=\"341\" src=\"https:\/\/www.exp-byd.com\/wp-content\/uploads\/2024\/04\/b5cf650523796e9636deed300d11a3e5512x0.webp\" class=\"attachment-full size-full\" alt=\"\" srcset=\"https:\/\/www.exp-byd.com\/wp-content\/uploads\/2024\/04\/b5cf650523796e9636deed300d11a3e5512x0.webp 512w, https:\/\/www.exp-byd.com\/wp-content\/uploads\/2024\/04\/b5cf650523796e9636deed300d11a3e5512x0-300x200.webp 300w\" sizes=\"(max-width: 512px) 100vw, 512px\" \/><\/a>\n\t\t\t<\/div><\/figure><figure class='gallery-item'>\n\t\t\t<div class='gallery-icon landscape'>\n\t\t\t\t<a data-elementor-open-lightbox=\"yes\" data-elementor-lightbox-slideshow=\"198e409\" data-elementor-lightbox-title=\"e602c029d789eee008fd5d880f08e021~512x0\" data-e-action-hash=\"#elementor-action%3Aaction%3Dlightbox%26settings%3DeyJpZCI6MTQ1MSwidXJsIjoiaHR0cHM6XC9cL3d3dy5leHAtYnlkLmNvbVwvd3AtY29udGVudFwvdXBsb2Fkc1wvMjAyNFwvMDRcL2U2MDJjMDI5ZDc4OWVlZTAwOGZkNWQ4ODBmMDhlMDIxNTEyeDAud2VicCIsInNsaWRlc2hvdyI6IjE5OGU0MDkifQ%3D%3D\" href='https:\/\/www.exp-byd.com\/wp-content\/uploads\/2024\/04\/e602c029d789eee008fd5d880f08e021512x0.webp'><img loading=\"lazy\" decoding=\"async\" width=\"512\" height=\"341\" src=\"https:\/\/www.exp-byd.com\/wp-content\/uploads\/2024\/04\/e602c029d789eee008fd5d880f08e021512x0.webp\" class=\"attachment-full size-full\" alt=\"\" srcset=\"https:\/\/www.exp-byd.com\/wp-content\/uploads\/2024\/04\/e602c029d789eee008fd5d880f08e021512x0.webp 512w, https:\/\/www.exp-byd.com\/wp-content\/uploads\/2024\/04\/e602c029d789eee008fd5d880f08e021512x0-300x200.webp 300w\" sizes=\"(max-width: 512px) 100vw, 512px\" \/><\/a>\n\t\t\t<\/div><\/figure>\n\t\t<\/div>\n\t\t<\/div>\n\t\t\t\t<\/div>\n\t\t\t\t<\/div>\n\t\t\t\t\t<\/div>\n\t\t\t\t<\/div>\n\t\t<div class=\"elementor-element elementor-element-0fafe5d e-flex e-con-boxed e-con e-parent\" data-id=\"0fafe5d\" data-element_type=\"container\">\n\t\t\t\t\t<div class=\"e-con-inner\">\n\t\t\t\t<div class=\"elementor-element elementor-element-0d138e4 elementor-widget elementor-widget-heading\" data-id=\"0d138e4\" data-element_type=\"widget\" data-widget_type=\"heading.default\">\n\t\t\t\t<div class=\"elementor-widget-container\">\n\t\t\t<h2 class=\"elementor-heading-title elementor-size-default\">Caract\u00e9ristiques<\/h2>\t\t<\/div>\n\t\t\t\t<\/div>\n\t\t\t\t<div class=\"elementor-element elementor-element-b3f332f elementor-widget elementor-widget-text-editor\" data-id=\"b3f332f\" data-element_type=\"widget\" data-widget_type=\"text-editor.default\">\n\t\t\t\t<div class=\"elementor-widget-container\">\n\t\t\t\t\t\t\t<div class=\"table-responsive\" style=\"overflow-x: auto; width: 100%;\"><table style=\"font-size: 16px;\">\n<thead>\n<tr>\n<th><\/th>\n<th>Entra\u00eenement intelligent \u00e0 longue port\u00e9e standard RWD<\/th>\n<th>RWD Smart Drive Pro haut de gamme ultra longue port\u00e9e<\/th>\n<th>AWD Ultra Longue Autonomie Haut de Gamme Smart Drive Max<\/th>\n<\/tr>\n<\/thead>\n<tbody>\n<tr>\n<td><strong>Informations de base<\/strong><\/td>\n<td><\/td>\n<td><\/td>\n<td><\/td>\n<\/tr>\n<tr>\n<td>Date de sortie<\/td>\n<td>2024-03-28<\/td>\n<td>2024-03-28<\/td>\n<td>2024-03-28<\/td>\n<\/tr>\n<tr>\n<td>Classe de mod\u00e8le<\/td>\n<td>Berline interm\u00e9diaire<\/td>\n<td>Berline interm\u00e9diaire<\/td>\n<td>Berline interm\u00e9diaire<\/td>\n<\/tr>\n<tr>\n<td>Style corporel<\/td>\n<td>Sedan<\/td>\n<td>Sedan<\/td>\n<td>Sedan<\/td>\n<\/tr>\n<tr>\n<td>Type de puissance<\/td>\n<td>\u00c9lectrique pur<\/td>\n<td>\u00c9lectrique pur<\/td>\n<td>\u00c9lectrique pur<\/td>\n<\/tr>\n<tr>\n<td><strong>Syst\u00e8me du pouvoir<\/strong><\/td>\n<td><\/td>\n<td><\/td>\n<td><\/td>\n<\/tr>\n<tr>\n<td>Puissance totale du moteur<\/td>\n<td>220 kW<\/td>\n<td>275 kW<\/td>\n<td>495 kW<\/td>\n<\/tr>\n<tr>\n<td>Couple total du moteur<\/td>\n<td>400 N\u00b7m<\/td>\n<td>500\u00a0N\u00b7m<\/td>\n<td>800 N\u00b7m<\/td>\n<\/tr>\n<tr>\n<td>0-100 km\/h Acc\u00e9l\u00e9ration<\/td>\n<td>5,28 secondes<\/td>\n<td>3,9 secondes<\/td>\n<td>3,9 secondes<\/td>\n<\/tr>\n<tr>\n<td>Vitesse de pointe<\/td>\n<td>210 km\/h<\/td>\n<td>230km\/h<\/td>\n<td>230km\/h<\/td>\n<\/tr>\n<tr>\n<td><strong>Port\u00e9e et charge<\/strong><\/td>\n<td><\/td>\n<td><\/td>\n<td><\/td>\n<\/tr>\n<tr>\n<td>Port\u00e9e (CLTC)<\/td>\n<td>700km<\/td>\n<td>750 km<\/td>\n<td>830 km<\/td>\n<\/tr>\n<tr>\n<td>Capacit\u00e9 de la batterie<\/td>\n<td>73,6 kWh<\/td>\n<td>90 kWh<\/td>\n<td>100 kWh<\/td>\n<\/tr>\n<tr>\n<td>Temps de charge rapide<\/td>\n<td>0,42 heures (30%-80%)<\/td>\n<td>0,42 heures (30%-80%)<\/td>\n<td>0,42 heures (30%-80%)<\/td>\n<\/tr>\n<tr>\n<td>Type de batterie<\/td>\n<td>Lithium-ion<\/td>\n<td>Lithium-ion<\/td>\n<td>Lithium-ion<\/td>\n<\/tr>\n<tr>\n<td><strong>Dimensions ext\u00e9rieures<\/strong><\/td>\n<td><\/td>\n<td><\/td>\n<td><\/td>\n<\/tr>\n<tr>\n<td>Dimensions (L x l x H)<\/td>\n<td>4950 mm x 1950 mm x 1650 mm<\/td>\n<td>4950 mm x 1950 mm x 1650 mm<\/td>\n<td>4950 mm x 1950 mm x 1650 mm<\/td>\n<\/tr>\n<tr>\n<td>Empattement<\/td>\n<td>2950 millim\u00e8tres<\/td>\n<td>2950 millim\u00e8tres<\/td>\n<td>2950 millim\u00e8tres<\/td>\n<\/tr>\n<tr>\n<td>Sp\u00e9cifications des pneus<\/td>\n<td>235\/55 R19<\/td>\n<td>245\/45 R20<\/td>\n<td>245\/45 R20<\/td>\n<\/tr>\n<tr>\n<td><strong>Des dispositifs de s\u00e9curit\u00e9<\/strong><\/td>\n<td><\/td>\n<td><\/td>\n<td><\/td>\n<\/tr>\n<tr>\n<td>Airbag conducteur\/passager<\/td>\n<td>Standard<\/td>\n<td>Standard<\/td>\n<td>Standard<\/td>\n<\/tr>\n<tr>\n<td>Airbags lat\u00e9raux<\/td>\n<td>Devant<\/td>\n<td>Devant<\/td>\n<td>Devant<\/td>\n<\/tr>\n<tr>\n<td>Airbags rideaux lat\u00e9raux<\/td>\n<td>Standard<\/td>\n<td>Standard<\/td>\n<td>Standard<\/td>\n<\/tr>\n<tr>\n<td>Airbags genoux<\/td>\n<td>Aucun<\/td>\n<td>Aucun<\/td>\n<td>Aucun<\/td>\n<\/tr>\n<tr>\n<td>Airbag central<\/td>\n<td>Devant<\/td>\n<td>Devant<\/td>\n<td>Devant<\/td>\n<\/tr>\n<tr>\n<td>Surveillance de la pression des pneus<\/td>\n<td>Affichage de la pression des pneus<\/td>\n<td>Affichage de la pression des pneus<\/td>\n<td>Affichage de la pression des pneus<\/td>\n<\/tr>\n<tr>\n<td><strong>Fonctionnalit\u00e9s intelligentes<\/strong><\/td>\n<td><\/td>\n<td><\/td>\n<td><\/td>\n<\/tr>\n<tr>\n<td>Capteurs de stationnement<\/td>\n<td>Devant et derri\u00e8re<\/td>\n<td>Devant et derri\u00e8re<\/td>\n<td>Devant et derri\u00e8re<\/td>\n<\/tr>\n<tr>\n<td>Cam\u00e9ra de recul<\/td>\n<td>Standard<\/td>\n<td>Standard<\/td>\n<td>Standard<\/td>\n<\/tr>\n<tr>\n<td>Cam\u00e9ra de zone aveugle lat\u00e9rale<\/td>\n<td>Standard<\/td>\n<td>Standard<\/td>\n<td>Standard<\/td>\n<\/tr>\n<tr>\n<td>Cam\u00e9ra panoramique 360\u00b0<\/td>\n<td>Standard<\/td>\n<td>Standard<\/td>\n<td>Standard<\/td>\n<\/tr>\n<tr>\n<td>R\u00e9gulateur de vitesse adaptatif<\/td>\n<td>Standard<\/td>\n<td>Standard<\/td>\n<td>Standard<\/td>\n<\/tr>\n<tr>\n<td>ACC \u00e0 pleine vitesse<\/td>\n<td>Standard<\/td>\n<td>Standard<\/td>\n<td>Standard<\/td>\n<\/tr>\n<tr>\n<td><strong>Fonctionnalit\u00e9s de gestion<\/strong><\/td>\n<td><\/td>\n<td><\/td>\n<td><\/td>\n<\/tr>\n<tr>\n<td>Stationnement automatique<\/td>\n<td>Standard<\/td>\n<td>Standard<\/td>\n<td>Standard<\/td>\n<\/tr>\n<tr>\n<td>Maintien automatique<\/td>\n<td>Standard<\/td>\n<td>Standard<\/td>\n<td>Standard<\/td>\n<\/tr>\n<tr>\n<td>Assistance en c\u00f4te<\/td>\n<td>Standard<\/td>\n<td>Standard<\/td>\n<td>Standard<\/td>\n<\/tr>\n<tr>\n<td>Assistance en descente<\/td>\n<td>Standard<\/td>\n<td>Standard<\/td>\n<td>Standard<\/td>\n<\/tr>\n<tr>\n<td>Suspension variable<\/td>\n<td>Aucun<\/td>\n<td>Aucun<\/td>\n<td>Duret\u00e9 et hauteur r\u00e9glables<\/td>\n<\/tr>\n<tr>\n<td>Suspension pneumatique<\/td>\n<td>Aucun<\/td>\n<td>Aucun<\/td>\n<td>Standard<\/td>\n<\/tr>\n<tr>\n<td>Rapport de direction variable<\/td>\n<td>Aucun<\/td>\n<td>Aucun<\/td>\n<td>Aucun<\/td>\n<\/tr>\n<tr>\n<td><strong>Caract\u00e9ristiques int\u00e9rieures<\/strong><\/td>\n<td><\/td>\n<td><\/td>\n<td><\/td>\n<\/tr>\n<tr>\n<td>Mat\u00e9riau du si\u00e8ge<\/td>\n<td>faux cuir<\/td>\n<td>Cuir<\/td>\n<td>Cuir<\/td>\n<\/tr>\n<tr>\n<td>R\u00e9glage du si\u00e8ge<\/td>\n<td>Manuel<\/td>\n<td>\u00c9lectrique<\/td>\n<td>\u00c9lectrique<\/td>\n<\/tr>\n<tr>\n<td>Chauffage des si\u00e8ges<\/td>\n<td>Devant<\/td>\n<td>Devant et derri\u00e8re<\/td>\n<td>Devant et derri\u00e8re<\/td>\n<\/tr>\n<tr>\n<td>Ventilation du si\u00e8ge<\/td>\n<td>Aucun<\/td>\n<td>Devant<\/td>\n<td>Devant<\/td>\n<\/tr>\n<tr>\n<td>Massage du si\u00e8ge<\/td>\n<td>Aucun<\/td>\n<td>Devant<\/td>\n<td>Devant<\/td>\n<\/tr>\n<tr>\n<td>\u00c9cran de contr\u00f4le central<\/td>\n<td>15,6 pouces<\/td>\n<td>15,6 pouces<\/td>\n<td>15,6 pouces<\/td>\n<\/tr>\n<tr>\n<td>Affichage des instruments<\/td>\n<td>\u00c9cran LCD complet<\/td>\n<td>\u00c9cran LCD complet<\/td>\n<td>\u00c9cran LCD complet<\/td>\n<\/tr>\n<tr>\n<td>ATH<\/td>\n<td>Standard<\/td>\n<td>Standard<\/td>\n<td>Standard<\/td>\n<\/tr>\n<tr>\n<td><strong>Systeme audio<\/strong><\/td>\n<td><\/td>\n<td><\/td>\n<td><\/td>\n<\/tr>\n<tr>\n<td>Nombre de locuteurs<\/td>\n<td>10<\/td>\n<td>14<\/td>\n<td>20<\/td>\n<\/tr>\n<tr>\n<td><strong>Autres caract\u00e9ristiques<\/strong><\/td>\n<td><\/td>\n<td><\/td>\n<td><\/td>\n<\/tr>\n<tr>\n<td>Toit ouvrant<\/td>\n<td>Toit ouvrant panoramique<\/td>\n<td>Toit ouvrant panoramique<\/td>\n<td>Toit ouvrant panoramique<\/td>\n<\/tr>\n<tr>\n<td>Climatisation<\/td>\n<td>Automatique<\/td>\n<td>Automatique<\/td>\n<td>Automatique<\/td>\n<\/tr>\n<tr>\n<td>Syst\u00e8me de filtration d&#039;air<\/td>\n<td>Standard<\/td>\n<td>Standard<\/td>\n<td>Standard<\/td>\n<\/tr>\n<\/tbody>\n<\/table><\/div>\t\t\t\t\t\t<\/div>\n\t\t\t\t<\/div>\n\t\t\t\t\t<\/div>\n\t\t\t\t<\/div>\n\t\t\t\t<\/div>","protected":false},"excerpt":{"rendered":"<p><strong>Types de carburant<\/strong>: BEV<\/p>\n<p><strong>Capacit\u00e9 de la batterie<\/strong>(kWh) : 73,6\/94,3\/101<\/p>\n<p><strong>Practice<\/strong>(km): 700\/830\/800<\/p>\n<p><strong>Temps d&#039;acc\u00e9l\u00e9ration de 0 \u00e0 100 km\/h<\/strong>(s) : 5,28\/5,7\/2,78<\/p>\n<p><strong>Vitesse de pointe<\/strong>(km\/h): 210\/265<\/p>\n<p><strong>Type de lecteur<\/strong>: propulsion\/4 roues motrices<\/p>\n<p><strong>Couleur<\/strong>: Personnalis\u00e9<\/p>\n<p><strong>Dimensions du v\u00e9hicule<\/strong>(mm): 4997x1963x1455<\/p>","protected":false},"featured_media":1433,"comment_status":"open","ping_status":"closed","template":"","meta":{"rank_math_lock_modified_date":false},"product_cat":[40],"product_tag":[],"class_list":{"0":"post-1427","1":"product","2":"type-product","3":"status-publish","4":"has-post-thumbnail","6":"product_cat-xiaomi","8":"first","9":"instock","10":"shipping-taxable","11":"product-type-simple"},"_links":{"self":[{"href":"https:\/\/www.exp-byd.com\/fr\/wp-json\/wp\/v2\/product\/1427","targetHints":{"allow":["GET"]}}],"collection":[{"href":"https:\/\/www.exp-byd.com\/fr\/wp-json\/wp\/v2\/product"}],"about":[{"href":"https:\/\/www.exp-byd.com\/fr\/wp-json\/wp\/v2\/types\/product"}],"replies":[{"embeddable":true,"href":"https:\/\/www.exp-byd.com\/fr\/wp-json\/wp\/v2\/comments?post=1427"}],"version-history":[{"count":14,"href":"https:\/\/www.exp-byd.com\/fr\/wp-json\/wp\/v2\/product\/1427\/revisions"}],"predecessor-version":[{"id":9869,"href":"https:\/\/www.exp-byd.com\/fr\/wp-json\/wp\/v2\/product\/1427\/revisions\/9869"}],"wp:featuredmedia":[{"embeddable":true,"href":"https:\/\/www.exp-byd.com\/fr\/wp-json\/wp\/v2\/media\/1433"}],"wp:attachment":[{"href":"https:\/\/www.exp-byd.com\/fr\/wp-json\/wp\/v2\/media?parent=1427"}],"wp:term":[{"taxonomy":"product_cat","embeddable":true,"href":"https:\/\/www.exp-byd.com\/fr\/wp-json\/wp\/v2\/product_cat?post=1427"},{"taxonomy":"product_tag","embeddable":true,"href":"https:\/\/www.exp-byd.com\/fr\/wp-json\/wp\/v2\/product_tag?post=1427"}],"curies":[{"name":"wp","href":"https:\/\/api.w.org\/{rel}","templated":true}]}}