{"id":1799,"date":"2024-04-17T07:14:02","date_gmt":"2024-04-17T07:14:02","guid":{"rendered":"https:\/\/www.cevauto.com\/?post_type=product&#038;p=1799"},"modified":"2025-11-21T06:58:06","modified_gmt":"2025-11-21T06:58:06","slug":"aito-m7","status":"publish","type":"product","link":"https:\/\/www.exp-byd.com\/fr\/product\/aito-m7\/","title":{"rendered":"AITO M7"},"content":{"rendered":"<div data-elementor-type=\"product-post\" data-elementor-id=\"1799\" class=\"elementor elementor-1799\" data-elementor-post-type=\"product\">\n\t\t\t\t<div class=\"elementor-element elementor-element-923e87f e-con-full e-flex e-con e-parent\" data-id=\"923e87f\" data-element_type=\"container\" data-settings=\"{&quot;background_background&quot;:&quot;video&quot;}\">\n\t\t<div class=\"elementor-element elementor-element-9c8b308 e-flex e-con-boxed e-con e-child\" data-id=\"9c8b308\" data-element_type=\"container\" data-settings=\"{&quot;background_background&quot;:&quot;video&quot;,&quot;background_play_on_mobile&quot;:&quot;yes&quot;}\">\n\t\t\t\t\t<div class=\"e-con-inner\">\n\t\t<div class=\"elementor-element elementor-element-3ab7e06 e-con-full e-flex e-con e-child\" data-id=\"3ab7e06\" data-element_type=\"container\" data-settings=\"{&quot;background_background&quot;:&quot;video&quot;,&quot;background_video_link&quot;:&quot;https:\\\/\\\/www.youtube.com\\\/watch?v=lAAjNhi2kP8&quot;,&quot;background_play_on_mobile&quot;:&quot;yes&quot;}\">\n\t\t<div class=\"elementor-background-video-container\">\n\t\t\t\t\t\t\t<div class=\"elementor-background-video-embed\"><\/div>\n\t\t\t\t\t\t<\/div>\t\t<\/div>\n\t\t\t\t\t<\/div>\n\t\t\t\t<\/div>\n\t\t\t\t<\/div>\n\t\t<div class=\"elementor-element elementor-element-34cf146 e-flex e-con-boxed e-con e-parent\" data-id=\"34cf146\" data-element_type=\"container\">\n\t\t\t\t\t<div class=\"e-con-inner\">\n\t\t\t\t<div class=\"elementor-element elementor-element-f8db6a1 e-n-tabs-mobile elementor-widget elementor-widget-n-tabs\" data-id=\"f8db6a1\" data-element_type=\"widget\" data-settings=\"{&quot;tabs_justify_horizontal&quot;:&quot;start&quot;,&quot;horizontal_scroll&quot;:&quot;disable&quot;}\" data-widget_type=\"nested-tabs.default\">\n\t\t\t\t<div class=\"elementor-widget-container\">\n\t\t\t\t\t<div class=\"e-n-tabs\" data-widget-number=\"260945569\" aria-label=\"Onglets. Ouvrez des \u00e9l\u00e9ments avec Entrer ou Espace, fermez-les avec Echape et naviguez \u00e0 l&#039;aide des touches fl\u00e9ch\u00e9es.\">\n\t\t\t<div class=\"e-n-tabs-heading\" role=\"tablist\">\n\t\t\t\t\t<button id=\"e-n-tab-title-2609455691\" class=\"e-n-tab-title\" aria-selected=\"true\" data-tab-index=\"1\" role=\"tab\" tabindex=\"0\" aria-controls=\"e-n-tab-content-2609455691\" style=\"--n-tabs-title-order: 1;\">\n\t\t\t\t\t\t<span class=\"e-n-tab-title-text\">\n\t\t\t\tExt\u00e9rieur\t\t\t<\/span>\n\t\t<\/button>\n\t\t\t\t<button id=\"e-n-tab-title-2609455692\" class=\"e-n-tab-title\" aria-selected=\"false\" data-tab-index=\"2\" role=\"tab\" tabindex=\"-1\" aria-controls=\"e-n-tab-content-2609455692\" style=\"--n-tabs-title-order: 2;\">\n\t\t\t\t\t\t<span class=\"e-n-tab-title-text\">\n\t\t\t\tInt\u00e9rieur\t\t\t<\/span>\n\t\t<\/button>\n\t\t\t\t<button id=\"e-n-tab-title-2609455693\" class=\"e-n-tab-title\" aria-selected=\"false\" data-tab-index=\"3\" role=\"tab\" tabindex=\"-1\" aria-controls=\"e-n-tab-content-2609455693\" style=\"--n-tabs-title-order: 3;\">\n\t\t\t\t\t\t<span class=\"e-n-tab-title-text\">\n\t\t\t\tCaract\u00e9ristiques\t\t\t<\/span>\n\t\t<\/button>\n\t\t\t\t<button id=\"e-n-tab-title-2609455694\" class=\"e-n-tab-title\" aria-selected=\"false\" data-tab-index=\"4\" role=\"tab\" tabindex=\"-1\" aria-controls=\"e-n-tab-content-2609455694\" style=\"--n-tabs-title-order: 4;\">\n\t\t\t\t\t\t<span class=\"e-n-tab-title-text\">\n\t\t\t\tCommentaires\t\t\t<\/span>\n\t\t<\/button>\n\t\t\t\t\t<\/div>\n\t\t\t<div class=\"e-n-tabs-content\">\n\t\t\t\t<div id=\"e-n-tab-content-2609455691\" role=\"tabpanel\" aria-labelledby=\"e-n-tab-title-2609455691\" data-tab-index=\"1\" style=\"--n-tabs-title-order: 1;\" class=\"e-active elementor-element elementor-element-0291027 e-con-full e-flex e-con e-child\" data-id=\"0291027\" data-element_type=\"container\">\n\t\t<div class=\"elementor-element elementor-element-4b93aba e-con-full e-flex e-con e-child\" data-id=\"4b93aba\" data-element_type=\"container\">\n\t\t\t\t<div class=\"elementor-element elementor-element-24f6a5c gallery-spacing-custom elementor-widget elementor-widget-image-gallery\" data-id=\"24f6a5c\" data-element_type=\"widget\" data-widget_type=\"image-gallery.default\">\n\t\t\t\t<div class=\"elementor-widget-container\">\n\t\t\t\t\t<div class=\"elementor-image-gallery\">\n\t\t\t<div id='gallery-1' class='gallery galleryid-1799 gallery-columns-3 gallery-size-full'><figure class='gallery-item'>\n\t\t\t<div class='gallery-icon landscape'>\n\t\t\t\t<a data-elementor-open-lightbox=\"yes\" data-elementor-lightbox-slideshow=\"24f6a5c\" data-elementor-lightbox-title=\"0143b7b742904640b2752804ce1a2d4f~2508x0\" data-e-action-hash=\"#elementor-action%3Aaction%3Dlightbox%26settings%3DeyJpZCI6MTQwMzgsInVybCI6Imh0dHBzOlwvXC93d3cuZXhwLWJ5ZC5jb21cL3dwLWNvbnRlbnRcL3VwbG9hZHNcLzIwMjVcLzExXC8wMTQzYjdiNzQyOTA0NjQwYjI3NTI4MDRjZTFhMmQ0ZjI1MDh4MC53ZWJwIiwic2xpZGVzaG93IjoiMjRmNmE1YyJ9\" href='https:\/\/www.exp-byd.com\/wp-content\/uploads\/2025\/11\/0143b7b742904640b2752804ce1a2d4f2508x0.webp'><img fetchpriority=\"high\" decoding=\"async\" width=\"2508\" height=\"1672\" src=\"https:\/\/www.exp-byd.com\/wp-content\/uploads\/2025\/11\/0143b7b742904640b2752804ce1a2d4f2508x0.webp\" class=\"attachment-full size-full\" alt=\"\" srcset=\"https:\/\/www.exp-byd.com\/wp-content\/uploads\/2025\/11\/0143b7b742904640b2752804ce1a2d4f2508x0.webp 2508w, https:\/\/www.exp-byd.com\/wp-content\/uploads\/2025\/11\/0143b7b742904640b2752804ce1a2d4f2508x0-300x200.webp 300w, https:\/\/www.exp-byd.com\/wp-content\/uploads\/2025\/11\/0143b7b742904640b2752804ce1a2d4f2508x0-1024x683.webp 1024w, https:\/\/www.exp-byd.com\/wp-content\/uploads\/2025\/11\/0143b7b742904640b2752804ce1a2d4f2508x0-768x512.webp 768w, https:\/\/www.exp-byd.com\/wp-content\/uploads\/2025\/11\/0143b7b742904640b2752804ce1a2d4f2508x0-1536x1024.webp 1536w, https:\/\/www.exp-byd.com\/wp-content\/uploads\/2025\/11\/0143b7b742904640b2752804ce1a2d4f2508x0-2048x1365.webp 2048w, https:\/\/www.exp-byd.com\/wp-content\/uploads\/2025\/11\/0143b7b742904640b2752804ce1a2d4f2508x0-18x12.webp 18w, https:\/\/www.exp-byd.com\/wp-content\/uploads\/2025\/11\/0143b7b742904640b2752804ce1a2d4f2508x0-1200x800.webp 1200w\" sizes=\"(max-width: 2508px) 100vw, 2508px\" \/><\/a>\n\t\t\t<\/div><\/figure><figure class='gallery-item'>\n\t\t\t<div class='gallery-icon landscape'>\n\t\t\t\t<a data-elementor-open-lightbox=\"yes\" data-elementor-lightbox-slideshow=\"24f6a5c\" data-elementor-lightbox-title=\"6c2025468b6944e39bf59ff045ba335c~2508x0\" data-e-action-hash=\"#elementor-action%3Aaction%3Dlightbox%26settings%3DeyJpZCI6MTQwMzcsInVybCI6Imh0dHBzOlwvXC93d3cuZXhwLWJ5ZC5jb21cL3dwLWNvbnRlbnRcL3VwbG9hZHNcLzIwMjVcLzExXC82YzIwMjU0NjhiNjk0NGUzOWJmNTlmZjA0NWJhMzM1YzI1MDh4MC53ZWJwIiwic2xpZGVzaG93IjoiMjRmNmE1YyJ9\" href='https:\/\/www.exp-byd.com\/wp-content\/uploads\/2025\/11\/6c2025468b6944e39bf59ff045ba335c2508x0.webp'><img decoding=\"async\" width=\"2508\" height=\"1672\" src=\"https:\/\/www.exp-byd.com\/wp-content\/uploads\/2025\/11\/6c2025468b6944e39bf59ff045ba335c2508x0.webp\" class=\"attachment-full size-full\" alt=\"\" srcset=\"https:\/\/www.exp-byd.com\/wp-content\/uploads\/2025\/11\/6c2025468b6944e39bf59ff045ba335c2508x0.webp 2508w, https:\/\/www.exp-byd.com\/wp-content\/uploads\/2025\/11\/6c2025468b6944e39bf59ff045ba335c2508x0-300x200.webp 300w, https:\/\/www.exp-byd.com\/wp-content\/uploads\/2025\/11\/6c2025468b6944e39bf59ff045ba335c2508x0-1024x683.webp 1024w, https:\/\/www.exp-byd.com\/wp-content\/uploads\/2025\/11\/6c2025468b6944e39bf59ff045ba335c2508x0-768x512.webp 768w, https:\/\/www.exp-byd.com\/wp-content\/uploads\/2025\/11\/6c2025468b6944e39bf59ff045ba335c2508x0-1536x1024.webp 1536w, https:\/\/www.exp-byd.com\/wp-content\/uploads\/2025\/11\/6c2025468b6944e39bf59ff045ba335c2508x0-2048x1365.webp 2048w, https:\/\/www.exp-byd.com\/wp-content\/uploads\/2025\/11\/6c2025468b6944e39bf59ff045ba335c2508x0-18x12.webp 18w, https:\/\/www.exp-byd.com\/wp-content\/uploads\/2025\/11\/6c2025468b6944e39bf59ff045ba335c2508x0-1200x800.webp 1200w\" sizes=\"(max-width: 2508px) 100vw, 2508px\" \/><\/a>\n\t\t\t<\/div><\/figure><figure class='gallery-item'>\n\t\t\t<div class='gallery-icon landscape'>\n\t\t\t\t<a data-elementor-open-lightbox=\"yes\" data-elementor-lightbox-slideshow=\"24f6a5c\" data-elementor-lightbox-title=\"cea258353fdd43c3a1217807d2fb79ad~2508x0\" data-e-action-hash=\"#elementor-action%3Aaction%3Dlightbox%26settings%3DeyJpZCI6MTQwMzksInVybCI6Imh0dHBzOlwvXC93d3cuZXhwLWJ5ZC5jb21cL3dwLWNvbnRlbnRcL3VwbG9hZHNcLzIwMjVcLzExXC9jZWEyNTgzNTNmZGQ0M2MzYTEyMTc4MDdkMmZiNzlhZDI1MDh4MC53ZWJwIiwic2xpZGVzaG93IjoiMjRmNmE1YyJ9\" href='https:\/\/www.exp-byd.com\/wp-content\/uploads\/2025\/11\/cea258353fdd43c3a1217807d2fb79ad2508x0.webp'><img decoding=\"async\" width=\"2508\" height=\"1672\" src=\"https:\/\/www.exp-byd.com\/wp-content\/uploads\/2025\/11\/cea258353fdd43c3a1217807d2fb79ad2508x0.webp\" class=\"attachment-full size-full\" alt=\"\" srcset=\"https:\/\/www.exp-byd.com\/wp-content\/uploads\/2025\/11\/cea258353fdd43c3a1217807d2fb79ad2508x0.webp 2508w, https:\/\/www.exp-byd.com\/wp-content\/uploads\/2025\/11\/cea258353fdd43c3a1217807d2fb79ad2508x0-300x200.webp 300w, https:\/\/www.exp-byd.com\/wp-content\/uploads\/2025\/11\/cea258353fdd43c3a1217807d2fb79ad2508x0-1024x683.webp 1024w, https:\/\/www.exp-byd.com\/wp-content\/uploads\/2025\/11\/cea258353fdd43c3a1217807d2fb79ad2508x0-768x512.webp 768w, https:\/\/www.exp-byd.com\/wp-content\/uploads\/2025\/11\/cea258353fdd43c3a1217807d2fb79ad2508x0-1536x1024.webp 1536w, https:\/\/www.exp-byd.com\/wp-content\/uploads\/2025\/11\/cea258353fdd43c3a1217807d2fb79ad2508x0-2048x1365.webp 2048w, https:\/\/www.exp-byd.com\/wp-content\/uploads\/2025\/11\/cea258353fdd43c3a1217807d2fb79ad2508x0-18x12.webp 18w, https:\/\/www.exp-byd.com\/wp-content\/uploads\/2025\/11\/cea258353fdd43c3a1217807d2fb79ad2508x0-1200x800.webp 1200w\" sizes=\"(max-width: 2508px) 100vw, 2508px\" \/><\/a>\n\t\t\t<\/div><\/figure>\n\t\t<\/div>\n\t\t<\/div>\n\t\t\t\t<\/div>\n\t\t\t\t<\/div>\n\t\t\t\t<\/div>\n\t\t\t\t<\/div>\n\t\t<div id=\"e-n-tab-content-2609455692\" role=\"tabpanel\" aria-labelledby=\"e-n-tab-title-2609455692\" data-tab-index=\"2\" style=\"--n-tabs-title-order: 2;\" class=\"elementor-element elementor-element-9f0b552 e-con-full e-flex e-con e-child\" data-id=\"9f0b552\" data-element_type=\"container\">\n\t\t<div class=\"elementor-element elementor-element-3dd5c9d e-con-full e-flex e-con e-child\" data-id=\"3dd5c9d\" data-element_type=\"container\">\n\t\t\t\t<div class=\"elementor-element elementor-element-f8c75e0 gallery-spacing-custom elementor-widget elementor-widget-image-gallery\" data-id=\"f8c75e0\" data-element_type=\"widget\" data-widget_type=\"image-gallery.default\">\n\t\t\t\t<div class=\"elementor-widget-container\">\n\t\t\t\t\t<div class=\"elementor-image-gallery\">\n\t\t\t<div id='gallery-2' class='gallery galleryid-1799 gallery-columns-3 gallery-size-full'><figure class='gallery-item'>\n\t\t\t<div class='gallery-icon landscape'>\n\t\t\t\t<a data-elementor-open-lightbox=\"yes\" data-elementor-lightbox-slideshow=\"f8c75e0\" data-elementor-lightbox-title=\"2686590ce8c74600973d4bea0642bed9~2508x0\" data-e-action-hash=\"#elementor-action%3Aaction%3Dlightbox%26settings%3DeyJpZCI6MTQwNDAsInVybCI6Imh0dHBzOlwvXC93d3cuZXhwLWJ5ZC5jb21cL3dwLWNvbnRlbnRcL3VwbG9hZHNcLzIwMjVcLzExXC8yNjg2NTkwY2U4Yzc0NjAwOTczZDRiZWEwNjQyYmVkOTI1MDh4MC53ZWJwIiwic2xpZGVzaG93IjoiZjhjNzVlMCJ9\" href='https:\/\/www.exp-byd.com\/wp-content\/uploads\/2025\/11\/2686590ce8c74600973d4bea0642bed92508x0.webp'><img loading=\"lazy\" decoding=\"async\" width=\"2508\" height=\"1672\" src=\"https:\/\/www.exp-byd.com\/wp-content\/uploads\/2025\/11\/2686590ce8c74600973d4bea0642bed92508x0.webp\" class=\"attachment-full size-full\" alt=\"\" srcset=\"https:\/\/www.exp-byd.com\/wp-content\/uploads\/2025\/11\/2686590ce8c74600973d4bea0642bed92508x0.webp 2508w, https:\/\/www.exp-byd.com\/wp-content\/uploads\/2025\/11\/2686590ce8c74600973d4bea0642bed92508x0-300x200.webp 300w, https:\/\/www.exp-byd.com\/wp-content\/uploads\/2025\/11\/2686590ce8c74600973d4bea0642bed92508x0-1024x683.webp 1024w, https:\/\/www.exp-byd.com\/wp-content\/uploads\/2025\/11\/2686590ce8c74600973d4bea0642bed92508x0-768x512.webp 768w, https:\/\/www.exp-byd.com\/wp-content\/uploads\/2025\/11\/2686590ce8c74600973d4bea0642bed92508x0-1536x1024.webp 1536w, https:\/\/www.exp-byd.com\/wp-content\/uploads\/2025\/11\/2686590ce8c74600973d4bea0642bed92508x0-2048x1365.webp 2048w, https:\/\/www.exp-byd.com\/wp-content\/uploads\/2025\/11\/2686590ce8c74600973d4bea0642bed92508x0-18x12.webp 18w, https:\/\/www.exp-byd.com\/wp-content\/uploads\/2025\/11\/2686590ce8c74600973d4bea0642bed92508x0-1200x800.webp 1200w\" sizes=\"(max-width: 2508px) 100vw, 2508px\" \/><\/a>\n\t\t\t<\/div><\/figure>\n\t\t<\/div>\n\t\t<\/div>\n\t\t\t\t<\/div>\n\t\t\t\t<\/div>\n\t\t\t\t<\/div>\n\t\t\t\t<\/div>\n\t\t<div id=\"e-n-tab-content-2609455693\" role=\"tabpanel\" aria-labelledby=\"e-n-tab-title-2609455693\" data-tab-index=\"3\" style=\"--n-tabs-title-order: 3;\" class=\"elementor-element elementor-element-fbf848b e-con-full e-flex e-con e-child\" data-id=\"fbf848b\" data-element_type=\"container\">\n\t\t<div class=\"elementor-element elementor-element-dfa0fdc e-con-full e-flex e-con e-child\" data-id=\"dfa0fdc\" data-element_type=\"container\">\n\t\t\t\t<div class=\"elementor-element elementor-element-f5cbc33 elementor-widget elementor-widget-text-editor\" data-id=\"f5cbc33\" data-element_type=\"widget\" data-widget_type=\"text-editor.default\">\n\t\t\t\t<div class=\"elementor-widget-container\">\n\t\t\t\t\t\t\t<div class=\"table-responsive\" style=\"overflow-x: auto; width: 100%;\"><table>\n<tbody>\n<tr style=\"height: 14.40pt;\">\n<td style=\"height: 14.40pt; width: 48.60pt;\" width=\"81\" height=\"24\">Num\u00e9ro de mod\u00e8le.<\/td>\n<td style=\"width: 48.60pt;\" width=\"81\">M7<\/td>\n<\/tr>\n<tr style=\"height: 14.40pt;\">\n<td style=\"height: 14.40pt;\" height=\"24\">\u00c9tat<\/td>\n<td>Nouveau<\/td>\n<\/tr>\n<tr style=\"height: 14.40pt;\">\n<td style=\"height: 14.40pt;\" height=\"24\">Syst\u00e8me de freinage<\/td>\n<td>Hydraulique<\/td>\n<\/tr>\n<tr style=\"height: 14.40pt;\">\n<td style=\"height: 14.40pt;\" height=\"24\">Type de corps<\/td>\n<td>Ferm\u00e9<\/td>\n<\/tr>\n<tr style=\"height: 14.40pt;\">\n<td style=\"height: 14.40pt;\" height=\"24\">Style corporel<\/td>\n<td>VUS<\/td>\n<\/tr>\n<tr style=\"height: 14.40pt;\">\n<td style=\"height: 14.40pt;\" height=\"24\">Type de carburant<\/td>\n<td>De l&#039;essence<\/td>\n<\/tr>\n<tr style=\"height: 14.40pt;\">\n<td style=\"height: 14.40pt;\" height=\"24\">garantie<\/td>\n<td>Support technique vid\u00e9o<\/td>\n<\/tr>\n<tr style=\"height: 14.40pt;\">\n<td style=\"height: 14.40pt;\" height=\"24\">Service apr\u00e8s-vente<\/td>\n<td>1 an<\/td>\n<\/tr>\n<tr style=\"height: 14.40pt;\">\n<td style=\"height: 14.40pt;\" height=\"24\">Condition<\/td>\n<td>Nouveau<\/td>\n<\/tr>\n<tr style=\"height: 14.40pt;\">\n<td style=\"height: 14.40pt;\" height=\"24\">Type d&#039;\u00e9nergie<\/td>\n<td>Carburant<\/td>\n<\/tr>\n<tr style=\"height: 14.40pt;\">\n<td style=\"height: 14.40pt;\" height=\"24\">Type de porte<\/td>\n<td>Porte Plate<\/td>\n<\/tr>\n<tr style=\"height: 14.40pt;\">\n<td style=\"height: 14.40pt;\" height=\"24\">\u00c9mission<\/td>\n<td>1,5L<\/td>\n<\/tr>\n<tr style=\"height: 14.40pt;\">\n<td style=\"height: 14.40pt;\" height=\"24\">Puissance du moteur<\/td>\n<td>125 kW<\/td>\n<\/tr>\n<tr style=\"height: 14.40pt;\">\n<td style=\"height: 14.40pt;\" height=\"24\">Moteurs d&#039;entra\u00eenement<\/td>\n<td>C\u00e9libataire<\/td>\n<\/tr>\n<tr style=\"height: 14.40pt;\">\n<td style=\"height: 14.40pt;\" height=\"24\">M\u00e9thode de refroidissement de la batterie<\/td>\n<td>Liquide<\/td>\n<\/tr>\n<tr style=\"height: 14.40pt;\">\n<td style=\"height: 14.40pt;\" height=\"24\">Type de conduite<\/td>\n<td>Devant<\/td>\n<\/tr>\n<tr style=\"height: 14.40pt;\">\n<td style=\"height: 14.40pt;\" height=\"24\">Empattement<\/td>\n<td>2820 millim\u00e8tres<\/td>\n<\/tr>\n<tr style=\"height: 14.40pt;\">\n<td style=\"height: 14.40pt;\" height=\"24\">Mod\u00e8le de lecteur<\/td>\n<td>Main gauche<\/td>\n<\/tr>\n<tr style=\"height: 14.40pt;\">\n<td style=\"height: 14.40pt;\" height=\"24\">Type de frein arri\u00e8re<\/td>\n<td>Disque solide<\/td>\n<\/tr>\n<tr style=\"height: 14.40pt;\">\n<td style=\"height: 14.40pt;\" height=\"24\">Puissance totale du moteur<\/td>\n<td>200 kW<\/td>\n<\/tr>\n<tr style=\"height: 14.40pt;\">\n<td style=\"height: 14.40pt;\" height=\"24\">Vitesse maximum<\/td>\n<td>210 Km<\/td>\n<\/tr>\n<tr style=\"height: 14.40pt;\">\n<td style=\"height: 14.40pt;\" height=\"24\">Tare<\/td>\n<td>2820kg<\/td>\n<\/tr>\n<tr style=\"height: 14.40pt;\">\n<td style=\"height: 14.40pt;\" height=\"24\">Capacit\u00e9 du r\u00e9servoir de carburant<\/td>\n<td>56,0 L<\/td>\n<\/tr>\n<tr style=\"height: 14.40pt;\">\n<td style=\"height: 14.40pt;\" height=\"24\">Forfait Transport<\/td>\n<td>R\u00e9cipient<\/td>\n<\/tr>\n<tr style=\"height: 14.40pt;\">\n<td style=\"height: 14.40pt;\" height=\"24\">sp\u00e9cification<\/td>\n<td>5020x1945x1760mm<\/td>\n<\/tr>\n<tr style=\"height: 14.40pt;\">\n<td style=\"height: 14.40pt;\" height=\"24\">Marque d\u00e9pos\u00e9e<\/td>\n<td>AITO<\/td>\n<\/tr>\n<tr style=\"height: 14.40pt;\">\n<td style=\"height: 14.40pt;\" height=\"24\">Origine<\/td>\n<td>Chine<\/td>\n<\/tr>\n<tr style=\"height: 14.40pt;\">\n<td style=\"height: 14.40pt;\" height=\"24\">Code SH<\/td>\n<td>870380<\/td>\n<\/tr>\n<\/tbody>\n<\/table><\/div>\t\t\t\t\t\t<\/div>\n\t\t\t\t<\/div>\n\t\t\t\t<\/div>\n\t\t\t\t<\/div>\n\t\t<div id=\"e-n-tab-content-2609455694\" role=\"tabpanel\" aria-labelledby=\"e-n-tab-title-2609455694\" data-tab-index=\"4\" style=\"--n-tabs-title-order: 4;\" class=\"elementor-element elementor-element-1d660ec e-con-full e-flex e-con e-child\" data-id=\"1d660ec\" data-element_type=\"container\">\n\t\t<div class=\"elementor-element elementor-element-ef072dd e-con-full e-flex e-con e-child\" data-id=\"ef072dd\" data-element_type=\"container\">\n\t\t\t\t<\/div>\n\t\t\t\t<\/div>\n\t\t\t\t\t<\/div>\n\t\t<\/div>\n\t\t\t\t<\/div>\n\t\t\t\t<\/div>\n\t\t\t\t\t<\/div>\n\t\t\t\t<\/div>\n\t\t\t\t<\/div>","protected":false},"excerpt":{"rendered":"<p><strong>Types de carburant<\/strong>: BEV<\/p>\n<p><strong>Practice<\/strong>(km): 710\/660\/635<\/p>\n<p><strong>Capacit\u00e9 de la batterie<\/strong>(kWh): 100<\/p>\n<p><strong>Temps d&#039;acc\u00e9l\u00e9ration de 0 \u00e0 100 km\/h<\/strong>(s) : 7,8\/4,7<\/p>\n<p><strong>Vitesse de pointe<\/strong>(km\/h) : 200<\/p>\n<p><strong>Type de lecteur<\/strong>: propulsion\/4 roues motrices<\/p>\n<p><strong>Couleur<\/strong>: Personnalis\u00e9<\/p>\n<p><strong>Dimensions du v\u00e9hicule<\/strong>(mm): 5080x1999x1780<\/p>","protected":false},"featured_media":14030,"comment_status":"open","ping_status":"closed","template":"","meta":{"rank_math_lock_modified_date":false},"product_cat":[41],"product_tag":[],"class_list":{"0":"post-1799","1":"product","2":"type-product","3":"status-publish","4":"has-post-thumbnail","6":"product_cat-aito","8":"first","9":"instock","10":"shipping-taxable","11":"product-type-simple"},"_links":{"self":[{"href":"https:\/\/www.exp-byd.com\/fr\/wp-json\/wp\/v2\/product\/1799","targetHints":{"allow":["GET"]}}],"collection":[{"href":"https:\/\/www.exp-byd.com\/fr\/wp-json\/wp\/v2\/product"}],"about":[{"href":"https:\/\/www.exp-byd.com\/fr\/wp-json\/wp\/v2\/types\/product"}],"replies":[{"embeddable":true,"href":"https:\/\/www.exp-byd.com\/fr\/wp-json\/wp\/v2\/comments?post=1799"}],"version-history":[{"count":14,"href":"https:\/\/www.exp-byd.com\/fr\/wp-json\/wp\/v2\/product\/1799\/revisions"}],"predecessor-version":[{"id":14056,"href":"https:\/\/www.exp-byd.com\/fr\/wp-json\/wp\/v2\/product\/1799\/revisions\/14056"}],"wp:featuredmedia":[{"embeddable":true,"href":"https:\/\/www.exp-byd.com\/fr\/wp-json\/wp\/v2\/media\/14030"}],"wp:attachment":[{"href":"https:\/\/www.exp-byd.com\/fr\/wp-json\/wp\/v2\/media?parent=1799"}],"wp:term":[{"taxonomy":"product_cat","embeddable":true,"href":"https:\/\/www.exp-byd.com\/fr\/wp-json\/wp\/v2\/product_cat?post=1799"},{"taxonomy":"product_tag","embeddable":true,"href":"https:\/\/www.exp-byd.com\/fr\/wp-json\/wp\/v2\/product_tag?post=1799"}],"curies":[{"name":"wp","href":"https:\/\/api.w.org\/{rel}","templated":true}]}}