{"id":2171,"date":"2024-04-18T07:59:40","date_gmt":"2024-04-18T07:59:40","guid":{"rendered":"https:\/\/www.cevauto.com\/?post_type=product&#038;p=2171"},"modified":"2025-11-21T03:16:35","modified_gmt":"2025-11-21T03:16:35","slug":"aion-lx","status":"publish","type":"product","link":"https:\/\/www.exp-byd.com\/fr\/product\/aion-lx\/","title":{"rendered":"AION LX"},"content":{"rendered":"<div data-elementor-type=\"product-post\" data-elementor-id=\"2171\" class=\"elementor elementor-2171\" data-elementor-post-type=\"product\">\n\t\t\t\t<div class=\"elementor-element elementor-element-923e87f e-con-full e-flex e-con e-parent\" data-id=\"923e87f\" data-element_type=\"container\" data-settings=\"{&quot;background_background&quot;:&quot;video&quot;}\">\n\t\t<div class=\"elementor-element elementor-element-9c8b308 e-flex e-con-boxed e-con e-child\" data-id=\"9c8b308\" data-element_type=\"container\" data-settings=\"{&quot;background_background&quot;:&quot;video&quot;,&quot;background_play_on_mobile&quot;:&quot;yes&quot;}\">\n\t\t\t\t\t<div class=\"e-con-inner\">\n\t\t<div class=\"elementor-element elementor-element-3ab7e06 e-con-full e-flex e-con e-child\" data-id=\"3ab7e06\" data-element_type=\"container\" data-settings=\"{&quot;background_background&quot;:&quot;video&quot;,&quot;background_video_link&quot;:&quot;https:\\\/\\\/www.youtube.com\\\/watch?v=MbSkjeOoJao&quot;,&quot;background_play_on_mobile&quot;:&quot;yes&quot;}\">\n\t\t<div class=\"elementor-background-video-container\">\n\t\t\t\t\t\t\t<div class=\"elementor-background-video-embed\"><\/div>\n\t\t\t\t\t\t<\/div>\t\t<\/div>\n\t\t\t\t\t<\/div>\n\t\t\t\t<\/div>\n\t\t\t\t<\/div>\n\t\t<div class=\"elementor-element elementor-element-34cf146 e-flex e-con-boxed e-con e-parent\" data-id=\"34cf146\" data-element_type=\"container\">\n\t\t\t\t\t<div class=\"e-con-inner\">\n\t\t\t\t<div class=\"elementor-element elementor-element-f8db6a1 e-n-tabs-mobile elementor-widget elementor-widget-n-tabs\" data-id=\"f8db6a1\" data-element_type=\"widget\" data-settings=\"{&quot;tabs_justify_horizontal&quot;:&quot;start&quot;,&quot;horizontal_scroll&quot;:&quot;disable&quot;}\" data-widget_type=\"nested-tabs.default\">\n\t\t\t\t<div class=\"elementor-widget-container\">\n\t\t\t\t\t<div class=\"e-n-tabs\" data-widget-number=\"260945569\" aria-label=\"Onglets. Ouvrez des \u00e9l\u00e9ments avec Entrer ou Espace, fermez-les avec Echape et naviguez \u00e0 l&#039;aide des touches fl\u00e9ch\u00e9es.\">\n\t\t\t<div class=\"e-n-tabs-heading\" role=\"tablist\">\n\t\t\t\t\t<button id=\"e-n-tab-title-2609455691\" class=\"e-n-tab-title\" aria-selected=\"true\" data-tab-index=\"1\" role=\"tab\" tabindex=\"0\" aria-controls=\"e-n-tab-content-2609455691\" style=\"--n-tabs-title-order: 1;\">\n\t\t\t\t\t\t<span class=\"e-n-tab-title-text\">\n\t\t\t\tExt\u00e9rieur\t\t\t<\/span>\n\t\t<\/button>\n\t\t\t\t<button id=\"e-n-tab-title-2609455692\" class=\"e-n-tab-title\" aria-selected=\"false\" data-tab-index=\"2\" role=\"tab\" tabindex=\"-1\" aria-controls=\"e-n-tab-content-2609455692\" style=\"--n-tabs-title-order: 2;\">\n\t\t\t\t\t\t<span class=\"e-n-tab-title-text\">\n\t\t\t\tInt\u00e9rieur\t\t\t<\/span>\n\t\t<\/button>\n\t\t\t\t<button id=\"e-n-tab-title-2609455693\" class=\"e-n-tab-title\" aria-selected=\"false\" data-tab-index=\"3\" role=\"tab\" tabindex=\"-1\" aria-controls=\"e-n-tab-content-2609455693\" style=\"--n-tabs-title-order: 3;\">\n\t\t\t\t\t\t<span class=\"e-n-tab-title-text\">\n\t\t\t\tCaract\u00e9ristiques\t\t\t<\/span>\n\t\t<\/button>\n\t\t\t\t<button id=\"e-n-tab-title-2609455694\" class=\"e-n-tab-title\" aria-selected=\"false\" data-tab-index=\"4\" role=\"tab\" tabindex=\"-1\" aria-controls=\"e-n-tab-content-2609455694\" style=\"--n-tabs-title-order: 4;\">\n\t\t\t\t\t\t<span class=\"e-n-tab-title-text\">\n\t\t\t\tCommentaires\t\t\t<\/span>\n\t\t<\/button>\n\t\t\t\t\t<\/div>\n\t\t\t<div class=\"e-n-tabs-content\">\n\t\t\t\t<div id=\"e-n-tab-content-2609455691\" role=\"tabpanel\" aria-labelledby=\"e-n-tab-title-2609455691\" data-tab-index=\"1\" style=\"--n-tabs-title-order: 1;\" class=\"e-active elementor-element elementor-element-0291027 e-con-full e-flex e-con e-child\" data-id=\"0291027\" data-element_type=\"container\">\n\t\t<div class=\"elementor-element elementor-element-4b93aba e-con-full e-flex e-con e-child\" data-id=\"4b93aba\" data-element_type=\"container\">\n\t\t\t\t<div class=\"elementor-element elementor-element-24f6a5c gallery-spacing-custom elementor-widget elementor-widget-image-gallery\" data-id=\"24f6a5c\" data-element_type=\"widget\" data-widget_type=\"image-gallery.default\">\n\t\t\t\t<div class=\"elementor-widget-container\">\n\t\t\t\t\t<div class=\"elementor-image-gallery\">\n\t\t\t<div id='gallery-1' class='gallery galleryid-2171 gallery-columns-3 gallery-size-full'><figure class='gallery-item'>\n\t\t\t<div class='gallery-icon landscape'>\n\t\t\t\t<a data-elementor-open-lightbox=\"yes\" data-elementor-lightbox-slideshow=\"24f6a5c\" data-elementor-lightbox-title=\"8addb7289d5ac1024b4e89aef4622e45~2508x0\" data-e-action-hash=\"#elementor-action%3Aaction%3Dlightbox%26settings%3DeyJpZCI6MjE5NywidXJsIjoiaHR0cHM6XC9cL3d3dy5leHAtYnlkLmNvbVwvd3AtY29udGVudFwvdXBsb2Fkc1wvMjAyNFwvMDRcLzhhZGRiNzI4OWQ1YWMxMDI0YjRlODlhZWY0NjIyZTQ1MjUwOHgwLndlYnAiLCJzbGlkZXNob3ciOiIyNGY2YTVjIn0%3D\" href='https:\/\/www.exp-byd.com\/wp-content\/uploads\/2024\/04\/8addb7289d5ac1024b4e89aef4622e452508x0.webp'><img fetchpriority=\"high\" decoding=\"async\" width=\"2400\" height=\"1600\" src=\"https:\/\/www.exp-byd.com\/wp-content\/uploads\/2024\/04\/8addb7289d5ac1024b4e89aef4622e452508x0.webp\" class=\"attachment-full size-full\" alt=\"\" srcset=\"https:\/\/www.exp-byd.com\/wp-content\/uploads\/2024\/04\/8addb7289d5ac1024b4e89aef4622e452508x0.webp 2400w, https:\/\/www.exp-byd.com\/wp-content\/uploads\/2024\/04\/8addb7289d5ac1024b4e89aef4622e452508x0-300x200.webp 300w, https:\/\/www.exp-byd.com\/wp-content\/uploads\/2024\/04\/8addb7289d5ac1024b4e89aef4622e452508x0-1024x683.webp 1024w, https:\/\/www.exp-byd.com\/wp-content\/uploads\/2024\/04\/8addb7289d5ac1024b4e89aef4622e452508x0-768x512.webp 768w, https:\/\/www.exp-byd.com\/wp-content\/uploads\/2024\/04\/8addb7289d5ac1024b4e89aef4622e452508x0-1536x1024.webp 1536w, https:\/\/www.exp-byd.com\/wp-content\/uploads\/2024\/04\/8addb7289d5ac1024b4e89aef4622e452508x0-2048x1365.webp 2048w, https:\/\/www.exp-byd.com\/wp-content\/uploads\/2024\/04\/8addb7289d5ac1024b4e89aef4622e452508x0-1200x800.webp 1200w\" sizes=\"(max-width: 2400px) 100vw, 2400px\" \/><\/a>\n\t\t\t<\/div><\/figure><figure class='gallery-item'>\n\t\t\t<div class='gallery-icon landscape'>\n\t\t\t\t<a data-elementor-open-lightbox=\"yes\" data-elementor-lightbox-slideshow=\"24f6a5c\" data-elementor-lightbox-title=\"aaa61f3f040b64c86f9efe402b1c5b05~2508x0\" data-e-action-hash=\"#elementor-action%3Aaction%3Dlightbox%26settings%3DeyJpZCI6MjIwMiwidXJsIjoiaHR0cHM6XC9cL3d3dy5leHAtYnlkLmNvbVwvd3AtY29udGVudFwvdXBsb2Fkc1wvMjAyNFwvMDRcL2FhYTYxZjNmMDQwYjY0Yzg2ZjllZmU0MDJiMWM1YjA1MjUwOHgwLmpwZyIsInNsaWRlc2hvdyI6IjI0ZjZhNWMifQ%3D%3D\" href='https:\/\/www.exp-byd.com\/wp-content\/uploads\/2024\/04\/aaa61f3f040b64c86f9efe402b1c5b052508x0.jpg'><img decoding=\"async\" width=\"2400\" height=\"1600\" src=\"https:\/\/www.exp-byd.com\/wp-content\/uploads\/2024\/04\/aaa61f3f040b64c86f9efe402b1c5b052508x0.jpg\" class=\"attachment-full size-full\" alt=\"\" srcset=\"https:\/\/www.exp-byd.com\/wp-content\/uploads\/2024\/04\/aaa61f3f040b64c86f9efe402b1c5b052508x0.jpg 2400w, https:\/\/www.exp-byd.com\/wp-content\/uploads\/2024\/04\/aaa61f3f040b64c86f9efe402b1c5b052508x0-300x200.jpg 300w, https:\/\/www.exp-byd.com\/wp-content\/uploads\/2024\/04\/aaa61f3f040b64c86f9efe402b1c5b052508x0-1024x683.jpg 1024w, https:\/\/www.exp-byd.com\/wp-content\/uploads\/2024\/04\/aaa61f3f040b64c86f9efe402b1c5b052508x0-768x512.jpg 768w, https:\/\/www.exp-byd.com\/wp-content\/uploads\/2024\/04\/aaa61f3f040b64c86f9efe402b1c5b052508x0-1536x1024.jpg 1536w, https:\/\/www.exp-byd.com\/wp-content\/uploads\/2024\/04\/aaa61f3f040b64c86f9efe402b1c5b052508x0-2048x1365.jpg 2048w, https:\/\/www.exp-byd.com\/wp-content\/uploads\/2024\/04\/aaa61f3f040b64c86f9efe402b1c5b052508x0-1200x800.jpg 1200w\" sizes=\"(max-width: 2400px) 100vw, 2400px\" \/><\/a>\n\t\t\t<\/div><\/figure><figure class='gallery-item'>\n\t\t\t<div class='gallery-icon landscape'>\n\t\t\t\t<a data-elementor-open-lightbox=\"yes\" data-elementor-lightbox-slideshow=\"24f6a5c\" data-elementor-lightbox-title=\"3de9a965bf35f03d49556c45ea9a4d1b~2508x0\" data-e-action-hash=\"#elementor-action%3Aaction%3Dlightbox%26settings%3DeyJpZCI6MjE5NSwidXJsIjoiaHR0cHM6XC9cL3d3dy5leHAtYnlkLmNvbVwvd3AtY29udGVudFwvdXBsb2Fkc1wvMjAyNFwvMDRcLzNkZTlhOTY1YmYzNWYwM2Q0OTU1NmM0NWVhOWE0ZDFiMjUwOHgwLndlYnAiLCJzbGlkZXNob3ciOiIyNGY2YTVjIn0%3D\" href='https:\/\/www.exp-byd.com\/wp-content\/uploads\/2024\/04\/3de9a965bf35f03d49556c45ea9a4d1b2508x0.webp'><img decoding=\"async\" width=\"2400\" height=\"1600\" src=\"https:\/\/www.exp-byd.com\/wp-content\/uploads\/2024\/04\/3de9a965bf35f03d49556c45ea9a4d1b2508x0.webp\" class=\"attachment-full size-full\" alt=\"\" srcset=\"https:\/\/www.exp-byd.com\/wp-content\/uploads\/2024\/04\/3de9a965bf35f03d49556c45ea9a4d1b2508x0.webp 2400w, https:\/\/www.exp-byd.com\/wp-content\/uploads\/2024\/04\/3de9a965bf35f03d49556c45ea9a4d1b2508x0-300x200.webp 300w, https:\/\/www.exp-byd.com\/wp-content\/uploads\/2024\/04\/3de9a965bf35f03d49556c45ea9a4d1b2508x0-1024x683.webp 1024w, https:\/\/www.exp-byd.com\/wp-content\/uploads\/2024\/04\/3de9a965bf35f03d49556c45ea9a4d1b2508x0-768x512.webp 768w, https:\/\/www.exp-byd.com\/wp-content\/uploads\/2024\/04\/3de9a965bf35f03d49556c45ea9a4d1b2508x0-1536x1024.webp 1536w, https:\/\/www.exp-byd.com\/wp-content\/uploads\/2024\/04\/3de9a965bf35f03d49556c45ea9a4d1b2508x0-2048x1365.webp 2048w, https:\/\/www.exp-byd.com\/wp-content\/uploads\/2024\/04\/3de9a965bf35f03d49556c45ea9a4d1b2508x0-1200x800.webp 1200w\" sizes=\"(max-width: 2400px) 100vw, 2400px\" \/><\/a>\n\t\t\t<\/div><\/figure><figure class='gallery-item'>\n\t\t\t<div class='gallery-icon landscape'>\n\t\t\t\t<a data-elementor-open-lightbox=\"yes\" data-elementor-lightbox-slideshow=\"24f6a5c\" data-elementor-lightbox-title=\"26e7da000e873f142405a4b6a8cfadcc~2508x0\" data-e-action-hash=\"#elementor-action%3Aaction%3Dlightbox%26settings%3DeyJpZCI6MjIwMSwidXJsIjoiaHR0cHM6XC9cL3d3dy5leHAtYnlkLmNvbVwvd3AtY29udGVudFwvdXBsb2Fkc1wvMjAyNFwvMDRcLzI2ZTdkYTAwMGU4NzNmMTQyNDA1YTRiNmE4Y2ZhZGNjMjUwOHgwLmpwZyIsInNsaWRlc2hvdyI6IjI0ZjZhNWMifQ%3D%3D\" href='https:\/\/www.exp-byd.com\/wp-content\/uploads\/2024\/04\/26e7da000e873f142405a4b6a8cfadcc2508x0.jpg'><img loading=\"lazy\" decoding=\"async\" width=\"2400\" height=\"1600\" src=\"https:\/\/www.exp-byd.com\/wp-content\/uploads\/2024\/04\/26e7da000e873f142405a4b6a8cfadcc2508x0.jpg\" class=\"attachment-full size-full\" alt=\"\" srcset=\"https:\/\/www.exp-byd.com\/wp-content\/uploads\/2024\/04\/26e7da000e873f142405a4b6a8cfadcc2508x0.jpg 2400w, https:\/\/www.exp-byd.com\/wp-content\/uploads\/2024\/04\/26e7da000e873f142405a4b6a8cfadcc2508x0-300x200.jpg 300w, https:\/\/www.exp-byd.com\/wp-content\/uploads\/2024\/04\/26e7da000e873f142405a4b6a8cfadcc2508x0-1024x683.jpg 1024w, https:\/\/www.exp-byd.com\/wp-content\/uploads\/2024\/04\/26e7da000e873f142405a4b6a8cfadcc2508x0-768x512.jpg 768w, https:\/\/www.exp-byd.com\/wp-content\/uploads\/2024\/04\/26e7da000e873f142405a4b6a8cfadcc2508x0-1536x1024.jpg 1536w, https:\/\/www.exp-byd.com\/wp-content\/uploads\/2024\/04\/26e7da000e873f142405a4b6a8cfadcc2508x0-2048x1365.jpg 2048w, https:\/\/www.exp-byd.com\/wp-content\/uploads\/2024\/04\/26e7da000e873f142405a4b6a8cfadcc2508x0-1200x800.jpg 1200w\" sizes=\"(max-width: 2400px) 100vw, 2400px\" \/><\/a>\n\t\t\t<\/div><\/figure><figure class='gallery-item'>\n\t\t\t<div class='gallery-icon landscape'>\n\t\t\t\t<a data-elementor-open-lightbox=\"yes\" data-elementor-lightbox-slideshow=\"24f6a5c\" data-elementor-lightbox-title=\"ad14650b805505f05e21a2b786b61496~2508x0\" data-e-action-hash=\"#elementor-action%3Aaction%3Dlightbox%26settings%3DeyJpZCI6MjE5NCwidXJsIjoiaHR0cHM6XC9cL3d3dy5leHAtYnlkLmNvbVwvd3AtY29udGVudFwvdXBsb2Fkc1wvMjAyNFwvMDRcL2FkMTQ2NTBiODA1NTA1ZjA1ZTIxYTJiNzg2YjYxNDk2MjUwOHgwLndlYnAiLCJzbGlkZXNob3ciOiIyNGY2YTVjIn0%3D\" href='https:\/\/www.exp-byd.com\/wp-content\/uploads\/2024\/04\/ad14650b805505f05e21a2b786b614962508x0.webp'><img loading=\"lazy\" decoding=\"async\" width=\"2400\" height=\"1600\" src=\"https:\/\/www.exp-byd.com\/wp-content\/uploads\/2024\/04\/ad14650b805505f05e21a2b786b614962508x0.webp\" class=\"attachment-full size-full\" alt=\"\" srcset=\"https:\/\/www.exp-byd.com\/wp-content\/uploads\/2024\/04\/ad14650b805505f05e21a2b786b614962508x0.webp 2400w, https:\/\/www.exp-byd.com\/wp-content\/uploads\/2024\/04\/ad14650b805505f05e21a2b786b614962508x0-300x200.webp 300w, https:\/\/www.exp-byd.com\/wp-content\/uploads\/2024\/04\/ad14650b805505f05e21a2b786b614962508x0-1024x683.webp 1024w, https:\/\/www.exp-byd.com\/wp-content\/uploads\/2024\/04\/ad14650b805505f05e21a2b786b614962508x0-768x512.webp 768w, https:\/\/www.exp-byd.com\/wp-content\/uploads\/2024\/04\/ad14650b805505f05e21a2b786b614962508x0-1536x1024.webp 1536w, https:\/\/www.exp-byd.com\/wp-content\/uploads\/2024\/04\/ad14650b805505f05e21a2b786b614962508x0-2048x1365.webp 2048w, https:\/\/www.exp-byd.com\/wp-content\/uploads\/2024\/04\/ad14650b805505f05e21a2b786b614962508x0-1200x800.webp 1200w\" sizes=\"(max-width: 2400px) 100vw, 2400px\" \/><\/a>\n\t\t\t<\/div><\/figure><figure class='gallery-item'>\n\t\t\t<div class='gallery-icon landscape'>\n\t\t\t\t<a data-elementor-open-lightbox=\"yes\" data-elementor-lightbox-slideshow=\"24f6a5c\" data-elementor-lightbox-title=\"98c8beac10e0565091bc11c3eefc99c6~2508x0\" data-e-action-hash=\"#elementor-action%3Aaction%3Dlightbox%26settings%3DeyJpZCI6MjE4MywidXJsIjoiaHR0cHM6XC9cL3d3dy5leHAtYnlkLmNvbVwvd3AtY29udGVudFwvdXBsb2Fkc1wvMjAyNFwvMDRcLzk4YzhiZWFjMTBlMDU2NTA5MWJjMTFjM2VlZmM5OWM2MjUwOHgwLndlYnAiLCJzbGlkZXNob3ciOiIyNGY2YTVjIn0%3D\" href='https:\/\/www.exp-byd.com\/wp-content\/uploads\/2024\/04\/98c8beac10e0565091bc11c3eefc99c62508x0.webp'><img loading=\"lazy\" decoding=\"async\" width=\"2400\" height=\"1600\" src=\"https:\/\/www.exp-byd.com\/wp-content\/uploads\/2024\/04\/98c8beac10e0565091bc11c3eefc99c62508x0.webp\" class=\"attachment-full size-full\" alt=\"\" srcset=\"https:\/\/www.exp-byd.com\/wp-content\/uploads\/2024\/04\/98c8beac10e0565091bc11c3eefc99c62508x0.webp 2400w, https:\/\/www.exp-byd.com\/wp-content\/uploads\/2024\/04\/98c8beac10e0565091bc11c3eefc99c62508x0-300x200.webp 300w, https:\/\/www.exp-byd.com\/wp-content\/uploads\/2024\/04\/98c8beac10e0565091bc11c3eefc99c62508x0-1024x683.webp 1024w, https:\/\/www.exp-byd.com\/wp-content\/uploads\/2024\/04\/98c8beac10e0565091bc11c3eefc99c62508x0-768x512.webp 768w, https:\/\/www.exp-byd.com\/wp-content\/uploads\/2024\/04\/98c8beac10e0565091bc11c3eefc99c62508x0-1536x1024.webp 1536w, https:\/\/www.exp-byd.com\/wp-content\/uploads\/2024\/04\/98c8beac10e0565091bc11c3eefc99c62508x0-2048x1365.webp 2048w, https:\/\/www.exp-byd.com\/wp-content\/uploads\/2024\/04\/98c8beac10e0565091bc11c3eefc99c62508x0-1200x800.webp 1200w\" sizes=\"(max-width: 2400px) 100vw, 2400px\" \/><\/a>\n\t\t\t<\/div><\/figure>\n\t\t<\/div>\n\t\t<\/div>\n\t\t\t\t<\/div>\n\t\t\t\t<\/div>\n\t\t\t\t<\/div>\n\t\t\t\t<\/div>\n\t\t<div id=\"e-n-tab-content-2609455692\" role=\"tabpanel\" aria-labelledby=\"e-n-tab-title-2609455692\" data-tab-index=\"2\" style=\"--n-tabs-title-order: 2;\" class=\"elementor-element elementor-element-9f0b552 e-con-full e-flex e-con e-child\" data-id=\"9f0b552\" data-element_type=\"container\">\n\t\t<div class=\"elementor-element elementor-element-3dd5c9d e-con-full e-flex e-con e-child\" data-id=\"3dd5c9d\" data-element_type=\"container\">\n\t\t\t\t<div class=\"elementor-element elementor-element-f8c75e0 gallery-spacing-custom elementor-widget elementor-widget-image-gallery\" data-id=\"f8c75e0\" data-element_type=\"widget\" data-widget_type=\"image-gallery.default\">\n\t\t\t\t<div class=\"elementor-widget-container\">\n\t\t\t\t\t<div class=\"elementor-image-gallery\">\n\t\t\t<div id='gallery-2' class='gallery galleryid-2171 gallery-columns-3 gallery-size-full'><figure class='gallery-item'>\n\t\t\t<div class='gallery-icon landscape'>\n\t\t\t\t<a data-elementor-open-lightbox=\"yes\" data-elementor-lightbox-slideshow=\"f8c75e0\" data-elementor-lightbox-title=\"d3f0c4fa2702eef5125d1e86f266b1c6~2508x0\" data-e-action-hash=\"#elementor-action%3Aaction%3Dlightbox%26settings%3DeyJpZCI6MjIwMywidXJsIjoiaHR0cHM6XC9cL3d3dy5leHAtYnlkLmNvbVwvd3AtY29udGVudFwvdXBsb2Fkc1wvMjAyNFwvMDRcL2QzZjBjNGZhMjcwMmVlZjUxMjVkMWU4NmYyNjZiMWM2MjUwOHgwLndlYnAiLCJzbGlkZXNob3ciOiJmOGM3NWUwIn0%3D\" href='https:\/\/www.exp-byd.com\/wp-content\/uploads\/2024\/04\/d3f0c4fa2702eef5125d1e86f266b1c62508x0.webp'><img loading=\"lazy\" decoding=\"async\" width=\"2400\" height=\"1600\" src=\"https:\/\/www.exp-byd.com\/wp-content\/uploads\/2024\/04\/d3f0c4fa2702eef5125d1e86f266b1c62508x0.webp\" class=\"attachment-full size-full\" alt=\"\" srcset=\"https:\/\/www.exp-byd.com\/wp-content\/uploads\/2024\/04\/d3f0c4fa2702eef5125d1e86f266b1c62508x0.webp 2400w, https:\/\/www.exp-byd.com\/wp-content\/uploads\/2024\/04\/d3f0c4fa2702eef5125d1e86f266b1c62508x0-300x200.webp 300w, https:\/\/www.exp-byd.com\/wp-content\/uploads\/2024\/04\/d3f0c4fa2702eef5125d1e86f266b1c62508x0-1024x683.webp 1024w, https:\/\/www.exp-byd.com\/wp-content\/uploads\/2024\/04\/d3f0c4fa2702eef5125d1e86f266b1c62508x0-768x512.webp 768w, https:\/\/www.exp-byd.com\/wp-content\/uploads\/2024\/04\/d3f0c4fa2702eef5125d1e86f266b1c62508x0-1536x1024.webp 1536w, https:\/\/www.exp-byd.com\/wp-content\/uploads\/2024\/04\/d3f0c4fa2702eef5125d1e86f266b1c62508x0-2048x1365.webp 2048w, https:\/\/www.exp-byd.com\/wp-content\/uploads\/2024\/04\/d3f0c4fa2702eef5125d1e86f266b1c62508x0-1200x800.webp 1200w\" sizes=\"(max-width: 2400px) 100vw, 2400px\" \/><\/a>\n\t\t\t<\/div><\/figure><figure class='gallery-item'>\n\t\t\t<div class='gallery-icon landscape'>\n\t\t\t\t<a data-elementor-open-lightbox=\"yes\" data-elementor-lightbox-slideshow=\"f8c75e0\" data-elementor-lightbox-title=\"6d1fece39a0d53c04d8d651e7ef7bfa8~2508x0\" data-e-action-hash=\"#elementor-action%3Aaction%3Dlightbox%26settings%3DeyJpZCI6MjIwNCwidXJsIjoiaHR0cHM6XC9cL3d3dy5leHAtYnlkLmNvbVwvd3AtY29udGVudFwvdXBsb2Fkc1wvMjAyNFwvMDRcLzZkMWZlY2UzOWEwZDUzYzA0ZDhkNjUxZTdlZjdiZmE4MjUwOHgwLndlYnAiLCJzbGlkZXNob3ciOiJmOGM3NWUwIn0%3D\" href='https:\/\/www.exp-byd.com\/wp-content\/uploads\/2024\/04\/6d1fece39a0d53c04d8d651e7ef7bfa82508x0.webp'><img loading=\"lazy\" decoding=\"async\" width=\"2400\" height=\"1600\" src=\"https:\/\/www.exp-byd.com\/wp-content\/uploads\/2024\/04\/6d1fece39a0d53c04d8d651e7ef7bfa82508x0.webp\" class=\"attachment-full size-full\" alt=\"\" srcset=\"https:\/\/www.exp-byd.com\/wp-content\/uploads\/2024\/04\/6d1fece39a0d53c04d8d651e7ef7bfa82508x0.webp 2400w, https:\/\/www.exp-byd.com\/wp-content\/uploads\/2024\/04\/6d1fece39a0d53c04d8d651e7ef7bfa82508x0-300x200.webp 300w, https:\/\/www.exp-byd.com\/wp-content\/uploads\/2024\/04\/6d1fece39a0d53c04d8d651e7ef7bfa82508x0-1024x683.webp 1024w, https:\/\/www.exp-byd.com\/wp-content\/uploads\/2024\/04\/6d1fece39a0d53c04d8d651e7ef7bfa82508x0-768x512.webp 768w, https:\/\/www.exp-byd.com\/wp-content\/uploads\/2024\/04\/6d1fece39a0d53c04d8d651e7ef7bfa82508x0-1536x1024.webp 1536w, https:\/\/www.exp-byd.com\/wp-content\/uploads\/2024\/04\/6d1fece39a0d53c04d8d651e7ef7bfa82508x0-2048x1365.webp 2048w, https:\/\/www.exp-byd.com\/wp-content\/uploads\/2024\/04\/6d1fece39a0d53c04d8d651e7ef7bfa82508x0-1200x800.webp 1200w\" sizes=\"(max-width: 2400px) 100vw, 2400px\" \/><\/a>\n\t\t\t<\/div><\/figure>\n\t\t<\/div>\n\t\t<\/div>\n\t\t\t\t<\/div>\n\t\t\t\t<\/div>\n\t\t\t\t<\/div>\n\t\t\t\t<\/div>\n\t\t<div id=\"e-n-tab-content-2609455693\" role=\"tabpanel\" aria-labelledby=\"e-n-tab-title-2609455693\" data-tab-index=\"3\" style=\"--n-tabs-title-order: 3;\" class=\"elementor-element elementor-element-97b17fb e-con-full e-flex e-con e-child\" data-id=\"97b17fb\" data-element_type=\"container\">\n\t\t<div class=\"elementor-element elementor-element-e087f70 e-con-full e-flex e-con e-child\" data-id=\"e087f70\" data-element_type=\"container\">\n\t\t\t\t<div class=\"elementor-element elementor-element-b4bb6a2 elementor-widget elementor-widget-text-editor\" data-id=\"b4bb6a2\" data-element_type=\"widget\" data-widget_type=\"text-editor.default\">\n\t\t\t\t<div class=\"elementor-widget-container\">\n\t\t\t\t\t\t\t<div class=\"table-responsive\" style=\"overflow-x: auto; width: 100%;\"><table><tbody><tr style=\"height: 14.40pt;\"><td style=\"height: 14.40pt; width: 48.60pt;\" width=\"81\" height=\"24\">\u00a0<\/td><td style=\"width: 48.60pt;\" width=\"81\">2022 plus 80<\/td><td style=\"width: 48.60pt;\" width=\"81\">2022 plus \u00e9dition Mille Li<\/td><td style=\"width: 48.60pt;\" width=\"81\">2022 plus 80D Max<\/td><\/tr><tr style=\"height: 14.40pt;\"><td style=\"height: 14.40pt;\" height=\"24\">Type d&#039;\u00e9nergie<\/td><td>\u00c9lectrique pur<\/td><td>\u00c9lectrique pur<\/td><td>\u00c9lectrique pur<\/td><\/tr><tr style=\"height: 14.40pt;\"><td style=\"height: 14.40pt;\" height=\"24\">Autonomie \u00e9lectrique NEDC (km)<\/td><td>650<\/td><td>1008<\/td><td>600<\/td><\/tr><tr style=\"height: 14.40pt;\"><td style=\"height: 14.40pt;\" height=\"24\">Temps de charge rapide<\/td><td>&#8211;<\/td><td>&#8211;<\/td><td>&#8211;<\/td><\/tr><tr style=\"height: 14.40pt;\"><td style=\"height: 14.40pt;\" height=\"24\">Temps de charge lent<\/td><td>&#8211;<\/td><td>&#8211;<\/td><td>&#8211;<\/td><\/tr><tr style=\"height: 14.40pt;\"><td style=\"height: 14.40pt;\" height=\"24\">Puissance maximale (kW)<\/td><td>180<\/td><td>180<\/td><td>360<\/td><\/tr><tr style=\"height: 14.40pt;\"><td style=\"height: 14.40pt;\" height=\"24\">Couple maximal (N\u00b7m)<\/td><td>350<\/td><td>350<\/td><td>700<\/td><\/tr><tr style=\"height: 14.40pt;\"><td style=\"height: 14.40pt;\" height=\"24\">Moteur (Ps)<\/td><td>245<\/td><td>245<\/td><td>490<\/td><\/tr><tr style=\"height: 14.40pt;\"><td style=\"height: 14.40pt;\" height=\"24\">Longueur * Largeur * Hauteur (mm)<\/td><td>4835*1935*1685<\/td><td>4835*1935*1685<\/td><td>4835*1935*1685<\/td><\/tr><tr style=\"height: 14.40pt;\"><td style=\"height: 14.40pt;\" height=\"24\">Vitesse maximale (km\/h)<\/td><td>170<\/td><td>170<\/td><td>180<\/td><\/tr><tr style=\"height: 14.40pt;\"><td style=\"height: 14.40pt;\" height=\"24\">Acc\u00e9l\u00e9ration(s) officielle(s) de 0 \u00e0 100 km\/h<\/td><td>7.8<\/td><td>7.9<\/td><td>3.9<\/td><\/tr><tr style=\"height: 14.40pt;\"><td style=\"height: 14.40pt;\" height=\"24\">Puissance maximale du moteur arri\u00e8re (kW)<\/td><td>180<\/td><td>180<\/td><td>360<\/td><\/tr><tr style=\"height: 14.40pt;\"><td style=\"height: 14.40pt;\" height=\"24\">Type de batterie<\/td><td>Batterie ternaire au lithium<\/td><td>Batterie au lithium fer phosphate<\/td><td>Batterie au lithium fer phosphate<\/td><\/tr><tr style=\"height: 14.40pt;\"><td style=\"height: 14.40pt;\" height=\"24\">\u00c9nergie de la batterie (kWh)<\/td><td>93.3<\/td><td>144.4<\/td><td>93.3<\/td><\/tr><tr style=\"height: 14.40pt;\"><td style=\"height: 14.40pt;\" height=\"24\">Consommation \u00e9lectrique sur 100 km (kWh\/100 km)<\/td><td>&#8211;<\/td><td>&#8211;<\/td><td>&#8211;<\/td><\/tr><tr style=\"height: 14.40pt;\"><td style=\"height: 14.40pt;\" height=\"24\">Disposition du moteur<\/td><td>postposition<\/td><td>postposition<\/td><td>Avant + arri\u00e8re<\/td><\/tr><tr style=\"height: 14.40pt;\"><td style=\"height: 14.40pt;\" height=\"24\">Nombre de moteurs d&#039;entra\u00eenement<\/td><td>Moteur unique<\/td><td>Moteur unique<\/td><td>Double moteur<\/td><\/tr><\/tbody><\/table><\/div>\t\t\t\t\t\t<\/div>\n\t\t\t\t<\/div>\n\t\t\t\t<\/div>\n\t\t\t\t<\/div>\n\t\t<div id=\"e-n-tab-content-2609455694\" role=\"tabpanel\" aria-labelledby=\"e-n-tab-title-2609455694\" data-tab-index=\"4\" style=\"--n-tabs-title-order: 4;\" class=\"elementor-element elementor-element-1d660ec e-con-full e-flex e-con e-child\" data-id=\"1d660ec\" data-element_type=\"container\">\n\t\t<div class=\"elementor-element elementor-element-ef072dd e-con-full e-flex e-con e-child\" data-id=\"ef072dd\" data-element_type=\"container\">\n\t\t\t\t<\/div>\n\t\t\t\t<\/div>\n\t\t\t\t\t<\/div>\n\t\t<\/div>\n\t\t\t\t<\/div>\n\t\t\t\t<\/div>\n\t\t\t\t\t<\/div>\n\t\t\t\t<\/div>\n\t\t\t\t<\/div>","protected":false},"excerpt":{"rendered":"<p><strong>Types de carburant<\/strong>: BEV<\/p>\n<p><strong>Capacit\u00e9 de la batterie<\/strong>(kWh) : 93,3\/144,4<\/p>\n<p><strong>Practice<\/strong>(km): 650\/600\/1000<\/p>\n<p><strong>Temps d&#039;acc\u00e9l\u00e9ration de 0 \u00e0 100 km\/h<\/strong>(s): 7.8\/3.9<\/p>\n<p><strong>Vitesse de pointe<\/strong>(km\/h) : 170\/180<\/p>\n<p><strong>Type de lecteur<\/strong>: traction avant\/4 roues motrices<\/p>\n<p><strong>Couleur<\/strong>: Personnalis\u00e9<\/p>\n<p><strong>Dimensions du v\u00e9hicule<\/strong>(mm): 4835x1935x1685<\/p>","protected":false},"featured_media":2172,"comment_status":"open","ping_status":"closed","template":"","meta":{"rank_math_lock_modified_date":false},"product_cat":[46],"product_tag":[],"class_list":{"0":"post-2171","1":"product","2":"type-product","3":"status-publish","4":"has-post-thumbnail","6":"product_cat-aion","8":"first","9":"instock","10":"shipping-taxable","11":"product-type-simple"},"_links":{"self":[{"href":"https:\/\/www.exp-byd.com\/fr\/wp-json\/wp\/v2\/product\/2171","targetHints":{"allow":["GET"]}}],"collection":[{"href":"https:\/\/www.exp-byd.com\/fr\/wp-json\/wp\/v2\/product"}],"about":[{"href":"https:\/\/www.exp-byd.com\/fr\/wp-json\/wp\/v2\/types\/product"}],"replies":[{"embeddable":true,"href":"https:\/\/www.exp-byd.com\/fr\/wp-json\/wp\/v2\/comments?post=2171"}],"version-history":[{"count":8,"href":"https:\/\/www.exp-byd.com\/fr\/wp-json\/wp\/v2\/product\/2171\/revisions"}],"predecessor-version":[{"id":13837,"href":"https:\/\/www.exp-byd.com\/fr\/wp-json\/wp\/v2\/product\/2171\/revisions\/13837"}],"wp:featuredmedia":[{"embeddable":true,"href":"https:\/\/www.exp-byd.com\/fr\/wp-json\/wp\/v2\/media\/2172"}],"wp:attachment":[{"href":"https:\/\/www.exp-byd.com\/fr\/wp-json\/wp\/v2\/media?parent=2171"}],"wp:term":[{"taxonomy":"product_cat","embeddable":true,"href":"https:\/\/www.exp-byd.com\/fr\/wp-json\/wp\/v2\/product_cat?post=2171"},{"taxonomy":"product_tag","embeddable":true,"href":"https:\/\/www.exp-byd.com\/fr\/wp-json\/wp\/v2\/product_tag?post=2171"}],"curies":[{"name":"wp","href":"https:\/\/api.w.org\/{rel}","templated":true}]}}