{"id":2586,"date":"2024-04-19T06:40:42","date_gmt":"2024-04-19T06:40:42","guid":{"rendered":"https:\/\/www.cevauto.com\/?post_type=product&#038;p=2586"},"modified":"2024-08-01T09:19:46","modified_gmt":"2024-08-01T09:19:46","slug":"nio-et5t","status":"publish","type":"product","link":"https:\/\/www.exp-byd.com\/fr\/product\/nio-et5t\/","title":{"rendered":"NIO ET5T"},"content":{"rendered":"<div data-elementor-type=\"product-post\" data-elementor-id=\"2586\" class=\"elementor elementor-2586\" data-elementor-post-type=\"product\">\n\t\t\t\t<div class=\"elementor-element elementor-element-923e87f e-con-full e-flex e-con e-parent\" data-id=\"923e87f\" data-element_type=\"container\" data-settings=\"{&quot;background_background&quot;:&quot;video&quot;}\">\n\t\t<div class=\"elementor-element elementor-element-9c8b308 e-flex e-con-boxed e-con e-child\" data-id=\"9c8b308\" data-element_type=\"container\" data-settings=\"{&quot;background_background&quot;:&quot;video&quot;,&quot;background_play_on_mobile&quot;:&quot;yes&quot;}\">\n\t\t\t\t\t<div class=\"e-con-inner\">\n\t\t<div class=\"elementor-element elementor-element-3ab7e06 e-con-full e-flex e-con e-child\" data-id=\"3ab7e06\" data-element_type=\"container\" data-settings=\"{&quot;background_background&quot;:&quot;video&quot;,&quot;background_video_link&quot;:&quot;https:\\\/\\\/www.youtube.com\\\/watch?v=CN0O5VHY0Mw&quot;,&quot;background_play_on_mobile&quot;:&quot;yes&quot;}\">\n\t\t<div class=\"elementor-background-video-container\">\n\t\t\t\t\t\t\t<div class=\"elementor-background-video-embed\"><\/div>\n\t\t\t\t\t\t<\/div>\t\t<\/div>\n\t\t\t\t\t<\/div>\n\t\t\t\t<\/div>\n\t\t\t\t<\/div>\n\t\t<div class=\"elementor-element elementor-element-34cf146 e-flex e-con-boxed e-con e-parent\" data-id=\"34cf146\" data-element_type=\"container\">\n\t\t\t\t\t<div class=\"e-con-inner\">\n\t\t\t\t<div class=\"elementor-element elementor-element-f8db6a1 e-n-tabs-mobile elementor-widget elementor-widget-n-tabs\" data-id=\"f8db6a1\" data-element_type=\"widget\" data-settings=\"{&quot;tabs_justify_horizontal&quot;:&quot;start&quot;,&quot;horizontal_scroll&quot;:&quot;disable&quot;}\" data-widget_type=\"nested-tabs.default\">\n\t\t\t\t<div class=\"elementor-widget-container\">\n\t\t\t\t\t<div class=\"e-n-tabs\" data-widget-number=\"260945569\" aria-label=\"Onglets. Ouvrez des \u00e9l\u00e9ments avec Entrer ou Espace, fermez-les avec Echape et naviguez \u00e0 l&#039;aide des touches fl\u00e9ch\u00e9es.\">\n\t\t\t<div class=\"e-n-tabs-heading\" role=\"tablist\">\n\t\t\t\t\t<button id=\"e-n-tab-title-2609455691\" class=\"e-n-tab-title\" aria-selected=\"true\" data-tab-index=\"1\" role=\"tab\" tabindex=\"0\" aria-controls=\"e-n-tab-content-2609455691\" style=\"--n-tabs-title-order: 1;\">\n\t\t\t\t\t\t<span class=\"e-n-tab-title-text\">\n\t\t\t\tExt\u00e9rieur\t\t\t<\/span>\n\t\t<\/button>\n\t\t\t\t<button id=\"e-n-tab-title-2609455692\" class=\"e-n-tab-title\" aria-selected=\"false\" data-tab-index=\"2\" role=\"tab\" tabindex=\"-1\" aria-controls=\"e-n-tab-content-2609455692\" style=\"--n-tabs-title-order: 2;\">\n\t\t\t\t\t\t<span class=\"e-n-tab-title-text\">\n\t\t\t\tInt\u00e9rieur\t\t\t<\/span>\n\t\t<\/button>\n\t\t\t\t<button id=\"e-n-tab-title-2609455693\" class=\"e-n-tab-title\" aria-selected=\"false\" data-tab-index=\"3\" role=\"tab\" tabindex=\"-1\" aria-controls=\"e-n-tab-content-2609455693\" style=\"--n-tabs-title-order: 3;\">\n\t\t\t\t\t\t<span class=\"e-n-tab-title-text\">\n\t\t\t\tCaract\u00e9ristiques\t\t\t<\/span>\n\t\t<\/button>\n\t\t\t\t<button id=\"e-n-tab-title-2609455694\" class=\"e-n-tab-title\" aria-selected=\"false\" data-tab-index=\"4\" role=\"tab\" tabindex=\"-1\" aria-controls=\"e-n-tab-content-2609455694\" style=\"--n-tabs-title-order: 4;\">\n\t\t\t\t\t\t<span class=\"e-n-tab-title-text\">\n\t\t\t\tCommentaires\t\t\t<\/span>\n\t\t<\/button>\n\t\t\t\t\t<\/div>\n\t\t\t<div class=\"e-n-tabs-content\">\n\t\t\t\t<div id=\"e-n-tab-content-2609455691\" role=\"tabpanel\" aria-labelledby=\"e-n-tab-title-2609455691\" data-tab-index=\"1\" style=\"--n-tabs-title-order: 1;\" class=\"e-active elementor-element elementor-element-0291027 e-con-full e-flex e-con e-child\" data-id=\"0291027\" data-element_type=\"container\">\n\t\t<div class=\"elementor-element elementor-element-4b93aba e-con-full e-flex e-con e-child\" data-id=\"4b93aba\" data-element_type=\"container\">\n\t\t\t\t<div class=\"elementor-element elementor-element-24f6a5c gallery-spacing-custom elementor-widget elementor-widget-image-gallery\" data-id=\"24f6a5c\" data-element_type=\"widget\" data-widget_type=\"image-gallery.default\">\n\t\t\t\t<div class=\"elementor-widget-container\">\n\t\t\t\t\t<div class=\"elementor-image-gallery\">\n\t\t\t<div id='gallery-1' class='gallery galleryid-2586 gallery-columns-3 gallery-size-full'><figure class='gallery-item'>\n\t\t\t<div class='gallery-icon landscape'>\n\t\t\t\t<a data-elementor-open-lightbox=\"yes\" data-elementor-lightbox-slideshow=\"24f6a5c\" data-elementor-lightbox-title=\"1700600673271-exteriorColors.modal.images.0.desktop-92D5C2CE4E28FFFF\" data-e-action-hash=\"#elementor-action%3Aaction%3Dlightbox%26settings%3DeyJpZCI6MjYwMywidXJsIjoiaHR0cHM6XC9cL3d3dy5leHAtYnlkLmNvbVwvd3AtY29udGVudFwvdXBsb2Fkc1wvMjAyNFwvMDRcLzE3MDA2MDA2NzMyNzEtZXh0ZXJpb3JDb2xvcnMubW9kYWxfLmltYWdlcy4wLmRlc2t0b3AtOTJENUMyQ0U0RTI4RkZGRi1zY2FsZWQuanBnIiwic2xpZGVzaG93IjoiMjRmNmE1YyJ9\" href='https:\/\/www.exp-byd.com\/wp-content\/uploads\/2024\/04\/1700600673271-exteriorColors.modal_.images.0.desktop-92D5C2CE4E28FFFF-scaled.jpg'><img fetchpriority=\"high\" decoding=\"async\" width=\"2560\" height=\"1600\" src=\"https:\/\/www.exp-byd.com\/wp-content\/uploads\/2024\/04\/1700600673271-exteriorColors.modal_.images.0.desktop-92D5C2CE4E28FFFF-scaled.jpg\" class=\"attachment-full size-full\" alt=\"\" srcset=\"https:\/\/www.exp-byd.com\/wp-content\/uploads\/2024\/04\/1700600673271-exteriorColors.modal_.images.0.desktop-92D5C2CE4E28FFFF-scaled.jpg 2560w, https:\/\/www.exp-byd.com\/wp-content\/uploads\/2024\/04\/1700600673271-exteriorColors.modal_.images.0.desktop-92D5C2CE4E28FFFF-300x188.jpg 300w, https:\/\/www.exp-byd.com\/wp-content\/uploads\/2024\/04\/1700600673271-exteriorColors.modal_.images.0.desktop-92D5C2CE4E28FFFF-1024x640.jpg 1024w, https:\/\/www.exp-byd.com\/wp-content\/uploads\/2024\/04\/1700600673271-exteriorColors.modal_.images.0.desktop-92D5C2CE4E28FFFF-768x480.jpg 768w, https:\/\/www.exp-byd.com\/wp-content\/uploads\/2024\/04\/1700600673271-exteriorColors.modal_.images.0.desktop-92D5C2CE4E28FFFF-1536x960.jpg 1536w, https:\/\/www.exp-byd.com\/wp-content\/uploads\/2024\/04\/1700600673271-exteriorColors.modal_.images.0.desktop-92D5C2CE4E28FFFF-2048x1280.jpg 2048w, https:\/\/www.exp-byd.com\/wp-content\/uploads\/2024\/04\/1700600673271-exteriorColors.modal_.images.0.desktop-92D5C2CE4E28FFFF-1200x750.jpg 1200w\" sizes=\"(max-width: 2560px) 100vw, 2560px\" \/><\/a>\n\t\t\t<\/div><\/figure><figure class='gallery-item'>\n\t\t\t<div class='gallery-icon landscape'>\n\t\t\t\t<a data-elementor-open-lightbox=\"yes\" data-elementor-lightbox-slideshow=\"24f6a5c\" data-elementor-lightbox-title=\"1700600699156-exteriorColors.modal.images.3.desktop-F22FBEE60079A91E\" data-e-action-hash=\"#elementor-action%3Aaction%3Dlightbox%26settings%3DeyJpZCI6MjYwMCwidXJsIjoiaHR0cHM6XC9cL3d3dy5leHAtYnlkLmNvbVwvd3AtY29udGVudFwvdXBsb2Fkc1wvMjAyNFwvMDRcLzE3MDA2MDA2OTkxNTYtZXh0ZXJpb3JDb2xvcnMubW9kYWxfLmltYWdlcy4zLmRlc2t0b3AtRjIyRkJFRTYwMDc5QTkxRS1zY2FsZWQuanBnIiwic2xpZGVzaG93IjoiMjRmNmE1YyJ9\" href='https:\/\/www.exp-byd.com\/wp-content\/uploads\/2024\/04\/1700600699156-exteriorColors.modal_.images.3.desktop-F22FBEE60079A91E-scaled.jpg'><img decoding=\"async\" width=\"2560\" height=\"1600\" src=\"https:\/\/www.exp-byd.com\/wp-content\/uploads\/2024\/04\/1700600699156-exteriorColors.modal_.images.3.desktop-F22FBEE60079A91E-scaled.jpg\" class=\"attachment-full size-full\" alt=\"\" srcset=\"https:\/\/www.exp-byd.com\/wp-content\/uploads\/2024\/04\/1700600699156-exteriorColors.modal_.images.3.desktop-F22FBEE60079A91E-scaled.jpg 2560w, https:\/\/www.exp-byd.com\/wp-content\/uploads\/2024\/04\/1700600699156-exteriorColors.modal_.images.3.desktop-F22FBEE60079A91E-300x188.jpg 300w, https:\/\/www.exp-byd.com\/wp-content\/uploads\/2024\/04\/1700600699156-exteriorColors.modal_.images.3.desktop-F22FBEE60079A91E-1024x640.jpg 1024w, https:\/\/www.exp-byd.com\/wp-content\/uploads\/2024\/04\/1700600699156-exteriorColors.modal_.images.3.desktop-F22FBEE60079A91E-768x480.jpg 768w, https:\/\/www.exp-byd.com\/wp-content\/uploads\/2024\/04\/1700600699156-exteriorColors.modal_.images.3.desktop-F22FBEE60079A91E-1536x960.jpg 1536w, https:\/\/www.exp-byd.com\/wp-content\/uploads\/2024\/04\/1700600699156-exteriorColors.modal_.images.3.desktop-F22FBEE60079A91E-2048x1280.jpg 2048w, https:\/\/www.exp-byd.com\/wp-content\/uploads\/2024\/04\/1700600699156-exteriorColors.modal_.images.3.desktop-F22FBEE60079A91E-1200x750.jpg 1200w\" sizes=\"(max-width: 2560px) 100vw, 2560px\" \/><\/a>\n\t\t\t<\/div><\/figure><figure class='gallery-item'>\n\t\t\t<div class='gallery-icon landscape'>\n\t\t\t\t<a data-elementor-open-lightbox=\"yes\" data-elementor-lightbox-slideshow=\"24f6a5c\" data-elementor-lightbox-title=\"1700600683735-exteriorColors.modal.images.1.desktop-3A3C27CD4F2EF1B8\" data-e-action-hash=\"#elementor-action%3Aaction%3Dlightbox%26settings%3DeyJpZCI6MjYwMiwidXJsIjoiaHR0cHM6XC9cL3d3dy5leHAtYnlkLmNvbVwvd3AtY29udGVudFwvdXBsb2Fkc1wvMjAyNFwvMDRcLzE3MDA2MDA2ODM3MzUtZXh0ZXJpb3JDb2xvcnMubW9kYWxfLmltYWdlcy4xLmRlc2t0b3AtM0EzQzI3Q0Q0RjJFRjFCOC1zY2FsZWQuanBnIiwic2xpZGVzaG93IjoiMjRmNmE1YyJ9\" href='https:\/\/www.exp-byd.com\/wp-content\/uploads\/2024\/04\/1700600683735-exteriorColors.modal_.images.1.desktop-3A3C27CD4F2EF1B8-scaled.jpg'><img decoding=\"async\" width=\"2560\" height=\"1600\" src=\"https:\/\/www.exp-byd.com\/wp-content\/uploads\/2024\/04\/1700600683735-exteriorColors.modal_.images.1.desktop-3A3C27CD4F2EF1B8-scaled.jpg\" class=\"attachment-full size-full\" alt=\"\" srcset=\"https:\/\/www.exp-byd.com\/wp-content\/uploads\/2024\/04\/1700600683735-exteriorColors.modal_.images.1.desktop-3A3C27CD4F2EF1B8-scaled.jpg 2560w, https:\/\/www.exp-byd.com\/wp-content\/uploads\/2024\/04\/1700600683735-exteriorColors.modal_.images.1.desktop-3A3C27CD4F2EF1B8-300x188.jpg 300w, https:\/\/www.exp-byd.com\/wp-content\/uploads\/2024\/04\/1700600683735-exteriorColors.modal_.images.1.desktop-3A3C27CD4F2EF1B8-1024x640.jpg 1024w, https:\/\/www.exp-byd.com\/wp-content\/uploads\/2024\/04\/1700600683735-exteriorColors.modal_.images.1.desktop-3A3C27CD4F2EF1B8-768x480.jpg 768w, https:\/\/www.exp-byd.com\/wp-content\/uploads\/2024\/04\/1700600683735-exteriorColors.modal_.images.1.desktop-3A3C27CD4F2EF1B8-1536x960.jpg 1536w, https:\/\/www.exp-byd.com\/wp-content\/uploads\/2024\/04\/1700600683735-exteriorColors.modal_.images.1.desktop-3A3C27CD4F2EF1B8-2048x1280.jpg 2048w, https:\/\/www.exp-byd.com\/wp-content\/uploads\/2024\/04\/1700600683735-exteriorColors.modal_.images.1.desktop-3A3C27CD4F2EF1B8-1200x750.jpg 1200w\" sizes=\"(max-width: 2560px) 100vw, 2560px\" \/><\/a>\n\t\t\t<\/div><\/figure><figure class='gallery-item'>\n\t\t\t<div class='gallery-icon landscape'>\n\t\t\t\t<a data-elementor-open-lightbox=\"yes\" data-elementor-lightbox-slideshow=\"24f6a5c\" data-elementor-lightbox-title=\"1700600691475-exteriorColors.modal.images.2.desktop-B5C0CC01A3FBC05F\" data-e-action-hash=\"#elementor-action%3Aaction%3Dlightbox%26settings%3DeyJpZCI6MjYwMSwidXJsIjoiaHR0cHM6XC9cL3d3dy5leHAtYnlkLmNvbVwvd3AtY29udGVudFwvdXBsb2Fkc1wvMjAyNFwvMDRcLzE3MDA2MDA2OTE0NzUtZXh0ZXJpb3JDb2xvcnMubW9kYWxfLmltYWdlcy4yLmRlc2t0b3AtQjVDMENDMDFBM0ZCQzA1Ri1zY2FsZWQuanBnIiwic2xpZGVzaG93IjoiMjRmNmE1YyJ9\" href='https:\/\/www.exp-byd.com\/wp-content\/uploads\/2024\/04\/1700600691475-exteriorColors.modal_.images.2.desktop-B5C0CC01A3FBC05F-scaled.jpg'><img loading=\"lazy\" decoding=\"async\" width=\"2560\" height=\"1600\" src=\"https:\/\/www.exp-byd.com\/wp-content\/uploads\/2024\/04\/1700600691475-exteriorColors.modal_.images.2.desktop-B5C0CC01A3FBC05F-scaled.jpg\" class=\"attachment-full size-full\" alt=\"\" srcset=\"https:\/\/www.exp-byd.com\/wp-content\/uploads\/2024\/04\/1700600691475-exteriorColors.modal_.images.2.desktop-B5C0CC01A3FBC05F-scaled.jpg 2560w, https:\/\/www.exp-byd.com\/wp-content\/uploads\/2024\/04\/1700600691475-exteriorColors.modal_.images.2.desktop-B5C0CC01A3FBC05F-300x188.jpg 300w, https:\/\/www.exp-byd.com\/wp-content\/uploads\/2024\/04\/1700600691475-exteriorColors.modal_.images.2.desktop-B5C0CC01A3FBC05F-1024x640.jpg 1024w, https:\/\/www.exp-byd.com\/wp-content\/uploads\/2024\/04\/1700600691475-exteriorColors.modal_.images.2.desktop-B5C0CC01A3FBC05F-768x480.jpg 768w, https:\/\/www.exp-byd.com\/wp-content\/uploads\/2024\/04\/1700600691475-exteriorColors.modal_.images.2.desktop-B5C0CC01A3FBC05F-1536x960.jpg 1536w, https:\/\/www.exp-byd.com\/wp-content\/uploads\/2024\/04\/1700600691475-exteriorColors.modal_.images.2.desktop-B5C0CC01A3FBC05F-2048x1280.jpg 2048w, https:\/\/www.exp-byd.com\/wp-content\/uploads\/2024\/04\/1700600691475-exteriorColors.modal_.images.2.desktop-B5C0CC01A3FBC05F-1200x750.jpg 1200w\" sizes=\"(max-width: 2560px) 100vw, 2560px\" \/><\/a>\n\t\t\t<\/div><\/figure><figure class='gallery-item'>\n\t\t\t<div class='gallery-icon landscape'>\n\t\t\t\t<a data-elementor-open-lightbox=\"yes\" data-elementor-lightbox-slideshow=\"24f6a5c\" data-elementor-lightbox-title=\"1700600705012-exteriorColors.modal.images.4.desktop-B004113F04612E53\" data-e-action-hash=\"#elementor-action%3Aaction%3Dlightbox%26settings%3DeyJpZCI6MjU5OSwidXJsIjoiaHR0cHM6XC9cL3d3dy5leHAtYnlkLmNvbVwvd3AtY29udGVudFwvdXBsb2Fkc1wvMjAyNFwvMDRcLzE3MDA2MDA3MDUwMTItZXh0ZXJpb3JDb2xvcnMubW9kYWxfLmltYWdlcy40LmRlc2t0b3AtQjAwNDExM0YwNDYxMkU1My1zY2FsZWQuanBnIiwic2xpZGVzaG93IjoiMjRmNmE1YyJ9\" href='https:\/\/www.exp-byd.com\/wp-content\/uploads\/2024\/04\/1700600705012-exteriorColors.modal_.images.4.desktop-B004113F04612E53-scaled.jpg'><img loading=\"lazy\" decoding=\"async\" width=\"2560\" height=\"1600\" src=\"https:\/\/www.exp-byd.com\/wp-content\/uploads\/2024\/04\/1700600705012-exteriorColors.modal_.images.4.desktop-B004113F04612E53-scaled.jpg\" class=\"attachment-full size-full\" alt=\"\" srcset=\"https:\/\/www.exp-byd.com\/wp-content\/uploads\/2024\/04\/1700600705012-exteriorColors.modal_.images.4.desktop-B004113F04612E53-scaled.jpg 2560w, https:\/\/www.exp-byd.com\/wp-content\/uploads\/2024\/04\/1700600705012-exteriorColors.modal_.images.4.desktop-B004113F04612E53-300x188.jpg 300w, https:\/\/www.exp-byd.com\/wp-content\/uploads\/2024\/04\/1700600705012-exteriorColors.modal_.images.4.desktop-B004113F04612E53-1024x640.jpg 1024w, https:\/\/www.exp-byd.com\/wp-content\/uploads\/2024\/04\/1700600705012-exteriorColors.modal_.images.4.desktop-B004113F04612E53-768x480.jpg 768w, https:\/\/www.exp-byd.com\/wp-content\/uploads\/2024\/04\/1700600705012-exteriorColors.modal_.images.4.desktop-B004113F04612E53-1536x960.jpg 1536w, https:\/\/www.exp-byd.com\/wp-content\/uploads\/2024\/04\/1700600705012-exteriorColors.modal_.images.4.desktop-B004113F04612E53-2048x1280.jpg 2048w, https:\/\/www.exp-byd.com\/wp-content\/uploads\/2024\/04\/1700600705012-exteriorColors.modal_.images.4.desktop-B004113F04612E53-1200x750.jpg 1200w\" sizes=\"(max-width: 2560px) 100vw, 2560px\" \/><\/a>\n\t\t\t<\/div><\/figure>\n\t\t<\/div>\n\t\t<\/div>\n\t\t\t\t<\/div>\n\t\t\t\t<\/div>\n\t\t\t\t<\/div>\n\t\t\t\t<\/div>\n\t\t<div id=\"e-n-tab-content-2609455692\" role=\"tabpanel\" aria-labelledby=\"e-n-tab-title-2609455692\" data-tab-index=\"2\" style=\"--n-tabs-title-order: 2;\" class=\"elementor-element elementor-element-9f0b552 e-con-full e-flex e-con e-child\" data-id=\"9f0b552\" data-element_type=\"container\">\n\t\t<div class=\"elementor-element elementor-element-3dd5c9d e-con-full e-flex e-con e-child\" data-id=\"3dd5c9d\" data-element_type=\"container\">\n\t\t\t\t<div class=\"elementor-element elementor-element-f8c75e0 gallery-spacing-custom elementor-widget elementor-widget-image-gallery\" data-id=\"f8c75e0\" data-element_type=\"widget\" data-widget_type=\"image-gallery.default\">\n\t\t\t\t<div class=\"elementor-widget-container\">\n\t\t\t\t\t<div class=\"elementor-image-gallery\">\n\t\t\t<div id='gallery-2' class='gallery galleryid-2586 gallery-columns-3 gallery-size-full'><figure class='gallery-item'>\n\t\t\t<div class='gallery-icon landscape'>\n\t\t\t\t<a data-elementor-open-lightbox=\"yes\" data-elementor-lightbox-slideshow=\"f8c75e0\" data-elementor-lightbox-title=\"interior-color-3-desktop-cn\" data-e-action-hash=\"#elementor-action%3Aaction%3Dlightbox%26settings%3DeyJpZCI6MjYwNSwidXJsIjoiaHR0cHM6XC9cL3d3dy5leHAtYnlkLmNvbVwvd3AtY29udGVudFwvdXBsb2Fkc1wvMjAyNFwvMDRcL2ludGVyaW9yLWNvbG9yLTMtZGVza3RvcC1jbi5qcGciLCJzbGlkZXNob3ciOiJmOGM3NWUwIn0%3D\" href='https:\/\/www.exp-byd.com\/wp-content\/uploads\/2024\/04\/interior-color-3-desktop-cn.jpg'><img loading=\"lazy\" decoding=\"async\" width=\"2560\" height=\"1280\" src=\"https:\/\/www.exp-byd.com\/wp-content\/uploads\/2024\/04\/interior-color-3-desktop-cn.jpg\" class=\"attachment-full size-full\" alt=\"\" srcset=\"https:\/\/www.exp-byd.com\/wp-content\/uploads\/2024\/04\/interior-color-3-desktop-cn.jpg 2560w, https:\/\/www.exp-byd.com\/wp-content\/uploads\/2024\/04\/interior-color-3-desktop-cn-300x150.jpg 300w, https:\/\/www.exp-byd.com\/wp-content\/uploads\/2024\/04\/interior-color-3-desktop-cn-1024x512.jpg 1024w, https:\/\/www.exp-byd.com\/wp-content\/uploads\/2024\/04\/interior-color-3-desktop-cn-768x384.jpg 768w, https:\/\/www.exp-byd.com\/wp-content\/uploads\/2024\/04\/interior-color-3-desktop-cn-1536x768.jpg 1536w, https:\/\/www.exp-byd.com\/wp-content\/uploads\/2024\/04\/interior-color-3-desktop-cn-2048x1024.jpg 2048w, https:\/\/www.exp-byd.com\/wp-content\/uploads\/2024\/04\/interior-color-3-desktop-cn-1200x600.jpg 1200w\" sizes=\"(max-width: 2560px) 100vw, 2560px\" \/><\/a>\n\t\t\t<\/div><\/figure><figure class='gallery-item'>\n\t\t\t<div class='gallery-icon landscape'>\n\t\t\t\t<a data-elementor-open-lightbox=\"yes\" data-elementor-lightbox-slideshow=\"f8c75e0\" data-elementor-lightbox-title=\"interior-color-2-desktop-cn\" data-e-action-hash=\"#elementor-action%3Aaction%3Dlightbox%26settings%3DeyJpZCI6MjYwNiwidXJsIjoiaHR0cHM6XC9cL3d3dy5leHAtYnlkLmNvbVwvd3AtY29udGVudFwvdXBsb2Fkc1wvMjAyNFwvMDRcL2ludGVyaW9yLWNvbG9yLTItZGVza3RvcC1jbi5qcGciLCJzbGlkZXNob3ciOiJmOGM3NWUwIn0%3D\" href='https:\/\/www.exp-byd.com\/wp-content\/uploads\/2024\/04\/interior-color-2-desktop-cn.jpg'><img loading=\"lazy\" decoding=\"async\" width=\"2560\" height=\"1280\" src=\"https:\/\/www.exp-byd.com\/wp-content\/uploads\/2024\/04\/interior-color-2-desktop-cn.jpg\" class=\"attachment-full size-full\" alt=\"\" srcset=\"https:\/\/www.exp-byd.com\/wp-content\/uploads\/2024\/04\/interior-color-2-desktop-cn.jpg 2560w, https:\/\/www.exp-byd.com\/wp-content\/uploads\/2024\/04\/interior-color-2-desktop-cn-300x150.jpg 300w, https:\/\/www.exp-byd.com\/wp-content\/uploads\/2024\/04\/interior-color-2-desktop-cn-1024x512.jpg 1024w, https:\/\/www.exp-byd.com\/wp-content\/uploads\/2024\/04\/interior-color-2-desktop-cn-768x384.jpg 768w, https:\/\/www.exp-byd.com\/wp-content\/uploads\/2024\/04\/interior-color-2-desktop-cn-1536x768.jpg 1536w, https:\/\/www.exp-byd.com\/wp-content\/uploads\/2024\/04\/interior-color-2-desktop-cn-2048x1024.jpg 2048w, https:\/\/www.exp-byd.com\/wp-content\/uploads\/2024\/04\/interior-color-2-desktop-cn-1200x600.jpg 1200w\" sizes=\"(max-width: 2560px) 100vw, 2560px\" \/><\/a>\n\t\t\t<\/div><\/figure><figure class='gallery-item'>\n\t\t\t<div class='gallery-icon landscape'>\n\t\t\t\t<a data-elementor-open-lightbox=\"yes\" data-elementor-lightbox-slideshow=\"f8c75e0\" data-elementor-lightbox-title=\"interior-color-6-desktop-cn\" data-e-action-hash=\"#elementor-action%3Aaction%3Dlightbox%26settings%3DeyJpZCI6MjYwNywidXJsIjoiaHR0cHM6XC9cL3d3dy5leHAtYnlkLmNvbVwvd3AtY29udGVudFwvdXBsb2Fkc1wvMjAyNFwvMDRcL2ludGVyaW9yLWNvbG9yLTYtZGVza3RvcC1jbi5qcGciLCJzbGlkZXNob3ciOiJmOGM3NWUwIn0%3D\" href='https:\/\/www.exp-byd.com\/wp-content\/uploads\/2024\/04\/interior-color-6-desktop-cn.jpg'><img loading=\"lazy\" decoding=\"async\" width=\"2560\" height=\"1280\" src=\"https:\/\/www.exp-byd.com\/wp-content\/uploads\/2024\/04\/interior-color-6-desktop-cn.jpg\" class=\"attachment-full size-full\" alt=\"\" srcset=\"https:\/\/www.exp-byd.com\/wp-content\/uploads\/2024\/04\/interior-color-6-desktop-cn.jpg 2560w, https:\/\/www.exp-byd.com\/wp-content\/uploads\/2024\/04\/interior-color-6-desktop-cn-300x150.jpg 300w, https:\/\/www.exp-byd.com\/wp-content\/uploads\/2024\/04\/interior-color-6-desktop-cn-1024x512.jpg 1024w, https:\/\/www.exp-byd.com\/wp-content\/uploads\/2024\/04\/interior-color-6-desktop-cn-768x384.jpg 768w, https:\/\/www.exp-byd.com\/wp-content\/uploads\/2024\/04\/interior-color-6-desktop-cn-1536x768.jpg 1536w, https:\/\/www.exp-byd.com\/wp-content\/uploads\/2024\/04\/interior-color-6-desktop-cn-2048x1024.jpg 2048w, https:\/\/www.exp-byd.com\/wp-content\/uploads\/2024\/04\/interior-color-6-desktop-cn-1200x600.jpg 1200w\" sizes=\"(max-width: 2560px) 100vw, 2560px\" \/><\/a>\n\t\t\t<\/div><\/figure>\n\t\t<\/div>\n\t\t<\/div>\n\t\t\t\t<\/div>\n\t\t\t\t<\/div>\n\t\t\t\t<\/div>\n\t\t\t\t<\/div>\n\t\t<div id=\"e-n-tab-content-2609455693\" role=\"tabpanel\" aria-labelledby=\"e-n-tab-title-2609455693\" data-tab-index=\"3\" style=\"--n-tabs-title-order: 3;\" class=\"elementor-element elementor-element-91a6697 e-con-full e-flex e-con e-child\" data-id=\"91a6697\" data-element_type=\"container\">\n\t\t<div class=\"elementor-element elementor-element-09095c5 e-con-full e-flex e-con e-child\" data-id=\"09095c5\" data-element_type=\"container\">\n\t\t\t\t<div class=\"elementor-element elementor-element-37a7fc1 elementor-widget elementor-widget-text-editor\" data-id=\"37a7fc1\" data-element_type=\"widget\" data-widget_type=\"text-editor.default\">\n\t\t\t\t<div class=\"elementor-widget-container\">\n\t\t\t\t\t\t\t<div class=\"table-responsive\" style=\"overflow-x: auto; width: 100%;\"><table><tbody><tr><td class=\"et5\" width=\"462\" height=\"21\">Informations de base<\/td><td class=\"et6\" width=\"361\">NIO ET5T 2024 530km75kWh<\/td><td class=\"et6\" width=\"361\">NIO ET5T 2024 680km100kWh<\/td><\/tr><tr><td class=\"et5\" height=\"21\">Fabricant<\/td><td class=\"et7\">NIO<\/td><td class=\"et7\">NIO<\/td><\/tr><tr><td class=\"et5\" height=\"21\">Autonomie \u00e9lectrique pure CLTC [km]<\/td><td class=\"et7\">530<\/td><td class=\"et7\">680<\/td><\/tr><tr><td class=\"et5\" height=\"21\">Longueur*largeur*hauteur[mm]<\/td><td class=\"et7\">4790*1960*1499<\/td><td class=\"et7\">4790*1960*1499<\/td><\/tr><tr><td class=\"et5\" height=\"21\">Morphologie du corps<\/td><td class=\"et7\">Break 5 portes et 5 places<\/td><td class=\"et7\">Break 5 portes et 5 places<\/td><\/tr><tr><td class=\"et5\" height=\"21\">Sp\u00e9cifications des pneus avant<\/td><td class=\"et7\"><p>\u25cf245\/45 R19<\/p><p>\u25cb245\/40 R20<\/p><\/td><td class=\"et7\"><p>\u25cf245\/45 R19<\/p><p>\u25cb245\/40 R20<\/p><\/td><\/tr><tr><td class=\"et5\" height=\"21\">Sp\u00e9cifications des pneus arri\u00e8re<\/td><td class=\"et7\"><p>\u25cf245\/45 R19<\/p><p>\u25cb245\/40 R20<\/p><\/td><td class=\"et7\"><p>\u25cf245\/45 R19<\/p><p>\u25cb245\/40 R20<\/p><\/td><\/tr><tr><td class=\"et5\" height=\"21\">source lumineuse de feux de croisement<\/td><td class=\"et7\">\u25cfLED<\/td><td class=\"et7\">\u25cfLED<\/td><\/tr><tr><td class=\"et5\" height=\"21\">source de lumi\u00e8re de feux de route<\/td><td class=\"et7\">\u25cfLED<\/td><td class=\"et7\">\u25cfLED<\/td><\/tr><\/tbody><\/table><\/div>\t\t\t\t\t\t<\/div>\n\t\t\t\t<\/div>\n\t\t\t\t<\/div>\n\t\t\t\t<\/div>\n\t\t<div id=\"e-n-tab-content-2609455694\" role=\"tabpanel\" aria-labelledby=\"e-n-tab-title-2609455694\" data-tab-index=\"4\" style=\"--n-tabs-title-order: 4;\" class=\"elementor-element elementor-element-1d660ec e-con-full e-flex e-con e-child\" data-id=\"1d660ec\" data-element_type=\"container\">\n\t\t<div class=\"elementor-element elementor-element-ef072dd e-con-full e-flex e-con e-child\" data-id=\"ef072dd\" data-element_type=\"container\">\n\t\t\t\t<\/div>\n\t\t\t\t<\/div>\n\t\t\t\t\t<\/div>\n\t\t<\/div>\n\t\t\t\t<\/div>\n\t\t\t\t<\/div>\n\t\t\t\t\t<\/div>\n\t\t\t\t<\/div>\n\t\t\t\t<\/div>","protected":false},"excerpt":{"rendered":"<p><strong>Types de carburant<\/strong>: BEV<\/p>\n<p><strong>Capacit\u00e9 de la batterie<\/strong>(kWh) : 75\/100<\/p>\n<p><strong>Practice<\/strong>(km): 530\/680<\/p>\n<p><strong>Temps d&#039;acc\u00e9l\u00e9ration de 0 \u00e0 100 km\/h<\/strong>(s): 4<\/p>\n<p><strong>Vitesse de pointe<\/strong>(km\/h) : 200<\/p>\n<p><strong>Type de lecteur<\/strong>: 4 roues motrices<\/p>\n<p><strong>Couleur<\/strong>: Personnalis\u00e9<\/p>\n<p><strong>Dimensions du v\u00e9hicule<\/strong>(mm): 4790x1960x1499<\/p>","protected":false},"featured_media":2587,"comment_status":"open","ping_status":"closed","template":"","meta":{"rank_math_lock_modified_date":false},"product_cat":[61],"product_tag":[],"class_list":{"0":"post-2586","1":"product","2":"type-product","3":"status-publish","4":"has-post-thumbnail","6":"product_cat-nio","8":"first","9":"instock","10":"shipping-taxable","11":"product-type-simple"},"_links":{"self":[{"href":"https:\/\/www.exp-byd.com\/fr\/wp-json\/wp\/v2\/product\/2586","targetHints":{"allow":["GET"]}}],"collection":[{"href":"https:\/\/www.exp-byd.com\/fr\/wp-json\/wp\/v2\/product"}],"about":[{"href":"https:\/\/www.exp-byd.com\/fr\/wp-json\/wp\/v2\/types\/product"}],"replies":[{"embeddable":true,"href":"https:\/\/www.exp-byd.com\/fr\/wp-json\/wp\/v2\/comments?post=2586"}],"version-history":[{"count":4,"href":"https:\/\/www.exp-byd.com\/fr\/wp-json\/wp\/v2\/product\/2586\/revisions"}],"predecessor-version":[{"id":9461,"href":"https:\/\/www.exp-byd.com\/fr\/wp-json\/wp\/v2\/product\/2586\/revisions\/9461"}],"wp:featuredmedia":[{"embeddable":true,"href":"https:\/\/www.exp-byd.com\/fr\/wp-json\/wp\/v2\/media\/2587"}],"wp:attachment":[{"href":"https:\/\/www.exp-byd.com\/fr\/wp-json\/wp\/v2\/media?parent=2586"}],"wp:term":[{"taxonomy":"product_cat","embeddable":true,"href":"https:\/\/www.exp-byd.com\/fr\/wp-json\/wp\/v2\/product_cat?post=2586"},{"taxonomy":"product_tag","embeddable":true,"href":"https:\/\/www.exp-byd.com\/fr\/wp-json\/wp\/v2\/product_tag?post=2586"}],"curies":[{"name":"wp","href":"https:\/\/api.w.org\/{rel}","templated":true}]}}