{"id":2838,"date":"2024-04-22T06:39:35","date_gmt":"2024-04-22T06:39:35","guid":{"rendered":"https:\/\/www.cevauto.com\/?post_type=product&#038;p=2838"},"modified":"2025-11-14T06:38:29","modified_gmt":"2025-11-14T06:38:29","slug":"byd-han-dm-i","status":"publish","type":"product","link":"https:\/\/www.exp-byd.com\/fr\/product\/byd-han-dm-i\/","title":{"rendered":"BYD HAN DM-i"},"content":{"rendered":"<div data-elementor-type=\"product-post\" data-elementor-id=\"2838\" class=\"elementor elementor-2838\" data-elementor-post-type=\"product\">\n\t\t\t\t<div class=\"elementor-element elementor-element-923e87f e-con-full e-flex e-con e-parent\" data-id=\"923e87f\" data-element_type=\"container\" data-settings=\"{&quot;background_background&quot;:&quot;video&quot;}\">\n\t\t<div class=\"elementor-element elementor-element-9c8b308 e-flex e-con-boxed e-con e-child\" data-id=\"9c8b308\" data-element_type=\"container\" data-settings=\"{&quot;background_background&quot;:&quot;video&quot;,&quot;background_play_on_mobile&quot;:&quot;yes&quot;}\">\n\t\t\t\t\t<div class=\"e-con-inner\">\n\t\t<div class=\"elementor-element elementor-element-3ab7e06 e-con-full e-flex e-con e-child\" data-id=\"3ab7e06\" data-element_type=\"container\" data-settings=\"{&quot;background_background&quot;:&quot;video&quot;,&quot;background_video_link&quot;:&quot;https:\\\/\\\/www.youtube.com\\\/watch?v=jUvGlWEBv6A&quot;,&quot;background_play_on_mobile&quot;:&quot;yes&quot;}\">\n\t\t<div class=\"elementor-background-video-container\">\n\t\t\t\t\t\t\t<div class=\"elementor-background-video-embed\"><\/div>\n\t\t\t\t\t\t<\/div>\t\t<\/div>\n\t\t\t\t\t<\/div>\n\t\t\t\t<\/div>\n\t\t\t\t<\/div>\n\t\t<div class=\"elementor-element elementor-element-34cf146 e-flex e-con-boxed e-con e-parent\" data-id=\"34cf146\" data-element_type=\"container\">\n\t\t\t\t\t<div class=\"e-con-inner\">\n\t\t\t\t<div class=\"elementor-element elementor-element-f8db6a1 e-n-tabs-mobile elementor-widget elementor-widget-n-tabs\" data-id=\"f8db6a1\" data-element_type=\"widget\" data-settings=\"{&quot;tabs_justify_horizontal&quot;:&quot;start&quot;,&quot;horizontal_scroll&quot;:&quot;disable&quot;}\" data-widget_type=\"nested-tabs.default\">\n\t\t\t\t<div class=\"elementor-widget-container\">\n\t\t\t\t\t<div class=\"e-n-tabs\" data-widget-number=\"260945569\" aria-label=\"Onglets. Ouvrez des \u00e9l\u00e9ments avec Entrer ou Espace, fermez-les avec Echape et naviguez \u00e0 l&#039;aide des touches fl\u00e9ch\u00e9es.\">\n\t\t\t<div class=\"e-n-tabs-heading\" role=\"tablist\">\n\t\t\t\t\t<button id=\"e-n-tab-title-2609455691\" class=\"e-n-tab-title\" aria-selected=\"true\" data-tab-index=\"1\" role=\"tab\" tabindex=\"0\" aria-controls=\"e-n-tab-content-2609455691\" style=\"--n-tabs-title-order: 1;\">\n\t\t\t\t\t\t<span class=\"e-n-tab-title-text\">\n\t\t\t\tExt\u00e9rieur\t\t\t<\/span>\n\t\t<\/button>\n\t\t\t\t<button id=\"e-n-tab-title-2609455692\" class=\"e-n-tab-title\" aria-selected=\"false\" data-tab-index=\"2\" role=\"tab\" tabindex=\"-1\" aria-controls=\"e-n-tab-content-2609455692\" style=\"--n-tabs-title-order: 2;\">\n\t\t\t\t\t\t<span class=\"e-n-tab-title-text\">\n\t\t\t\tInt\u00e9rieur\t\t\t<\/span>\n\t\t<\/button>\n\t\t\t\t<button id=\"e-n-tab-title-2609455693\" class=\"e-n-tab-title\" aria-selected=\"false\" data-tab-index=\"3\" role=\"tab\" tabindex=\"-1\" aria-controls=\"e-n-tab-content-2609455693\" style=\"--n-tabs-title-order: 3;\">\n\t\t\t\t\t\t<span class=\"e-n-tab-title-text\">\n\t\t\t\tCaract\u00e9ristiques\t\t\t<\/span>\n\t\t<\/button>\n\t\t\t\t<button id=\"e-n-tab-title-2609455694\" class=\"e-n-tab-title\" aria-selected=\"false\" data-tab-index=\"4\" role=\"tab\" tabindex=\"-1\" aria-controls=\"e-n-tab-content-2609455694\" style=\"--n-tabs-title-order: 4;\">\n\t\t\t\t\t\t<span class=\"e-n-tab-title-text\">\n\t\t\t\tCommentaires\t\t\t<\/span>\n\t\t<\/button>\n\t\t\t\t\t<\/div>\n\t\t\t<div class=\"e-n-tabs-content\">\n\t\t\t\t<div id=\"e-n-tab-content-2609455691\" role=\"tabpanel\" aria-labelledby=\"e-n-tab-title-2609455691\" data-tab-index=\"1\" style=\"--n-tabs-title-order: 1;\" class=\"e-active elementor-element elementor-element-0291027 e-con-full e-flex e-con e-child\" data-id=\"0291027\" data-element_type=\"container\">\n\t\t<div class=\"elementor-element elementor-element-4b93aba e-con-full e-flex e-con e-child\" data-id=\"4b93aba\" data-element_type=\"container\">\n\t\t\t\t<div class=\"elementor-element elementor-element-24f6a5c gallery-spacing-custom elementor-widget elementor-widget-image-gallery\" data-id=\"24f6a5c\" data-element_type=\"widget\" data-widget_type=\"image-gallery.default\">\n\t\t\t\t<div class=\"elementor-widget-container\">\n\t\t\t\t\t<div class=\"elementor-image-gallery\">\n\t\t\t<div id='gallery-1' class='gallery galleryid-2838 gallery-columns-3 gallery-size-full'><figure class='gallery-item'>\n\t\t\t<div class='gallery-icon landscape'>\n\t\t\t\t<a data-elementor-open-lightbox=\"yes\" data-elementor-lightbox-slideshow=\"24f6a5c\" data-elementor-lightbox-title=\"e56e82b592707b8d902b82c333acaed4~2508x0\" data-e-action-hash=\"#elementor-action%3Aaction%3Dlightbox%26settings%3DeyJpZCI6Mjg1MCwidXJsIjoiaHR0cHM6XC9cL3d3dy5leHAtYnlkLmNvbVwvd3AtY29udGVudFwvdXBsb2Fkc1wvMjAyNFwvMDRcL2U1NmU4MmI1OTI3MDdiOGQ5MDJiODJjMzMzYWNhZWQ0MjUwOHgwLmpwZyIsInNsaWRlc2hvdyI6IjI0ZjZhNWMifQ%3D%3D\" href='https:\/\/www.exp-byd.com\/wp-content\/uploads\/2024\/04\/e56e82b592707b8d902b82c333acaed42508x0.jpg'><img fetchpriority=\"high\" decoding=\"async\" width=\"2400\" height=\"1600\" src=\"https:\/\/www.exp-byd.com\/wp-content\/uploads\/2024\/04\/e56e82b592707b8d902b82c333acaed42508x0.jpg\" class=\"attachment-full size-full\" alt=\"\" srcset=\"https:\/\/www.exp-byd.com\/wp-content\/uploads\/2024\/04\/e56e82b592707b8d902b82c333acaed42508x0.jpg 2400w, https:\/\/www.exp-byd.com\/wp-content\/uploads\/2024\/04\/e56e82b592707b8d902b82c333acaed42508x0-300x200.jpg 300w, https:\/\/www.exp-byd.com\/wp-content\/uploads\/2024\/04\/e56e82b592707b8d902b82c333acaed42508x0-1024x683.jpg 1024w, https:\/\/www.exp-byd.com\/wp-content\/uploads\/2024\/04\/e56e82b592707b8d902b82c333acaed42508x0-768x512.jpg 768w, https:\/\/www.exp-byd.com\/wp-content\/uploads\/2024\/04\/e56e82b592707b8d902b82c333acaed42508x0-1536x1024.jpg 1536w, https:\/\/www.exp-byd.com\/wp-content\/uploads\/2024\/04\/e56e82b592707b8d902b82c333acaed42508x0-2048x1365.jpg 2048w, https:\/\/www.exp-byd.com\/wp-content\/uploads\/2024\/04\/e56e82b592707b8d902b82c333acaed42508x0-1200x800.jpg 1200w\" sizes=\"(max-width: 2400px) 100vw, 2400px\" \/><\/a>\n\t\t\t<\/div><\/figure><figure class='gallery-item'>\n\t\t\t<div class='gallery-icon landscape'>\n\t\t\t\t<a data-elementor-open-lightbox=\"yes\" data-elementor-lightbox-slideshow=\"24f6a5c\" data-elementor-lightbox-title=\"b124001d24154af5d764dc2d554c7da2~2508x0\" data-e-action-hash=\"#elementor-action%3Aaction%3Dlightbox%26settings%3DeyJpZCI6Mjg0OSwidXJsIjoiaHR0cHM6XC9cL3d3dy5leHAtYnlkLmNvbVwvd3AtY29udGVudFwvdXBsb2Fkc1wvMjAyNFwvMDRcL2IxMjQwMDFkMjQxNTRhZjVkNzY0ZGMyZDU1NGM3ZGEyMjUwOHgwLmpwZyIsInNsaWRlc2hvdyI6IjI0ZjZhNWMifQ%3D%3D\" href='https:\/\/www.exp-byd.com\/wp-content\/uploads\/2024\/04\/b124001d24154af5d764dc2d554c7da22508x0.jpg'><img decoding=\"async\" width=\"2400\" height=\"1600\" src=\"https:\/\/www.exp-byd.com\/wp-content\/uploads\/2024\/04\/b124001d24154af5d764dc2d554c7da22508x0.jpg\" class=\"attachment-full size-full\" alt=\"\" srcset=\"https:\/\/www.exp-byd.com\/wp-content\/uploads\/2024\/04\/b124001d24154af5d764dc2d554c7da22508x0.jpg 2400w, https:\/\/www.exp-byd.com\/wp-content\/uploads\/2024\/04\/b124001d24154af5d764dc2d554c7da22508x0-300x200.jpg 300w, https:\/\/www.exp-byd.com\/wp-content\/uploads\/2024\/04\/b124001d24154af5d764dc2d554c7da22508x0-1024x683.jpg 1024w, https:\/\/www.exp-byd.com\/wp-content\/uploads\/2024\/04\/b124001d24154af5d764dc2d554c7da22508x0-768x512.jpg 768w, https:\/\/www.exp-byd.com\/wp-content\/uploads\/2024\/04\/b124001d24154af5d764dc2d554c7da22508x0-1536x1024.jpg 1536w, https:\/\/www.exp-byd.com\/wp-content\/uploads\/2024\/04\/b124001d24154af5d764dc2d554c7da22508x0-2048x1365.jpg 2048w, https:\/\/www.exp-byd.com\/wp-content\/uploads\/2024\/04\/b124001d24154af5d764dc2d554c7da22508x0-1200x800.jpg 1200w\" sizes=\"(max-width: 2400px) 100vw, 2400px\" \/><\/a>\n\t\t\t<\/div><\/figure><figure class='gallery-item'>\n\t\t\t<div class='gallery-icon landscape'>\n\t\t\t\t<a data-elementor-open-lightbox=\"yes\" data-elementor-lightbox-slideshow=\"24f6a5c\" data-elementor-lightbox-title=\"5d693f9d46ac59057955d2bd443cb1f6~2508x0\" data-e-action-hash=\"#elementor-action%3Aaction%3Dlightbox%26settings%3DeyJpZCI6Mjg0NywidXJsIjoiaHR0cHM6XC9cL3d3dy5leHAtYnlkLmNvbVwvd3AtY29udGVudFwvdXBsb2Fkc1wvMjAyNFwvMDRcLzVkNjkzZjlkNDZhYzU5MDU3OTU1ZDJiZDQ0M2NiMWY2MjUwOHgwLndlYnAiLCJzbGlkZXNob3ciOiIyNGY2YTVjIn0%3D\" href='https:\/\/www.exp-byd.com\/wp-content\/uploads\/2024\/04\/5d693f9d46ac59057955d2bd443cb1f62508x0.webp'><img decoding=\"async\" width=\"2400\" height=\"1600\" src=\"https:\/\/www.exp-byd.com\/wp-content\/uploads\/2024\/04\/5d693f9d46ac59057955d2bd443cb1f62508x0.webp\" class=\"attachment-full size-full\" alt=\"\" srcset=\"https:\/\/www.exp-byd.com\/wp-content\/uploads\/2024\/04\/5d693f9d46ac59057955d2bd443cb1f62508x0.webp 2400w, https:\/\/www.exp-byd.com\/wp-content\/uploads\/2024\/04\/5d693f9d46ac59057955d2bd443cb1f62508x0-300x200.webp 300w, https:\/\/www.exp-byd.com\/wp-content\/uploads\/2024\/04\/5d693f9d46ac59057955d2bd443cb1f62508x0-1024x683.webp 1024w, https:\/\/www.exp-byd.com\/wp-content\/uploads\/2024\/04\/5d693f9d46ac59057955d2bd443cb1f62508x0-768x512.webp 768w, https:\/\/www.exp-byd.com\/wp-content\/uploads\/2024\/04\/5d693f9d46ac59057955d2bd443cb1f62508x0-1536x1024.webp 1536w, https:\/\/www.exp-byd.com\/wp-content\/uploads\/2024\/04\/5d693f9d46ac59057955d2bd443cb1f62508x0-2048x1365.webp 2048w, https:\/\/www.exp-byd.com\/wp-content\/uploads\/2024\/04\/5d693f9d46ac59057955d2bd443cb1f62508x0-1200x800.webp 1200w\" sizes=\"(max-width: 2400px) 100vw, 2400px\" \/><\/a>\n\t\t\t<\/div><\/figure><figure class='gallery-item'>\n\t\t\t<div class='gallery-icon landscape'>\n\t\t\t\t<a data-elementor-open-lightbox=\"yes\" data-elementor-lightbox-slideshow=\"24f6a5c\" data-elementor-lightbox-title=\"252df8c01173d712706a29cf577c6134~2508x0\" data-e-action-hash=\"#elementor-action%3Aaction%3Dlightbox%26settings%3DeyJpZCI6Mjg0OCwidXJsIjoiaHR0cHM6XC9cL3d3dy5leHAtYnlkLmNvbVwvd3AtY29udGVudFwvdXBsb2Fkc1wvMjAyNFwvMDRcLzI1MmRmOGMwMTE3M2Q3MTI3MDZhMjljZjU3N2M2MTM0MjUwOHgwLmpwZyIsInNsaWRlc2hvdyI6IjI0ZjZhNWMifQ%3D%3D\" href='https:\/\/www.exp-byd.com\/wp-content\/uploads\/2024\/04\/252df8c01173d712706a29cf577c61342508x0.jpg'><img loading=\"lazy\" decoding=\"async\" width=\"2400\" height=\"1600\" src=\"https:\/\/www.exp-byd.com\/wp-content\/uploads\/2024\/04\/252df8c01173d712706a29cf577c61342508x0.jpg\" class=\"attachment-full size-full\" alt=\"\" srcset=\"https:\/\/www.exp-byd.com\/wp-content\/uploads\/2024\/04\/252df8c01173d712706a29cf577c61342508x0.jpg 2400w, https:\/\/www.exp-byd.com\/wp-content\/uploads\/2024\/04\/252df8c01173d712706a29cf577c61342508x0-300x200.jpg 300w, https:\/\/www.exp-byd.com\/wp-content\/uploads\/2024\/04\/252df8c01173d712706a29cf577c61342508x0-1024x683.jpg 1024w, https:\/\/www.exp-byd.com\/wp-content\/uploads\/2024\/04\/252df8c01173d712706a29cf577c61342508x0-768x512.jpg 768w, https:\/\/www.exp-byd.com\/wp-content\/uploads\/2024\/04\/252df8c01173d712706a29cf577c61342508x0-1536x1024.jpg 1536w, https:\/\/www.exp-byd.com\/wp-content\/uploads\/2024\/04\/252df8c01173d712706a29cf577c61342508x0-2048x1365.jpg 2048w, https:\/\/www.exp-byd.com\/wp-content\/uploads\/2024\/04\/252df8c01173d712706a29cf577c61342508x0-1200x800.jpg 1200w\" sizes=\"(max-width: 2400px) 100vw, 2400px\" \/><\/a>\n\t\t\t<\/div><\/figure><figure class='gallery-item'>\n\t\t\t<div class='gallery-icon landscape'>\n\t\t\t\t<a data-elementor-open-lightbox=\"yes\" data-elementor-lightbox-slideshow=\"24f6a5c\" data-elementor-lightbox-title=\"009d23068d92076c5a8d381dd8be2982~2508x0\" data-e-action-hash=\"#elementor-action%3Aaction%3Dlightbox%26settings%3DeyJpZCI6Mjg0NiwidXJsIjoiaHR0cHM6XC9cL3d3dy5leHAtYnlkLmNvbVwvd3AtY29udGVudFwvdXBsb2Fkc1wvMjAyNFwvMDRcLzAwOWQyMzA2OGQ5MjA3NmM1YThkMzgxZGQ4YmUyOTgyMjUwOHgwLndlYnAiLCJzbGlkZXNob3ciOiIyNGY2YTVjIn0%3D\" href='https:\/\/www.exp-byd.com\/wp-content\/uploads\/2024\/04\/009d23068d92076c5a8d381dd8be29822508x0.webp'><img loading=\"lazy\" decoding=\"async\" width=\"2400\" height=\"1600\" src=\"https:\/\/www.exp-byd.com\/wp-content\/uploads\/2024\/04\/009d23068d92076c5a8d381dd8be29822508x0.webp\" class=\"attachment-full size-full\" alt=\"\" srcset=\"https:\/\/www.exp-byd.com\/wp-content\/uploads\/2024\/04\/009d23068d92076c5a8d381dd8be29822508x0.webp 2400w, https:\/\/www.exp-byd.com\/wp-content\/uploads\/2024\/04\/009d23068d92076c5a8d381dd8be29822508x0-300x200.webp 300w, https:\/\/www.exp-byd.com\/wp-content\/uploads\/2024\/04\/009d23068d92076c5a8d381dd8be29822508x0-1024x683.webp 1024w, https:\/\/www.exp-byd.com\/wp-content\/uploads\/2024\/04\/009d23068d92076c5a8d381dd8be29822508x0-768x512.webp 768w, https:\/\/www.exp-byd.com\/wp-content\/uploads\/2024\/04\/009d23068d92076c5a8d381dd8be29822508x0-1536x1024.webp 1536w, https:\/\/www.exp-byd.com\/wp-content\/uploads\/2024\/04\/009d23068d92076c5a8d381dd8be29822508x0-2048x1365.webp 2048w, https:\/\/www.exp-byd.com\/wp-content\/uploads\/2024\/04\/009d23068d92076c5a8d381dd8be29822508x0-1200x800.webp 1200w\" sizes=\"(max-width: 2400px) 100vw, 2400px\" \/><\/a>\n\t\t\t<\/div><\/figure>\n\t\t<\/div>\n\t\t<\/div>\n\t\t\t\t<\/div>\n\t\t\t\t<\/div>\n\t\t\t\t<\/div>\n\t\t\t\t<\/div>\n\t\t<div id=\"e-n-tab-content-2609455692\" role=\"tabpanel\" aria-labelledby=\"e-n-tab-title-2609455692\" data-tab-index=\"2\" style=\"--n-tabs-title-order: 2;\" class=\"elementor-element elementor-element-9f0b552 e-con-full e-flex e-con e-child\" data-id=\"9f0b552\" data-element_type=\"container\">\n\t\t<div class=\"elementor-element elementor-element-3dd5c9d e-con-full e-flex e-con e-child\" data-id=\"3dd5c9d\" data-element_type=\"container\">\n\t\t\t\t<div class=\"elementor-element elementor-element-f8c75e0 gallery-spacing-custom elementor-widget elementor-widget-image-gallery\" data-id=\"f8c75e0\" data-element_type=\"widget\" data-widget_type=\"image-gallery.default\">\n\t\t\t\t<div class=\"elementor-widget-container\">\n\t\t\t\t\t<div class=\"elementor-image-gallery\">\n\t\t\t<div id='gallery-2' class='gallery galleryid-2838 gallery-columns-3 gallery-size-full'><figure class='gallery-item'>\n\t\t\t<div class='gallery-icon landscape'>\n\t\t\t\t<a data-elementor-open-lightbox=\"yes\" data-elementor-lightbox-slideshow=\"f8c75e0\" data-elementor-lightbox-title=\"0f5fe99f366d6c2bc596c468d8fc579f~2508x0\" data-e-action-hash=\"#elementor-action%3Aaction%3Dlightbox%26settings%3DeyJpZCI6Mjg1MSwidXJsIjoiaHR0cHM6XC9cL3d3dy5leHAtYnlkLmNvbVwvd3AtY29udGVudFwvdXBsb2Fkc1wvMjAyNFwvMDRcLzBmNWZlOTlmMzY2ZDZjMmJjNTk2YzQ2OGQ4ZmM1NzlmMjUwOHgwLndlYnAiLCJzbGlkZXNob3ciOiJmOGM3NWUwIn0%3D\" href='https:\/\/www.exp-byd.com\/wp-content\/uploads\/2024\/04\/0f5fe99f366d6c2bc596c468d8fc579f2508x0.webp'><img loading=\"lazy\" decoding=\"async\" width=\"2400\" height=\"1600\" src=\"https:\/\/www.exp-byd.com\/wp-content\/uploads\/2024\/04\/0f5fe99f366d6c2bc596c468d8fc579f2508x0.webp\" class=\"attachment-full size-full\" alt=\"\" srcset=\"https:\/\/www.exp-byd.com\/wp-content\/uploads\/2024\/04\/0f5fe99f366d6c2bc596c468d8fc579f2508x0.webp 2400w, https:\/\/www.exp-byd.com\/wp-content\/uploads\/2024\/04\/0f5fe99f366d6c2bc596c468d8fc579f2508x0-300x200.webp 300w, https:\/\/www.exp-byd.com\/wp-content\/uploads\/2024\/04\/0f5fe99f366d6c2bc596c468d8fc579f2508x0-1024x683.webp 1024w, https:\/\/www.exp-byd.com\/wp-content\/uploads\/2024\/04\/0f5fe99f366d6c2bc596c468d8fc579f2508x0-768x512.webp 768w, https:\/\/www.exp-byd.com\/wp-content\/uploads\/2024\/04\/0f5fe99f366d6c2bc596c468d8fc579f2508x0-1536x1024.webp 1536w, https:\/\/www.exp-byd.com\/wp-content\/uploads\/2024\/04\/0f5fe99f366d6c2bc596c468d8fc579f2508x0-2048x1365.webp 2048w, https:\/\/www.exp-byd.com\/wp-content\/uploads\/2024\/04\/0f5fe99f366d6c2bc596c468d8fc579f2508x0-1200x800.webp 1200w\" sizes=\"(max-width: 2400px) 100vw, 2400px\" \/><\/a>\n\t\t\t<\/div><\/figure>\n\t\t<\/div>\n\t\t<\/div>\n\t\t\t\t<\/div>\n\t\t\t\t<\/div>\n\t\t\t\t<\/div>\n\t\t\t\t<\/div>\n\t\t<div id=\"e-n-tab-content-2609455693\" role=\"tabpanel\" aria-labelledby=\"e-n-tab-title-2609455693\" data-tab-index=\"3\" style=\"--n-tabs-title-order: 3;\" class=\"elementor-element elementor-element-1d660ec e-con-full e-flex e-con e-child\" data-id=\"1d660ec\" data-element_type=\"container\">\n\t\t<div class=\"elementor-element elementor-element-ef072dd e-con-full e-flex e-con e-child\" data-id=\"ef072dd\" data-element_type=\"container\">\n\t\t\t\t<\/div>\n\t\t\t\t<\/div>\n\t\t<div id=\"e-n-tab-content-2609455694\" role=\"tabpanel\" aria-labelledby=\"e-n-tab-title-2609455694\" data-tab-index=\"4\" style=\"--n-tabs-title-order: 4;\" class=\"elementor-element elementor-element-f215e27 e-con-full e-flex e-con e-child\" data-id=\"f215e27\" data-element_type=\"container\">\n\t\t<div class=\"elementor-element elementor-element-bbcca72 e-con-full e-flex e-con e-child\" data-id=\"bbcca72\" data-element_type=\"container\">\n\t\t\t\t<\/div>\n\t\t\t\t<\/div>\n\t\t\t\t\t<\/div>\n\t\t<\/div>\n\t\t\t\t<\/div>\n\t\t\t\t<\/div>\n\t\t\t\t\t<\/div>\n\t\t\t\t<\/div>\n\t\t\t\t<\/div>","protected":false},"excerpt":{"rendered":"<p><strong>Types de carburant<\/strong>: PHEV<\/p>\n<p><strong>Moteur<\/strong>: 1.5T 156hp L4<\/p>\n<p><strong>WLTC Pure Electric Range<\/strong> (km) :180\/102<\/p>\n<p><strong>CLTC Pure Electric Range<\/strong> (km) :245\/125<\/p>\n<p><strong>Temps d&#039;acc\u00e9l\u00e9ration de 0 \u00e0 100 km\/h<\/strong>(s): 6.7\/6.9<\/p>\n<p><strong>Vitesse de pointe<\/strong>(km\/h) : 200<\/p>\n<p><strong>Type de lecteur<\/strong>: FWD<\/p>\n<p><strong>Couleur<\/strong>: Personnalis\u00e9<\/p>\n<p><strong>Dimensions du v\u00e9hicule<\/strong>(mm): 4975x1910x1495<\/p>","protected":false},"featured_media":11954,"comment_status":"open","ping_status":"closed","template":"","meta":{"rank_math_lock_modified_date":false},"product_cat":[17],"product_tag":[],"class_list":{"0":"post-2838","1":"product","2":"type-product","3":"status-publish","4":"has-post-thumbnail","6":"product_cat-byd","8":"first","9":"instock","10":"shipping-taxable","11":"product-type-simple"},"_links":{"self":[{"href":"https:\/\/www.exp-byd.com\/fr\/wp-json\/wp\/v2\/product\/2838","targetHints":{"allow":["GET"]}}],"collection":[{"href":"https:\/\/www.exp-byd.com\/fr\/wp-json\/wp\/v2\/product"}],"about":[{"href":"https:\/\/www.exp-byd.com\/fr\/wp-json\/wp\/v2\/types\/product"}],"replies":[{"embeddable":true,"href":"https:\/\/www.exp-byd.com\/fr\/wp-json\/wp\/v2\/comments?post=2838"}],"version-history":[{"count":8,"href":"https:\/\/www.exp-byd.com\/fr\/wp-json\/wp\/v2\/product\/2838\/revisions"}],"predecessor-version":[{"id":11957,"href":"https:\/\/www.exp-byd.com\/fr\/wp-json\/wp\/v2\/product\/2838\/revisions\/11957"}],"wp:featuredmedia":[{"embeddable":true,"href":"https:\/\/www.exp-byd.com\/fr\/wp-json\/wp\/v2\/media\/11954"}],"wp:attachment":[{"href":"https:\/\/www.exp-byd.com\/fr\/wp-json\/wp\/v2\/media?parent=2838"}],"wp:term":[{"taxonomy":"product_cat","embeddable":true,"href":"https:\/\/www.exp-byd.com\/fr\/wp-json\/wp\/v2\/product_cat?post=2838"},{"taxonomy":"product_tag","embeddable":true,"href":"https:\/\/www.exp-byd.com\/fr\/wp-json\/wp\/v2\/product_tag?post=2838"}],"curies":[{"name":"wp","href":"https:\/\/api.w.org\/{rel}","templated":true}]}}