{"id":3019,"date":"2024-04-22T08:06:00","date_gmt":"2024-04-22T08:06:00","guid":{"rendered":"https:\/\/www.cevauto.com\/?post_type=product&#038;p=3019"},"modified":"2025-11-14T05:46:43","modified_gmt":"2025-11-14T05:46:43","slug":"byd-song-plus-dm-i","status":"publish","type":"product","link":"https:\/\/www.exp-byd.com\/fr\/product\/byd-song-plus-dm-i\/","title":{"rendered":"BYD SONG PLUS DM-i"},"content":{"rendered":"<div data-elementor-type=\"product-post\" data-elementor-id=\"3019\" class=\"elementor elementor-3019\" data-elementor-post-type=\"product\">\n\t\t\t\t<div class=\"elementor-element elementor-element-923e87f e-con-full e-flex e-con e-parent\" data-id=\"923e87f\" data-element_type=\"container\" data-settings=\"{&quot;background_background&quot;:&quot;video&quot;}\">\n\t\t<div class=\"elementor-element elementor-element-9c8b308 e-flex e-con-boxed e-con e-child\" data-id=\"9c8b308\" data-element_type=\"container\" data-settings=\"{&quot;background_background&quot;:&quot;video&quot;,&quot;background_play_on_mobile&quot;:&quot;yes&quot;}\">\n\t\t\t\t\t<div class=\"e-con-inner\">\n\t\t<div class=\"elementor-element elementor-element-3ab7e06 e-con-full e-flex e-con e-child\" data-id=\"3ab7e06\" data-element_type=\"container\" data-settings=\"{&quot;background_background&quot;:&quot;video&quot;,&quot;background_video_link&quot;:&quot;https:\\\/\\\/www.youtube.com\\\/watch?v=utwdGu_6bV8&quot;,&quot;background_play_on_mobile&quot;:&quot;yes&quot;}\">\n\t\t<div class=\"elementor-background-video-container\">\n\t\t\t\t\t\t\t<div class=\"elementor-background-video-embed\"><\/div>\n\t\t\t\t\t\t<\/div>\t\t<\/div>\n\t\t\t\t\t<\/div>\n\t\t\t\t<\/div>\n\t\t\t\t<\/div>\n\t\t<div class=\"elementor-element elementor-element-34cf146 e-flex e-con-boxed e-con e-parent\" data-id=\"34cf146\" data-element_type=\"container\">\n\t\t\t\t\t<div class=\"e-con-inner\">\n\t\t\t\t<div class=\"elementor-element elementor-element-f8db6a1 e-n-tabs-mobile elementor-widget elementor-widget-n-tabs\" data-id=\"f8db6a1\" data-element_type=\"widget\" data-settings=\"{&quot;tabs_justify_horizontal&quot;:&quot;start&quot;,&quot;horizontal_scroll&quot;:&quot;disable&quot;}\" data-widget_type=\"nested-tabs.default\">\n\t\t\t\t<div class=\"elementor-widget-container\">\n\t\t\t\t\t<div class=\"e-n-tabs\" data-widget-number=\"260945569\" aria-label=\"Onglets. Ouvrez des \u00e9l\u00e9ments avec Entrer ou Espace, fermez-les avec Echape et naviguez \u00e0 l&#039;aide des touches fl\u00e9ch\u00e9es.\">\n\t\t\t<div class=\"e-n-tabs-heading\" role=\"tablist\">\n\t\t\t\t\t<button id=\"e-n-tab-title-2609455691\" class=\"e-n-tab-title\" aria-selected=\"true\" data-tab-index=\"1\" role=\"tab\" tabindex=\"0\" aria-controls=\"e-n-tab-content-2609455691\" style=\"--n-tabs-title-order: 1;\">\n\t\t\t\t\t\t<span class=\"e-n-tab-title-text\">\n\t\t\t\tExt\u00e9rieur\t\t\t<\/span>\n\t\t<\/button>\n\t\t\t\t<button id=\"e-n-tab-title-2609455692\" class=\"e-n-tab-title\" aria-selected=\"false\" data-tab-index=\"2\" role=\"tab\" tabindex=\"-1\" aria-controls=\"e-n-tab-content-2609455692\" style=\"--n-tabs-title-order: 2;\">\n\t\t\t\t\t\t<span class=\"e-n-tab-title-text\">\n\t\t\t\tInt\u00e9rieur\t\t\t<\/span>\n\t\t<\/button>\n\t\t\t\t<button id=\"e-n-tab-title-2609455693\" class=\"e-n-tab-title\" aria-selected=\"false\" data-tab-index=\"3\" role=\"tab\" tabindex=\"-1\" aria-controls=\"e-n-tab-content-2609455693\" style=\"--n-tabs-title-order: 3;\">\n\t\t\t\t\t\t<span class=\"e-n-tab-title-text\">\n\t\t\t\tCaract\u00e9ristiques\t\t\t<\/span>\n\t\t<\/button>\n\t\t\t\t<button id=\"e-n-tab-title-2609455694\" class=\"e-n-tab-title\" aria-selected=\"false\" data-tab-index=\"4\" role=\"tab\" tabindex=\"-1\" aria-controls=\"e-n-tab-content-2609455694\" style=\"--n-tabs-title-order: 4;\">\n\t\t\t\t\t\t<span class=\"e-n-tab-title-text\">\n\t\t\t\tCommentaires\t\t\t<\/span>\n\t\t<\/button>\n\t\t\t\t\t<\/div>\n\t\t\t<div class=\"e-n-tabs-content\">\n\t\t\t\t<div id=\"e-n-tab-content-2609455691\" role=\"tabpanel\" aria-labelledby=\"e-n-tab-title-2609455691\" data-tab-index=\"1\" style=\"--n-tabs-title-order: 1;\" class=\"e-active elementor-element elementor-element-0291027 e-con-full e-flex e-con e-child\" data-id=\"0291027\" data-element_type=\"container\">\n\t\t<div class=\"elementor-element elementor-element-4b93aba e-con-full e-flex e-con e-child\" data-id=\"4b93aba\" data-element_type=\"container\">\n\t\t\t\t<div class=\"elementor-element elementor-element-24f6a5c gallery-spacing-custom elementor-widget elementor-widget-image-gallery\" data-id=\"24f6a5c\" data-element_type=\"widget\" data-widget_type=\"image-gallery.default\">\n\t\t\t\t<div class=\"elementor-widget-container\">\n\t\t\t\t\t<div class=\"elementor-image-gallery\">\n\t\t\t<div id='gallery-1' class='gallery galleryid-3019 gallery-columns-3 gallery-size-full'><figure class='gallery-item'>\n\t\t\t<div class='gallery-icon landscape'>\n\t\t\t\t<a data-elementor-open-lightbox=\"yes\" data-elementor-lightbox-slideshow=\"24f6a5c\" data-elementor-lightbox-title=\"song-plus-dmi-zj-pc\" data-e-action-hash=\"#elementor-action%3Aaction%3Dlightbox%26settings%3DeyJpZCI6MTE4NzYsInVybCI6Imh0dHBzOlwvXC93d3cuZXhwLWJ5ZC5jb21cL3dwLWNvbnRlbnRcL3VwbG9hZHNcLzIwMjVcLzExXC9zb25nLXBsdXMtZG1pLXpqLXBjLXNjYWxlZC53ZWJwIiwic2xpZGVzaG93IjoiMjRmNmE1YyJ9\" href='https:\/\/www.exp-byd.com\/wp-content\/uploads\/2025\/11\/song-plus-dmi-zj-pc-scaled.webp'><img fetchpriority=\"high\" decoding=\"async\" width=\"2560\" height=\"1440\" src=\"https:\/\/www.exp-byd.com\/wp-content\/uploads\/2025\/11\/song-plus-dmi-zj-pc-scaled.webp\" class=\"attachment-full size-full\" alt=\"\" srcset=\"https:\/\/www.exp-byd.com\/wp-content\/uploads\/2025\/11\/song-plus-dmi-zj-pc-scaled.webp 2560w, https:\/\/www.exp-byd.com\/wp-content\/uploads\/2025\/11\/song-plus-dmi-zj-pc-300x169.webp 300w, https:\/\/www.exp-byd.com\/wp-content\/uploads\/2025\/11\/song-plus-dmi-zj-pc-1024x576.webp 1024w, https:\/\/www.exp-byd.com\/wp-content\/uploads\/2025\/11\/song-plus-dmi-zj-pc-768x432.webp 768w, https:\/\/www.exp-byd.com\/wp-content\/uploads\/2025\/11\/song-plus-dmi-zj-pc-1536x864.webp 1536w, https:\/\/www.exp-byd.com\/wp-content\/uploads\/2025\/11\/song-plus-dmi-zj-pc-2048x1152.webp 2048w, https:\/\/www.exp-byd.com\/wp-content\/uploads\/2025\/11\/song-plus-dmi-zj-pc-18x10.webp 18w, https:\/\/www.exp-byd.com\/wp-content\/uploads\/2025\/11\/song-plus-dmi-zj-pc-1200x675.webp 1200w\" sizes=\"(max-width: 2560px) 100vw, 2560px\" \/><\/a>\n\t\t\t<\/div><\/figure>\n\t\t<\/div>\n\t\t<\/div>\n\t\t\t\t<\/div>\n\t\t\t\t<\/div>\n\t\t\t\t<\/div>\n\t\t\t\t<\/div>\n\t\t<div id=\"e-n-tab-content-2609455692\" role=\"tabpanel\" aria-labelledby=\"e-n-tab-title-2609455692\" data-tab-index=\"2\" style=\"--n-tabs-title-order: 2;\" class=\"elementor-element elementor-element-9f0b552 e-con-full e-flex e-con e-child\" data-id=\"9f0b552\" data-element_type=\"container\">\n\t\t<div class=\"elementor-element elementor-element-3dd5c9d e-con-full e-flex e-con e-child\" data-id=\"3dd5c9d\" data-element_type=\"container\">\n\t\t\t\t<div class=\"elementor-element elementor-element-f8c75e0 gallery-spacing-custom elementor-widget elementor-widget-image-gallery\" data-id=\"f8c75e0\" data-element_type=\"widget\" data-widget_type=\"image-gallery.default\">\n\t\t\t\t<div class=\"elementor-widget-container\">\n\t\t\t\t\t<div class=\"elementor-image-gallery\">\n\t\t\t<div id='gallery-2' class='gallery galleryid-3019 gallery-columns-3 gallery-size-full'><figure class='gallery-item'>\n\t\t\t<div class='gallery-icon landscape'>\n\t\t\t\t<a data-elementor-open-lightbox=\"yes\" data-elementor-lightbox-slideshow=\"f8c75e0\" data-elementor-lightbox-title=\"fbcfc48705df8aa1445ac8b1159699b8~2508x0\" data-e-action-hash=\"#elementor-action%3Aaction%3Dlightbox%26settings%3DeyJpZCI6MTE4NzUsInVybCI6Imh0dHBzOlwvXC93d3cuZXhwLWJ5ZC5jb21cL3dwLWNvbnRlbnRcL3VwbG9hZHNcLzIwMjVcLzExXC9mYmNmYzQ4NzA1ZGY4YWExNDQ1YWM4YjExNTk2OTliODI1MDh4MC0xLndlYnAiLCJzbGlkZXNob3ciOiJmOGM3NWUwIn0%3D\" href='https:\/\/www.exp-byd.com\/wp-content\/uploads\/2025\/11\/fbcfc48705df8aa1445ac8b1159699b82508x0-1.webp'><img decoding=\"async\" width=\"2400\" height=\"1600\" src=\"https:\/\/www.exp-byd.com\/wp-content\/uploads\/2025\/11\/fbcfc48705df8aa1445ac8b1159699b82508x0-1.webp\" class=\"attachment-full size-full\" alt=\"\" srcset=\"https:\/\/www.exp-byd.com\/wp-content\/uploads\/2025\/11\/fbcfc48705df8aa1445ac8b1159699b82508x0-1.webp 2400w, https:\/\/www.exp-byd.com\/wp-content\/uploads\/2025\/11\/fbcfc48705df8aa1445ac8b1159699b82508x0-1-300x200.webp 300w, https:\/\/www.exp-byd.com\/wp-content\/uploads\/2025\/11\/fbcfc48705df8aa1445ac8b1159699b82508x0-1-1024x683.webp 1024w, https:\/\/www.exp-byd.com\/wp-content\/uploads\/2025\/11\/fbcfc48705df8aa1445ac8b1159699b82508x0-1-768x512.webp 768w, https:\/\/www.exp-byd.com\/wp-content\/uploads\/2025\/11\/fbcfc48705df8aa1445ac8b1159699b82508x0-1-1536x1024.webp 1536w, https:\/\/www.exp-byd.com\/wp-content\/uploads\/2025\/11\/fbcfc48705df8aa1445ac8b1159699b82508x0-1-2048x1365.webp 2048w, https:\/\/www.exp-byd.com\/wp-content\/uploads\/2025\/11\/fbcfc48705df8aa1445ac8b1159699b82508x0-1-18x12.webp 18w, https:\/\/www.exp-byd.com\/wp-content\/uploads\/2025\/11\/fbcfc48705df8aa1445ac8b1159699b82508x0-1-1200x800.webp 1200w\" sizes=\"(max-width: 2400px) 100vw, 2400px\" \/><\/a>\n\t\t\t<\/div><\/figure><figure class='gallery-item'>\n\t\t\t<div class='gallery-icon landscape'>\n\t\t\t\t<a data-elementor-open-lightbox=\"yes\" data-elementor-lightbox-slideshow=\"f8c75e0\" data-elementor-lightbox-title=\"00bb44aeb466173d016e9a57c944a422~2508x0\" data-e-action-hash=\"#elementor-action%3Aaction%3Dlightbox%26settings%3DeyJpZCI6MTE4NzAsInVybCI6Imh0dHBzOlwvXC93d3cuZXhwLWJ5ZC5jb21cL3dwLWNvbnRlbnRcL3VwbG9hZHNcLzIwMjVcLzExXC8wMGJiNDRhZWI0NjYxNzNkMDE2ZTlhNTdjOTQ0YTQyMjI1MDh4MC53ZWJwIiwic2xpZGVzaG93IjoiZjhjNzVlMCJ9\" href='https:\/\/www.exp-byd.com\/wp-content\/uploads\/2025\/11\/00bb44aeb466173d016e9a57c944a4222508x0.webp'><img decoding=\"async\" width=\"2400\" height=\"1600\" src=\"https:\/\/www.exp-byd.com\/wp-content\/uploads\/2025\/11\/00bb44aeb466173d016e9a57c944a4222508x0.webp\" class=\"attachment-full size-full\" alt=\"\" srcset=\"https:\/\/www.exp-byd.com\/wp-content\/uploads\/2025\/11\/00bb44aeb466173d016e9a57c944a4222508x0.webp 2400w, https:\/\/www.exp-byd.com\/wp-content\/uploads\/2025\/11\/00bb44aeb466173d016e9a57c944a4222508x0-300x200.webp 300w, https:\/\/www.exp-byd.com\/wp-content\/uploads\/2025\/11\/00bb44aeb466173d016e9a57c944a4222508x0-1024x683.webp 1024w, https:\/\/www.exp-byd.com\/wp-content\/uploads\/2025\/11\/00bb44aeb466173d016e9a57c944a4222508x0-768x512.webp 768w, https:\/\/www.exp-byd.com\/wp-content\/uploads\/2025\/11\/00bb44aeb466173d016e9a57c944a4222508x0-1536x1024.webp 1536w, https:\/\/www.exp-byd.com\/wp-content\/uploads\/2025\/11\/00bb44aeb466173d016e9a57c944a4222508x0-2048x1365.webp 2048w, https:\/\/www.exp-byd.com\/wp-content\/uploads\/2025\/11\/00bb44aeb466173d016e9a57c944a4222508x0-18x12.webp 18w, https:\/\/www.exp-byd.com\/wp-content\/uploads\/2025\/11\/00bb44aeb466173d016e9a57c944a4222508x0-1200x800.webp 1200w\" sizes=\"(max-width: 2400px) 100vw, 2400px\" \/><\/a>\n\t\t\t<\/div><\/figure><figure class='gallery-item'>\n\t\t\t<div class='gallery-icon landscape'>\n\t\t\t\t<a data-elementor-open-lightbox=\"yes\" data-elementor-lightbox-slideshow=\"f8c75e0\" data-elementor-lightbox-title=\"58c5d791e23f4cf1c710ec5095f4e946~2508x0\" data-e-action-hash=\"#elementor-action%3Aaction%3Dlightbox%26settings%3DeyJpZCI6MTE4NzEsInVybCI6Imh0dHBzOlwvXC93d3cuZXhwLWJ5ZC5jb21cL3dwLWNvbnRlbnRcL3VwbG9hZHNcLzIwMjVcLzExXC81OGM1ZDc5MWUyM2Y0Y2YxYzcxMGVjNTA5NWY0ZTk0NjI1MDh4MC53ZWJwIiwic2xpZGVzaG93IjoiZjhjNzVlMCJ9\" href='https:\/\/www.exp-byd.com\/wp-content\/uploads\/2025\/11\/58c5d791e23f4cf1c710ec5095f4e9462508x0.webp'><img loading=\"lazy\" decoding=\"async\" width=\"2400\" height=\"1600\" src=\"https:\/\/www.exp-byd.com\/wp-content\/uploads\/2025\/11\/58c5d791e23f4cf1c710ec5095f4e9462508x0.webp\" class=\"attachment-full size-full\" alt=\"\" srcset=\"https:\/\/www.exp-byd.com\/wp-content\/uploads\/2025\/11\/58c5d791e23f4cf1c710ec5095f4e9462508x0.webp 2400w, https:\/\/www.exp-byd.com\/wp-content\/uploads\/2025\/11\/58c5d791e23f4cf1c710ec5095f4e9462508x0-300x200.webp 300w, https:\/\/www.exp-byd.com\/wp-content\/uploads\/2025\/11\/58c5d791e23f4cf1c710ec5095f4e9462508x0-1024x683.webp 1024w, https:\/\/www.exp-byd.com\/wp-content\/uploads\/2025\/11\/58c5d791e23f4cf1c710ec5095f4e9462508x0-768x512.webp 768w, https:\/\/www.exp-byd.com\/wp-content\/uploads\/2025\/11\/58c5d791e23f4cf1c710ec5095f4e9462508x0-1536x1024.webp 1536w, https:\/\/www.exp-byd.com\/wp-content\/uploads\/2025\/11\/58c5d791e23f4cf1c710ec5095f4e9462508x0-2048x1365.webp 2048w, https:\/\/www.exp-byd.com\/wp-content\/uploads\/2025\/11\/58c5d791e23f4cf1c710ec5095f4e9462508x0-18x12.webp 18w, https:\/\/www.exp-byd.com\/wp-content\/uploads\/2025\/11\/58c5d791e23f4cf1c710ec5095f4e9462508x0-1200x800.webp 1200w\" sizes=\"(max-width: 2400px) 100vw, 2400px\" \/><\/a>\n\t\t\t<\/div><\/figure><figure class='gallery-item'>\n\t\t\t<div class='gallery-icon landscape'>\n\t\t\t\t<a data-elementor-open-lightbox=\"yes\" data-elementor-lightbox-slideshow=\"f8c75e0\" data-elementor-lightbox-title=\"c7f987fed1fae3cf4e9553f4989b0c39~2508x0\" data-e-action-hash=\"#elementor-action%3Aaction%3Dlightbox%26settings%3DeyJpZCI6MTE4NzMsInVybCI6Imh0dHBzOlwvXC93d3cuZXhwLWJ5ZC5jb21cL3dwLWNvbnRlbnRcL3VwbG9hZHNcLzIwMjVcLzExXC9jN2Y5ODdmZWQxZmFlM2NmNGU5NTUzZjQ5ODliMGMzOTI1MDh4MC0xLndlYnAiLCJzbGlkZXNob3ciOiJmOGM3NWUwIn0%3D\" href='https:\/\/www.exp-byd.com\/wp-content\/uploads\/2025\/11\/c7f987fed1fae3cf4e9553f4989b0c392508x0-1.webp'><img loading=\"lazy\" decoding=\"async\" width=\"2400\" height=\"1600\" src=\"https:\/\/www.exp-byd.com\/wp-content\/uploads\/2025\/11\/c7f987fed1fae3cf4e9553f4989b0c392508x0-1.webp\" class=\"attachment-full size-full\" alt=\"\" srcset=\"https:\/\/www.exp-byd.com\/wp-content\/uploads\/2025\/11\/c7f987fed1fae3cf4e9553f4989b0c392508x0-1.webp 2400w, https:\/\/www.exp-byd.com\/wp-content\/uploads\/2025\/11\/c7f987fed1fae3cf4e9553f4989b0c392508x0-1-300x200.webp 300w, https:\/\/www.exp-byd.com\/wp-content\/uploads\/2025\/11\/c7f987fed1fae3cf4e9553f4989b0c392508x0-1-1024x683.webp 1024w, https:\/\/www.exp-byd.com\/wp-content\/uploads\/2025\/11\/c7f987fed1fae3cf4e9553f4989b0c392508x0-1-768x512.webp 768w, https:\/\/www.exp-byd.com\/wp-content\/uploads\/2025\/11\/c7f987fed1fae3cf4e9553f4989b0c392508x0-1-1536x1024.webp 1536w, https:\/\/www.exp-byd.com\/wp-content\/uploads\/2025\/11\/c7f987fed1fae3cf4e9553f4989b0c392508x0-1-2048x1365.webp 2048w, https:\/\/www.exp-byd.com\/wp-content\/uploads\/2025\/11\/c7f987fed1fae3cf4e9553f4989b0c392508x0-1-18x12.webp 18w, https:\/\/www.exp-byd.com\/wp-content\/uploads\/2025\/11\/c7f987fed1fae3cf4e9553f4989b0c392508x0-1-1200x800.webp 1200w\" sizes=\"(max-width: 2400px) 100vw, 2400px\" \/><\/a>\n\t\t\t<\/div><\/figure><figure class='gallery-item'>\n\t\t\t<div class='gallery-icon landscape'>\n\t\t\t\t<a data-elementor-open-lightbox=\"yes\" data-elementor-lightbox-slideshow=\"f8c75e0\" data-elementor-lightbox-title=\"1574d62a6f9294d0f7bcf7f6da61f578~2508x0\" data-e-action-hash=\"#elementor-action%3Aaction%3Dlightbox%26settings%3DeyJpZCI6MTE4NjYsInVybCI6Imh0dHBzOlwvXC93d3cuZXhwLWJ5ZC5jb21cL3dwLWNvbnRlbnRcL3VwbG9hZHNcLzIwMjVcLzExXC8xNTc0ZDYyYTZmOTI5NGQwZjdiY2Y3ZjZkYTYxZjU3ODI1MDh4MC53ZWJwIiwic2xpZGVzaG93IjoiZjhjNzVlMCJ9\" href='https:\/\/www.exp-byd.com\/wp-content\/uploads\/2025\/11\/1574d62a6f9294d0f7bcf7f6da61f5782508x0.webp'><img loading=\"lazy\" decoding=\"async\" width=\"2400\" height=\"1600\" src=\"https:\/\/www.exp-byd.com\/wp-content\/uploads\/2025\/11\/1574d62a6f9294d0f7bcf7f6da61f5782508x0.webp\" class=\"attachment-full size-full\" alt=\"\" srcset=\"https:\/\/www.exp-byd.com\/wp-content\/uploads\/2025\/11\/1574d62a6f9294d0f7bcf7f6da61f5782508x0.webp 2400w, https:\/\/www.exp-byd.com\/wp-content\/uploads\/2025\/11\/1574d62a6f9294d0f7bcf7f6da61f5782508x0-300x200.webp 300w, https:\/\/www.exp-byd.com\/wp-content\/uploads\/2025\/11\/1574d62a6f9294d0f7bcf7f6da61f5782508x0-1024x683.webp 1024w, https:\/\/www.exp-byd.com\/wp-content\/uploads\/2025\/11\/1574d62a6f9294d0f7bcf7f6da61f5782508x0-768x512.webp 768w, https:\/\/www.exp-byd.com\/wp-content\/uploads\/2025\/11\/1574d62a6f9294d0f7bcf7f6da61f5782508x0-1536x1024.webp 1536w, https:\/\/www.exp-byd.com\/wp-content\/uploads\/2025\/11\/1574d62a6f9294d0f7bcf7f6da61f5782508x0-2048x1365.webp 2048w, https:\/\/www.exp-byd.com\/wp-content\/uploads\/2025\/11\/1574d62a6f9294d0f7bcf7f6da61f5782508x0-18x12.webp 18w, https:\/\/www.exp-byd.com\/wp-content\/uploads\/2025\/11\/1574d62a6f9294d0f7bcf7f6da61f5782508x0-1200x800.webp 1200w\" sizes=\"(max-width: 2400px) 100vw, 2400px\" \/><\/a>\n\t\t\t<\/div><\/figure><figure class='gallery-item'>\n\t\t\t<div class='gallery-icon landscape'>\n\t\t\t\t<a data-elementor-open-lightbox=\"yes\" data-elementor-lightbox-slideshow=\"f8c75e0\" data-elementor-lightbox-title=\"ee4311ce2af9f3ea604986e43e5b3499~2508x0\" data-e-action-hash=\"#elementor-action%3Aaction%3Dlightbox%26settings%3DeyJpZCI6MTE4NjgsInVybCI6Imh0dHBzOlwvXC93d3cuZXhwLWJ5ZC5jb21cL3dwLWNvbnRlbnRcL3VwbG9hZHNcLzIwMjVcLzExXC9lZTQzMTFjZTJhZjlmM2VhNjA0OTg2ZTQzZTViMzQ5OTI1MDh4MC53ZWJwIiwic2xpZGVzaG93IjoiZjhjNzVlMCJ9\" href='https:\/\/www.exp-byd.com\/wp-content\/uploads\/2025\/11\/ee4311ce2af9f3ea604986e43e5b34992508x0.webp'><img loading=\"lazy\" decoding=\"async\" width=\"2400\" height=\"1600\" src=\"https:\/\/www.exp-byd.com\/wp-content\/uploads\/2025\/11\/ee4311ce2af9f3ea604986e43e5b34992508x0.webp\" class=\"attachment-full size-full\" alt=\"\" srcset=\"https:\/\/www.exp-byd.com\/wp-content\/uploads\/2025\/11\/ee4311ce2af9f3ea604986e43e5b34992508x0.webp 2400w, https:\/\/www.exp-byd.com\/wp-content\/uploads\/2025\/11\/ee4311ce2af9f3ea604986e43e5b34992508x0-300x200.webp 300w, https:\/\/www.exp-byd.com\/wp-content\/uploads\/2025\/11\/ee4311ce2af9f3ea604986e43e5b34992508x0-1024x683.webp 1024w, https:\/\/www.exp-byd.com\/wp-content\/uploads\/2025\/11\/ee4311ce2af9f3ea604986e43e5b34992508x0-768x512.webp 768w, https:\/\/www.exp-byd.com\/wp-content\/uploads\/2025\/11\/ee4311ce2af9f3ea604986e43e5b34992508x0-1536x1024.webp 1536w, https:\/\/www.exp-byd.com\/wp-content\/uploads\/2025\/11\/ee4311ce2af9f3ea604986e43e5b34992508x0-2048x1365.webp 2048w, https:\/\/www.exp-byd.com\/wp-content\/uploads\/2025\/11\/ee4311ce2af9f3ea604986e43e5b34992508x0-18x12.webp 18w, https:\/\/www.exp-byd.com\/wp-content\/uploads\/2025\/11\/ee4311ce2af9f3ea604986e43e5b34992508x0-1200x800.webp 1200w\" sizes=\"(max-width: 2400px) 100vw, 2400px\" \/><\/a>\n\t\t\t<\/div><\/figure>\n\t\t<\/div>\n\t\t<\/div>\n\t\t\t\t<\/div>\n\t\t\t\t<\/div>\n\t\t\t\t<\/div>\n\t\t\t\t<\/div>\n\t\t<div id=\"e-n-tab-content-2609455693\" role=\"tabpanel\" aria-labelledby=\"e-n-tab-title-2609455693\" data-tab-index=\"3\" style=\"--n-tabs-title-order: 3;\" class=\"elementor-element elementor-element-1d660ec e-con-full e-flex e-con e-child\" data-id=\"1d660ec\" data-element_type=\"container\">\n\t\t<div class=\"elementor-element elementor-element-ef072dd e-con-full e-flex e-con e-child\" data-id=\"ef072dd\" data-element_type=\"container\">\n\t\t\t\t<\/div>\n\t\t\t\t<\/div>\n\t\t<div id=\"e-n-tab-content-2609455694\" role=\"tabpanel\" aria-labelledby=\"e-n-tab-title-2609455694\" data-tab-index=\"4\" style=\"--n-tabs-title-order: 4;\" class=\"elementor-element elementor-element-f215e27 e-con-full e-flex e-con e-child\" data-id=\"f215e27\" data-element_type=\"container\">\n\t\t<div class=\"elementor-element elementor-element-bbcca72 e-con-full e-flex e-con e-child\" data-id=\"bbcca72\" data-element_type=\"container\">\n\t\t\t\t<\/div>\n\t\t\t\t<\/div>\n\t\t\t\t\t<\/div>\n\t\t<\/div>\n\t\t\t\t<\/div>\n\t\t\t\t<\/div>\n\t\t\t\t\t<\/div>\n\t\t\t\t<\/div>\n\t\t\t\t<\/div>","protected":false},"excerpt":{"rendered":"<p><strong>Types de carburant<\/strong>: BEV<\/p>\n<p><strong>Morphologie du corps<\/strong>: 5-door, 5-seat SUV<\/p>\n<p><strong>Moteur<\/strong>: 1.5L, 101 hp, L4<\/p>\n<p><strong>WLTC pure electric range<\/strong> (km): 60\/91\/128<\/p>\n<p><strong>CLTC pure electric range<\/strong> (km): 75\/112\/160<\/p>\n<p><strong>Temps d&#039;acc\u00e9l\u00e9ration de 0 \u00e0 100 km\/h<\/strong>(s):7.7\/7.9<\/p>\n<p><strong>Vitesse de pointe<\/strong>(km\/h) : 180<\/p>\n<p><strong>Type de lecteur<\/strong>: FWD<\/p>\n<p><strong>Couleur<\/strong>: Personnalis\u00e9<\/p>\n<p><strong>Dimensions du v\u00e9hicule<\/strong>(mm): 4775x1890x1670<\/p>","protected":false},"featured_media":11860,"comment_status":"open","ping_status":"closed","template":"","meta":{"rank_math_lock_modified_date":false},"product_cat":[17],"product_tag":[],"class_list":{"0":"post-3019","1":"product","2":"type-product","3":"status-publish","4":"has-post-thumbnail","6":"product_cat-byd","8":"first","9":"instock","10":"shipping-taxable","11":"product-type-simple"},"_links":{"self":[{"href":"https:\/\/www.exp-byd.com\/fr\/wp-json\/wp\/v2\/product\/3019","targetHints":{"allow":["GET"]}}],"collection":[{"href":"https:\/\/www.exp-byd.com\/fr\/wp-json\/wp\/v2\/product"}],"about":[{"href":"https:\/\/www.exp-byd.com\/fr\/wp-json\/wp\/v2\/types\/product"}],"replies":[{"embeddable":true,"href":"https:\/\/www.exp-byd.com\/fr\/wp-json\/wp\/v2\/comments?post=3019"}],"version-history":[{"count":10,"href":"https:\/\/www.exp-byd.com\/fr\/wp-json\/wp\/v2\/product\/3019\/revisions"}],"predecessor-version":[{"id":11879,"href":"https:\/\/www.exp-byd.com\/fr\/wp-json\/wp\/v2\/product\/3019\/revisions\/11879"}],"wp:featuredmedia":[{"embeddable":true,"href":"https:\/\/www.exp-byd.com\/fr\/wp-json\/wp\/v2\/media\/11860"}],"wp:attachment":[{"href":"https:\/\/www.exp-byd.com\/fr\/wp-json\/wp\/v2\/media?parent=3019"}],"wp:term":[{"taxonomy":"product_cat","embeddable":true,"href":"https:\/\/www.exp-byd.com\/fr\/wp-json\/wp\/v2\/product_cat?post=3019"},{"taxonomy":"product_tag","embeddable":true,"href":"https:\/\/www.exp-byd.com\/fr\/wp-json\/wp\/v2\/product_tag?post=3019"}],"curies":[{"name":"wp","href":"https:\/\/api.w.org\/{rel}","templated":true}]}}