{"id":3060,"date":"2024-04-22T08:21:25","date_gmt":"2024-04-22T08:21:25","guid":{"rendered":"https:\/\/www.cevauto.com\/?post_type=product&#038;p=3060"},"modified":"2025-11-14T05:24:52","modified_gmt":"2025-11-14T05:24:52","slug":"byd-tang-dm-i","status":"publish","type":"product","link":"https:\/\/www.exp-byd.com\/fr\/product\/byd-tang-dm-i\/","title":{"rendered":"BYD TANG DM-i"},"content":{"rendered":"<div data-elementor-type=\"product-post\" data-elementor-id=\"3060\" class=\"elementor elementor-3060\" data-elementor-post-type=\"product\">\n\t\t\t\t<div class=\"elementor-element elementor-element-923e87f e-con-full e-flex e-con e-parent\" data-id=\"923e87f\" data-element_type=\"container\" data-settings=\"{&quot;background_background&quot;:&quot;video&quot;}\">\n\t\t<div class=\"elementor-element elementor-element-9c8b308 e-flex e-con-boxed e-con e-child\" data-id=\"9c8b308\" data-element_type=\"container\" data-settings=\"{&quot;background_background&quot;:&quot;video&quot;,&quot;background_play_on_mobile&quot;:&quot;yes&quot;}\">\n\t\t\t\t\t<div class=\"e-con-inner\">\n\t\t<div class=\"elementor-element elementor-element-3ab7e06 e-con-full e-flex e-con e-child\" data-id=\"3ab7e06\" data-element_type=\"container\" data-settings=\"{&quot;background_background&quot;:&quot;video&quot;,&quot;background_video_link&quot;:&quot;https:\\\/\\\/www.youtube.com\\\/watch?v=CZSCPSszuYA&quot;,&quot;background_play_on_mobile&quot;:&quot;yes&quot;}\">\n\t\t<div class=\"elementor-background-video-container\">\n\t\t\t\t\t\t\t<div class=\"elementor-background-video-embed\"><\/div>\n\t\t\t\t\t\t<\/div>\t\t<\/div>\n\t\t\t\t\t<\/div>\n\t\t\t\t<\/div>\n\t\t\t\t<\/div>\n\t\t<div class=\"elementor-element elementor-element-34cf146 e-flex e-con-boxed e-con e-parent\" data-id=\"34cf146\" data-element_type=\"container\">\n\t\t\t\t\t<div class=\"e-con-inner\">\n\t\t\t\t<div class=\"elementor-element elementor-element-f8db6a1 e-n-tabs-mobile elementor-widget elementor-widget-n-tabs\" data-id=\"f8db6a1\" data-element_type=\"widget\" data-settings=\"{&quot;tabs_justify_horizontal&quot;:&quot;start&quot;,&quot;horizontal_scroll&quot;:&quot;disable&quot;}\" data-widget_type=\"nested-tabs.default\">\n\t\t\t\t<div class=\"elementor-widget-container\">\n\t\t\t\t\t<div class=\"e-n-tabs\" data-widget-number=\"260945569\" aria-label=\"Onglets. Ouvrez des \u00e9l\u00e9ments avec Entrer ou Espace, fermez-les avec Echape et naviguez \u00e0 l&#039;aide des touches fl\u00e9ch\u00e9es.\">\n\t\t\t<div class=\"e-n-tabs-heading\" role=\"tablist\">\n\t\t\t\t\t<button id=\"e-n-tab-title-2609455691\" class=\"e-n-tab-title\" aria-selected=\"true\" data-tab-index=\"1\" role=\"tab\" tabindex=\"0\" aria-controls=\"e-n-tab-content-2609455691\" style=\"--n-tabs-title-order: 1;\">\n\t\t\t\t\t\t<span class=\"e-n-tab-title-text\">\n\t\t\t\tExt\u00e9rieur\t\t\t<\/span>\n\t\t<\/button>\n\t\t\t\t<button id=\"e-n-tab-title-2609455692\" class=\"e-n-tab-title\" aria-selected=\"false\" data-tab-index=\"2\" role=\"tab\" tabindex=\"-1\" aria-controls=\"e-n-tab-content-2609455692\" style=\"--n-tabs-title-order: 2;\">\n\t\t\t\t\t\t<span class=\"e-n-tab-title-text\">\n\t\t\t\tInt\u00e9rieur\t\t\t<\/span>\n\t\t<\/button>\n\t\t\t\t<button id=\"e-n-tab-title-2609455693\" class=\"e-n-tab-title\" aria-selected=\"false\" data-tab-index=\"3\" role=\"tab\" tabindex=\"-1\" aria-controls=\"e-n-tab-content-2609455693\" style=\"--n-tabs-title-order: 3;\">\n\t\t\t\t\t\t<span class=\"e-n-tab-title-text\">\n\t\t\t\tCaract\u00e9ristiques\t\t\t<\/span>\n\t\t<\/button>\n\t\t\t\t<button id=\"e-n-tab-title-2609455694\" class=\"e-n-tab-title\" aria-selected=\"false\" data-tab-index=\"4\" role=\"tab\" tabindex=\"-1\" aria-controls=\"e-n-tab-content-2609455694\" style=\"--n-tabs-title-order: 4;\">\n\t\t\t\t\t\t<span class=\"e-n-tab-title-text\">\n\t\t\t\tCommentaires\t\t\t<\/span>\n\t\t<\/button>\n\t\t\t\t\t<\/div>\n\t\t\t<div class=\"e-n-tabs-content\">\n\t\t\t\t<div id=\"e-n-tab-content-2609455691\" role=\"tabpanel\" aria-labelledby=\"e-n-tab-title-2609455691\" data-tab-index=\"1\" style=\"--n-tabs-title-order: 1;\" class=\"e-active elementor-element elementor-element-0291027 e-con-full e-flex e-con e-child\" data-id=\"0291027\" data-element_type=\"container\">\n\t\t<div class=\"elementor-element elementor-element-4b93aba e-con-full e-flex e-con e-child\" data-id=\"4b93aba\" data-element_type=\"container\">\n\t\t\t\t<div class=\"elementor-element elementor-element-24f6a5c gallery-spacing-custom elementor-widget elementor-widget-image-gallery\" data-id=\"24f6a5c\" data-element_type=\"widget\" data-widget_type=\"image-gallery.default\">\n\t\t\t\t<div class=\"elementor-widget-container\">\n\t\t\t\t\t<div class=\"elementor-image-gallery\">\n\t\t\t<div id='gallery-1' class='gallery galleryid-3060 gallery-columns-3 gallery-size-full'><figure class='gallery-item'>\n\t\t\t<div class='gallery-icon landscape'>\n\t\t\t\t<a data-elementor-open-lightbox=\"yes\" data-elementor-lightbox-slideshow=\"24f6a5c\" data-elementor-lightbox-title=\"00_\u770b\u56fe\u738b\" data-e-action-hash=\"#elementor-action%3Aaction%3Dlightbox%26settings%3DeyJpZCI6MTE4MTksInVybCI6Imh0dHBzOlwvXC93d3cuZXhwLWJ5ZC5jb21cL3dwLWNvbnRlbnRcL3VwbG9hZHNcLzIwMjVcLzExXC8wMF9cdTc3MGJcdTU2ZmVcdTczOGIuanBnIiwic2xpZGVzaG93IjoiMjRmNmE1YyJ9\" href='https:\/\/www.exp-byd.com\/wp-content\/uploads\/2025\/11\/00_\u770b\u56fe\u738b.jpg'><img fetchpriority=\"high\" decoding=\"async\" width=\"2400\" height=\"1600\" src=\"https:\/\/www.exp-byd.com\/wp-content\/uploads\/2025\/11\/00_\u770b\u56fe\u738b.jpg\" class=\"attachment-full size-full\" alt=\"\" srcset=\"https:\/\/www.exp-byd.com\/wp-content\/uploads\/2025\/11\/00_\u770b\u56fe\u738b.jpg 2400w, https:\/\/www.exp-byd.com\/wp-content\/uploads\/2025\/11\/00_\u770b\u56fe\u738b-300x200.jpg 300w, https:\/\/www.exp-byd.com\/wp-content\/uploads\/2025\/11\/00_\u770b\u56fe\u738b-1024x683.jpg 1024w, https:\/\/www.exp-byd.com\/wp-content\/uploads\/2025\/11\/00_\u770b\u56fe\u738b-768x512.jpg 768w, https:\/\/www.exp-byd.com\/wp-content\/uploads\/2025\/11\/00_\u770b\u56fe\u738b-1536x1024.jpg 1536w, https:\/\/www.exp-byd.com\/wp-content\/uploads\/2025\/11\/00_\u770b\u56fe\u738b-2048x1365.jpg 2048w, https:\/\/www.exp-byd.com\/wp-content\/uploads\/2025\/11\/00_\u770b\u56fe\u738b-18x12.jpg 18w, https:\/\/www.exp-byd.com\/wp-content\/uploads\/2025\/11\/00_\u770b\u56fe\u738b-1200x800.jpg 1200w\" sizes=\"(max-width: 2400px) 100vw, 2400px\" \/><\/a>\n\t\t\t<\/div><\/figure><figure class='gallery-item'>\n\t\t\t<div class='gallery-icon landscape'>\n\t\t\t\t<a data-elementor-open-lightbox=\"yes\" data-elementor-lightbox-slideshow=\"24f6a5c\" data-elementor-lightbox-title=\"d3efd6fb0f553012b3d491d81c6aeda8~2508x0\" data-e-action-hash=\"#elementor-action%3Aaction%3Dlightbox%26settings%3DeyJpZCI6MTE4MjEsInVybCI6Imh0dHBzOlwvXC93d3cuZXhwLWJ5ZC5jb21cL3dwLWNvbnRlbnRcL3VwbG9hZHNcLzIwMjVcLzExXC9kM2VmZDZmYjBmNTUzMDEyYjNkNDkxZDgxYzZhZWRhODI1MDh4MC53ZWJwIiwic2xpZGVzaG93IjoiMjRmNmE1YyJ9\" href='https:\/\/www.exp-byd.com\/wp-content\/uploads\/2025\/11\/d3efd6fb0f553012b3d491d81c6aeda82508x0.webp'><img decoding=\"async\" width=\"2400\" height=\"1600\" src=\"https:\/\/www.exp-byd.com\/wp-content\/uploads\/2025\/11\/d3efd6fb0f553012b3d491d81c6aeda82508x0.webp\" class=\"attachment-full size-full\" alt=\"\" srcset=\"https:\/\/www.exp-byd.com\/wp-content\/uploads\/2025\/11\/d3efd6fb0f553012b3d491d81c6aeda82508x0.webp 2400w, https:\/\/www.exp-byd.com\/wp-content\/uploads\/2025\/11\/d3efd6fb0f553012b3d491d81c6aeda82508x0-300x200.webp 300w, https:\/\/www.exp-byd.com\/wp-content\/uploads\/2025\/11\/d3efd6fb0f553012b3d491d81c6aeda82508x0-1024x683.webp 1024w, https:\/\/www.exp-byd.com\/wp-content\/uploads\/2025\/11\/d3efd6fb0f553012b3d491d81c6aeda82508x0-768x512.webp 768w, https:\/\/www.exp-byd.com\/wp-content\/uploads\/2025\/11\/d3efd6fb0f553012b3d491d81c6aeda82508x0-1536x1024.webp 1536w, https:\/\/www.exp-byd.com\/wp-content\/uploads\/2025\/11\/d3efd6fb0f553012b3d491d81c6aeda82508x0-2048x1365.webp 2048w, https:\/\/www.exp-byd.com\/wp-content\/uploads\/2025\/11\/d3efd6fb0f553012b3d491d81c6aeda82508x0-18x12.webp 18w, https:\/\/www.exp-byd.com\/wp-content\/uploads\/2025\/11\/d3efd6fb0f553012b3d491d81c6aeda82508x0-1200x800.webp 1200w\" sizes=\"(max-width: 2400px) 100vw, 2400px\" \/><\/a>\n\t\t\t<\/div><\/figure><figure class='gallery-item'>\n\t\t\t<div class='gallery-icon landscape'>\n\t\t\t\t<a data-elementor-open-lightbox=\"yes\" data-elementor-lightbox-slideshow=\"24f6a5c\" data-elementor-lightbox-title=\"c0057cd588e11588b31388ecf99cadd8~2508x0\" data-e-action-hash=\"#elementor-action%3Aaction%3Dlightbox%26settings%3DeyJpZCI6MTE4MjAsInVybCI6Imh0dHBzOlwvXC93d3cuZXhwLWJ5ZC5jb21cL3dwLWNvbnRlbnRcL3VwbG9hZHNcLzIwMjVcLzExXC9jMDA1N2NkNTg4ZTExNTg4YjMxMzg4ZWNmOTljYWRkODI1MDh4MC53ZWJwIiwic2xpZGVzaG93IjoiMjRmNmE1YyJ9\" href='https:\/\/www.exp-byd.com\/wp-content\/uploads\/2025\/11\/c0057cd588e11588b31388ecf99cadd82508x0.webp'><img decoding=\"async\" width=\"2400\" height=\"1600\" src=\"https:\/\/www.exp-byd.com\/wp-content\/uploads\/2025\/11\/c0057cd588e11588b31388ecf99cadd82508x0.webp\" class=\"attachment-full size-full\" alt=\"\" srcset=\"https:\/\/www.exp-byd.com\/wp-content\/uploads\/2025\/11\/c0057cd588e11588b31388ecf99cadd82508x0.webp 2400w, https:\/\/www.exp-byd.com\/wp-content\/uploads\/2025\/11\/c0057cd588e11588b31388ecf99cadd82508x0-300x200.webp 300w, https:\/\/www.exp-byd.com\/wp-content\/uploads\/2025\/11\/c0057cd588e11588b31388ecf99cadd82508x0-1024x683.webp 1024w, https:\/\/www.exp-byd.com\/wp-content\/uploads\/2025\/11\/c0057cd588e11588b31388ecf99cadd82508x0-768x512.webp 768w, https:\/\/www.exp-byd.com\/wp-content\/uploads\/2025\/11\/c0057cd588e11588b31388ecf99cadd82508x0-1536x1024.webp 1536w, https:\/\/www.exp-byd.com\/wp-content\/uploads\/2025\/11\/c0057cd588e11588b31388ecf99cadd82508x0-2048x1365.webp 2048w, https:\/\/www.exp-byd.com\/wp-content\/uploads\/2025\/11\/c0057cd588e11588b31388ecf99cadd82508x0-18x12.webp 18w, https:\/\/www.exp-byd.com\/wp-content\/uploads\/2025\/11\/c0057cd588e11588b31388ecf99cadd82508x0-1200x800.webp 1200w\" sizes=\"(max-width: 2400px) 100vw, 2400px\" \/><\/a>\n\t\t\t<\/div><\/figure>\n\t\t<\/div>\n\t\t<\/div>\n\t\t\t\t<\/div>\n\t\t\t\t<\/div>\n\t\t\t\t<\/div>\n\t\t\t\t<\/div>\n\t\t<div id=\"e-n-tab-content-2609455692\" role=\"tabpanel\" aria-labelledby=\"e-n-tab-title-2609455692\" data-tab-index=\"2\" style=\"--n-tabs-title-order: 2;\" class=\"elementor-element elementor-element-9f0b552 e-con-full e-flex e-con e-child\" data-id=\"9f0b552\" data-element_type=\"container\">\n\t\t<div class=\"elementor-element elementor-element-3dd5c9d e-con-full e-flex e-con e-child\" data-id=\"3dd5c9d\" data-element_type=\"container\">\n\t\t\t\t<div class=\"elementor-element elementor-element-f8c75e0 gallery-spacing-custom elementor-widget elementor-widget-image-gallery\" data-id=\"f8c75e0\" data-element_type=\"widget\" data-widget_type=\"image-gallery.default\">\n\t\t\t\t<div class=\"elementor-widget-container\">\n\t\t\t\t\t<div class=\"elementor-image-gallery\">\n\t\t\t<div id='gallery-2' class='gallery galleryid-3060 gallery-columns-3 gallery-size-full'><figure class='gallery-item'>\n\t\t\t<div class='gallery-icon landscape'>\n\t\t\t\t<a data-elementor-open-lightbox=\"yes\" data-elementor-lightbox-slideshow=\"f8c75e0\" data-elementor-lightbox-title=\"DCP_d6d2d5c66961304f9c247637333ea627~2508x0\" data-e-action-hash=\"#elementor-action%3Aaction%3Dlightbox%26settings%3DeyJpZCI6MTE4MjcsInVybCI6Imh0dHBzOlwvXC93d3cuZXhwLWJ5ZC5jb21cL3dwLWNvbnRlbnRcL3VwbG9hZHNcLzIwMjVcLzExXC9EQ1BfZDZkMmQ1YzY2OTYxMzA0ZjljMjQ3NjM3MzMzZWE2MjcyNTA4eDAud2VicCIsInNsaWRlc2hvdyI6ImY4Yzc1ZTAifQ%3D%3D\" href='https:\/\/www.exp-byd.com\/wp-content\/uploads\/2025\/11\/DCP_d6d2d5c66961304f9c247637333ea6272508x0.webp'><img loading=\"lazy\" decoding=\"async\" width=\"2508\" height=\"1672\" src=\"https:\/\/www.exp-byd.com\/wp-content\/uploads\/2025\/11\/DCP_d6d2d5c66961304f9c247637333ea6272508x0.webp\" class=\"attachment-full size-full\" alt=\"\" srcset=\"https:\/\/www.exp-byd.com\/wp-content\/uploads\/2025\/11\/DCP_d6d2d5c66961304f9c247637333ea6272508x0.webp 2508w, https:\/\/www.exp-byd.com\/wp-content\/uploads\/2025\/11\/DCP_d6d2d5c66961304f9c247637333ea6272508x0-300x200.webp 300w, https:\/\/www.exp-byd.com\/wp-content\/uploads\/2025\/11\/DCP_d6d2d5c66961304f9c247637333ea6272508x0-1024x683.webp 1024w, https:\/\/www.exp-byd.com\/wp-content\/uploads\/2025\/11\/DCP_d6d2d5c66961304f9c247637333ea6272508x0-768x512.webp 768w, https:\/\/www.exp-byd.com\/wp-content\/uploads\/2025\/11\/DCP_d6d2d5c66961304f9c247637333ea6272508x0-1536x1024.webp 1536w, https:\/\/www.exp-byd.com\/wp-content\/uploads\/2025\/11\/DCP_d6d2d5c66961304f9c247637333ea6272508x0-2048x1365.webp 2048w, https:\/\/www.exp-byd.com\/wp-content\/uploads\/2025\/11\/DCP_d6d2d5c66961304f9c247637333ea6272508x0-18x12.webp 18w, https:\/\/www.exp-byd.com\/wp-content\/uploads\/2025\/11\/DCP_d6d2d5c66961304f9c247637333ea6272508x0-1200x800.webp 1200w\" sizes=\"(max-width: 2508px) 100vw, 2508px\" \/><\/a>\n\t\t\t<\/div><\/figure><figure class='gallery-item'>\n\t\t\t<div class='gallery-icon landscape'>\n\t\t\t\t<a data-elementor-open-lightbox=\"yes\" data-elementor-lightbox-slideshow=\"f8c75e0\" data-elementor-lightbox-title=\"DCP_bea6b6de6f89bff9b8175b0424e93a5b~2508x0\" data-e-action-hash=\"#elementor-action%3Aaction%3Dlightbox%26settings%3DeyJpZCI6MTE4MjUsInVybCI6Imh0dHBzOlwvXC93d3cuZXhwLWJ5ZC5jb21cL3dwLWNvbnRlbnRcL3VwbG9hZHNcLzIwMjVcLzExXC9EQ1BfYmVhNmI2ZGU2Zjg5YmZmOWI4MTc1YjA0MjRlOTNhNWIyNTA4eDAud2VicCIsInNsaWRlc2hvdyI6ImY4Yzc1ZTAifQ%3D%3D\" href='https:\/\/www.exp-byd.com\/wp-content\/uploads\/2025\/11\/DCP_bea6b6de6f89bff9b8175b0424e93a5b2508x0.webp'><img loading=\"lazy\" decoding=\"async\" width=\"2508\" height=\"1672\" src=\"https:\/\/www.exp-byd.com\/wp-content\/uploads\/2025\/11\/DCP_bea6b6de6f89bff9b8175b0424e93a5b2508x0.webp\" class=\"attachment-full size-full\" alt=\"\" srcset=\"https:\/\/www.exp-byd.com\/wp-content\/uploads\/2025\/11\/DCP_bea6b6de6f89bff9b8175b0424e93a5b2508x0.webp 2508w, https:\/\/www.exp-byd.com\/wp-content\/uploads\/2025\/11\/DCP_bea6b6de6f89bff9b8175b0424e93a5b2508x0-300x200.webp 300w, https:\/\/www.exp-byd.com\/wp-content\/uploads\/2025\/11\/DCP_bea6b6de6f89bff9b8175b0424e93a5b2508x0-1024x683.webp 1024w, https:\/\/www.exp-byd.com\/wp-content\/uploads\/2025\/11\/DCP_bea6b6de6f89bff9b8175b0424e93a5b2508x0-768x512.webp 768w, https:\/\/www.exp-byd.com\/wp-content\/uploads\/2025\/11\/DCP_bea6b6de6f89bff9b8175b0424e93a5b2508x0-1536x1024.webp 1536w, https:\/\/www.exp-byd.com\/wp-content\/uploads\/2025\/11\/DCP_bea6b6de6f89bff9b8175b0424e93a5b2508x0-2048x1365.webp 2048w, https:\/\/www.exp-byd.com\/wp-content\/uploads\/2025\/11\/DCP_bea6b6de6f89bff9b8175b0424e93a5b2508x0-18x12.webp 18w, https:\/\/www.exp-byd.com\/wp-content\/uploads\/2025\/11\/DCP_bea6b6de6f89bff9b8175b0424e93a5b2508x0-1200x800.webp 1200w\" sizes=\"(max-width: 2508px) 100vw, 2508px\" \/><\/a>\n\t\t\t<\/div><\/figure><figure class='gallery-item'>\n\t\t\t<div class='gallery-icon landscape'>\n\t\t\t\t<a data-elementor-open-lightbox=\"yes\" data-elementor-lightbox-slideshow=\"f8c75e0\" data-elementor-lightbox-title=\"DCP_9fe4687e27fee7b6bd62298f853acf71~2508x0\" data-e-action-hash=\"#elementor-action%3Aaction%3Dlightbox%26settings%3DeyJpZCI6MTE4MjMsInVybCI6Imh0dHBzOlwvXC93d3cuZXhwLWJ5ZC5jb21cL3dwLWNvbnRlbnRcL3VwbG9hZHNcLzIwMjVcLzExXC9EQ1BfOWZlNDY4N2UyN2ZlZTdiNmJkNjIyOThmODUzYWNmNzEyNTA4eDAud2VicCIsInNsaWRlc2hvdyI6ImY4Yzc1ZTAifQ%3D%3D\" href='https:\/\/www.exp-byd.com\/wp-content\/uploads\/2025\/11\/DCP_9fe4687e27fee7b6bd62298f853acf712508x0.webp'><img loading=\"lazy\" decoding=\"async\" width=\"2508\" height=\"1672\" src=\"https:\/\/www.exp-byd.com\/wp-content\/uploads\/2025\/11\/DCP_9fe4687e27fee7b6bd62298f853acf712508x0.webp\" class=\"attachment-full size-full\" alt=\"\" srcset=\"https:\/\/www.exp-byd.com\/wp-content\/uploads\/2025\/11\/DCP_9fe4687e27fee7b6bd62298f853acf712508x0.webp 2508w, https:\/\/www.exp-byd.com\/wp-content\/uploads\/2025\/11\/DCP_9fe4687e27fee7b6bd62298f853acf712508x0-300x200.webp 300w, https:\/\/www.exp-byd.com\/wp-content\/uploads\/2025\/11\/DCP_9fe4687e27fee7b6bd62298f853acf712508x0-1024x683.webp 1024w, https:\/\/www.exp-byd.com\/wp-content\/uploads\/2025\/11\/DCP_9fe4687e27fee7b6bd62298f853acf712508x0-768x512.webp 768w, https:\/\/www.exp-byd.com\/wp-content\/uploads\/2025\/11\/DCP_9fe4687e27fee7b6bd62298f853acf712508x0-1536x1024.webp 1536w, https:\/\/www.exp-byd.com\/wp-content\/uploads\/2025\/11\/DCP_9fe4687e27fee7b6bd62298f853acf712508x0-2048x1365.webp 2048w, https:\/\/www.exp-byd.com\/wp-content\/uploads\/2025\/11\/DCP_9fe4687e27fee7b6bd62298f853acf712508x0-18x12.webp 18w, https:\/\/www.exp-byd.com\/wp-content\/uploads\/2025\/11\/DCP_9fe4687e27fee7b6bd62298f853acf712508x0-1200x800.webp 1200w\" sizes=\"(max-width: 2508px) 100vw, 2508px\" \/><\/a>\n\t\t\t<\/div><\/figure><figure class='gallery-item'>\n\t\t\t<div class='gallery-icon landscape'>\n\t\t\t\t<a data-elementor-open-lightbox=\"yes\" data-elementor-lightbox-slideshow=\"f8c75e0\" data-elementor-lightbox-title=\"DCP_19936d5fe991042b340bb7fe579e8773~2508x0\" data-e-action-hash=\"#elementor-action%3Aaction%3Dlightbox%26settings%3DeyJpZCI6MTE4MjQsInVybCI6Imh0dHBzOlwvXC93d3cuZXhwLWJ5ZC5jb21cL3dwLWNvbnRlbnRcL3VwbG9hZHNcLzIwMjVcLzExXC9EQ1BfMTk5MzZkNWZlOTkxMDQyYjM0MGJiN2ZlNTc5ZTg3NzMyNTA4eDAud2VicCIsInNsaWRlc2hvdyI6ImY4Yzc1ZTAifQ%3D%3D\" href='https:\/\/www.exp-byd.com\/wp-content\/uploads\/2025\/11\/DCP_19936d5fe991042b340bb7fe579e87732508x0.webp'><img loading=\"lazy\" decoding=\"async\" width=\"2508\" height=\"1672\" src=\"https:\/\/www.exp-byd.com\/wp-content\/uploads\/2025\/11\/DCP_19936d5fe991042b340bb7fe579e87732508x0.webp\" class=\"attachment-full size-full\" alt=\"\" srcset=\"https:\/\/www.exp-byd.com\/wp-content\/uploads\/2025\/11\/DCP_19936d5fe991042b340bb7fe579e87732508x0.webp 2508w, https:\/\/www.exp-byd.com\/wp-content\/uploads\/2025\/11\/DCP_19936d5fe991042b340bb7fe579e87732508x0-300x200.webp 300w, https:\/\/www.exp-byd.com\/wp-content\/uploads\/2025\/11\/DCP_19936d5fe991042b340bb7fe579e87732508x0-1024x683.webp 1024w, https:\/\/www.exp-byd.com\/wp-content\/uploads\/2025\/11\/DCP_19936d5fe991042b340bb7fe579e87732508x0-768x512.webp 768w, https:\/\/www.exp-byd.com\/wp-content\/uploads\/2025\/11\/DCP_19936d5fe991042b340bb7fe579e87732508x0-1536x1024.webp 1536w, https:\/\/www.exp-byd.com\/wp-content\/uploads\/2025\/11\/DCP_19936d5fe991042b340bb7fe579e87732508x0-2048x1365.webp 2048w, https:\/\/www.exp-byd.com\/wp-content\/uploads\/2025\/11\/DCP_19936d5fe991042b340bb7fe579e87732508x0-18x12.webp 18w, https:\/\/www.exp-byd.com\/wp-content\/uploads\/2025\/11\/DCP_19936d5fe991042b340bb7fe579e87732508x0-1200x800.webp 1200w\" sizes=\"(max-width: 2508px) 100vw, 2508px\" \/><\/a>\n\t\t\t<\/div><\/figure><figure class='gallery-item'>\n\t\t\t<div class='gallery-icon landscape'>\n\t\t\t\t<a data-elementor-open-lightbox=\"yes\" data-elementor-lightbox-slideshow=\"f8c75e0\" data-elementor-lightbox-title=\"DCP_c410112b5a3e1c0e3c2f61f2ec11e39f~2508x0\" data-e-action-hash=\"#elementor-action%3Aaction%3Dlightbox%26settings%3DeyJpZCI6MTE4MjYsInVybCI6Imh0dHBzOlwvXC93d3cuZXhwLWJ5ZC5jb21cL3dwLWNvbnRlbnRcL3VwbG9hZHNcLzIwMjVcLzExXC9EQ1BfYzQxMDExMmI1YTNlMWMwZTNjMmY2MWYyZWMxMWUzOWYyNTA4eDAud2VicCIsInNsaWRlc2hvdyI6ImY4Yzc1ZTAifQ%3D%3D\" href='https:\/\/www.exp-byd.com\/wp-content\/uploads\/2025\/11\/DCP_c410112b5a3e1c0e3c2f61f2ec11e39f2508x0.webp'><img loading=\"lazy\" decoding=\"async\" width=\"2508\" height=\"1672\" src=\"https:\/\/www.exp-byd.com\/wp-content\/uploads\/2025\/11\/DCP_c410112b5a3e1c0e3c2f61f2ec11e39f2508x0.webp\" class=\"attachment-full size-full\" alt=\"\" srcset=\"https:\/\/www.exp-byd.com\/wp-content\/uploads\/2025\/11\/DCP_c410112b5a3e1c0e3c2f61f2ec11e39f2508x0.webp 2508w, https:\/\/www.exp-byd.com\/wp-content\/uploads\/2025\/11\/DCP_c410112b5a3e1c0e3c2f61f2ec11e39f2508x0-300x200.webp 300w, https:\/\/www.exp-byd.com\/wp-content\/uploads\/2025\/11\/DCP_c410112b5a3e1c0e3c2f61f2ec11e39f2508x0-1024x683.webp 1024w, https:\/\/www.exp-byd.com\/wp-content\/uploads\/2025\/11\/DCP_c410112b5a3e1c0e3c2f61f2ec11e39f2508x0-768x512.webp 768w, https:\/\/www.exp-byd.com\/wp-content\/uploads\/2025\/11\/DCP_c410112b5a3e1c0e3c2f61f2ec11e39f2508x0-1536x1024.webp 1536w, https:\/\/www.exp-byd.com\/wp-content\/uploads\/2025\/11\/DCP_c410112b5a3e1c0e3c2f61f2ec11e39f2508x0-2048x1365.webp 2048w, https:\/\/www.exp-byd.com\/wp-content\/uploads\/2025\/11\/DCP_c410112b5a3e1c0e3c2f61f2ec11e39f2508x0-18x12.webp 18w, https:\/\/www.exp-byd.com\/wp-content\/uploads\/2025\/11\/DCP_c410112b5a3e1c0e3c2f61f2ec11e39f2508x0-1200x800.webp 1200w\" sizes=\"(max-width: 2508px) 100vw, 2508px\" \/><\/a>\n\t\t\t<\/div><\/figure>\n\t\t<\/div>\n\t\t<\/div>\n\t\t\t\t<\/div>\n\t\t\t\t<\/div>\n\t\t\t\t<\/div>\n\t\t\t\t<\/div>\n\t\t<div id=\"e-n-tab-content-2609455693\" role=\"tabpanel\" aria-labelledby=\"e-n-tab-title-2609455693\" data-tab-index=\"3\" style=\"--n-tabs-title-order: 3;\" class=\"elementor-element elementor-element-1d660ec e-con-full e-flex e-con e-child\" data-id=\"1d660ec\" data-element_type=\"container\">\n\t\t<div class=\"elementor-element elementor-element-ef072dd e-con-full e-flex e-con e-child\" data-id=\"ef072dd\" data-element_type=\"container\">\n\t\t\t\t<\/div>\n\t\t\t\t<\/div>\n\t\t<div id=\"e-n-tab-content-2609455694\" role=\"tabpanel\" aria-labelledby=\"e-n-tab-title-2609455694\" data-tab-index=\"4\" style=\"--n-tabs-title-order: 4;\" class=\"elementor-element elementor-element-f215e27 e-con-full e-flex e-con e-child\" data-id=\"f215e27\" data-element_type=\"container\">\n\t\t<div class=\"elementor-element elementor-element-bbcca72 e-con-full e-flex e-con e-child\" data-id=\"bbcca72\" data-element_type=\"container\">\n\t\t\t\t<\/div>\n\t\t\t\t<\/div>\n\t\t\t\t\t<\/div>\n\t\t<\/div>\n\t\t\t\t<\/div>\n\t\t\t\t<\/div>\n\t\t\t\t\t<\/div>\n\t\t\t\t<\/div>\n\t\t\t\t<\/div>","protected":false},"excerpt":{"rendered":"<p><strong>Types de carburant<\/strong>: PHEV<\/p>\n<p><strong>Morphologie du corps<\/strong>: 5-door, 7-seater SUV<\/p>\n<p><strong>Moteur<\/strong>: 1.5T, 156hp, L4<\/p>\n<p><strong>WLTC pure electric range<\/strong> (km): 95\/120<\/p>\n<p><strong>CLTC pure electric range (km)<\/strong>: 115\/175<\/p>\n<p><strong>Temps d&#039;acc\u00e9l\u00e9ration de 0 \u00e0 100 km\/h<\/strong>(s): 7.5\/7.9<\/p>\n<p><strong>Type de lecteur<\/strong>: traction avant\/4 roues motrices<\/p>\n<p><strong>Couleur<\/strong>: Personnalis\u00e9<\/p>\n<p><strong>Curb weight<\/strong> (kg):2130\/2180<\/p>\n<p><strong>Dimensions du v\u00e9hicule<\/strong>(mm): 4870x1950x1725<\/p>","protected":false},"featured_media":11813,"comment_status":"open","ping_status":"closed","template":"","meta":{"rank_math_lock_modified_date":false},"product_cat":[17],"product_tag":[],"class_list":{"0":"post-3060","1":"product","2":"type-product","3":"status-publish","4":"has-post-thumbnail","6":"product_cat-byd","8":"first","9":"instock","10":"shipping-taxable","11":"product-type-simple"},"_links":{"self":[{"href":"https:\/\/www.exp-byd.com\/fr\/wp-json\/wp\/v2\/product\/3060","targetHints":{"allow":["GET"]}}],"collection":[{"href":"https:\/\/www.exp-byd.com\/fr\/wp-json\/wp\/v2\/product"}],"about":[{"href":"https:\/\/www.exp-byd.com\/fr\/wp-json\/wp\/v2\/types\/product"}],"replies":[{"embeddable":true,"href":"https:\/\/www.exp-byd.com\/fr\/wp-json\/wp\/v2\/comments?post=3060"}],"version-history":[{"count":8,"href":"https:\/\/www.exp-byd.com\/fr\/wp-json\/wp\/v2\/product\/3060\/revisions"}],"predecessor-version":[{"id":11830,"href":"https:\/\/www.exp-byd.com\/fr\/wp-json\/wp\/v2\/product\/3060\/revisions\/11830"}],"wp:featuredmedia":[{"embeddable":true,"href":"https:\/\/www.exp-byd.com\/fr\/wp-json\/wp\/v2\/media\/11813"}],"wp:attachment":[{"href":"https:\/\/www.exp-byd.com\/fr\/wp-json\/wp\/v2\/media?parent=3060"}],"wp:term":[{"taxonomy":"product_cat","embeddable":true,"href":"https:\/\/www.exp-byd.com\/fr\/wp-json\/wp\/v2\/product_cat?post=3060"},{"taxonomy":"product_tag","embeddable":true,"href":"https:\/\/www.exp-byd.com\/fr\/wp-json\/wp\/v2\/product_tag?post=3060"}],"curies":[{"name":"wp","href":"https:\/\/api.w.org\/{rel}","templated":true}]}}