{"id":3528,"date":"2024-04-23T07:06:39","date_gmt":"2024-04-23T07:06:39","guid":{"rendered":"https:\/\/www.cevauto.com\/?post_type=product&#038;p=3528"},"modified":"2024-11-13T06:05:54","modified_gmt":"2024-11-13T06:05:54","slug":"xpeng-g6","status":"publish","type":"product","link":"https:\/\/www.exp-byd.com\/fr\/product\/xpeng-g6\/","title":{"rendered":"XPENG G6"},"content":{"rendered":"<div data-elementor-type=\"product-post\" data-elementor-id=\"3528\" class=\"elementor elementor-3528\" data-elementor-post-type=\"product\">\n\t\t\t\t<div class=\"elementor-element elementor-element-923e87f e-con-full e-flex e-con e-parent\" data-id=\"923e87f\" data-element_type=\"container\" data-settings=\"{&quot;background_background&quot;:&quot;video&quot;}\">\n\t\t<div class=\"elementor-element elementor-element-9c8b308 e-flex e-con-boxed e-con e-child\" data-id=\"9c8b308\" data-element_type=\"container\" data-settings=\"{&quot;background_background&quot;:&quot;video&quot;,&quot;background_play_on_mobile&quot;:&quot;yes&quot;}\">\n\t\t\t\t\t<div class=\"e-con-inner\">\n\t\t<div class=\"elementor-element elementor-element-3ab7e06 e-con-full e-flex e-con e-child\" data-id=\"3ab7e06\" data-element_type=\"container\" data-settings=\"{&quot;background_background&quot;:&quot;video&quot;,&quot;background_video_link&quot;:&quot;https:\\\/\\\/www.youtube.com\\\/watch?v=29AHPzelL2s&quot;,&quot;background_play_on_mobile&quot;:&quot;yes&quot;}\">\n\t\t<div class=\"elementor-background-video-container\">\n\t\t\t\t\t\t\t<div class=\"elementor-background-video-embed\"><\/div>\n\t\t\t\t\t\t<\/div>\t\t<\/div>\n\t\t\t\t\t<\/div>\n\t\t\t\t<\/div>\n\t\t\t\t<\/div>\n\t\t<div class=\"elementor-element elementor-element-34cf146 e-flex e-con-boxed e-con e-parent\" data-id=\"34cf146\" data-element_type=\"container\">\n\t\t\t\t\t<div class=\"e-con-inner\">\n\t\t\t\t<div class=\"elementor-element elementor-element-f8db6a1 e-n-tabs-mobile elementor-widget elementor-widget-n-tabs\" data-id=\"f8db6a1\" data-element_type=\"widget\" data-settings=\"{&quot;tabs_justify_horizontal&quot;:&quot;start&quot;,&quot;horizontal_scroll&quot;:&quot;disable&quot;}\" data-widget_type=\"nested-tabs.default\">\n\t\t\t\t<div class=\"elementor-widget-container\">\n\t\t\t\t\t<div class=\"e-n-tabs\" data-widget-number=\"260945569\" aria-label=\"Onglets. Ouvrez des \u00e9l\u00e9ments avec Entrer ou Espace, fermez-les avec Echape et naviguez \u00e0 l&#039;aide des touches fl\u00e9ch\u00e9es.\">\n\t\t\t<div class=\"e-n-tabs-heading\" role=\"tablist\">\n\t\t\t\t\t<button id=\"e-n-tab-title-2609455691\" class=\"e-n-tab-title\" aria-selected=\"true\" data-tab-index=\"1\" role=\"tab\" tabindex=\"0\" aria-controls=\"e-n-tab-content-2609455691\" style=\"--n-tabs-title-order: 1;\">\n\t\t\t\t\t\t<span class=\"e-n-tab-title-text\">\n\t\t\t\tExt\u00e9rieur\t\t\t<\/span>\n\t\t<\/button>\n\t\t\t\t<button id=\"e-n-tab-title-2609455692\" class=\"e-n-tab-title\" aria-selected=\"false\" data-tab-index=\"2\" role=\"tab\" tabindex=\"-1\" aria-controls=\"e-n-tab-content-2609455692\" style=\"--n-tabs-title-order: 2;\">\n\t\t\t\t\t\t<span class=\"e-n-tab-title-text\">\n\t\t\t\tInt\u00e9rieur\t\t\t<\/span>\n\t\t<\/button>\n\t\t\t\t<button id=\"e-n-tab-title-2609455693\" class=\"e-n-tab-title\" aria-selected=\"false\" data-tab-index=\"3\" role=\"tab\" tabindex=\"-1\" aria-controls=\"e-n-tab-content-2609455693\" style=\"--n-tabs-title-order: 3;\">\n\t\t\t\t\t\t<span class=\"e-n-tab-title-text\">\n\t\t\t\tCaract\u00e9ristiques\t\t\t<\/span>\n\t\t<\/button>\n\t\t\t\t<button id=\"e-n-tab-title-2609455694\" class=\"e-n-tab-title\" aria-selected=\"false\" data-tab-index=\"4\" role=\"tab\" tabindex=\"-1\" aria-controls=\"e-n-tab-content-2609455694\" style=\"--n-tabs-title-order: 4;\">\n\t\t\t\t\t\t<span class=\"e-n-tab-title-text\">\n\t\t\t\tCommentaires\t\t\t<\/span>\n\t\t<\/button>\n\t\t\t\t\t<\/div>\n\t\t\t<div class=\"e-n-tabs-content\">\n\t\t\t\t<div id=\"e-n-tab-content-2609455691\" role=\"tabpanel\" aria-labelledby=\"e-n-tab-title-2609455691\" data-tab-index=\"1\" style=\"--n-tabs-title-order: 1;\" class=\"e-active elementor-element elementor-element-0291027 e-con-full e-flex e-con e-child\" data-id=\"0291027\" data-element_type=\"container\">\n\t\t<div class=\"elementor-element elementor-element-4b93aba e-con-full e-flex e-con e-child\" data-id=\"4b93aba\" data-element_type=\"container\">\n\t\t\t\t<div class=\"elementor-element elementor-element-24f6a5c gallery-spacing-custom elementor-widget elementor-widget-image-gallery\" data-id=\"24f6a5c\" data-element_type=\"widget\" data-widget_type=\"image-gallery.default\">\n\t\t\t\t<div class=\"elementor-widget-container\">\n\t\t\t\t\t<div class=\"elementor-image-gallery\">\n\t\t\t<div id='gallery-1' class='gallery galleryid-3528 gallery-columns-3 gallery-size-full'><figure class='gallery-item'>\n\t\t\t<div class='gallery-icon landscape'>\n\t\t\t\t<a data-elementor-open-lightbox=\"yes\" data-elementor-lightbox-slideshow=\"24f6a5c\" data-elementor-lightbox-title=\"a2b942d0fff7cfc70cfe8e424381c637~2508x0\" data-e-action-hash=\"#elementor-action%3Aaction%3Dlightbox%26settings%3DeyJpZCI6MzUzMSwidXJsIjoiaHR0cHM6XC9cL3d3dy5leHAtYnlkLmNvbVwvd3AtY29udGVudFwvdXBsb2Fkc1wvMjAyNFwvMDRcL2EyYjk0MmQwZmZmN2NmYzcwY2ZlOGU0MjQzODFjNjM3MjUwOHgwLmpwZyIsInNsaWRlc2hvdyI6IjI0ZjZhNWMifQ%3D%3D\" href='https:\/\/www.exp-byd.com\/wp-content\/uploads\/2024\/04\/a2b942d0fff7cfc70cfe8e424381c6372508x0.jpg'><img fetchpriority=\"high\" decoding=\"async\" width=\"2400\" height=\"1600\" src=\"https:\/\/www.exp-byd.com\/wp-content\/uploads\/2024\/04\/a2b942d0fff7cfc70cfe8e424381c6372508x0.jpg\" class=\"attachment-full size-full\" alt=\"\" srcset=\"https:\/\/www.exp-byd.com\/wp-content\/uploads\/2024\/04\/a2b942d0fff7cfc70cfe8e424381c6372508x0.jpg 2400w, https:\/\/www.exp-byd.com\/wp-content\/uploads\/2024\/04\/a2b942d0fff7cfc70cfe8e424381c6372508x0-300x200.jpg 300w, https:\/\/www.exp-byd.com\/wp-content\/uploads\/2024\/04\/a2b942d0fff7cfc70cfe8e424381c6372508x0-1024x683.jpg 1024w, https:\/\/www.exp-byd.com\/wp-content\/uploads\/2024\/04\/a2b942d0fff7cfc70cfe8e424381c6372508x0-768x512.jpg 768w, https:\/\/www.exp-byd.com\/wp-content\/uploads\/2024\/04\/a2b942d0fff7cfc70cfe8e424381c6372508x0-1536x1024.jpg 1536w, https:\/\/www.exp-byd.com\/wp-content\/uploads\/2024\/04\/a2b942d0fff7cfc70cfe8e424381c6372508x0-2048x1365.jpg 2048w, https:\/\/www.exp-byd.com\/wp-content\/uploads\/2024\/04\/a2b942d0fff7cfc70cfe8e424381c6372508x0-1200x800.jpg 1200w\" sizes=\"(max-width: 2400px) 100vw, 2400px\" \/><\/a>\n\t\t\t<\/div><\/figure><figure class='gallery-item'>\n\t\t\t<div class='gallery-icon landscape'>\n\t\t\t\t<a data-elementor-open-lightbox=\"yes\" data-elementor-lightbox-slideshow=\"24f6a5c\" data-elementor-lightbox-title=\"33c65087851a725bd8d553c59585a0cd~2508x0\" data-e-action-hash=\"#elementor-action%3Aaction%3Dlightbox%26settings%3DeyJpZCI6MzUzMiwidXJsIjoiaHR0cHM6XC9cL3d3dy5leHAtYnlkLmNvbVwvd3AtY29udGVudFwvdXBsb2Fkc1wvMjAyNFwvMDRcLzMzYzY1MDg3ODUxYTcyNWJkOGQ1NTNjNTk1ODVhMGNkMjUwOHgwLmpwZyIsInNsaWRlc2hvdyI6IjI0ZjZhNWMifQ%3D%3D\" href='https:\/\/www.exp-byd.com\/wp-content\/uploads\/2024\/04\/33c65087851a725bd8d553c59585a0cd2508x0.jpg'><img decoding=\"async\" width=\"2400\" height=\"1600\" src=\"https:\/\/www.exp-byd.com\/wp-content\/uploads\/2024\/04\/33c65087851a725bd8d553c59585a0cd2508x0.jpg\" class=\"attachment-full size-full\" alt=\"\" srcset=\"https:\/\/www.exp-byd.com\/wp-content\/uploads\/2024\/04\/33c65087851a725bd8d553c59585a0cd2508x0.jpg 2400w, https:\/\/www.exp-byd.com\/wp-content\/uploads\/2024\/04\/33c65087851a725bd8d553c59585a0cd2508x0-300x200.jpg 300w, https:\/\/www.exp-byd.com\/wp-content\/uploads\/2024\/04\/33c65087851a725bd8d553c59585a0cd2508x0-1024x683.jpg 1024w, https:\/\/www.exp-byd.com\/wp-content\/uploads\/2024\/04\/33c65087851a725bd8d553c59585a0cd2508x0-768x512.jpg 768w, https:\/\/www.exp-byd.com\/wp-content\/uploads\/2024\/04\/33c65087851a725bd8d553c59585a0cd2508x0-1536x1024.jpg 1536w, https:\/\/www.exp-byd.com\/wp-content\/uploads\/2024\/04\/33c65087851a725bd8d553c59585a0cd2508x0-2048x1365.jpg 2048w, https:\/\/www.exp-byd.com\/wp-content\/uploads\/2024\/04\/33c65087851a725bd8d553c59585a0cd2508x0-1200x800.jpg 1200w\" sizes=\"(max-width: 2400px) 100vw, 2400px\" \/><\/a>\n\t\t\t<\/div><\/figure><figure class='gallery-item'>\n\t\t\t<div class='gallery-icon landscape'>\n\t\t\t\t<a data-elementor-open-lightbox=\"yes\" data-elementor-lightbox-slideshow=\"24f6a5c\" data-elementor-lightbox-title=\"dacbe11fbcb4c4cc9be53cc79dc21a05~2508x0\" data-e-action-hash=\"#elementor-action%3Aaction%3Dlightbox%26settings%3DeyJpZCI6MzUzMywidXJsIjoiaHR0cHM6XC9cL3d3dy5leHAtYnlkLmNvbVwvd3AtY29udGVudFwvdXBsb2Fkc1wvMjAyNFwvMDRcL2RhY2JlMTFmYmNiNGM0Y2M5YmU1M2NjNzlkYzIxYTA1MjUwOHgwLmpwZyIsInNsaWRlc2hvdyI6IjI0ZjZhNWMifQ%3D%3D\" href='https:\/\/www.exp-byd.com\/wp-content\/uploads\/2024\/04\/dacbe11fbcb4c4cc9be53cc79dc21a052508x0.jpg'><img decoding=\"async\" width=\"2400\" height=\"1600\" src=\"https:\/\/www.exp-byd.com\/wp-content\/uploads\/2024\/04\/dacbe11fbcb4c4cc9be53cc79dc21a052508x0.jpg\" class=\"attachment-full size-full\" alt=\"\" srcset=\"https:\/\/www.exp-byd.com\/wp-content\/uploads\/2024\/04\/dacbe11fbcb4c4cc9be53cc79dc21a052508x0.jpg 2400w, https:\/\/www.exp-byd.com\/wp-content\/uploads\/2024\/04\/dacbe11fbcb4c4cc9be53cc79dc21a052508x0-300x200.jpg 300w, https:\/\/www.exp-byd.com\/wp-content\/uploads\/2024\/04\/dacbe11fbcb4c4cc9be53cc79dc21a052508x0-1024x683.jpg 1024w, https:\/\/www.exp-byd.com\/wp-content\/uploads\/2024\/04\/dacbe11fbcb4c4cc9be53cc79dc21a052508x0-768x512.jpg 768w, https:\/\/www.exp-byd.com\/wp-content\/uploads\/2024\/04\/dacbe11fbcb4c4cc9be53cc79dc21a052508x0-1536x1024.jpg 1536w, https:\/\/www.exp-byd.com\/wp-content\/uploads\/2024\/04\/dacbe11fbcb4c4cc9be53cc79dc21a052508x0-2048x1365.jpg 2048w, https:\/\/www.exp-byd.com\/wp-content\/uploads\/2024\/04\/dacbe11fbcb4c4cc9be53cc79dc21a052508x0-1200x800.jpg 1200w\" sizes=\"(max-width: 2400px) 100vw, 2400px\" \/><\/a>\n\t\t\t<\/div><\/figure><figure class='gallery-item'>\n\t\t\t<div class='gallery-icon landscape'>\n\t\t\t\t<a data-elementor-open-lightbox=\"yes\" data-elementor-lightbox-slideshow=\"24f6a5c\" data-elementor-lightbox-title=\"1211d49ab28787f30a75b282b5786f10~2508x0\" data-e-action-hash=\"#elementor-action%3Aaction%3Dlightbox%26settings%3DeyJpZCI6MzUzNCwidXJsIjoiaHR0cHM6XC9cL3d3dy5leHAtYnlkLmNvbVwvd3AtY29udGVudFwvdXBsb2Fkc1wvMjAyNFwvMDRcLzEyMTFkNDlhYjI4Nzg3ZjMwYTc1YjI4MmI1Nzg2ZjEwMjUwOHgwLndlYnAiLCJzbGlkZXNob3ciOiIyNGY2YTVjIn0%3D\" href='https:\/\/www.exp-byd.com\/wp-content\/uploads\/2024\/04\/1211d49ab28787f30a75b282b5786f102508x0.webp'><img loading=\"lazy\" decoding=\"async\" width=\"2400\" height=\"1600\" src=\"https:\/\/www.exp-byd.com\/wp-content\/uploads\/2024\/04\/1211d49ab28787f30a75b282b5786f102508x0.webp\" class=\"attachment-full size-full\" alt=\"\" srcset=\"https:\/\/www.exp-byd.com\/wp-content\/uploads\/2024\/04\/1211d49ab28787f30a75b282b5786f102508x0.webp 2400w, https:\/\/www.exp-byd.com\/wp-content\/uploads\/2024\/04\/1211d49ab28787f30a75b282b5786f102508x0-300x200.webp 300w, https:\/\/www.exp-byd.com\/wp-content\/uploads\/2024\/04\/1211d49ab28787f30a75b282b5786f102508x0-1024x683.webp 1024w, https:\/\/www.exp-byd.com\/wp-content\/uploads\/2024\/04\/1211d49ab28787f30a75b282b5786f102508x0-768x512.webp 768w, https:\/\/www.exp-byd.com\/wp-content\/uploads\/2024\/04\/1211d49ab28787f30a75b282b5786f102508x0-1536x1024.webp 1536w, https:\/\/www.exp-byd.com\/wp-content\/uploads\/2024\/04\/1211d49ab28787f30a75b282b5786f102508x0-2048x1365.webp 2048w, https:\/\/www.exp-byd.com\/wp-content\/uploads\/2024\/04\/1211d49ab28787f30a75b282b5786f102508x0-1200x800.webp 1200w\" sizes=\"(max-width: 2400px) 100vw, 2400px\" \/><\/a>\n\t\t\t<\/div><\/figure>\n\t\t<\/div>\n\t\t<\/div>\n\t\t\t\t<\/div>\n\t\t\t\t<\/div>\n\t\t\t\t<\/div>\n\t\t\t\t<\/div>\n\t\t<div id=\"e-n-tab-content-2609455692\" role=\"tabpanel\" aria-labelledby=\"e-n-tab-title-2609455692\" data-tab-index=\"2\" style=\"--n-tabs-title-order: 2;\" class=\"elementor-element elementor-element-9f0b552 e-con-full e-flex e-con e-child\" data-id=\"9f0b552\" data-element_type=\"container\">\n\t\t<div class=\"elementor-element elementor-element-3dd5c9d e-con-full e-flex e-con e-child\" data-id=\"3dd5c9d\" data-element_type=\"container\">\n\t\t\t\t<div class=\"elementor-element elementor-element-f8c75e0 gallery-spacing-custom elementor-widget elementor-widget-image-gallery\" data-id=\"f8c75e0\" data-element_type=\"widget\" data-widget_type=\"image-gallery.default\">\n\t\t\t\t<div class=\"elementor-widget-container\">\n\t\t\t\t\t<div class=\"elementor-image-gallery\">\n\t\t\t<div id='gallery-2' class='gallery galleryid-3528 gallery-columns-3 gallery-size-full'><figure class='gallery-item'>\n\t\t\t<div class='gallery-icon landscape'>\n\t\t\t\t<a data-elementor-open-lightbox=\"yes\" data-elementor-lightbox-slideshow=\"f8c75e0\" data-elementor-lightbox-title=\"b2783e96ebe3d27aef0aa1d8d8a55a8b~2508x0\" data-e-action-hash=\"#elementor-action%3Aaction%3Dlightbox%26settings%3DeyJpZCI6MzUzNSwidXJsIjoiaHR0cHM6XC9cL3d3dy5leHAtYnlkLmNvbVwvd3AtY29udGVudFwvdXBsb2Fkc1wvMjAyNFwvMDRcL2IyNzgzZTk2ZWJlM2QyN2FlZjBhYTFkOGQ4YTU1YThiMjUwOHgwLmpwZyIsInNsaWRlc2hvdyI6ImY4Yzc1ZTAifQ%3D%3D\" href='https:\/\/www.exp-byd.com\/wp-content\/uploads\/2024\/04\/b2783e96ebe3d27aef0aa1d8d8a55a8b2508x0.jpg'><img loading=\"lazy\" decoding=\"async\" width=\"2508\" height=\"1672\" src=\"https:\/\/www.exp-byd.com\/wp-content\/uploads\/2024\/04\/b2783e96ebe3d27aef0aa1d8d8a55a8b2508x0.jpg\" class=\"attachment-full size-full\" alt=\"\" srcset=\"https:\/\/www.exp-byd.com\/wp-content\/uploads\/2024\/04\/b2783e96ebe3d27aef0aa1d8d8a55a8b2508x0.jpg 2508w, https:\/\/www.exp-byd.com\/wp-content\/uploads\/2024\/04\/b2783e96ebe3d27aef0aa1d8d8a55a8b2508x0-300x200.jpg 300w, https:\/\/www.exp-byd.com\/wp-content\/uploads\/2024\/04\/b2783e96ebe3d27aef0aa1d8d8a55a8b2508x0-1024x683.jpg 1024w, https:\/\/www.exp-byd.com\/wp-content\/uploads\/2024\/04\/b2783e96ebe3d27aef0aa1d8d8a55a8b2508x0-768x512.jpg 768w, https:\/\/www.exp-byd.com\/wp-content\/uploads\/2024\/04\/b2783e96ebe3d27aef0aa1d8d8a55a8b2508x0-1536x1024.jpg 1536w, https:\/\/www.exp-byd.com\/wp-content\/uploads\/2024\/04\/b2783e96ebe3d27aef0aa1d8d8a55a8b2508x0-2048x1365.jpg 2048w, https:\/\/www.exp-byd.com\/wp-content\/uploads\/2024\/04\/b2783e96ebe3d27aef0aa1d8d8a55a8b2508x0-1200x800.jpg 1200w\" sizes=\"(max-width: 2508px) 100vw, 2508px\" \/><\/a>\n\t\t\t<\/div><\/figure><figure class='gallery-item'>\n\t\t\t<div class='gallery-icon landscape'>\n\t\t\t\t<a data-elementor-open-lightbox=\"yes\" data-elementor-lightbox-slideshow=\"f8c75e0\" data-elementor-lightbox-title=\"d7f147ee4dcf3a785506346ad1947e0c~2508x0\" data-e-action-hash=\"#elementor-action%3Aaction%3Dlightbox%26settings%3DeyJpZCI6MzUzNiwidXJsIjoiaHR0cHM6XC9cL3d3dy5leHAtYnlkLmNvbVwvd3AtY29udGVudFwvdXBsb2Fkc1wvMjAyNFwvMDRcL2Q3ZjE0N2VlNGRjZjNhNzg1NTA2MzQ2YWQxOTQ3ZTBjMjUwOHgwLmpwZyIsInNsaWRlc2hvdyI6ImY4Yzc1ZTAifQ%3D%3D\" href='https:\/\/www.exp-byd.com\/wp-content\/uploads\/2024\/04\/d7f147ee4dcf3a785506346ad1947e0c2508x0.jpg'><img loading=\"lazy\" decoding=\"async\" width=\"2508\" height=\"1672\" src=\"https:\/\/www.exp-byd.com\/wp-content\/uploads\/2024\/04\/d7f147ee4dcf3a785506346ad1947e0c2508x0.jpg\" class=\"attachment-full size-full\" alt=\"\" srcset=\"https:\/\/www.exp-byd.com\/wp-content\/uploads\/2024\/04\/d7f147ee4dcf3a785506346ad1947e0c2508x0.jpg 2508w, https:\/\/www.exp-byd.com\/wp-content\/uploads\/2024\/04\/d7f147ee4dcf3a785506346ad1947e0c2508x0-300x200.jpg 300w, https:\/\/www.exp-byd.com\/wp-content\/uploads\/2024\/04\/d7f147ee4dcf3a785506346ad1947e0c2508x0-1024x683.jpg 1024w, https:\/\/www.exp-byd.com\/wp-content\/uploads\/2024\/04\/d7f147ee4dcf3a785506346ad1947e0c2508x0-768x512.jpg 768w, https:\/\/www.exp-byd.com\/wp-content\/uploads\/2024\/04\/d7f147ee4dcf3a785506346ad1947e0c2508x0-1536x1024.jpg 1536w, https:\/\/www.exp-byd.com\/wp-content\/uploads\/2024\/04\/d7f147ee4dcf3a785506346ad1947e0c2508x0-2048x1365.jpg 2048w, https:\/\/www.exp-byd.com\/wp-content\/uploads\/2024\/04\/d7f147ee4dcf3a785506346ad1947e0c2508x0-1200x800.jpg 1200w\" sizes=\"(max-width: 2508px) 100vw, 2508px\" \/><\/a>\n\t\t\t<\/div><\/figure><figure class='gallery-item'>\n\t\t\t<div class='gallery-icon landscape'>\n\t\t\t\t<a data-elementor-open-lightbox=\"yes\" data-elementor-lightbox-slideshow=\"f8c75e0\" data-elementor-lightbox-title=\"1c904bafbfac9cf183c8634fea0764ac~2508x0\" data-e-action-hash=\"#elementor-action%3Aaction%3Dlightbox%26settings%3DeyJpZCI6MzUzNywidXJsIjoiaHR0cHM6XC9cL3d3dy5leHAtYnlkLmNvbVwvd3AtY29udGVudFwvdXBsb2Fkc1wvMjAyNFwvMDRcLzFjOTA0YmFmYmZhYzljZjE4M2M4NjM0ZmVhMDc2NGFjMjUwOHgwLndlYnAiLCJzbGlkZXNob3ciOiJmOGM3NWUwIn0%3D\" href='https:\/\/www.exp-byd.com\/wp-content\/uploads\/2024\/04\/1c904bafbfac9cf183c8634fea0764ac2508x0.webp'><img loading=\"lazy\" decoding=\"async\" width=\"2508\" height=\"1672\" src=\"https:\/\/www.exp-byd.com\/wp-content\/uploads\/2024\/04\/1c904bafbfac9cf183c8634fea0764ac2508x0.webp\" class=\"attachment-full size-full\" alt=\"\" srcset=\"https:\/\/www.exp-byd.com\/wp-content\/uploads\/2024\/04\/1c904bafbfac9cf183c8634fea0764ac2508x0.webp 2508w, https:\/\/www.exp-byd.com\/wp-content\/uploads\/2024\/04\/1c904bafbfac9cf183c8634fea0764ac2508x0-300x200.webp 300w, https:\/\/www.exp-byd.com\/wp-content\/uploads\/2024\/04\/1c904bafbfac9cf183c8634fea0764ac2508x0-1024x683.webp 1024w, https:\/\/www.exp-byd.com\/wp-content\/uploads\/2024\/04\/1c904bafbfac9cf183c8634fea0764ac2508x0-768x512.webp 768w, https:\/\/www.exp-byd.com\/wp-content\/uploads\/2024\/04\/1c904bafbfac9cf183c8634fea0764ac2508x0-1536x1024.webp 1536w, https:\/\/www.exp-byd.com\/wp-content\/uploads\/2024\/04\/1c904bafbfac9cf183c8634fea0764ac2508x0-2048x1365.webp 2048w, https:\/\/www.exp-byd.com\/wp-content\/uploads\/2024\/04\/1c904bafbfac9cf183c8634fea0764ac2508x0-1200x800.webp 1200w\" sizes=\"(max-width: 2508px) 100vw, 2508px\" \/><\/a>\n\t\t\t<\/div><\/figure><figure class='gallery-item'>\n\t\t\t<div class='gallery-icon landscape'>\n\t\t\t\t<a data-elementor-open-lightbox=\"yes\" data-elementor-lightbox-slideshow=\"f8c75e0\" data-elementor-lightbox-title=\"2b55939421370bee78d62f1b54f1bb69~2508x0\" data-e-action-hash=\"#elementor-action%3Aaction%3Dlightbox%26settings%3DeyJpZCI6MzUzOCwidXJsIjoiaHR0cHM6XC9cL3d3dy5leHAtYnlkLmNvbVwvd3AtY29udGVudFwvdXBsb2Fkc1wvMjAyNFwvMDRcLzJiNTU5Mzk0MjEzNzBiZWU3OGQ2MmYxYjU0ZjFiYjY5MjUwOHgwLndlYnAiLCJzbGlkZXNob3ciOiJmOGM3NWUwIn0%3D\" href='https:\/\/www.exp-byd.com\/wp-content\/uploads\/2024\/04\/2b55939421370bee78d62f1b54f1bb692508x0.webp'><img loading=\"lazy\" decoding=\"async\" width=\"2508\" height=\"1672\" src=\"https:\/\/www.exp-byd.com\/wp-content\/uploads\/2024\/04\/2b55939421370bee78d62f1b54f1bb692508x0.webp\" class=\"attachment-full size-full\" alt=\"\" srcset=\"https:\/\/www.exp-byd.com\/wp-content\/uploads\/2024\/04\/2b55939421370bee78d62f1b54f1bb692508x0.webp 2508w, https:\/\/www.exp-byd.com\/wp-content\/uploads\/2024\/04\/2b55939421370bee78d62f1b54f1bb692508x0-300x200.webp 300w, https:\/\/www.exp-byd.com\/wp-content\/uploads\/2024\/04\/2b55939421370bee78d62f1b54f1bb692508x0-1024x683.webp 1024w, https:\/\/www.exp-byd.com\/wp-content\/uploads\/2024\/04\/2b55939421370bee78d62f1b54f1bb692508x0-768x512.webp 768w, https:\/\/www.exp-byd.com\/wp-content\/uploads\/2024\/04\/2b55939421370bee78d62f1b54f1bb692508x0-1536x1024.webp 1536w, https:\/\/www.exp-byd.com\/wp-content\/uploads\/2024\/04\/2b55939421370bee78d62f1b54f1bb692508x0-2048x1365.webp 2048w, https:\/\/www.exp-byd.com\/wp-content\/uploads\/2024\/04\/2b55939421370bee78d62f1b54f1bb692508x0-1200x800.webp 1200w\" sizes=\"(max-width: 2508px) 100vw, 2508px\" \/><\/a>\n\t\t\t<\/div><\/figure>\n\t\t<\/div>\n\t\t<\/div>\n\t\t\t\t<\/div>\n\t\t\t\t<\/div>\n\t\t\t\t<\/div>\n\t\t\t\t<\/div>\n\t\t<div id=\"e-n-tab-content-2609455693\" role=\"tabpanel\" aria-labelledby=\"e-n-tab-title-2609455693\" data-tab-index=\"3\" style=\"--n-tabs-title-order: 3;\" class=\"elementor-element elementor-element-1d660ec e-con-full e-flex e-con e-child\" data-id=\"1d660ec\" data-element_type=\"container\">\n\t\t<div class=\"elementor-element elementor-element-ef072dd e-con-full e-flex e-con e-child\" data-id=\"ef072dd\" data-element_type=\"container\">\n\t\t\t\t<div class=\"elementor-element elementor-element-9967578 elementor-widget elementor-widget-text-editor\" data-id=\"9967578\" data-element_type=\"widget\" data-widget_type=\"text-editor.default\">\n\t\t\t\t<div class=\"elementor-widget-container\">\n\t\t\t\t\t\t\t<div class=\"table-responsive\" style=\"overflow-x: auto; width: 100%;\"><table>\n<tbody>\n<tr>\n<td class=\"et5\" width=\"388\" height=\"42\">Informations de base<\/td>\n<td class=\"et6\" width=\"317\">Xpeng G6 2023 580 propulsion arri\u00e8re longue dur\u00e9e de vie de la batterie Pro<\/td>\n<td class=\"et6\" width=\"317\">Xpeng G6 2023 580 propulsion arri\u00e8re longue dur\u00e9e de vie de la batterie Max<\/td>\n<td class=\"et6\" width=\"317\">Xpeng G6 2023 755 propulsion arri\u00e8re super longue dur\u00e9e de vie de la batterie Pro<\/td>\n<td class=\"et6\" width=\"317\">Xpeng G6 2023 755 propulsion arri\u00e8re super longue dur\u00e9e de vie de la batterie MAX<\/td>\n<td class=\"et6\" width=\"317\">Xpeng G6 2023 700 quatre roues motrices hautes performances MAX<\/td>\n<\/tr>\n<tr>\n<td class=\"et5\" height=\"40\">fabricants<\/td>\n<td class=\"et7\">Voiture Xpeng<\/td>\n<td class=\"et7\">Voiture Xpeng<\/td>\n<td class=\"et7\">Voiture Xpeng<\/td>\n<td class=\"et7\">Voiture Xpeng<\/td>\n<td class=\"et7\">Voiture Xpeng<\/td>\n<\/tr>\n<tr>\n<td class=\"et5\" height=\"21\">Autonomie de la batterie \u00e9lectrique pure CLTC [km]<\/td>\n<td class=\"et7\">580<\/td>\n<td class=\"et7\">580<\/td>\n<td class=\"et7\">755<\/td>\n<td class=\"et7\">755<\/td>\n<td class=\"et7\">700<\/td>\n<\/tr>\n<tr>\n<td class=\"et5\" height=\"21\">Longueur*largeur*hauteur [mm]<\/td>\n<td class=\"et7\">4753*1920*1650<\/td>\n<td class=\"et7\">4753*1920*1650<\/td>\n<td class=\"et7\">4753*1920*1650<\/td>\n<td class=\"et7\">4753*1920*1650<\/td>\n<td class=\"et7\">4753*1920*1650<\/td>\n<\/tr>\n<tr>\n<td class=\"et5\" height=\"21\">Morphologie du corps<\/td>\n<td class=\"et7\">SUV 5 portes 5 places<\/td>\n<td class=\"et7\">SUV 5 portes 5 places<\/td>\n<td class=\"et7\">SUV 5 portes 5 places<\/td>\n<td class=\"et7\">SUV 5 portes 5 places<\/td>\n<td class=\"et7\">SUV 5 portes 5 places<\/td>\n<\/tr>\n<tr>\n<td class=\"et5\" height=\"21\">Sp\u00e9cification du pneu avant<\/td>\n<td class=\"et6\" width=\"317\">\u25cf235\/60 R18 \u25cb255\/45 R20 6 000 yuans<\/td>\n<td class=\"et6\" width=\"317\">\u25cf235\/60 R18 \u25cb255\/45 R20 6 000 yuans<\/td>\n<td class=\"et6\" width=\"317\">\u25cf235\/60 R18 \u25cb255\/45 R20 6 000 yuans<\/td>\n<td class=\"et6\" width=\"317\">\u25cf235\/60 R18 \u25cb255\/45 R20 6 000 yuans<\/td>\n<td class=\"et6\" width=\"317\">\u25cf235\/60 R18 \u25cb255\/45 R20 6 000 yuans<\/td>\n<\/tr>\n<tr>\n<td class=\"et5\" height=\"21\">Sp\u00e9cifications des pneus arri\u00e8re<\/td>\n<td class=\"et6\" width=\"317\">\u25cf235\/60 R18 \u25cb255\/45 R20 6 000 yuans<\/td>\n<td class=\"et6\" width=\"317\">\u25cf235\/60 R18 \u25cb255\/45 R20 6 000 yuans<\/td>\n<td class=\"et6\" width=\"317\">\u25cf235\/60 R18 \u25cb255\/45 R20 6 000 yuans<\/td>\n<td class=\"et6\" width=\"317\">\u25cf235\/60 R18 \u25cb255\/45 R20 6 000 yuans<\/td>\n<td class=\"et6\" width=\"317\">\u25cf235\/60 R18 \u25cb255\/45 R20 6 000 yuans<\/td>\n<\/tr>\n<tr>\n<td class=\"et5\" height=\"21\">source lumineuse de feux de croisement<\/td>\n<td class=\"et7\">\u25cfLED<\/td>\n<td class=\"et7\">\u25cfLED<\/td>\n<td class=\"et7\">\u25cfLED<\/td>\n<td class=\"et7\">\u25cfLED<\/td>\n<td class=\"et7\">\u25cfLED<\/td>\n<\/tr>\n<tr>\n<td class=\"et5\" height=\"21\">source de lumi\u00e8re de feux de route<\/td>\n<td class=\"et7\">\u25cfLED<\/td>\n<td class=\"et7\">\u25cfLED<\/td>\n<td class=\"et7\">\u25cfLED<\/td>\n<td class=\"et7\">\u25cfLED<\/td>\n<td class=\"et7\">\u25cfLED<\/td>\n<\/tr>\n<\/tbody>\n<\/table><\/div>\t\t\t\t\t\t<\/div>\n\t\t\t\t<\/div>\n\t\t\t\t<\/div>\n\t\t\t\t<\/div>\n\t\t<div id=\"e-n-tab-content-2609455694\" role=\"tabpanel\" aria-labelledby=\"e-n-tab-title-2609455694\" data-tab-index=\"4\" style=\"--n-tabs-title-order: 4;\" class=\"elementor-element elementor-element-f215e27 e-con-full e-flex e-con e-child\" data-id=\"f215e27\" data-element_type=\"container\">\n\t\t<div class=\"elementor-element elementor-element-bbcca72 e-con-full e-flex e-con e-child\" data-id=\"bbcca72\" data-element_type=\"container\">\n\t\t\t\t<\/div>\n\t\t\t\t<\/div>\n\t\t\t\t\t<\/div>\n\t\t<\/div>\n\t\t\t\t<\/div>\n\t\t\t\t<\/div>\n\t\t\t\t\t<\/div>\n\t\t\t\t<\/div>\n\t\t\t\t<\/div>","protected":false},"excerpt":{"rendered":"<p><strong>Types de carburant<\/strong>: BEV<\/p>\n<p><strong>Capacit\u00e9 de la batterie<\/strong>(kWh): 66<\/p>\n<p><strong>Practice<\/strong>(km): 580<\/p>\n<p><strong>Temps d&#039;acc\u00e9l\u00e9ration de 0 \u00e0 100 km\/h<\/strong>(s): 6,6<\/p>\n<p><strong>Vitesse de pointe<\/strong>(km\/h): 202<\/p>\n<p><strong>Type de lecteur<\/strong>: propulsion<\/p>\n<p><strong>Couleur<\/strong>: Personnalis\u00e9<\/p>\n<p><strong>Dimensions du v\u00e9hicule<\/strong>(mm): 4753x1920x1650<\/p>","protected":false},"featured_media":3529,"comment_status":"open","ping_status":"closed","template":"","meta":{"rank_math_lock_modified_date":false},"product_cat":[64],"product_tag":[],"class_list":{"0":"post-3528","1":"product","2":"type-product","3":"status-publish","4":"has-post-thumbnail","6":"product_cat-xpeng","8":"first","9":"instock","10":"shipping-taxable","11":"product-type-simple"},"_links":{"self":[{"href":"https:\/\/www.exp-byd.com\/fr\/wp-json\/wp\/v2\/product\/3528","targetHints":{"allow":["GET"]}}],"collection":[{"href":"https:\/\/www.exp-byd.com\/fr\/wp-json\/wp\/v2\/product"}],"about":[{"href":"https:\/\/www.exp-byd.com\/fr\/wp-json\/wp\/v2\/types\/product"}],"replies":[{"embeddable":true,"href":"https:\/\/www.exp-byd.com\/fr\/wp-json\/wp\/v2\/comments?post=3528"}],"version-history":[{"count":4,"href":"https:\/\/www.exp-byd.com\/fr\/wp-json\/wp\/v2\/product\/3528\/revisions"}],"predecessor-version":[{"id":9523,"href":"https:\/\/www.exp-byd.com\/fr\/wp-json\/wp\/v2\/product\/3528\/revisions\/9523"}],"wp:featuredmedia":[{"embeddable":true,"href":"https:\/\/www.exp-byd.com\/fr\/wp-json\/wp\/v2\/media\/3529"}],"wp:attachment":[{"href":"https:\/\/www.exp-byd.com\/fr\/wp-json\/wp\/v2\/media?parent=3528"}],"wp:term":[{"taxonomy":"product_cat","embeddable":true,"href":"https:\/\/www.exp-byd.com\/fr\/wp-json\/wp\/v2\/product_cat?post=3528"},{"taxonomy":"product_tag","embeddable":true,"href":"https:\/\/www.exp-byd.com\/fr\/wp-json\/wp\/v2\/product_tag?post=3528"}],"curies":[{"name":"wp","href":"https:\/\/api.w.org\/{rel}","templated":true}]}}