{"id":3542,"date":"2024-04-23T07:12:29","date_gmt":"2024-04-23T07:12:29","guid":{"rendered":"https:\/\/www.cevauto.com\/?post_type=product&#038;p=3542"},"modified":"2025-11-12T14:03:23","modified_gmt":"2025-11-12T14:03:23","slug":"xpeng-x9","status":"publish","type":"product","link":"https:\/\/www.exp-byd.com\/fr\/product\/xpeng-x9\/","title":{"rendered":"XPENGX9"},"content":{"rendered":"<div data-elementor-type=\"product-post\" data-elementor-id=\"3542\" class=\"elementor elementor-3542\" data-elementor-post-type=\"product\">\n\t\t\t\t<div class=\"elementor-element elementor-element-923e87f e-con-full e-flex e-con e-parent\" data-id=\"923e87f\" data-element_type=\"container\" data-settings=\"{&quot;background_background&quot;:&quot;video&quot;}\">\n\t\t<div class=\"elementor-element elementor-element-9c8b308 e-flex e-con-boxed e-con e-child\" data-id=\"9c8b308\" data-element_type=\"container\" data-settings=\"{&quot;background_background&quot;:&quot;video&quot;,&quot;background_play_on_mobile&quot;:&quot;yes&quot;}\">\n\t\t\t\t\t<div class=\"e-con-inner\">\n\t\t<div class=\"elementor-element elementor-element-3ab7e06 e-con-full e-flex e-con e-child\" data-id=\"3ab7e06\" data-element_type=\"container\" data-settings=\"{&quot;background_background&quot;:&quot;video&quot;,&quot;background_video_link&quot;:&quot;https:\\\/\\\/www.youtube.com\\\/watch?v=XbbwSaLJkdo&quot;,&quot;background_play_on_mobile&quot;:&quot;yes&quot;}\">\n\t\t<div class=\"elementor-background-video-container\">\n\t\t\t\t\t\t\t<div class=\"elementor-background-video-embed\"><\/div>\n\t\t\t\t\t\t<\/div>\t\t<\/div>\n\t\t\t\t\t<\/div>\n\t\t\t\t<\/div>\n\t\t\t\t<\/div>\n\t\t<div class=\"elementor-element elementor-element-34cf146 e-flex e-con-boxed e-con e-parent\" data-id=\"34cf146\" data-element_type=\"container\">\n\t\t\t\t\t<div class=\"e-con-inner\">\n\t\t\t\t<div class=\"elementor-element elementor-element-f8db6a1 e-n-tabs-mobile elementor-widget elementor-widget-n-tabs\" data-id=\"f8db6a1\" data-element_type=\"widget\" data-settings=\"{&quot;tabs_justify_horizontal&quot;:&quot;start&quot;,&quot;horizontal_scroll&quot;:&quot;disable&quot;}\" data-widget_type=\"nested-tabs.default\">\n\t\t\t\t<div class=\"elementor-widget-container\">\n\t\t\t\t\t<div class=\"e-n-tabs\" data-widget-number=\"260945569\" aria-label=\"Onglets. Ouvrez des \u00e9l\u00e9ments avec Entrer ou Espace, fermez-les avec Echape et naviguez \u00e0 l&#039;aide des touches fl\u00e9ch\u00e9es.\">\n\t\t\t<div class=\"e-n-tabs-heading\" role=\"tablist\">\n\t\t\t\t\t<button id=\"e-n-tab-title-2609455691\" class=\"e-n-tab-title\" aria-selected=\"true\" data-tab-index=\"1\" role=\"tab\" tabindex=\"0\" aria-controls=\"e-n-tab-content-2609455691\" style=\"--n-tabs-title-order: 1;\">\n\t\t\t\t\t\t<span class=\"e-n-tab-title-text\">\n\t\t\t\tExt\u00e9rieur\t\t\t<\/span>\n\t\t<\/button>\n\t\t\t\t<button id=\"e-n-tab-title-2609455692\" class=\"e-n-tab-title\" aria-selected=\"false\" data-tab-index=\"2\" role=\"tab\" tabindex=\"-1\" aria-controls=\"e-n-tab-content-2609455692\" style=\"--n-tabs-title-order: 2;\">\n\t\t\t\t\t\t<span class=\"e-n-tab-title-text\">\n\t\t\t\tInt\u00e9rieur\t\t\t<\/span>\n\t\t<\/button>\n\t\t\t\t<button id=\"e-n-tab-title-2609455693\" class=\"e-n-tab-title\" aria-selected=\"false\" data-tab-index=\"3\" role=\"tab\" tabindex=\"-1\" aria-controls=\"e-n-tab-content-2609455693\" style=\"--n-tabs-title-order: 3;\">\n\t\t\t\t\t\t<span class=\"e-n-tab-title-text\">\n\t\t\t\tCaract\u00e9ristiques\t\t\t<\/span>\n\t\t<\/button>\n\t\t\t\t<button id=\"e-n-tab-title-2609455694\" class=\"e-n-tab-title\" aria-selected=\"false\" data-tab-index=\"4\" role=\"tab\" tabindex=\"-1\" aria-controls=\"e-n-tab-content-2609455694\" style=\"--n-tabs-title-order: 4;\">\n\t\t\t\t\t\t<span class=\"e-n-tab-title-text\">\n\t\t\t\tCommentaires\t\t\t<\/span>\n\t\t<\/button>\n\t\t\t\t\t<\/div>\n\t\t\t<div class=\"e-n-tabs-content\">\n\t\t\t\t<div id=\"e-n-tab-content-2609455691\" role=\"tabpanel\" aria-labelledby=\"e-n-tab-title-2609455691\" data-tab-index=\"1\" style=\"--n-tabs-title-order: 1;\" class=\"e-active elementor-element elementor-element-0291027 e-con-full e-flex e-con e-child\" data-id=\"0291027\" data-element_type=\"container\">\n\t\t<div class=\"elementor-element elementor-element-4b93aba e-con-full e-flex e-con e-child\" data-id=\"4b93aba\" data-element_type=\"container\">\n\t\t\t\t<div class=\"elementor-element elementor-element-24f6a5c gallery-spacing-custom elementor-widget elementor-widget-image-gallery\" data-id=\"24f6a5c\" data-element_type=\"widget\" data-widget_type=\"image-gallery.default\">\n\t\t\t\t<div class=\"elementor-widget-container\">\n\t\t\t\t\t<div class=\"elementor-image-gallery\">\n\t\t\t<div id='gallery-1' class='gallery galleryid-3542 gallery-columns-3 gallery-size-full'><figure class='gallery-item'>\n\t\t\t<div class='gallery-icon landscape'>\n\t\t\t\t<a data-elementor-open-lightbox=\"yes\" data-elementor-lightbox-slideshow=\"24f6a5c\" data-elementor-lightbox-title=\"f7299f1c93c59dcf6201167bfbf56fc3~2508x0\" data-e-action-hash=\"#elementor-action%3Aaction%3Dlightbox%26settings%3DeyJpZCI6MzU0OSwidXJsIjoiaHR0cHM6XC9cL3d3dy5leHAtYnlkLmNvbVwvd3AtY29udGVudFwvdXBsb2Fkc1wvMjAyNFwvMDRcL2Y3Mjk5ZjFjOTNjNTlkY2Y2MjAxMTY3YmZiZjU2ZmMzMjUwOHgwLmpwZyIsInNsaWRlc2hvdyI6IjI0ZjZhNWMifQ%3D%3D\" href='https:\/\/www.exp-byd.com\/wp-content\/uploads\/2024\/04\/f7299f1c93c59dcf6201167bfbf56fc32508x0.jpg'><img fetchpriority=\"high\" decoding=\"async\" width=\"1500\" height=\"1125\" src=\"https:\/\/www.exp-byd.com\/wp-content\/uploads\/2024\/04\/f7299f1c93c59dcf6201167bfbf56fc32508x0.jpg\" class=\"attachment-full size-full\" alt=\"\" srcset=\"https:\/\/www.exp-byd.com\/wp-content\/uploads\/2024\/04\/f7299f1c93c59dcf6201167bfbf56fc32508x0.jpg 1500w, https:\/\/www.exp-byd.com\/wp-content\/uploads\/2024\/04\/f7299f1c93c59dcf6201167bfbf56fc32508x0-300x225.jpg 300w, https:\/\/www.exp-byd.com\/wp-content\/uploads\/2024\/04\/f7299f1c93c59dcf6201167bfbf56fc32508x0-1024x768.jpg 1024w, https:\/\/www.exp-byd.com\/wp-content\/uploads\/2024\/04\/f7299f1c93c59dcf6201167bfbf56fc32508x0-768x576.jpg 768w, https:\/\/www.exp-byd.com\/wp-content\/uploads\/2024\/04\/f7299f1c93c59dcf6201167bfbf56fc32508x0-1200x900.jpg 1200w\" sizes=\"(max-width: 1500px) 100vw, 1500px\" \/><\/a>\n\t\t\t<\/div><\/figure><figure class='gallery-item'>\n\t\t\t<div class='gallery-icon landscape'>\n\t\t\t\t<a data-elementor-open-lightbox=\"yes\" data-elementor-lightbox-slideshow=\"24f6a5c\" data-elementor-lightbox-title=\"3028472ef400668d0c4e300d926f2754~2508x0\" data-e-action-hash=\"#elementor-action%3Aaction%3Dlightbox%26settings%3DeyJpZCI6MzU1MCwidXJsIjoiaHR0cHM6XC9cL3d3dy5leHAtYnlkLmNvbVwvd3AtY29udGVudFwvdXBsb2Fkc1wvMjAyNFwvMDRcLzMwMjg0NzJlZjQwMDY2OGQwYzRlMzAwZDkyNmYyNzU0MjUwOHgwLmpwZyIsInNsaWRlc2hvdyI6IjI0ZjZhNWMifQ%3D%3D\" href='https:\/\/www.exp-byd.com\/wp-content\/uploads\/2024\/04\/3028472ef400668d0c4e300d926f27542508x0.jpg'><img decoding=\"async\" width=\"1500\" height=\"1125\" src=\"https:\/\/www.exp-byd.com\/wp-content\/uploads\/2024\/04\/3028472ef400668d0c4e300d926f27542508x0.jpg\" class=\"attachment-full size-full\" alt=\"\" srcset=\"https:\/\/www.exp-byd.com\/wp-content\/uploads\/2024\/04\/3028472ef400668d0c4e300d926f27542508x0.jpg 1500w, https:\/\/www.exp-byd.com\/wp-content\/uploads\/2024\/04\/3028472ef400668d0c4e300d926f27542508x0-300x225.jpg 300w, https:\/\/www.exp-byd.com\/wp-content\/uploads\/2024\/04\/3028472ef400668d0c4e300d926f27542508x0-1024x768.jpg 1024w, https:\/\/www.exp-byd.com\/wp-content\/uploads\/2024\/04\/3028472ef400668d0c4e300d926f27542508x0-768x576.jpg 768w, https:\/\/www.exp-byd.com\/wp-content\/uploads\/2024\/04\/3028472ef400668d0c4e300d926f27542508x0-1200x900.jpg 1200w\" sizes=\"(max-width: 1500px) 100vw, 1500px\" \/><\/a>\n\t\t\t<\/div><\/figure>\n\t\t<\/div>\n\t\t<\/div>\n\t\t\t\t<\/div>\n\t\t\t\t<\/div>\n\t\t\t\t<\/div>\n\t\t\t\t<\/div>\n\t\t<div id=\"e-n-tab-content-2609455692\" role=\"tabpanel\" aria-labelledby=\"e-n-tab-title-2609455692\" data-tab-index=\"2\" style=\"--n-tabs-title-order: 2;\" class=\"elementor-element elementor-element-9f0b552 e-con-full e-flex e-con e-child\" data-id=\"9f0b552\" data-element_type=\"container\">\n\t\t<div class=\"elementor-element elementor-element-3dd5c9d e-con-full e-flex e-con e-child\" data-id=\"3dd5c9d\" data-element_type=\"container\">\n\t\t\t\t<div class=\"elementor-element elementor-element-f8c75e0 gallery-spacing-custom elementor-widget elementor-widget-image-gallery\" data-id=\"f8c75e0\" data-element_type=\"widget\" data-widget_type=\"image-gallery.default\">\n\t\t\t\t<div class=\"elementor-widget-container\">\n\t\t\t\t\t<div class=\"elementor-image-gallery\">\n\t\t\t<div id='gallery-2' class='gallery galleryid-3542 gallery-columns-3 gallery-size-full'><figure class='gallery-item'>\n\t\t\t<div class='gallery-icon landscape'>\n\t\t\t\t<a data-elementor-open-lightbox=\"yes\" data-elementor-lightbox-slideshow=\"f8c75e0\" data-elementor-lightbox-title=\"174a13866bcba3e722bb951275702d74~2508x0\" data-e-action-hash=\"#elementor-action%3Aaction%3Dlightbox%26settings%3DeyJpZCI6MzU1MSwidXJsIjoiaHR0cHM6XC9cL3d3dy5leHAtYnlkLmNvbVwvd3AtY29udGVudFwvdXBsb2Fkc1wvMjAyNFwvMDRcLzE3NGExMzg2NmJjYmEzZTcyMmJiOTUxMjc1NzAyZDc0MjUwOHgwLndlYnAiLCJzbGlkZXNob3ciOiJmOGM3NWUwIn0%3D\" href='https:\/\/www.exp-byd.com\/wp-content\/uploads\/2024\/04\/174a13866bcba3e722bb951275702d742508x0.webp'><img decoding=\"async\" width=\"930\" height=\"697\" src=\"https:\/\/www.exp-byd.com\/wp-content\/uploads\/2024\/04\/174a13866bcba3e722bb951275702d742508x0.webp\" class=\"attachment-full size-full\" alt=\"\" srcset=\"https:\/\/www.exp-byd.com\/wp-content\/uploads\/2024\/04\/174a13866bcba3e722bb951275702d742508x0.webp 930w, https:\/\/www.exp-byd.com\/wp-content\/uploads\/2024\/04\/174a13866bcba3e722bb951275702d742508x0-300x225.webp 300w, https:\/\/www.exp-byd.com\/wp-content\/uploads\/2024\/04\/174a13866bcba3e722bb951275702d742508x0-768x576.webp 768w\" sizes=\"(max-width: 930px) 100vw, 930px\" \/><\/a>\n\t\t\t<\/div><\/figure><figure class='gallery-item'>\n\t\t\t<div class='gallery-icon landscape'>\n\t\t\t\t<a data-elementor-open-lightbox=\"yes\" data-elementor-lightbox-slideshow=\"f8c75e0\" data-elementor-lightbox-title=\"4eb098d2f8cf93898d3053e4acbe537b~2508x0\" data-e-action-hash=\"#elementor-action%3Aaction%3Dlightbox%26settings%3DeyJpZCI6MzU1MiwidXJsIjoiaHR0cHM6XC9cL3d3dy5leHAtYnlkLmNvbVwvd3AtY29udGVudFwvdXBsb2Fkc1wvMjAyNFwvMDRcLzRlYjA5OGQyZjhjZjkzODk4ZDMwNTNlNGFjYmU1MzdiMjUwOHgwLndlYnAiLCJzbGlkZXNob3ciOiJmOGM3NWUwIn0%3D\" href='https:\/\/www.exp-byd.com\/wp-content\/uploads\/2024\/04\/4eb098d2f8cf93898d3053e4acbe537b2508x0.webp'><img loading=\"lazy\" decoding=\"async\" width=\"1920\" height=\"1440\" src=\"https:\/\/www.exp-byd.com\/wp-content\/uploads\/2024\/04\/4eb098d2f8cf93898d3053e4acbe537b2508x0.webp\" class=\"attachment-full size-full\" alt=\"\" srcset=\"https:\/\/www.exp-byd.com\/wp-content\/uploads\/2024\/04\/4eb098d2f8cf93898d3053e4acbe537b2508x0.webp 1920w, https:\/\/www.exp-byd.com\/wp-content\/uploads\/2024\/04\/4eb098d2f8cf93898d3053e4acbe537b2508x0-300x225.webp 300w, https:\/\/www.exp-byd.com\/wp-content\/uploads\/2024\/04\/4eb098d2f8cf93898d3053e4acbe537b2508x0-1024x768.webp 1024w, https:\/\/www.exp-byd.com\/wp-content\/uploads\/2024\/04\/4eb098d2f8cf93898d3053e4acbe537b2508x0-768x576.webp 768w, https:\/\/www.exp-byd.com\/wp-content\/uploads\/2024\/04\/4eb098d2f8cf93898d3053e4acbe537b2508x0-1536x1152.webp 1536w, https:\/\/www.exp-byd.com\/wp-content\/uploads\/2024\/04\/4eb098d2f8cf93898d3053e4acbe537b2508x0-1200x900.webp 1200w\" sizes=\"(max-width: 1920px) 100vw, 1920px\" \/><\/a>\n\t\t\t<\/div><\/figure><figure class='gallery-item'>\n\t\t\t<div class='gallery-icon landscape'>\n\t\t\t\t<a data-elementor-open-lightbox=\"yes\" data-elementor-lightbox-slideshow=\"f8c75e0\" data-elementor-lightbox-title=\"5f7d17506bc7cbef9a1b75df23ba4b56~2508x0\" data-e-action-hash=\"#elementor-action%3Aaction%3Dlightbox%26settings%3DeyJpZCI6MzU1MywidXJsIjoiaHR0cHM6XC9cL3d3dy5leHAtYnlkLmNvbVwvd3AtY29udGVudFwvdXBsb2Fkc1wvMjAyNFwvMDRcLzVmN2QxNzUwNmJjN2NiZWY5YTFiNzVkZjIzYmE0YjU2MjUwOHgwLndlYnAiLCJzbGlkZXNob3ciOiJmOGM3NWUwIn0%3D\" href='https:\/\/www.exp-byd.com\/wp-content\/uploads\/2024\/04\/5f7d17506bc7cbef9a1b75df23ba4b562508x0.webp'><img loading=\"lazy\" decoding=\"async\" width=\"1920\" height=\"1440\" src=\"https:\/\/www.exp-byd.com\/wp-content\/uploads\/2024\/04\/5f7d17506bc7cbef9a1b75df23ba4b562508x0.webp\" class=\"attachment-full size-full\" alt=\"\" srcset=\"https:\/\/www.exp-byd.com\/wp-content\/uploads\/2024\/04\/5f7d17506bc7cbef9a1b75df23ba4b562508x0.webp 1920w, https:\/\/www.exp-byd.com\/wp-content\/uploads\/2024\/04\/5f7d17506bc7cbef9a1b75df23ba4b562508x0-300x225.webp 300w, https:\/\/www.exp-byd.com\/wp-content\/uploads\/2024\/04\/5f7d17506bc7cbef9a1b75df23ba4b562508x0-1024x768.webp 1024w, https:\/\/www.exp-byd.com\/wp-content\/uploads\/2024\/04\/5f7d17506bc7cbef9a1b75df23ba4b562508x0-768x576.webp 768w, https:\/\/www.exp-byd.com\/wp-content\/uploads\/2024\/04\/5f7d17506bc7cbef9a1b75df23ba4b562508x0-1536x1152.webp 1536w, https:\/\/www.exp-byd.com\/wp-content\/uploads\/2024\/04\/5f7d17506bc7cbef9a1b75df23ba4b562508x0-1200x900.webp 1200w\" sizes=\"(max-width: 1920px) 100vw, 1920px\" \/><\/a>\n\t\t\t<\/div><\/figure><figure class='gallery-item'>\n\t\t\t<div class='gallery-icon landscape'>\n\t\t\t\t<a data-elementor-open-lightbox=\"yes\" data-elementor-lightbox-slideshow=\"f8c75e0\" data-elementor-lightbox-title=\"02bda19ce2b182a102eae4ecdc0fb6dc~2508x0\" data-e-action-hash=\"#elementor-action%3Aaction%3Dlightbox%26settings%3DeyJpZCI6MzU1NCwidXJsIjoiaHR0cHM6XC9cL3d3dy5leHAtYnlkLmNvbVwvd3AtY29udGVudFwvdXBsb2Fkc1wvMjAyNFwvMDRcLzAyYmRhMTljZTJiMTgyYTEwMmVhZTRlY2RjMGZiNmRjMjUwOHgwLndlYnAiLCJzbGlkZXNob3ciOiJmOGM3NWUwIn0%3D\" href='https:\/\/www.exp-byd.com\/wp-content\/uploads\/2024\/04\/02bda19ce2b182a102eae4ecdc0fb6dc2508x0.webp'><img loading=\"lazy\" decoding=\"async\" width=\"1920\" height=\"1440\" src=\"https:\/\/www.exp-byd.com\/wp-content\/uploads\/2024\/04\/02bda19ce2b182a102eae4ecdc0fb6dc2508x0.webp\" class=\"attachment-full size-full\" alt=\"\" srcset=\"https:\/\/www.exp-byd.com\/wp-content\/uploads\/2024\/04\/02bda19ce2b182a102eae4ecdc0fb6dc2508x0.webp 1920w, https:\/\/www.exp-byd.com\/wp-content\/uploads\/2024\/04\/02bda19ce2b182a102eae4ecdc0fb6dc2508x0-300x225.webp 300w, https:\/\/www.exp-byd.com\/wp-content\/uploads\/2024\/04\/02bda19ce2b182a102eae4ecdc0fb6dc2508x0-1024x768.webp 1024w, https:\/\/www.exp-byd.com\/wp-content\/uploads\/2024\/04\/02bda19ce2b182a102eae4ecdc0fb6dc2508x0-768x576.webp 768w, https:\/\/www.exp-byd.com\/wp-content\/uploads\/2024\/04\/02bda19ce2b182a102eae4ecdc0fb6dc2508x0-1536x1152.webp 1536w, https:\/\/www.exp-byd.com\/wp-content\/uploads\/2024\/04\/02bda19ce2b182a102eae4ecdc0fb6dc2508x0-1200x900.webp 1200w\" sizes=\"(max-width: 1920px) 100vw, 1920px\" \/><\/a>\n\t\t\t<\/div><\/figure><figure class='gallery-item'>\n\t\t\t<div class='gallery-icon landscape'>\n\t\t\t\t<a data-elementor-open-lightbox=\"yes\" data-elementor-lightbox-slideshow=\"f8c75e0\" data-elementor-lightbox-title=\"b0969717c247490f6ef3b3db21b78bc9~2508x0\" data-e-action-hash=\"#elementor-action%3Aaction%3Dlightbox%26settings%3DeyJpZCI6MzU1NSwidXJsIjoiaHR0cHM6XC9cL3d3dy5leHAtYnlkLmNvbVwvd3AtY29udGVudFwvdXBsb2Fkc1wvMjAyNFwvMDRcL2IwOTY5NzE3YzI0NzQ5MGY2ZWYzYjNkYjIxYjc4YmM5MjUwOHgwLndlYnAiLCJzbGlkZXNob3ciOiJmOGM3NWUwIn0%3D\" href='https:\/\/www.exp-byd.com\/wp-content\/uploads\/2024\/04\/b0969717c247490f6ef3b3db21b78bc92508x0.webp'><img loading=\"lazy\" decoding=\"async\" width=\"1920\" height=\"1440\" src=\"https:\/\/www.exp-byd.com\/wp-content\/uploads\/2024\/04\/b0969717c247490f6ef3b3db21b78bc92508x0.webp\" class=\"attachment-full size-full\" alt=\"\" srcset=\"https:\/\/www.exp-byd.com\/wp-content\/uploads\/2024\/04\/b0969717c247490f6ef3b3db21b78bc92508x0.webp 1920w, https:\/\/www.exp-byd.com\/wp-content\/uploads\/2024\/04\/b0969717c247490f6ef3b3db21b78bc92508x0-300x225.webp 300w, https:\/\/www.exp-byd.com\/wp-content\/uploads\/2024\/04\/b0969717c247490f6ef3b3db21b78bc92508x0-1024x768.webp 1024w, https:\/\/www.exp-byd.com\/wp-content\/uploads\/2024\/04\/b0969717c247490f6ef3b3db21b78bc92508x0-768x576.webp 768w, https:\/\/www.exp-byd.com\/wp-content\/uploads\/2024\/04\/b0969717c247490f6ef3b3db21b78bc92508x0-1536x1152.webp 1536w, https:\/\/www.exp-byd.com\/wp-content\/uploads\/2024\/04\/b0969717c247490f6ef3b3db21b78bc92508x0-1200x900.webp 1200w\" sizes=\"(max-width: 1920px) 100vw, 1920px\" \/><\/a>\n\t\t\t<\/div><\/figure><figure class='gallery-item'>\n\t\t\t<div class='gallery-icon landscape'>\n\t\t\t\t<a data-elementor-open-lightbox=\"yes\" data-elementor-lightbox-slideshow=\"f8c75e0\" data-elementor-lightbox-title=\"a8e69d245082271c1da5012674fde3b0~2508x0\" data-e-action-hash=\"#elementor-action%3Aaction%3Dlightbox%26settings%3DeyJpZCI6MzU1NiwidXJsIjoiaHR0cHM6XC9cL3d3dy5leHAtYnlkLmNvbVwvd3AtY29udGVudFwvdXBsb2Fkc1wvMjAyNFwvMDRcL2E4ZTY5ZDI0NTA4MjI3MWMxZGE1MDEyNjc0ZmRlM2IwMjUwOHgwLndlYnAiLCJzbGlkZXNob3ciOiJmOGM3NWUwIn0%3D\" href='https:\/\/www.exp-byd.com\/wp-content\/uploads\/2024\/04\/a8e69d245082271c1da5012674fde3b02508x0.webp'><img loading=\"lazy\" decoding=\"async\" width=\"1920\" height=\"1440\" src=\"https:\/\/www.exp-byd.com\/wp-content\/uploads\/2024\/04\/a8e69d245082271c1da5012674fde3b02508x0.webp\" class=\"attachment-full size-full\" alt=\"\" srcset=\"https:\/\/www.exp-byd.com\/wp-content\/uploads\/2024\/04\/a8e69d245082271c1da5012674fde3b02508x0.webp 1920w, https:\/\/www.exp-byd.com\/wp-content\/uploads\/2024\/04\/a8e69d245082271c1da5012674fde3b02508x0-300x225.webp 300w, https:\/\/www.exp-byd.com\/wp-content\/uploads\/2024\/04\/a8e69d245082271c1da5012674fde3b02508x0-1024x768.webp 1024w, https:\/\/www.exp-byd.com\/wp-content\/uploads\/2024\/04\/a8e69d245082271c1da5012674fde3b02508x0-768x576.webp 768w, https:\/\/www.exp-byd.com\/wp-content\/uploads\/2024\/04\/a8e69d245082271c1da5012674fde3b02508x0-1536x1152.webp 1536w, https:\/\/www.exp-byd.com\/wp-content\/uploads\/2024\/04\/a8e69d245082271c1da5012674fde3b02508x0-1200x900.webp 1200w\" sizes=\"(max-width: 1920px) 100vw, 1920px\" \/><\/a>\n\t\t\t<\/div><\/figure><figure class='gallery-item'>\n\t\t\t<div class='gallery-icon landscape'>\n\t\t\t\t<a data-elementor-open-lightbox=\"yes\" data-elementor-lightbox-slideshow=\"f8c75e0\" data-elementor-lightbox-title=\"90e9080e6789cb4be41679c54ec66948~2508x0\" data-e-action-hash=\"#elementor-action%3Aaction%3Dlightbox%26settings%3DeyJpZCI6MzU1NywidXJsIjoiaHR0cHM6XC9cL3d3dy5leHAtYnlkLmNvbVwvd3AtY29udGVudFwvdXBsb2Fkc1wvMjAyNFwvMDRcLzkwZTkwODBlNjc4OWNiNGJlNDE2NzljNTRlYzY2OTQ4MjUwOHgwLndlYnAiLCJzbGlkZXNob3ciOiJmOGM3NWUwIn0%3D\" href='https:\/\/www.exp-byd.com\/wp-content\/uploads\/2024\/04\/90e9080e6789cb4be41679c54ec669482508x0.webp'><img loading=\"lazy\" decoding=\"async\" width=\"1920\" height=\"1440\" src=\"https:\/\/www.exp-byd.com\/wp-content\/uploads\/2024\/04\/90e9080e6789cb4be41679c54ec669482508x0.webp\" class=\"attachment-full size-full\" alt=\"\" srcset=\"https:\/\/www.exp-byd.com\/wp-content\/uploads\/2024\/04\/90e9080e6789cb4be41679c54ec669482508x0.webp 1920w, https:\/\/www.exp-byd.com\/wp-content\/uploads\/2024\/04\/90e9080e6789cb4be41679c54ec669482508x0-300x225.webp 300w, https:\/\/www.exp-byd.com\/wp-content\/uploads\/2024\/04\/90e9080e6789cb4be41679c54ec669482508x0-1024x768.webp 1024w, https:\/\/www.exp-byd.com\/wp-content\/uploads\/2024\/04\/90e9080e6789cb4be41679c54ec669482508x0-768x576.webp 768w, https:\/\/www.exp-byd.com\/wp-content\/uploads\/2024\/04\/90e9080e6789cb4be41679c54ec669482508x0-1536x1152.webp 1536w, https:\/\/www.exp-byd.com\/wp-content\/uploads\/2024\/04\/90e9080e6789cb4be41679c54ec669482508x0-1200x900.webp 1200w\" sizes=\"(max-width: 1920px) 100vw, 1920px\" \/><\/a>\n\t\t\t<\/div><\/figure><figure class='gallery-item'>\n\t\t\t<div class='gallery-icon landscape'>\n\t\t\t\t<a data-elementor-open-lightbox=\"yes\" data-elementor-lightbox-slideshow=\"f8c75e0\" data-elementor-lightbox-title=\"35c7006114191124723f9b74dd7f1a87~2508x0\" data-e-action-hash=\"#elementor-action%3Aaction%3Dlightbox%26settings%3DeyJpZCI6MzU1OCwidXJsIjoiaHR0cHM6XC9cL3d3dy5leHAtYnlkLmNvbVwvd3AtY29udGVudFwvdXBsb2Fkc1wvMjAyNFwvMDRcLzM1YzcwMDYxMTQxOTExMjQ3MjNmOWI3NGRkN2YxYTg3MjUwOHgwLndlYnAiLCJzbGlkZXNob3ciOiJmOGM3NWUwIn0%3D\" href='https:\/\/www.exp-byd.com\/wp-content\/uploads\/2024\/04\/35c7006114191124723f9b74dd7f1a872508x0.webp'><img loading=\"lazy\" decoding=\"async\" width=\"1920\" height=\"1440\" src=\"https:\/\/www.exp-byd.com\/wp-content\/uploads\/2024\/04\/35c7006114191124723f9b74dd7f1a872508x0.webp\" class=\"attachment-full size-full\" alt=\"\" srcset=\"https:\/\/www.exp-byd.com\/wp-content\/uploads\/2024\/04\/35c7006114191124723f9b74dd7f1a872508x0.webp 1920w, https:\/\/www.exp-byd.com\/wp-content\/uploads\/2024\/04\/35c7006114191124723f9b74dd7f1a872508x0-300x225.webp 300w, https:\/\/www.exp-byd.com\/wp-content\/uploads\/2024\/04\/35c7006114191124723f9b74dd7f1a872508x0-1024x768.webp 1024w, https:\/\/www.exp-byd.com\/wp-content\/uploads\/2024\/04\/35c7006114191124723f9b74dd7f1a872508x0-768x576.webp 768w, https:\/\/www.exp-byd.com\/wp-content\/uploads\/2024\/04\/35c7006114191124723f9b74dd7f1a872508x0-1536x1152.webp 1536w, https:\/\/www.exp-byd.com\/wp-content\/uploads\/2024\/04\/35c7006114191124723f9b74dd7f1a872508x0-1200x900.webp 1200w\" sizes=\"(max-width: 1920px) 100vw, 1920px\" \/><\/a>\n\t\t\t<\/div><\/figure>\n\t\t<\/div>\n\t\t<\/div>\n\t\t\t\t<\/div>\n\t\t\t\t<\/div>\n\t\t\t\t<\/div>\n\t\t\t\t<\/div>\n\t\t<div id=\"e-n-tab-content-2609455693\" role=\"tabpanel\" aria-labelledby=\"e-n-tab-title-2609455693\" data-tab-index=\"3\" style=\"--n-tabs-title-order: 3;\" class=\"elementor-element elementor-element-1d660ec e-con-full e-flex e-con e-child\" data-id=\"1d660ec\" data-element_type=\"container\">\n\t\t<div class=\"elementor-element elementor-element-ef072dd e-con-full e-flex e-con e-child\" data-id=\"ef072dd\" data-element_type=\"container\">\n\t\t\t\t<\/div>\n\t\t\t\t<\/div>\n\t\t<div id=\"e-n-tab-content-2609455694\" role=\"tabpanel\" aria-labelledby=\"e-n-tab-title-2609455694\" data-tab-index=\"4\" style=\"--n-tabs-title-order: 4;\" class=\"elementor-element elementor-element-f215e27 e-con-full e-flex e-con e-child\" data-id=\"f215e27\" data-element_type=\"container\">\n\t\t<div class=\"elementor-element elementor-element-bbcca72 e-con-full e-flex e-con e-child\" data-id=\"bbcca72\" data-element_type=\"container\">\n\t\t\t\t<\/div>\n\t\t\t\t<\/div>\n\t\t\t\t\t<\/div>\n\t\t<\/div>\n\t\t\t\t<\/div>\n\t\t\t\t<\/div>\n\t\t\t\t\t<\/div>\n\t\t\t\t<\/div>\n\t\t\t\t<\/div>","protected":false},"excerpt":{"rendered":"<p><strong>Types de carburant<\/strong>: BEV<\/p>\n<p><strong>Capacit\u00e9 de la batterie<\/strong>(kWh)\u00a0: 84,5\/101,5<\/p>\n<p><strong>Practice<\/strong>(km): 610\/702<\/p>\n<p><strong>Temps d&#039;acc\u00e9l\u00e9ration de 0 \u00e0 100 km\/h<\/strong>(s) : 7,7\/5,7<\/p>\n<p><strong>Vitesse de pointe<\/strong>(km\/h) : 200<\/p>\n<p><strong>Type de lecteur<\/strong>: traction avant\/4 roues motrices<\/p>\n<p><strong>Couleur<\/strong>: Personnalis\u00e9<\/p>\n<p><strong>Dimensions du v\u00e9hicule<\/strong>(mm): 5293x1988x1785<\/p>","protected":false},"featured_media":3543,"comment_status":"open","ping_status":"closed","template":"","meta":{"rank_math_lock_modified_date":false},"product_cat":[64],"product_tag":[],"class_list":{"0":"post-3542","1":"product","2":"type-product","3":"status-publish","4":"has-post-thumbnail","6":"product_cat-xpeng","8":"first","9":"instock","10":"shipping-taxable","11":"product-type-simple"},"_links":{"self":[{"href":"https:\/\/www.exp-byd.com\/fr\/wp-json\/wp\/v2\/product\/3542","targetHints":{"allow":["GET"]}}],"collection":[{"href":"https:\/\/www.exp-byd.com\/fr\/wp-json\/wp\/v2\/product"}],"about":[{"href":"https:\/\/www.exp-byd.com\/fr\/wp-json\/wp\/v2\/types\/product"}],"replies":[{"embeddable":true,"href":"https:\/\/www.exp-byd.com\/fr\/wp-json\/wp\/v2\/comments?post=3542"}],"version-history":[{"count":4,"href":"https:\/\/www.exp-byd.com\/fr\/wp-json\/wp\/v2\/product\/3542\/revisions"}],"predecessor-version":[{"id":9519,"href":"https:\/\/www.exp-byd.com\/fr\/wp-json\/wp\/v2\/product\/3542\/revisions\/9519"}],"wp:featuredmedia":[{"embeddable":true,"href":"https:\/\/www.exp-byd.com\/fr\/wp-json\/wp\/v2\/media\/3543"}],"wp:attachment":[{"href":"https:\/\/www.exp-byd.com\/fr\/wp-json\/wp\/v2\/media?parent=3542"}],"wp:term":[{"taxonomy":"product_cat","embeddable":true,"href":"https:\/\/www.exp-byd.com\/fr\/wp-json\/wp\/v2\/product_cat?post=3542"},{"taxonomy":"product_tag","embeddable":true,"href":"https:\/\/www.exp-byd.com\/fr\/wp-json\/wp\/v2\/product_tag?post=3542"}],"curies":[{"name":"wp","href":"https:\/\/api.w.org\/{rel}","templated":true}]}}