{"id":3611,"date":"2024-04-23T07:29:09","date_gmt":"2024-04-23T07:29:09","guid":{"rendered":"https:\/\/www.cevauto.com\/?post_type=product&#038;p=3611"},"modified":"2025-11-18T08:22:00","modified_gmt":"2025-11-18T08:22:00","slug":"vw-id-4-crozz","status":"publish","type":"product","link":"https:\/\/www.exp-byd.com\/fr\/product\/vw-id-4-crozz\/","title":{"rendered":"VW ID.4 CROZZ"},"content":{"rendered":"<div data-elementor-type=\"product-post\" data-elementor-id=\"3611\" class=\"elementor elementor-3611\" data-elementor-post-type=\"product\">\n\t\t\t\t<div class=\"elementor-element elementor-element-923e87f e-con-full e-flex e-con e-parent\" data-id=\"923e87f\" data-element_type=\"container\" data-settings=\"{&quot;background_background&quot;:&quot;video&quot;}\">\n\t\t<div class=\"elementor-element elementor-element-9c8b308 e-flex e-con-boxed e-con e-child\" data-id=\"9c8b308\" data-element_type=\"container\" data-settings=\"{&quot;background_background&quot;:&quot;video&quot;,&quot;background_play_on_mobile&quot;:&quot;yes&quot;}\">\n\t\t\t\t\t<div class=\"e-con-inner\">\n\t\t<div class=\"elementor-element elementor-element-3ab7e06 e-con-full e-flex e-con e-child\" data-id=\"3ab7e06\" data-element_type=\"container\" data-settings=\"{&quot;background_background&quot;:&quot;video&quot;,&quot;background_video_link&quot;:&quot;https:\\\/\\\/www.youtube.com\\\/watch?v=hzlyNe6FvkM&quot;,&quot;background_play_on_mobile&quot;:&quot;yes&quot;}\">\n\t\t<div class=\"elementor-background-video-container\">\n\t\t\t\t\t\t\t<div class=\"elementor-background-video-embed\"><\/div>\n\t\t\t\t\t\t<\/div>\t\t<\/div>\n\t\t\t\t\t<\/div>\n\t\t\t\t<\/div>\n\t\t\t\t<\/div>\n\t\t<div class=\"elementor-element elementor-element-34cf146 e-flex e-con-boxed e-con e-parent\" data-id=\"34cf146\" data-element_type=\"container\">\n\t\t\t\t\t<div class=\"e-con-inner\">\n\t\t\t\t<div class=\"elementor-element elementor-element-f8db6a1 e-n-tabs-mobile elementor-widget elementor-widget-n-tabs\" data-id=\"f8db6a1\" data-element_type=\"widget\" data-settings=\"{&quot;tabs_justify_horizontal&quot;:&quot;start&quot;,&quot;horizontal_scroll&quot;:&quot;disable&quot;}\" data-widget_type=\"nested-tabs.default\">\n\t\t\t\t<div class=\"elementor-widget-container\">\n\t\t\t\t\t<div class=\"e-n-tabs\" data-widget-number=\"260945569\" aria-label=\"Onglets. Ouvrez des \u00e9l\u00e9ments avec Entrer ou Espace, fermez-les avec Echape et naviguez \u00e0 l&#039;aide des touches fl\u00e9ch\u00e9es.\">\n\t\t\t<div class=\"e-n-tabs-heading\" role=\"tablist\">\n\t\t\t\t\t<button id=\"e-n-tab-title-2609455691\" class=\"e-n-tab-title\" aria-selected=\"true\" data-tab-index=\"1\" role=\"tab\" tabindex=\"0\" aria-controls=\"e-n-tab-content-2609455691\" style=\"--n-tabs-title-order: 1;\">\n\t\t\t\t\t\t<span class=\"e-n-tab-title-text\">\n\t\t\t\tExt\u00e9rieur\t\t\t<\/span>\n\t\t<\/button>\n\t\t\t\t<button id=\"e-n-tab-title-2609455692\" class=\"e-n-tab-title\" aria-selected=\"false\" data-tab-index=\"2\" role=\"tab\" tabindex=\"-1\" aria-controls=\"e-n-tab-content-2609455692\" style=\"--n-tabs-title-order: 2;\">\n\t\t\t\t\t\t<span class=\"e-n-tab-title-text\">\n\t\t\t\tInt\u00e9rieur\t\t\t<\/span>\n\t\t<\/button>\n\t\t\t\t<button id=\"e-n-tab-title-2609455693\" class=\"e-n-tab-title\" aria-selected=\"false\" data-tab-index=\"3\" role=\"tab\" tabindex=\"-1\" aria-controls=\"e-n-tab-content-2609455693\" style=\"--n-tabs-title-order: 3;\">\n\t\t\t\t\t\t<span class=\"e-n-tab-title-text\">\n\t\t\t\tCaract\u00e9ristiques\t\t\t<\/span>\n\t\t<\/button>\n\t\t\t\t<button id=\"e-n-tab-title-2609455694\" class=\"e-n-tab-title\" aria-selected=\"false\" data-tab-index=\"4\" role=\"tab\" tabindex=\"-1\" aria-controls=\"e-n-tab-content-2609455694\" style=\"--n-tabs-title-order: 4;\">\n\t\t\t\t\t\t<span class=\"e-n-tab-title-text\">\n\t\t\t\tCommentaires\t\t\t<\/span>\n\t\t<\/button>\n\t\t\t\t\t<\/div>\n\t\t\t<div class=\"e-n-tabs-content\">\n\t\t\t\t<div id=\"e-n-tab-content-2609455691\" role=\"tabpanel\" aria-labelledby=\"e-n-tab-title-2609455691\" data-tab-index=\"1\" style=\"--n-tabs-title-order: 1;\" class=\"e-active elementor-element elementor-element-0291027 e-con-full e-flex e-con e-child\" data-id=\"0291027\" data-element_type=\"container\">\n\t\t<div class=\"elementor-element elementor-element-4b93aba e-con-full e-flex e-con e-child\" data-id=\"4b93aba\" data-element_type=\"container\">\n\t\t\t\t<div class=\"elementor-element elementor-element-24f6a5c gallery-spacing-custom elementor-widget elementor-widget-image-gallery\" data-id=\"24f6a5c\" data-element_type=\"widget\" data-widget_type=\"image-gallery.default\">\n\t\t\t\t<div class=\"elementor-widget-container\">\n\t\t\t\t\t<div class=\"elementor-image-gallery\">\n\t\t\t<div id='gallery-1' class='gallery galleryid-3611 gallery-columns-3 gallery-size-full'><figure class='gallery-item'>\n\t\t\t<div class='gallery-icon landscape'>\n\t\t\t\t<a data-elementor-open-lightbox=\"yes\" data-elementor-lightbox-slideshow=\"24f6a5c\" data-elementor-lightbox-title=\"0f64f8633dda2426d3a7284a407afe3d~2508x0\" data-e-action-hash=\"#elementor-action%3Aaction%3Dlightbox%26settings%3DeyJpZCI6MzYxOSwidXJsIjoiaHR0cHM6XC9cL3d3dy5leHAtYnlkLmNvbVwvd3AtY29udGVudFwvdXBsb2Fkc1wvMjAyNFwvMDRcLzBmNjRmODYzM2RkYTI0MjZkM2E3Mjg0YTQwN2FmZTNkMjUwOHgwLndlYnAiLCJzbGlkZXNob3ciOiIyNGY2YTVjIn0%3D\" href='https:\/\/www.exp-byd.com\/wp-content\/uploads\/2024\/04\/0f64f8633dda2426d3a7284a407afe3d2508x0.webp'><img fetchpriority=\"high\" decoding=\"async\" width=\"2400\" height=\"1600\" src=\"https:\/\/www.exp-byd.com\/wp-content\/uploads\/2024\/04\/0f64f8633dda2426d3a7284a407afe3d2508x0.webp\" class=\"attachment-full size-full\" alt=\"\" srcset=\"https:\/\/www.exp-byd.com\/wp-content\/uploads\/2024\/04\/0f64f8633dda2426d3a7284a407afe3d2508x0.webp 2400w, https:\/\/www.exp-byd.com\/wp-content\/uploads\/2024\/04\/0f64f8633dda2426d3a7284a407afe3d2508x0-300x200.webp 300w, https:\/\/www.exp-byd.com\/wp-content\/uploads\/2024\/04\/0f64f8633dda2426d3a7284a407afe3d2508x0-1024x683.webp 1024w, https:\/\/www.exp-byd.com\/wp-content\/uploads\/2024\/04\/0f64f8633dda2426d3a7284a407afe3d2508x0-768x512.webp 768w, https:\/\/www.exp-byd.com\/wp-content\/uploads\/2024\/04\/0f64f8633dda2426d3a7284a407afe3d2508x0-1536x1024.webp 1536w, https:\/\/www.exp-byd.com\/wp-content\/uploads\/2024\/04\/0f64f8633dda2426d3a7284a407afe3d2508x0-2048x1365.webp 2048w, https:\/\/www.exp-byd.com\/wp-content\/uploads\/2024\/04\/0f64f8633dda2426d3a7284a407afe3d2508x0-1200x800.webp 1200w\" sizes=\"(max-width: 2400px) 100vw, 2400px\" \/><\/a>\n\t\t\t<\/div><\/figure><figure class='gallery-item'>\n\t\t\t<div class='gallery-icon landscape'>\n\t\t\t\t<a data-elementor-open-lightbox=\"yes\" data-elementor-lightbox-slideshow=\"24f6a5c\" data-elementor-lightbox-title=\"a904ee12e36033f9bc26a6ba6e7dd9d6~2508x0\" data-e-action-hash=\"#elementor-action%3Aaction%3Dlightbox%26settings%3DeyJpZCI6MzYyMCwidXJsIjoiaHR0cHM6XC9cL3d3dy5leHAtYnlkLmNvbVwvd3AtY29udGVudFwvdXBsb2Fkc1wvMjAyNFwvMDRcL2E5MDRlZTEyZTM2MDMzZjliYzI2YTZiYTZlN2RkOWQ2MjUwOHgwLndlYnAiLCJzbGlkZXNob3ciOiIyNGY2YTVjIn0%3D\" href='https:\/\/www.exp-byd.com\/wp-content\/uploads\/2024\/04\/a904ee12e36033f9bc26a6ba6e7dd9d62508x0.webp'><img decoding=\"async\" width=\"2400\" height=\"1600\" src=\"https:\/\/www.exp-byd.com\/wp-content\/uploads\/2024\/04\/a904ee12e36033f9bc26a6ba6e7dd9d62508x0.webp\" class=\"attachment-full size-full\" alt=\"\" srcset=\"https:\/\/www.exp-byd.com\/wp-content\/uploads\/2024\/04\/a904ee12e36033f9bc26a6ba6e7dd9d62508x0.webp 2400w, https:\/\/www.exp-byd.com\/wp-content\/uploads\/2024\/04\/a904ee12e36033f9bc26a6ba6e7dd9d62508x0-300x200.webp 300w, https:\/\/www.exp-byd.com\/wp-content\/uploads\/2024\/04\/a904ee12e36033f9bc26a6ba6e7dd9d62508x0-1024x683.webp 1024w, https:\/\/www.exp-byd.com\/wp-content\/uploads\/2024\/04\/a904ee12e36033f9bc26a6ba6e7dd9d62508x0-768x512.webp 768w, https:\/\/www.exp-byd.com\/wp-content\/uploads\/2024\/04\/a904ee12e36033f9bc26a6ba6e7dd9d62508x0-1536x1024.webp 1536w, https:\/\/www.exp-byd.com\/wp-content\/uploads\/2024\/04\/a904ee12e36033f9bc26a6ba6e7dd9d62508x0-2048x1365.webp 2048w, https:\/\/www.exp-byd.com\/wp-content\/uploads\/2024\/04\/a904ee12e36033f9bc26a6ba6e7dd9d62508x0-1200x800.webp 1200w\" sizes=\"(max-width: 2400px) 100vw, 2400px\" \/><\/a>\n\t\t\t<\/div><\/figure><figure class='gallery-item'>\n\t\t\t<div class='gallery-icon landscape'>\n\t\t\t\t<a data-elementor-open-lightbox=\"yes\" data-elementor-lightbox-slideshow=\"24f6a5c\" data-elementor-lightbox-title=\"0496c13d6dffc48c6e82c20f4d932b75~2508x0\" data-e-action-hash=\"#elementor-action%3Aaction%3Dlightbox%26settings%3DeyJpZCI6MzYxOCwidXJsIjoiaHR0cHM6XC9cL3d3dy5leHAtYnlkLmNvbVwvd3AtY29udGVudFwvdXBsb2Fkc1wvMjAyNFwvMDRcLzA0OTZjMTNkNmRmZmM0OGM2ZTgyYzIwZjRkOTMyYjc1MjUwOHgwLmpwZyIsInNsaWRlc2hvdyI6IjI0ZjZhNWMifQ%3D%3D\" href='https:\/\/www.exp-byd.com\/wp-content\/uploads\/2024\/04\/0496c13d6dffc48c6e82c20f4d932b752508x0.jpg'><img decoding=\"async\" width=\"2400\" height=\"1600\" src=\"https:\/\/www.exp-byd.com\/wp-content\/uploads\/2024\/04\/0496c13d6dffc48c6e82c20f4d932b752508x0.jpg\" class=\"attachment-full size-full\" alt=\"\" srcset=\"https:\/\/www.exp-byd.com\/wp-content\/uploads\/2024\/04\/0496c13d6dffc48c6e82c20f4d932b752508x0.jpg 2400w, https:\/\/www.exp-byd.com\/wp-content\/uploads\/2024\/04\/0496c13d6dffc48c6e82c20f4d932b752508x0-300x200.jpg 300w, https:\/\/www.exp-byd.com\/wp-content\/uploads\/2024\/04\/0496c13d6dffc48c6e82c20f4d932b752508x0-1024x683.jpg 1024w, https:\/\/www.exp-byd.com\/wp-content\/uploads\/2024\/04\/0496c13d6dffc48c6e82c20f4d932b752508x0-768x512.jpg 768w, https:\/\/www.exp-byd.com\/wp-content\/uploads\/2024\/04\/0496c13d6dffc48c6e82c20f4d932b752508x0-1536x1024.jpg 1536w, https:\/\/www.exp-byd.com\/wp-content\/uploads\/2024\/04\/0496c13d6dffc48c6e82c20f4d932b752508x0-2048x1365.jpg 2048w, https:\/\/www.exp-byd.com\/wp-content\/uploads\/2024\/04\/0496c13d6dffc48c6e82c20f4d932b752508x0-1200x800.jpg 1200w\" sizes=\"(max-width: 2400px) 100vw, 2400px\" \/><\/a>\n\t\t\t<\/div><\/figure><figure class='gallery-item'>\n\t\t\t<div class='gallery-icon landscape'>\n\t\t\t\t<a data-elementor-open-lightbox=\"yes\" data-elementor-lightbox-slideshow=\"24f6a5c\" data-elementor-lightbox-title=\"36f80d6b890391ce069cf280039a85a0~2508x0\" data-e-action-hash=\"#elementor-action%3Aaction%3Dlightbox%26settings%3DeyJpZCI6MzYyMiwidXJsIjoiaHR0cHM6XC9cL3d3dy5leHAtYnlkLmNvbVwvd3AtY29udGVudFwvdXBsb2Fkc1wvMjAyNFwvMDRcLzM2ZjgwZDZiODkwMzkxY2UwNjljZjI4MDAzOWE4NWEwMjUwOHgwLndlYnAiLCJzbGlkZXNob3ciOiIyNGY2YTVjIn0%3D\" href='https:\/\/www.exp-byd.com\/wp-content\/uploads\/2024\/04\/36f80d6b890391ce069cf280039a85a02508x0.webp'><img loading=\"lazy\" decoding=\"async\" width=\"2400\" height=\"1600\" src=\"https:\/\/www.exp-byd.com\/wp-content\/uploads\/2024\/04\/36f80d6b890391ce069cf280039a85a02508x0.webp\" class=\"attachment-full size-full\" alt=\"\" srcset=\"https:\/\/www.exp-byd.com\/wp-content\/uploads\/2024\/04\/36f80d6b890391ce069cf280039a85a02508x0.webp 2400w, https:\/\/www.exp-byd.com\/wp-content\/uploads\/2024\/04\/36f80d6b890391ce069cf280039a85a02508x0-300x200.webp 300w, https:\/\/www.exp-byd.com\/wp-content\/uploads\/2024\/04\/36f80d6b890391ce069cf280039a85a02508x0-1024x683.webp 1024w, https:\/\/www.exp-byd.com\/wp-content\/uploads\/2024\/04\/36f80d6b890391ce069cf280039a85a02508x0-768x512.webp 768w, https:\/\/www.exp-byd.com\/wp-content\/uploads\/2024\/04\/36f80d6b890391ce069cf280039a85a02508x0-1536x1024.webp 1536w, https:\/\/www.exp-byd.com\/wp-content\/uploads\/2024\/04\/36f80d6b890391ce069cf280039a85a02508x0-2048x1365.webp 2048w, https:\/\/www.exp-byd.com\/wp-content\/uploads\/2024\/04\/36f80d6b890391ce069cf280039a85a02508x0-1200x800.webp 1200w\" sizes=\"(max-width: 2400px) 100vw, 2400px\" \/><\/a>\n\t\t\t<\/div><\/figure><figure class='gallery-item'>\n\t\t\t<div class='gallery-icon landscape'>\n\t\t\t\t<a data-elementor-open-lightbox=\"yes\" data-elementor-lightbox-slideshow=\"24f6a5c\" data-elementor-lightbox-title=\"a962f2fce816a1b75c10cdc3cc6df766~2508x0\" data-e-action-hash=\"#elementor-action%3Aaction%3Dlightbox%26settings%3DeyJpZCI6MzYyMSwidXJsIjoiaHR0cHM6XC9cL3d3dy5leHAtYnlkLmNvbVwvd3AtY29udGVudFwvdXBsb2Fkc1wvMjAyNFwvMDRcL2E5NjJmMmZjZTgxNmExYjc1YzEwY2RjM2NjNmRmNzY2MjUwOHgwLndlYnAiLCJzbGlkZXNob3ciOiIyNGY2YTVjIn0%3D\" href='https:\/\/www.exp-byd.com\/wp-content\/uploads\/2024\/04\/a962f2fce816a1b75c10cdc3cc6df7662508x0.webp'><img loading=\"lazy\" decoding=\"async\" width=\"2400\" height=\"1600\" src=\"https:\/\/www.exp-byd.com\/wp-content\/uploads\/2024\/04\/a962f2fce816a1b75c10cdc3cc6df7662508x0.webp\" class=\"attachment-full size-full\" alt=\"\" srcset=\"https:\/\/www.exp-byd.com\/wp-content\/uploads\/2024\/04\/a962f2fce816a1b75c10cdc3cc6df7662508x0.webp 2400w, https:\/\/www.exp-byd.com\/wp-content\/uploads\/2024\/04\/a962f2fce816a1b75c10cdc3cc6df7662508x0-300x200.webp 300w, https:\/\/www.exp-byd.com\/wp-content\/uploads\/2024\/04\/a962f2fce816a1b75c10cdc3cc6df7662508x0-1024x683.webp 1024w, https:\/\/www.exp-byd.com\/wp-content\/uploads\/2024\/04\/a962f2fce816a1b75c10cdc3cc6df7662508x0-768x512.webp 768w, https:\/\/www.exp-byd.com\/wp-content\/uploads\/2024\/04\/a962f2fce816a1b75c10cdc3cc6df7662508x0-1536x1024.webp 1536w, https:\/\/www.exp-byd.com\/wp-content\/uploads\/2024\/04\/a962f2fce816a1b75c10cdc3cc6df7662508x0-2048x1365.webp 2048w, https:\/\/www.exp-byd.com\/wp-content\/uploads\/2024\/04\/a962f2fce816a1b75c10cdc3cc6df7662508x0-1200x800.webp 1200w\" sizes=\"(max-width: 2400px) 100vw, 2400px\" \/><\/a>\n\t\t\t<\/div><\/figure>\n\t\t<\/div>\n\t\t<\/div>\n\t\t\t\t<\/div>\n\t\t\t\t<\/div>\n\t\t\t\t<\/div>\n\t\t\t\t<\/div>\n\t\t<div id=\"e-n-tab-content-2609455692\" role=\"tabpanel\" aria-labelledby=\"e-n-tab-title-2609455692\" data-tab-index=\"2\" style=\"--n-tabs-title-order: 2;\" class=\"elementor-element elementor-element-9f0b552 e-con-full e-flex e-con e-child\" data-id=\"9f0b552\" data-element_type=\"container\">\n\t\t<div class=\"elementor-element elementor-element-3dd5c9d e-con-full e-flex e-con e-child\" data-id=\"3dd5c9d\" data-element_type=\"container\">\n\t\t\t\t<div class=\"elementor-element elementor-element-f8c75e0 gallery-spacing-custom elementor-widget elementor-widget-image-gallery\" data-id=\"f8c75e0\" data-element_type=\"widget\" data-widget_type=\"image-gallery.default\">\n\t\t\t\t<div class=\"elementor-widget-container\">\n\t\t\t\t\t<div class=\"elementor-image-gallery\">\n\t\t\t<div id='gallery-2' class='gallery galleryid-3611 gallery-columns-3 gallery-size-full'><figure class='gallery-item'>\n\t\t\t<div class='gallery-icon landscape'>\n\t\t\t\t<a data-elementor-open-lightbox=\"yes\" data-elementor-lightbox-slideshow=\"f8c75e0\" data-elementor-lightbox-title=\"b4099252a0439f17382027ac07f7a681~2508x0\" data-e-action-hash=\"#elementor-action%3Aaction%3Dlightbox%26settings%3DeyJpZCI6MzYyNSwidXJsIjoiaHR0cHM6XC9cL3d3dy5leHAtYnlkLmNvbVwvd3AtY29udGVudFwvdXBsb2Fkc1wvMjAyNFwvMDRcL2I0MDk5MjUyYTA0MzlmMTczODIwMjdhYzA3ZjdhNjgxMjUwOHgwLmpwZyIsInNsaWRlc2hvdyI6ImY4Yzc1ZTAifQ%3D%3D\" href='https:\/\/www.exp-byd.com\/wp-content\/uploads\/2024\/04\/b4099252a0439f17382027ac07f7a6812508x0.jpg'><img loading=\"lazy\" decoding=\"async\" width=\"2400\" height=\"1600\" src=\"https:\/\/www.exp-byd.com\/wp-content\/uploads\/2024\/04\/b4099252a0439f17382027ac07f7a6812508x0.jpg\" class=\"attachment-full size-full\" alt=\"\" srcset=\"https:\/\/www.exp-byd.com\/wp-content\/uploads\/2024\/04\/b4099252a0439f17382027ac07f7a6812508x0.jpg 2400w, https:\/\/www.exp-byd.com\/wp-content\/uploads\/2024\/04\/b4099252a0439f17382027ac07f7a6812508x0-300x200.jpg 300w, https:\/\/www.exp-byd.com\/wp-content\/uploads\/2024\/04\/b4099252a0439f17382027ac07f7a6812508x0-1024x683.jpg 1024w, https:\/\/www.exp-byd.com\/wp-content\/uploads\/2024\/04\/b4099252a0439f17382027ac07f7a6812508x0-768x512.jpg 768w, https:\/\/www.exp-byd.com\/wp-content\/uploads\/2024\/04\/b4099252a0439f17382027ac07f7a6812508x0-1536x1024.jpg 1536w, https:\/\/www.exp-byd.com\/wp-content\/uploads\/2024\/04\/b4099252a0439f17382027ac07f7a6812508x0-2048x1365.jpg 2048w, https:\/\/www.exp-byd.com\/wp-content\/uploads\/2024\/04\/b4099252a0439f17382027ac07f7a6812508x0-1200x800.jpg 1200w\" sizes=\"(max-width: 2400px) 100vw, 2400px\" \/><\/a>\n\t\t\t<\/div><\/figure><figure class='gallery-item'>\n\t\t\t<div class='gallery-icon landscape'>\n\t\t\t\t<a data-elementor-open-lightbox=\"yes\" data-elementor-lightbox-slideshow=\"f8c75e0\" data-elementor-lightbox-title=\"09ea3085f70b4ad71bf34ffca3cd80b3~2508x0\" data-e-action-hash=\"#elementor-action%3Aaction%3Dlightbox%26settings%3DeyJpZCI6MzYyNywidXJsIjoiaHR0cHM6XC9cL3d3dy5leHAtYnlkLmNvbVwvd3AtY29udGVudFwvdXBsb2Fkc1wvMjAyNFwvMDRcLzA5ZWEzMDg1ZjcwYjRhZDcxYmYzNGZmY2EzY2Q4MGIzMjUwOHgwLndlYnAiLCJzbGlkZXNob3ciOiJmOGM3NWUwIn0%3D\" href='https:\/\/www.exp-byd.com\/wp-content\/uploads\/2024\/04\/09ea3085f70b4ad71bf34ffca3cd80b32508x0.webp'><img loading=\"lazy\" decoding=\"async\" width=\"2400\" height=\"1600\" src=\"https:\/\/www.exp-byd.com\/wp-content\/uploads\/2024\/04\/09ea3085f70b4ad71bf34ffca3cd80b32508x0.webp\" class=\"attachment-full size-full\" alt=\"\" srcset=\"https:\/\/www.exp-byd.com\/wp-content\/uploads\/2024\/04\/09ea3085f70b4ad71bf34ffca3cd80b32508x0.webp 2400w, https:\/\/www.exp-byd.com\/wp-content\/uploads\/2024\/04\/09ea3085f70b4ad71bf34ffca3cd80b32508x0-300x200.webp 300w, https:\/\/www.exp-byd.com\/wp-content\/uploads\/2024\/04\/09ea3085f70b4ad71bf34ffca3cd80b32508x0-1024x683.webp 1024w, https:\/\/www.exp-byd.com\/wp-content\/uploads\/2024\/04\/09ea3085f70b4ad71bf34ffca3cd80b32508x0-768x512.webp 768w, https:\/\/www.exp-byd.com\/wp-content\/uploads\/2024\/04\/09ea3085f70b4ad71bf34ffca3cd80b32508x0-1536x1024.webp 1536w, https:\/\/www.exp-byd.com\/wp-content\/uploads\/2024\/04\/09ea3085f70b4ad71bf34ffca3cd80b32508x0-2048x1365.webp 2048w, https:\/\/www.exp-byd.com\/wp-content\/uploads\/2024\/04\/09ea3085f70b4ad71bf34ffca3cd80b32508x0-1200x800.webp 1200w\" sizes=\"(max-width: 2400px) 100vw, 2400px\" \/><\/a>\n\t\t\t<\/div><\/figure><figure class='gallery-item'>\n\t\t\t<div class='gallery-icon landscape'>\n\t\t\t\t<a data-elementor-open-lightbox=\"yes\" data-elementor-lightbox-slideshow=\"f8c75e0\" data-elementor-lightbox-title=\"f9388816f50b46ceedab47188005a8d5~2508x0\" data-e-action-hash=\"#elementor-action%3Aaction%3Dlightbox%26settings%3DeyJpZCI6MzYyNiwidXJsIjoiaHR0cHM6XC9cL3d3dy5leHAtYnlkLmNvbVwvd3AtY29udGVudFwvdXBsb2Fkc1wvMjAyNFwvMDRcL2Y5Mzg4ODE2ZjUwYjQ2Y2VlZGFiNDcxODgwMDVhOGQ1MjUwOHgwLndlYnAiLCJzbGlkZXNob3ciOiJmOGM3NWUwIn0%3D\" href='https:\/\/www.exp-byd.com\/wp-content\/uploads\/2024\/04\/f9388816f50b46ceedab47188005a8d52508x0.webp'><img loading=\"lazy\" decoding=\"async\" width=\"2400\" height=\"1600\" src=\"https:\/\/www.exp-byd.com\/wp-content\/uploads\/2024\/04\/f9388816f50b46ceedab47188005a8d52508x0.webp\" class=\"attachment-full size-full\" alt=\"\" srcset=\"https:\/\/www.exp-byd.com\/wp-content\/uploads\/2024\/04\/f9388816f50b46ceedab47188005a8d52508x0.webp 2400w, https:\/\/www.exp-byd.com\/wp-content\/uploads\/2024\/04\/f9388816f50b46ceedab47188005a8d52508x0-300x200.webp 300w, https:\/\/www.exp-byd.com\/wp-content\/uploads\/2024\/04\/f9388816f50b46ceedab47188005a8d52508x0-1024x683.webp 1024w, https:\/\/www.exp-byd.com\/wp-content\/uploads\/2024\/04\/f9388816f50b46ceedab47188005a8d52508x0-768x512.webp 768w, https:\/\/www.exp-byd.com\/wp-content\/uploads\/2024\/04\/f9388816f50b46ceedab47188005a8d52508x0-1536x1024.webp 1536w, https:\/\/www.exp-byd.com\/wp-content\/uploads\/2024\/04\/f9388816f50b46ceedab47188005a8d52508x0-2048x1365.webp 2048w, https:\/\/www.exp-byd.com\/wp-content\/uploads\/2024\/04\/f9388816f50b46ceedab47188005a8d52508x0-1200x800.webp 1200w\" sizes=\"(max-width: 2400px) 100vw, 2400px\" \/><\/a>\n\t\t\t<\/div><\/figure><figure class='gallery-item'>\n\t\t\t<div class='gallery-icon landscape'>\n\t\t\t\t<a data-elementor-open-lightbox=\"yes\" data-elementor-lightbox-slideshow=\"f8c75e0\" data-elementor-lightbox-title=\"a2c49b6d69e40b10612b96c1c9169400~2508x0\" data-e-action-hash=\"#elementor-action%3Aaction%3Dlightbox%26settings%3DeyJpZCI6MzYyOCwidXJsIjoiaHR0cHM6XC9cL3d3dy5leHAtYnlkLmNvbVwvd3AtY29udGVudFwvdXBsb2Fkc1wvMjAyNFwvMDRcL2EyYzQ5YjZkNjllNDBiMTA2MTJiOTZjMWM5MTY5NDAwMjUwOHgwLndlYnAiLCJzbGlkZXNob3ciOiJmOGM3NWUwIn0%3D\" href='https:\/\/www.exp-byd.com\/wp-content\/uploads\/2024\/04\/a2c49b6d69e40b10612b96c1c91694002508x0.webp'><img loading=\"lazy\" decoding=\"async\" width=\"2400\" height=\"1600\" src=\"https:\/\/www.exp-byd.com\/wp-content\/uploads\/2024\/04\/a2c49b6d69e40b10612b96c1c91694002508x0.webp\" class=\"attachment-full size-full\" alt=\"\" srcset=\"https:\/\/www.exp-byd.com\/wp-content\/uploads\/2024\/04\/a2c49b6d69e40b10612b96c1c91694002508x0.webp 2400w, https:\/\/www.exp-byd.com\/wp-content\/uploads\/2024\/04\/a2c49b6d69e40b10612b96c1c91694002508x0-300x200.webp 300w, https:\/\/www.exp-byd.com\/wp-content\/uploads\/2024\/04\/a2c49b6d69e40b10612b96c1c91694002508x0-1024x683.webp 1024w, https:\/\/www.exp-byd.com\/wp-content\/uploads\/2024\/04\/a2c49b6d69e40b10612b96c1c91694002508x0-768x512.webp 768w, https:\/\/www.exp-byd.com\/wp-content\/uploads\/2024\/04\/a2c49b6d69e40b10612b96c1c91694002508x0-1536x1024.webp 1536w, https:\/\/www.exp-byd.com\/wp-content\/uploads\/2024\/04\/a2c49b6d69e40b10612b96c1c91694002508x0-2048x1365.webp 2048w, https:\/\/www.exp-byd.com\/wp-content\/uploads\/2024\/04\/a2c49b6d69e40b10612b96c1c91694002508x0-1200x800.webp 1200w\" sizes=\"(max-width: 2400px) 100vw, 2400px\" \/><\/a>\n\t\t\t<\/div><\/figure><figure class='gallery-item'>\n\t\t\t<div class='gallery-icon landscape'>\n\t\t\t\t<a data-elementor-open-lightbox=\"yes\" data-elementor-lightbox-slideshow=\"f8c75e0\" data-elementor-lightbox-title=\"0a533bf77907157fb7ead239ea8a49c0~2508x0\" data-e-action-hash=\"#elementor-action%3Aaction%3Dlightbox%26settings%3DeyJpZCI6MzYyNCwidXJsIjoiaHR0cHM6XC9cL3d3dy5leHAtYnlkLmNvbVwvd3AtY29udGVudFwvdXBsb2Fkc1wvMjAyNFwvMDRcLzBhNTMzYmY3NzkwNzE1N2ZiN2VhZDIzOWVhOGE0OWMwMjUwOHgwLmpwZyIsInNsaWRlc2hvdyI6ImY4Yzc1ZTAifQ%3D%3D\" href='https:\/\/www.exp-byd.com\/wp-content\/uploads\/2024\/04\/0a533bf77907157fb7ead239ea8a49c02508x0.jpg'><img loading=\"lazy\" decoding=\"async\" width=\"2400\" height=\"1600\" src=\"https:\/\/www.exp-byd.com\/wp-content\/uploads\/2024\/04\/0a533bf77907157fb7ead239ea8a49c02508x0.jpg\" class=\"attachment-full size-full\" alt=\"\" srcset=\"https:\/\/www.exp-byd.com\/wp-content\/uploads\/2024\/04\/0a533bf77907157fb7ead239ea8a49c02508x0.jpg 2400w, https:\/\/www.exp-byd.com\/wp-content\/uploads\/2024\/04\/0a533bf77907157fb7ead239ea8a49c02508x0-300x200.jpg 300w, https:\/\/www.exp-byd.com\/wp-content\/uploads\/2024\/04\/0a533bf77907157fb7ead239ea8a49c02508x0-1024x683.jpg 1024w, https:\/\/www.exp-byd.com\/wp-content\/uploads\/2024\/04\/0a533bf77907157fb7ead239ea8a49c02508x0-768x512.jpg 768w, https:\/\/www.exp-byd.com\/wp-content\/uploads\/2024\/04\/0a533bf77907157fb7ead239ea8a49c02508x0-1536x1024.jpg 1536w, https:\/\/www.exp-byd.com\/wp-content\/uploads\/2024\/04\/0a533bf77907157fb7ead239ea8a49c02508x0-2048x1365.jpg 2048w, https:\/\/www.exp-byd.com\/wp-content\/uploads\/2024\/04\/0a533bf77907157fb7ead239ea8a49c02508x0-1200x800.jpg 1200w\" sizes=\"(max-width: 2400px) 100vw, 2400px\" \/><\/a>\n\t\t\t<\/div><\/figure>\n\t\t<\/div>\n\t\t<\/div>\n\t\t\t\t<\/div>\n\t\t\t\t<\/div>\n\t\t\t\t<\/div>\n\t\t\t\t<\/div>\n\t\t<div id=\"e-n-tab-content-2609455693\" role=\"tabpanel\" aria-labelledby=\"e-n-tab-title-2609455693\" data-tab-index=\"3\" style=\"--n-tabs-title-order: 3;\" class=\"elementor-element elementor-element-1d660ec e-con-full e-flex e-con e-child\" data-id=\"1d660ec\" data-element_type=\"container\">\n\t\t<div class=\"elementor-element elementor-element-ef072dd e-con-full e-flex e-con e-child\" data-id=\"ef072dd\" data-element_type=\"container\">\n\t\t\t\t<\/div>\n\t\t\t\t<\/div>\n\t\t<div id=\"e-n-tab-content-2609455694\" role=\"tabpanel\" aria-labelledby=\"e-n-tab-title-2609455694\" data-tab-index=\"4\" style=\"--n-tabs-title-order: 4;\" class=\"elementor-element elementor-element-f215e27 e-con-full e-flex e-con e-child\" data-id=\"f215e27\" data-element_type=\"container\">\n\t\t<div class=\"elementor-element elementor-element-bbcca72 e-con-full e-flex e-con e-child\" data-id=\"bbcca72\" data-element_type=\"container\">\n\t\t\t\t<\/div>\n\t\t\t\t<\/div>\n\t\t\t\t\t<\/div>\n\t\t<\/div>\n\t\t\t\t<\/div>\n\t\t\t\t<\/div>\n\t\t\t\t\t<\/div>\n\t\t\t\t<\/div>\n\t\t\t\t<\/div>","protected":false},"excerpt":{"rendered":"<p><strong>Types de carburant<\/strong>: BEV<\/p>\n<p><strong>Capacit\u00e9 de la batterie<\/strong>(kWh): 54.3\/80.4<\/p>\n<p><strong>Practice<\/strong>(km): 448\/601<\/p>\n<p><strong>Vitesse de pointe<\/strong>(km\/h) : 160<\/p>\n<p><strong>Type de lecteur<\/strong>: propulsion<\/p>\n<p><strong>Couleur<\/strong>: Personnalis\u00e9<\/p>\n<p><strong>Dimensions du v\u00e9hicule<\/strong>(mm): 4592x1852x1629<\/p>","protected":false},"featured_media":12944,"comment_status":"open","ping_status":"closed","template":"","meta":{"rank_math_lock_modified_date":false},"product_cat":[65],"product_tag":[],"class_list":{"0":"post-3611","1":"product","2":"type-product","3":"status-publish","4":"has-post-thumbnail","6":"product_cat-vw","8":"first","9":"instock","10":"shipping-taxable","11":"product-type-simple"},"_links":{"self":[{"href":"https:\/\/www.exp-byd.com\/fr\/wp-json\/wp\/v2\/product\/3611","targetHints":{"allow":["GET"]}}],"collection":[{"href":"https:\/\/www.exp-byd.com\/fr\/wp-json\/wp\/v2\/product"}],"about":[{"href":"https:\/\/www.exp-byd.com\/fr\/wp-json\/wp\/v2\/types\/product"}],"replies":[{"embeddable":true,"href":"https:\/\/www.exp-byd.com\/fr\/wp-json\/wp\/v2\/comments?post=3611"}],"version-history":[{"count":6,"href":"https:\/\/www.exp-byd.com\/fr\/wp-json\/wp\/v2\/product\/3611\/revisions"}],"predecessor-version":[{"id":12980,"href":"https:\/\/www.exp-byd.com\/fr\/wp-json\/wp\/v2\/product\/3611\/revisions\/12980"}],"wp:featuredmedia":[{"embeddable":true,"href":"https:\/\/www.exp-byd.com\/fr\/wp-json\/wp\/v2\/media\/12944"}],"wp:attachment":[{"href":"https:\/\/www.exp-byd.com\/fr\/wp-json\/wp\/v2\/media?parent=3611"}],"wp:term":[{"taxonomy":"product_cat","embeddable":true,"href":"https:\/\/www.exp-byd.com\/fr\/wp-json\/wp\/v2\/product_cat?post=3611"},{"taxonomy":"product_tag","embeddable":true,"href":"https:\/\/www.exp-byd.com\/fr\/wp-json\/wp\/v2\/product_tag?post=3611"}],"curies":[{"name":"wp","href":"https:\/\/api.w.org\/{rel}","templated":true}]}}