{"id":8708,"date":"2024-06-25T09:24:37","date_gmt":"2024-06-25T09:24:37","guid":{"rendered":"https:\/\/www.cevauto.com\/?post_type=product&#038;p=8708"},"modified":"2024-06-27T03:43:12","modified_gmt":"2024-06-27T03:43:12","slug":"leapmotor-c01","status":"publish","type":"product","link":"https:\/\/www.exp-byd.com\/fr\/product\/leapmotor-c01\/","title":{"rendered":"MOTEUR LEAP C01"},"content":{"rendered":"<div data-elementor-type=\"product-post\" data-elementor-id=\"8708\" class=\"elementor elementor-8708\" data-elementor-post-type=\"product\">\n\t\t\t\t<div class=\"elementor-element elementor-element-923e87f e-con-full e-flex e-con e-parent\" data-id=\"923e87f\" data-element_type=\"container\" data-settings=\"{&quot;background_background&quot;:&quot;video&quot;}\">\n\t\t<div class=\"elementor-element elementor-element-9c8b308 e-flex e-con-boxed e-con e-child\" data-id=\"9c8b308\" data-element_type=\"container\" data-settings=\"{&quot;background_background&quot;:&quot;video&quot;,&quot;background_play_on_mobile&quot;:&quot;yes&quot;}\">\n\t\t\t\t\t<div class=\"e-con-inner\">\n\t\t<div class=\"elementor-element elementor-element-3ab7e06 e-con-full e-flex e-con e-child\" data-id=\"3ab7e06\" data-element_type=\"container\" data-settings=\"{&quot;background_background&quot;:&quot;video&quot;,&quot;background_video_link&quot;:&quot;https:\\\/\\\/www.youtube.com\\\/watch?v=a3kpylQPOvk&quot;,&quot;background_play_on_mobile&quot;:&quot;yes&quot;}\">\n\t\t<div class=\"elementor-background-video-container\">\n\t\t\t\t\t\t\t<div class=\"elementor-background-video-embed\"><\/div>\n\t\t\t\t\t\t<\/div>\t\t<\/div>\n\t\t\t\t\t<\/div>\n\t\t\t\t<\/div>\n\t\t\t\t<\/div>\n\t\t<div class=\"elementor-element elementor-element-34cf146 e-flex e-con-boxed e-con e-parent\" data-id=\"34cf146\" data-element_type=\"container\">\n\t\t\t\t\t<div class=\"e-con-inner\">\n\t\t\t\t<div class=\"elementor-element elementor-element-f8db6a1 e-n-tabs-mobile elementor-widget elementor-widget-n-tabs\" data-id=\"f8db6a1\" data-element_type=\"widget\" data-settings=\"{&quot;tabs_justify_horizontal&quot;:&quot;start&quot;,&quot;horizontal_scroll&quot;:&quot;disable&quot;}\" data-widget_type=\"nested-tabs.default\">\n\t\t\t\t<div class=\"elementor-widget-container\">\n\t\t\t\t\t<div class=\"e-n-tabs\" data-widget-number=\"260945569\" aria-label=\"Onglets. Ouvrez des \u00e9l\u00e9ments avec Entrer ou Espace, fermez-les avec Echape et naviguez \u00e0 l&#039;aide des touches fl\u00e9ch\u00e9es.\">\n\t\t\t<div class=\"e-n-tabs-heading\" role=\"tablist\">\n\t\t\t\t\t<button id=\"e-n-tab-title-2609455691\" class=\"e-n-tab-title\" aria-selected=\"true\" data-tab-index=\"1\" role=\"tab\" tabindex=\"0\" aria-controls=\"e-n-tab-content-2609455691\" style=\"--n-tabs-title-order: 1;\">\n\t\t\t\t\t\t<span class=\"e-n-tab-title-text\">\n\t\t\t\tExt\u00e9rieur\t\t\t<\/span>\n\t\t<\/button>\n\t\t\t\t<button id=\"e-n-tab-title-2609455692\" class=\"e-n-tab-title\" aria-selected=\"false\" data-tab-index=\"2\" role=\"tab\" tabindex=\"-1\" aria-controls=\"e-n-tab-content-2609455692\" style=\"--n-tabs-title-order: 2;\">\n\t\t\t\t\t\t<span class=\"e-n-tab-title-text\">\n\t\t\t\tInt\u00e9rieur\t\t\t<\/span>\n\t\t<\/button>\n\t\t\t\t<button id=\"e-n-tab-title-2609455693\" class=\"e-n-tab-title\" aria-selected=\"false\" data-tab-index=\"3\" role=\"tab\" tabindex=\"-1\" aria-controls=\"e-n-tab-content-2609455693\" style=\"--n-tabs-title-order: 3;\">\n\t\t\t\t\t\t<span class=\"e-n-tab-title-text\">\n\t\t\t\tCaract\u00e9ristiques\t\t\t<\/span>\n\t\t<\/button>\n\t\t\t\t<button id=\"e-n-tab-title-2609455694\" class=\"e-n-tab-title\" aria-selected=\"false\" data-tab-index=\"4\" role=\"tab\" tabindex=\"-1\" aria-controls=\"e-n-tab-content-2609455694\" style=\"--n-tabs-title-order: 4;\">\n\t\t\t\t\t\t<span class=\"e-n-tab-title-text\">\n\t\t\t\tCommentaires\t\t\t<\/span>\n\t\t<\/button>\n\t\t\t\t\t<\/div>\n\t\t\t<div class=\"e-n-tabs-content\">\n\t\t\t\t<div id=\"e-n-tab-content-2609455691\" role=\"tabpanel\" aria-labelledby=\"e-n-tab-title-2609455691\" data-tab-index=\"1\" style=\"--n-tabs-title-order: 1;\" class=\"e-active elementor-element elementor-element-0291027 e-con-full e-flex e-con e-child\" data-id=\"0291027\" data-element_type=\"container\">\n\t\t<div class=\"elementor-element elementor-element-4b93aba e-con-full e-flex e-con e-child\" data-id=\"4b93aba\" data-element_type=\"container\">\n\t\t\t\t<div class=\"elementor-element elementor-element-24f6a5c gallery-spacing-custom elementor-widget elementor-widget-image-gallery\" data-id=\"24f6a5c\" data-element_type=\"widget\" data-widget_type=\"image-gallery.default\">\n\t\t\t\t<div class=\"elementor-widget-container\">\n\t\t\t\t\t<div class=\"elementor-image-gallery\">\n\t\t\t<div id='gallery-1' class='gallery galleryid-8708 gallery-columns-3 gallery-size-full'><figure class='gallery-item'>\n\t\t\t<div class='gallery-icon landscape'>\n\t\t\t\t<a data-elementor-open-lightbox=\"yes\" data-elementor-lightbox-slideshow=\"24f6a5c\" data-elementor-lightbox-title=\"LEAPMOTOR C01 7\" data-e-action-hash=\"#elementor-action%3Aaction%3Dlightbox%26settings%3DeyJpZCI6ODcxNywidXJsIjoiaHR0cHM6XC9cL3d3dy5leHAtYnlkLmNvbVwvd3AtY29udGVudFwvdXBsb2Fkc1wvMjAyNFwvMDZcL0xFQVBNT1RPUi1DMDEtNy5qcGciLCJzbGlkZXNob3ciOiIyNGY2YTVjIn0%3D\" href='https:\/\/www.exp-byd.com\/wp-content\/uploads\/2024\/06\/LEAPMOTOR-C01-7.jpg'><img fetchpriority=\"high\" decoding=\"async\" width=\"2048\" height=\"1365\" src=\"https:\/\/www.exp-byd.com\/wp-content\/uploads\/2024\/06\/LEAPMOTOR-C01-7.jpg\" class=\"attachment-full size-full\" alt=\"\" srcset=\"https:\/\/www.exp-byd.com\/wp-content\/uploads\/2024\/06\/LEAPMOTOR-C01-7.jpg 2048w, https:\/\/www.exp-byd.com\/wp-content\/uploads\/2024\/06\/LEAPMOTOR-C01-7-300x200.jpg 300w, https:\/\/www.exp-byd.com\/wp-content\/uploads\/2024\/06\/LEAPMOTOR-C01-7-1024x683.jpg 1024w, https:\/\/www.exp-byd.com\/wp-content\/uploads\/2024\/06\/LEAPMOTOR-C01-7-768x512.jpg 768w, https:\/\/www.exp-byd.com\/wp-content\/uploads\/2024\/06\/LEAPMOTOR-C01-7-1536x1024.jpg 1536w, https:\/\/www.exp-byd.com\/wp-content\/uploads\/2024\/06\/LEAPMOTOR-C01-7-18x12.jpg 18w, https:\/\/www.exp-byd.com\/wp-content\/uploads\/2024\/06\/LEAPMOTOR-C01-7-1200x800.jpg 1200w\" sizes=\"(max-width: 2048px) 100vw, 2048px\" \/><\/a>\n\t\t\t<\/div><\/figure><figure class='gallery-item'>\n\t\t\t<div class='gallery-icon landscape'>\n\t\t\t\t<a data-elementor-open-lightbox=\"yes\" data-elementor-lightbox-slideshow=\"24f6a5c\" data-elementor-lightbox-title=\"LEAPMOTOR C01 8\" data-e-action-hash=\"#elementor-action%3Aaction%3Dlightbox%26settings%3DeyJpZCI6ODcxOCwidXJsIjoiaHR0cHM6XC9cL3d3dy5leHAtYnlkLmNvbVwvd3AtY29udGVudFwvdXBsb2Fkc1wvMjAyNFwvMDZcL0xFQVBNT1RPUi1DMDEtOC5qcGciLCJzbGlkZXNob3ciOiIyNGY2YTVjIn0%3D\" href='https:\/\/www.exp-byd.com\/wp-content\/uploads\/2024\/06\/LEAPMOTOR-C01-8.jpg'><img decoding=\"async\" width=\"2048\" height=\"1365\" src=\"https:\/\/www.exp-byd.com\/wp-content\/uploads\/2024\/06\/LEAPMOTOR-C01-8.jpg\" class=\"attachment-full size-full\" alt=\"\" srcset=\"https:\/\/www.exp-byd.com\/wp-content\/uploads\/2024\/06\/LEAPMOTOR-C01-8.jpg 2048w, https:\/\/www.exp-byd.com\/wp-content\/uploads\/2024\/06\/LEAPMOTOR-C01-8-300x200.jpg 300w, https:\/\/www.exp-byd.com\/wp-content\/uploads\/2024\/06\/LEAPMOTOR-C01-8-1024x683.jpg 1024w, https:\/\/www.exp-byd.com\/wp-content\/uploads\/2024\/06\/LEAPMOTOR-C01-8-768x512.jpg 768w, https:\/\/www.exp-byd.com\/wp-content\/uploads\/2024\/06\/LEAPMOTOR-C01-8-1536x1024.jpg 1536w, https:\/\/www.exp-byd.com\/wp-content\/uploads\/2024\/06\/LEAPMOTOR-C01-8-18x12.jpg 18w, https:\/\/www.exp-byd.com\/wp-content\/uploads\/2024\/06\/LEAPMOTOR-C01-8-1200x800.jpg 1200w\" sizes=\"(max-width: 2048px) 100vw, 2048px\" \/><\/a>\n\t\t\t<\/div><\/figure><figure class='gallery-item'>\n\t\t\t<div class='gallery-icon landscape'>\n\t\t\t\t<a data-elementor-open-lightbox=\"yes\" data-elementor-lightbox-slideshow=\"24f6a5c\" data-elementor-lightbox-title=\"LEAPMOTOR C01 9\" data-e-action-hash=\"#elementor-action%3Aaction%3Dlightbox%26settings%3DeyJpZCI6ODcxOSwidXJsIjoiaHR0cHM6XC9cL3d3dy5leHAtYnlkLmNvbVwvd3AtY29udGVudFwvdXBsb2Fkc1wvMjAyNFwvMDZcL0xFQVBNT1RPUi1DMDEtOS5qcGciLCJzbGlkZXNob3ciOiIyNGY2YTVjIn0%3D\" href='https:\/\/www.exp-byd.com\/wp-content\/uploads\/2024\/06\/LEAPMOTOR-C01-9.jpg'><img decoding=\"async\" width=\"2048\" height=\"1365\" src=\"https:\/\/www.exp-byd.com\/wp-content\/uploads\/2024\/06\/LEAPMOTOR-C01-9.jpg\" class=\"attachment-full size-full\" alt=\"\" srcset=\"https:\/\/www.exp-byd.com\/wp-content\/uploads\/2024\/06\/LEAPMOTOR-C01-9.jpg 2048w, https:\/\/www.exp-byd.com\/wp-content\/uploads\/2024\/06\/LEAPMOTOR-C01-9-300x200.jpg 300w, https:\/\/www.exp-byd.com\/wp-content\/uploads\/2024\/06\/LEAPMOTOR-C01-9-1024x683.jpg 1024w, https:\/\/www.exp-byd.com\/wp-content\/uploads\/2024\/06\/LEAPMOTOR-C01-9-768x512.jpg 768w, https:\/\/www.exp-byd.com\/wp-content\/uploads\/2024\/06\/LEAPMOTOR-C01-9-1536x1024.jpg 1536w, https:\/\/www.exp-byd.com\/wp-content\/uploads\/2024\/06\/LEAPMOTOR-C01-9-18x12.jpg 18w, https:\/\/www.exp-byd.com\/wp-content\/uploads\/2024\/06\/LEAPMOTOR-C01-9-1200x800.jpg 1200w\" sizes=\"(max-width: 2048px) 100vw, 2048px\" \/><\/a>\n\t\t\t<\/div><\/figure><figure class='gallery-item'>\n\t\t\t<div class='gallery-icon landscape'>\n\t\t\t\t<a data-elementor-open-lightbox=\"yes\" data-elementor-lightbox-slideshow=\"24f6a5c\" data-elementor-lightbox-title=\"LEAPMOTOR C01 10\" data-e-action-hash=\"#elementor-action%3Aaction%3Dlightbox%26settings%3DeyJpZCI6ODcyMCwidXJsIjoiaHR0cHM6XC9cL3d3dy5leHAtYnlkLmNvbVwvd3AtY29udGVudFwvdXBsb2Fkc1wvMjAyNFwvMDZcL0xFQVBNT1RPUi1DMDEtMTAuanBnIiwic2xpZGVzaG93IjoiMjRmNmE1YyJ9\" href='https:\/\/www.exp-byd.com\/wp-content\/uploads\/2024\/06\/LEAPMOTOR-C01-10.jpg'><img loading=\"lazy\" decoding=\"async\" width=\"2048\" height=\"1365\" src=\"https:\/\/www.exp-byd.com\/wp-content\/uploads\/2024\/06\/LEAPMOTOR-C01-10.jpg\" class=\"attachment-full size-full\" alt=\"\" srcset=\"https:\/\/www.exp-byd.com\/wp-content\/uploads\/2024\/06\/LEAPMOTOR-C01-10.jpg 2048w, https:\/\/www.exp-byd.com\/wp-content\/uploads\/2024\/06\/LEAPMOTOR-C01-10-300x200.jpg 300w, https:\/\/www.exp-byd.com\/wp-content\/uploads\/2024\/06\/LEAPMOTOR-C01-10-1024x683.jpg 1024w, https:\/\/www.exp-byd.com\/wp-content\/uploads\/2024\/06\/LEAPMOTOR-C01-10-768x512.jpg 768w, https:\/\/www.exp-byd.com\/wp-content\/uploads\/2024\/06\/LEAPMOTOR-C01-10-1536x1024.jpg 1536w, https:\/\/www.exp-byd.com\/wp-content\/uploads\/2024\/06\/LEAPMOTOR-C01-10-18x12.jpg 18w, https:\/\/www.exp-byd.com\/wp-content\/uploads\/2024\/06\/LEAPMOTOR-C01-10-1200x800.jpg 1200w\" sizes=\"(max-width: 2048px) 100vw, 2048px\" \/><\/a>\n\t\t\t<\/div><\/figure><figure class='gallery-item'>\n\t\t\t<div class='gallery-icon landscape'>\n\t\t\t\t<a data-elementor-open-lightbox=\"yes\" data-elementor-lightbox-slideshow=\"24f6a5c\" data-elementor-lightbox-title=\"LEAPMOTOR C01 11\" data-e-action-hash=\"#elementor-action%3Aaction%3Dlightbox%26settings%3DeyJpZCI6ODcyMSwidXJsIjoiaHR0cHM6XC9cL3d3dy5leHAtYnlkLmNvbVwvd3AtY29udGVudFwvdXBsb2Fkc1wvMjAyNFwvMDZcL0xFQVBNT1RPUi1DMDEtMTEuanBnIiwic2xpZGVzaG93IjoiMjRmNmE1YyJ9\" href='https:\/\/www.exp-byd.com\/wp-content\/uploads\/2024\/06\/LEAPMOTOR-C01-11.jpg'><img loading=\"lazy\" decoding=\"async\" width=\"2048\" height=\"1365\" src=\"https:\/\/www.exp-byd.com\/wp-content\/uploads\/2024\/06\/LEAPMOTOR-C01-11.jpg\" class=\"attachment-full size-full\" alt=\"\" srcset=\"https:\/\/www.exp-byd.com\/wp-content\/uploads\/2024\/06\/LEAPMOTOR-C01-11.jpg 2048w, https:\/\/www.exp-byd.com\/wp-content\/uploads\/2024\/06\/LEAPMOTOR-C01-11-300x200.jpg 300w, https:\/\/www.exp-byd.com\/wp-content\/uploads\/2024\/06\/LEAPMOTOR-C01-11-1024x683.jpg 1024w, https:\/\/www.exp-byd.com\/wp-content\/uploads\/2024\/06\/LEAPMOTOR-C01-11-768x512.jpg 768w, https:\/\/www.exp-byd.com\/wp-content\/uploads\/2024\/06\/LEAPMOTOR-C01-11-1536x1024.jpg 1536w, https:\/\/www.exp-byd.com\/wp-content\/uploads\/2024\/06\/LEAPMOTOR-C01-11-18x12.jpg 18w, https:\/\/www.exp-byd.com\/wp-content\/uploads\/2024\/06\/LEAPMOTOR-C01-11-1200x800.jpg 1200w\" sizes=\"(max-width: 2048px) 100vw, 2048px\" \/><\/a>\n\t\t\t<\/div><\/figure><figure class='gallery-item'>\n\t\t\t<div class='gallery-icon landscape'>\n\t\t\t\t<a data-elementor-open-lightbox=\"yes\" data-elementor-lightbox-slideshow=\"24f6a5c\" data-elementor-lightbox-title=\"LEAPMOTOR C01 12\" data-e-action-hash=\"#elementor-action%3Aaction%3Dlightbox%26settings%3DeyJpZCI6ODcyMiwidXJsIjoiaHR0cHM6XC9cL3d3dy5leHAtYnlkLmNvbVwvd3AtY29udGVudFwvdXBsb2Fkc1wvMjAyNFwvMDZcL0xFQVBNT1RPUi1DMDEtMTIuanBnIiwic2xpZGVzaG93IjoiMjRmNmE1YyJ9\" href='https:\/\/www.exp-byd.com\/wp-content\/uploads\/2024\/06\/LEAPMOTOR-C01-12.jpg'><img loading=\"lazy\" decoding=\"async\" width=\"2048\" height=\"1365\" src=\"https:\/\/www.exp-byd.com\/wp-content\/uploads\/2024\/06\/LEAPMOTOR-C01-12.jpg\" class=\"attachment-full size-full\" alt=\"\" srcset=\"https:\/\/www.exp-byd.com\/wp-content\/uploads\/2024\/06\/LEAPMOTOR-C01-12.jpg 2048w, https:\/\/www.exp-byd.com\/wp-content\/uploads\/2024\/06\/LEAPMOTOR-C01-12-300x200.jpg 300w, https:\/\/www.exp-byd.com\/wp-content\/uploads\/2024\/06\/LEAPMOTOR-C01-12-1024x683.jpg 1024w, https:\/\/www.exp-byd.com\/wp-content\/uploads\/2024\/06\/LEAPMOTOR-C01-12-768x512.jpg 768w, https:\/\/www.exp-byd.com\/wp-content\/uploads\/2024\/06\/LEAPMOTOR-C01-12-1536x1024.jpg 1536w, https:\/\/www.exp-byd.com\/wp-content\/uploads\/2024\/06\/LEAPMOTOR-C01-12-18x12.jpg 18w, https:\/\/www.exp-byd.com\/wp-content\/uploads\/2024\/06\/LEAPMOTOR-C01-12-1200x800.jpg 1200w\" sizes=\"(max-width: 2048px) 100vw, 2048px\" \/><\/a>\n\t\t\t<\/div><\/figure><figure class='gallery-item'>\n\t\t\t<div class='gallery-icon landscape'>\n\t\t\t\t<a data-elementor-open-lightbox=\"yes\" data-elementor-lightbox-slideshow=\"24f6a5c\" data-elementor-lightbox-title=\"LEAPMOTOR C01 13\" data-e-action-hash=\"#elementor-action%3Aaction%3Dlightbox%26settings%3DeyJpZCI6ODcyMywidXJsIjoiaHR0cHM6XC9cL3d3dy5leHAtYnlkLmNvbVwvd3AtY29udGVudFwvdXBsb2Fkc1wvMjAyNFwvMDZcL0xFQVBNT1RPUi1DMDEtMTMuanBnIiwic2xpZGVzaG93IjoiMjRmNmE1YyJ9\" href='https:\/\/www.exp-byd.com\/wp-content\/uploads\/2024\/06\/LEAPMOTOR-C01-13.jpg'><img loading=\"lazy\" decoding=\"async\" width=\"2048\" height=\"1365\" src=\"https:\/\/www.exp-byd.com\/wp-content\/uploads\/2024\/06\/LEAPMOTOR-C01-13.jpg\" class=\"attachment-full size-full\" alt=\"\" srcset=\"https:\/\/www.exp-byd.com\/wp-content\/uploads\/2024\/06\/LEAPMOTOR-C01-13.jpg 2048w, https:\/\/www.exp-byd.com\/wp-content\/uploads\/2024\/06\/LEAPMOTOR-C01-13-300x200.jpg 300w, https:\/\/www.exp-byd.com\/wp-content\/uploads\/2024\/06\/LEAPMOTOR-C01-13-1024x683.jpg 1024w, https:\/\/www.exp-byd.com\/wp-content\/uploads\/2024\/06\/LEAPMOTOR-C01-13-768x512.jpg 768w, https:\/\/www.exp-byd.com\/wp-content\/uploads\/2024\/06\/LEAPMOTOR-C01-13-1536x1024.jpg 1536w, https:\/\/www.exp-byd.com\/wp-content\/uploads\/2024\/06\/LEAPMOTOR-C01-13-18x12.jpg 18w, https:\/\/www.exp-byd.com\/wp-content\/uploads\/2024\/06\/LEAPMOTOR-C01-13-1200x800.jpg 1200w\" sizes=\"(max-width: 2048px) 100vw, 2048px\" \/><\/a>\n\t\t\t<\/div><\/figure><figure class='gallery-item'>\n\t\t\t<div class='gallery-icon landscape'>\n\t\t\t\t<a data-elementor-open-lightbox=\"yes\" data-elementor-lightbox-slideshow=\"24f6a5c\" data-elementor-lightbox-title=\"LEAPMOTOR C01 14\" data-e-action-hash=\"#elementor-action%3Aaction%3Dlightbox%26settings%3DeyJpZCI6ODcyNCwidXJsIjoiaHR0cHM6XC9cL3d3dy5leHAtYnlkLmNvbVwvd3AtY29udGVudFwvdXBsb2Fkc1wvMjAyNFwvMDZcL0xFQVBNT1RPUi1DMDEtMTQuanBnIiwic2xpZGVzaG93IjoiMjRmNmE1YyJ9\" href='https:\/\/www.exp-byd.com\/wp-content\/uploads\/2024\/06\/LEAPMOTOR-C01-14.jpg'><img loading=\"lazy\" decoding=\"async\" width=\"2048\" height=\"1365\" src=\"https:\/\/www.exp-byd.com\/wp-content\/uploads\/2024\/06\/LEAPMOTOR-C01-14.jpg\" class=\"attachment-full size-full\" alt=\"\" srcset=\"https:\/\/www.exp-byd.com\/wp-content\/uploads\/2024\/06\/LEAPMOTOR-C01-14.jpg 2048w, https:\/\/www.exp-byd.com\/wp-content\/uploads\/2024\/06\/LEAPMOTOR-C01-14-300x200.jpg 300w, https:\/\/www.exp-byd.com\/wp-content\/uploads\/2024\/06\/LEAPMOTOR-C01-14-1024x683.jpg 1024w, https:\/\/www.exp-byd.com\/wp-content\/uploads\/2024\/06\/LEAPMOTOR-C01-14-768x512.jpg 768w, https:\/\/www.exp-byd.com\/wp-content\/uploads\/2024\/06\/LEAPMOTOR-C01-14-1536x1024.jpg 1536w, https:\/\/www.exp-byd.com\/wp-content\/uploads\/2024\/06\/LEAPMOTOR-C01-14-18x12.jpg 18w, https:\/\/www.exp-byd.com\/wp-content\/uploads\/2024\/06\/LEAPMOTOR-C01-14-1200x800.jpg 1200w\" sizes=\"(max-width: 2048px) 100vw, 2048px\" \/><\/a>\n\t\t\t<\/div><\/figure>\n\t\t<\/div>\n\t\t<\/div>\n\t\t\t\t<\/div>\n\t\t\t\t<\/div>\n\t\t\t\t<\/div>\n\t\t\t\t<\/div>\n\t\t<div id=\"e-n-tab-content-2609455692\" role=\"tabpanel\" aria-labelledby=\"e-n-tab-title-2609455692\" data-tab-index=\"2\" style=\"--n-tabs-title-order: 2;\" class=\"elementor-element elementor-element-9f0b552 e-con-full e-flex e-con e-child\" data-id=\"9f0b552\" data-element_type=\"container\">\n\t\t<div class=\"elementor-element elementor-element-3dd5c9d e-con-full e-flex e-con e-child\" data-id=\"3dd5c9d\" data-element_type=\"container\">\n\t\t\t\t<div class=\"elementor-element elementor-element-f8c75e0 gallery-spacing-custom elementor-widget elementor-widget-image-gallery\" data-id=\"f8c75e0\" data-element_type=\"widget\" data-widget_type=\"image-gallery.default\">\n\t\t\t\t<div class=\"elementor-widget-container\">\n\t\t\t\t\t<div class=\"elementor-image-gallery\">\n\t\t\t<div id='gallery-2' class='gallery galleryid-8708 gallery-columns-3 gallery-size-full'><figure class='gallery-item'>\n\t\t\t<div class='gallery-icon landscape'>\n\t\t\t\t<a data-elementor-open-lightbox=\"yes\" data-elementor-lightbox-slideshow=\"f8c75e0\" data-elementor-lightbox-title=\"LEAPMOTOR C01 15\" data-e-action-hash=\"#elementor-action%3Aaction%3Dlightbox%26settings%3DeyJpZCI6ODcyNSwidXJsIjoiaHR0cHM6XC9cL3d3dy5leHAtYnlkLmNvbVwvd3AtY29udGVudFwvdXBsb2Fkc1wvMjAyNFwvMDZcL0xFQVBNT1RPUi1DMDEtMTUuanBnIiwic2xpZGVzaG93IjoiZjhjNzVlMCJ9\" href='https:\/\/www.exp-byd.com\/wp-content\/uploads\/2024\/06\/LEAPMOTOR-C01-15.jpg'><img loading=\"lazy\" decoding=\"async\" width=\"2048\" height=\"1365\" src=\"https:\/\/www.exp-byd.com\/wp-content\/uploads\/2024\/06\/LEAPMOTOR-C01-15.jpg\" class=\"attachment-full size-full\" alt=\"\" srcset=\"https:\/\/www.exp-byd.com\/wp-content\/uploads\/2024\/06\/LEAPMOTOR-C01-15.jpg 2048w, https:\/\/www.exp-byd.com\/wp-content\/uploads\/2024\/06\/LEAPMOTOR-C01-15-300x200.jpg 300w, https:\/\/www.exp-byd.com\/wp-content\/uploads\/2024\/06\/LEAPMOTOR-C01-15-1024x683.jpg 1024w, https:\/\/www.exp-byd.com\/wp-content\/uploads\/2024\/06\/LEAPMOTOR-C01-15-768x512.jpg 768w, https:\/\/www.exp-byd.com\/wp-content\/uploads\/2024\/06\/LEAPMOTOR-C01-15-1536x1024.jpg 1536w, https:\/\/www.exp-byd.com\/wp-content\/uploads\/2024\/06\/LEAPMOTOR-C01-15-18x12.jpg 18w, https:\/\/www.exp-byd.com\/wp-content\/uploads\/2024\/06\/LEAPMOTOR-C01-15-1200x800.jpg 1200w\" sizes=\"(max-width: 2048px) 100vw, 2048px\" \/><\/a>\n\t\t\t<\/div><\/figure><figure class='gallery-item'>\n\t\t\t<div class='gallery-icon landscape'>\n\t\t\t\t<a data-elementor-open-lightbox=\"yes\" data-elementor-lightbox-slideshow=\"f8c75e0\" data-elementor-lightbox-title=\"LEAPMOTOR C01 16\" data-e-action-hash=\"#elementor-action%3Aaction%3Dlightbox%26settings%3DeyJpZCI6ODcyNiwidXJsIjoiaHR0cHM6XC9cL3d3dy5leHAtYnlkLmNvbVwvd3AtY29udGVudFwvdXBsb2Fkc1wvMjAyNFwvMDZcL0xFQVBNT1RPUi1DMDEtMTYuanBnIiwic2xpZGVzaG93IjoiZjhjNzVlMCJ9\" href='https:\/\/www.exp-byd.com\/wp-content\/uploads\/2024\/06\/LEAPMOTOR-C01-16.jpg'><img loading=\"lazy\" decoding=\"async\" width=\"2048\" height=\"1365\" src=\"https:\/\/www.exp-byd.com\/wp-content\/uploads\/2024\/06\/LEAPMOTOR-C01-16.jpg\" class=\"attachment-full size-full\" alt=\"\" srcset=\"https:\/\/www.exp-byd.com\/wp-content\/uploads\/2024\/06\/LEAPMOTOR-C01-16.jpg 2048w, https:\/\/www.exp-byd.com\/wp-content\/uploads\/2024\/06\/LEAPMOTOR-C01-16-300x200.jpg 300w, https:\/\/www.exp-byd.com\/wp-content\/uploads\/2024\/06\/LEAPMOTOR-C01-16-1024x683.jpg 1024w, https:\/\/www.exp-byd.com\/wp-content\/uploads\/2024\/06\/LEAPMOTOR-C01-16-768x512.jpg 768w, https:\/\/www.exp-byd.com\/wp-content\/uploads\/2024\/06\/LEAPMOTOR-C01-16-1536x1024.jpg 1536w, https:\/\/www.exp-byd.com\/wp-content\/uploads\/2024\/06\/LEAPMOTOR-C01-16-18x12.jpg 18w, https:\/\/www.exp-byd.com\/wp-content\/uploads\/2024\/06\/LEAPMOTOR-C01-16-1200x800.jpg 1200w\" sizes=\"(max-width: 2048px) 100vw, 2048px\" \/><\/a>\n\t\t\t<\/div><\/figure><figure class='gallery-item'>\n\t\t\t<div class='gallery-icon landscape'>\n\t\t\t\t<a data-elementor-open-lightbox=\"yes\" data-elementor-lightbox-slideshow=\"f8c75e0\" data-elementor-lightbox-title=\"LEAPMOTOR C01 17\" data-e-action-hash=\"#elementor-action%3Aaction%3Dlightbox%26settings%3DeyJpZCI6ODcyNywidXJsIjoiaHR0cHM6XC9cL3d3dy5leHAtYnlkLmNvbVwvd3AtY29udGVudFwvdXBsb2Fkc1wvMjAyNFwvMDZcL0xFQVBNT1RPUi1DMDEtMTcuanBnIiwic2xpZGVzaG93IjoiZjhjNzVlMCJ9\" href='https:\/\/www.exp-byd.com\/wp-content\/uploads\/2024\/06\/LEAPMOTOR-C01-17.jpg'><img loading=\"lazy\" decoding=\"async\" width=\"2048\" height=\"1365\" src=\"https:\/\/www.exp-byd.com\/wp-content\/uploads\/2024\/06\/LEAPMOTOR-C01-17.jpg\" class=\"attachment-full size-full\" alt=\"\" srcset=\"https:\/\/www.exp-byd.com\/wp-content\/uploads\/2024\/06\/LEAPMOTOR-C01-17.jpg 2048w, https:\/\/www.exp-byd.com\/wp-content\/uploads\/2024\/06\/LEAPMOTOR-C01-17-300x200.jpg 300w, https:\/\/www.exp-byd.com\/wp-content\/uploads\/2024\/06\/LEAPMOTOR-C01-17-1024x683.jpg 1024w, https:\/\/www.exp-byd.com\/wp-content\/uploads\/2024\/06\/LEAPMOTOR-C01-17-768x512.jpg 768w, https:\/\/www.exp-byd.com\/wp-content\/uploads\/2024\/06\/LEAPMOTOR-C01-17-1536x1024.jpg 1536w, https:\/\/www.exp-byd.com\/wp-content\/uploads\/2024\/06\/LEAPMOTOR-C01-17-18x12.jpg 18w, https:\/\/www.exp-byd.com\/wp-content\/uploads\/2024\/06\/LEAPMOTOR-C01-17-1200x800.jpg 1200w\" sizes=\"(max-width: 2048px) 100vw, 2048px\" \/><\/a>\n\t\t\t<\/div><\/figure><figure class='gallery-item'>\n\t\t\t<div class='gallery-icon landscape'>\n\t\t\t\t<a data-elementor-open-lightbox=\"yes\" data-elementor-lightbox-slideshow=\"f8c75e0\" data-elementor-lightbox-title=\"LEAPMOTOR C01 18\" data-e-action-hash=\"#elementor-action%3Aaction%3Dlightbox%26settings%3DeyJpZCI6ODcyOCwidXJsIjoiaHR0cHM6XC9cL3d3dy5leHAtYnlkLmNvbVwvd3AtY29udGVudFwvdXBsb2Fkc1wvMjAyNFwvMDZcL0xFQVBNT1RPUi1DMDEtMTguanBnIiwic2xpZGVzaG93IjoiZjhjNzVlMCJ9\" href='https:\/\/www.exp-byd.com\/wp-content\/uploads\/2024\/06\/LEAPMOTOR-C01-18.jpg'><img loading=\"lazy\" decoding=\"async\" width=\"2048\" height=\"1365\" src=\"https:\/\/www.exp-byd.com\/wp-content\/uploads\/2024\/06\/LEAPMOTOR-C01-18.jpg\" class=\"attachment-full size-full\" alt=\"\" srcset=\"https:\/\/www.exp-byd.com\/wp-content\/uploads\/2024\/06\/LEAPMOTOR-C01-18.jpg 2048w, https:\/\/www.exp-byd.com\/wp-content\/uploads\/2024\/06\/LEAPMOTOR-C01-18-300x200.jpg 300w, https:\/\/www.exp-byd.com\/wp-content\/uploads\/2024\/06\/LEAPMOTOR-C01-18-1024x683.jpg 1024w, https:\/\/www.exp-byd.com\/wp-content\/uploads\/2024\/06\/LEAPMOTOR-C01-18-768x512.jpg 768w, https:\/\/www.exp-byd.com\/wp-content\/uploads\/2024\/06\/LEAPMOTOR-C01-18-1536x1024.jpg 1536w, https:\/\/www.exp-byd.com\/wp-content\/uploads\/2024\/06\/LEAPMOTOR-C01-18-18x12.jpg 18w, https:\/\/www.exp-byd.com\/wp-content\/uploads\/2024\/06\/LEAPMOTOR-C01-18-1200x800.jpg 1200w\" sizes=\"(max-width: 2048px) 100vw, 2048px\" \/><\/a>\n\t\t\t<\/div><\/figure>\n\t\t<\/div>\n\t\t<\/div>\n\t\t\t\t<\/div>\n\t\t\t\t<\/div>\n\t\t\t\t<\/div>\n\t\t\t\t<\/div>\n\t\t<div id=\"e-n-tab-content-2609455693\" role=\"tabpanel\" aria-labelledby=\"e-n-tab-title-2609455693\" data-tab-index=\"3\" style=\"--n-tabs-title-order: 3;\" class=\"elementor-element elementor-element-1d660ec e-con-full e-flex e-con e-child\" data-id=\"1d660ec\" data-element_type=\"container\">\n\t\t<div class=\"elementor-element elementor-element-ef072dd e-con-full e-flex e-con e-child\" data-id=\"ef072dd\" data-element_type=\"container\">\n\t\t\t\t<\/div>\n\t\t\t\t<\/div>\n\t\t<div id=\"e-n-tab-content-2609455694\" role=\"tabpanel\" aria-labelledby=\"e-n-tab-title-2609455694\" data-tab-index=\"4\" style=\"--n-tabs-title-order: 4;\" class=\"elementor-element elementor-element-f215e27 e-con-full e-flex e-con e-child\" data-id=\"f215e27\" data-element_type=\"container\">\n\t\t<div class=\"elementor-element elementor-element-bbcca72 e-con-full e-flex e-con e-child\" data-id=\"bbcca72\" data-element_type=\"container\">\n\t\t\t\t<\/div>\n\t\t\t\t<\/div>\n\t\t\t\t\t<\/div>\n\t\t<\/div>\n\t\t\t\t<\/div>\n\t\t\t\t<\/div>\n\t\t\t\t\t<\/div>\n\t\t\t\t<\/div>\n\t\t\t\t<\/div>","protected":false},"excerpt":{"rendered":"<p><strong>Types de carburant<\/strong>: EREV\/VE<\/p>\n<p><strong>Capacit\u00e9 de la batterie<\/strong>(kWh) : 30,1\/43,7\/62,8\/78,5<\/p>\n<p><strong>Practice<\/strong>(km):148+\/248+\/525\/625<\/p>\n<p><strong>Temps d&#039;acc\u00e9l\u00e9ration de 0 \u00e0 100 km\/h<\/strong>(s): 7,6\/7,8<\/p>\n<p><strong>Vitesse de pointe<\/strong>(km\/h) : 170\/180<\/p>\n<p><strong>Type de lecteur<\/strong>: propulsion<\/p>\n<p><strong>Couleur<\/strong>: Personnalis\u00e9<\/p>\n<p><strong>Dimensions du v\u00e9hicule<\/strong>(mm): 5050x1902x1509<\/p>\n<div class=\"table_col__3Pc3_\"><\/div>","protected":false},"featured_media":8709,"comment_status":"open","ping_status":"closed","template":"","meta":{"rank_math_lock_modified_date":false},"product_cat":[87],"product_tag":[],"class_list":{"0":"post-8708","1":"product","2":"type-product","3":"status-publish","4":"has-post-thumbnail","6":"product_cat-leapmotor","8":"first","9":"instock","10":"shipping-taxable","11":"product-type-simple"},"_links":{"self":[{"href":"https:\/\/www.exp-byd.com\/fr\/wp-json\/wp\/v2\/product\/8708","targetHints":{"allow":["GET"]}}],"collection":[{"href":"https:\/\/www.exp-byd.com\/fr\/wp-json\/wp\/v2\/product"}],"about":[{"href":"https:\/\/www.exp-byd.com\/fr\/wp-json\/wp\/v2\/types\/product"}],"replies":[{"embeddable":true,"href":"https:\/\/www.exp-byd.com\/fr\/wp-json\/wp\/v2\/comments?post=8708"}],"version-history":[{"count":8,"href":"https:\/\/www.exp-byd.com\/fr\/wp-json\/wp\/v2\/product\/8708\/revisions"}],"predecessor-version":[{"id":8830,"href":"https:\/\/www.exp-byd.com\/fr\/wp-json\/wp\/v2\/product\/8708\/revisions\/8830"}],"wp:featuredmedia":[{"embeddable":true,"href":"https:\/\/www.exp-byd.com\/fr\/wp-json\/wp\/v2\/media\/8709"}],"wp:attachment":[{"href":"https:\/\/www.exp-byd.com\/fr\/wp-json\/wp\/v2\/media?parent=8708"}],"wp:term":[{"taxonomy":"product_cat","embeddable":true,"href":"https:\/\/www.exp-byd.com\/fr\/wp-json\/wp\/v2\/product_cat?post=8708"},{"taxonomy":"product_tag","embeddable":true,"href":"https:\/\/www.exp-byd.com\/fr\/wp-json\/wp\/v2\/product_tag?post=8708"}],"curies":[{"name":"wp","href":"https:\/\/api.w.org\/{rel}","templated":true}]}}