{"id":11214,"date":"2024-12-02T07:43:15","date_gmt":"2024-12-02T07:43:15","guid":{"rendered":"https:\/\/www.cevauto.com\/?post_type=product&#038;p=11214"},"modified":"2024-12-02T07:51:37","modified_gmt":"2024-12-02T07:51:37","slug":"side-opening-roof-top-tent","status":"publish","type":"product","link":"https:\/\/www.exp-byd.com\/pt\/product\/side-opening-roof-top-tent\/","title":{"rendered":"Tenda de teto com abertura lateral"},"content":{"rendered":"<div data-elementor-type=\"product-post\" data-elementor-id=\"11214\" class=\"elementor elementor-11214\" data-elementor-post-type=\"product\">\n\t\t\t\t<div class=\"elementor-element elementor-element-923e87f e-con-full e-flex e-con e-parent\" data-id=\"923e87f\" data-element_type=\"container\" data-settings=\"{&quot;background_background&quot;:&quot;video&quot;}\">\n\t\t\t\t<\/div>\n\t\t<div class=\"elementor-element elementor-element-34cf146 e-flex e-con-boxed e-con e-parent\" data-id=\"34cf146\" data-element_type=\"container\">\n\t\t\t\t\t<div class=\"e-con-inner\">\n\t\t\t\t<div class=\"elementor-element elementor-element-f8db6a1 e-n-tabs-mobile elementor-widget elementor-widget-n-tabs\" data-id=\"f8db6a1\" data-element_type=\"widget\" data-settings=\"{&quot;tabs_justify_horizontal&quot;:&quot;start&quot;,&quot;horizontal_scroll&quot;:&quot;disable&quot;}\" data-widget_type=\"nested-tabs.default\">\n\t\t\t\t<div class=\"elementor-widget-container\">\n\t\t\t\t\t<div class=\"e-n-tabs\" data-widget-number=\"260945569\" aria-label=\"Tabs. Open items with Enter or Space, close with Escape and navigate using the Arrow keys.\">\n\t\t\t<div class=\"e-n-tabs-heading\" role=\"tablist\">\n\t\t\t\t\t<button id=\"e-n-tab-title-2609455691\" class=\"e-n-tab-title\" aria-selected=\"true\" data-tab-index=\"1\" role=\"tab\" tabindex=\"0\" aria-controls=\"e-n-tab-content-2609455691\" style=\"--n-tabs-title-order: 1;\">\n\t\t\t\t\t\t<span class=\"e-n-tab-title-text\">\n\t\t\t\tExterior\t\t\t<\/span>\n\t\t<\/button>\n\t\t\t\t<button id=\"e-n-tab-title-2609455692\" class=\"e-n-tab-title\" aria-selected=\"false\" data-tab-index=\"2\" role=\"tab\" tabindex=\"-1\" aria-controls=\"e-n-tab-content-2609455692\" style=\"--n-tabs-title-order: 2;\">\n\t\t\t\t\t\t<span class=\"e-n-tab-title-text\">\n\t\t\t\tAvalia\u00e7\u00f5es\t\t\t<\/span>\n\t\t<\/button>\n\t\t\t\t\t<\/div>\n\t\t\t<div class=\"e-n-tabs-content\">\n\t\t\t\t<div id=\"e-n-tab-content-2609455691\" role=\"tabpanel\" aria-labelledby=\"e-n-tab-title-2609455691\" data-tab-index=\"1\" style=\"--n-tabs-title-order: 1;\" class=\"e-active elementor-element elementor-element-0291027 e-con-full e-flex e-con e-child\" data-id=\"0291027\" data-element_type=\"container\">\n\t\t<div class=\"elementor-element elementor-element-4b93aba e-con-full e-flex e-con e-child\" data-id=\"4b93aba\" data-element_type=\"container\">\n\t\t\t\t<div class=\"elementor-element elementor-element-24f6a5c gallery-spacing-custom elementor-widget elementor-widget-image-gallery\" data-id=\"24f6a5c\" data-element_type=\"widget\" data-widget_type=\"image-gallery.default\">\n\t\t\t\t<div class=\"elementor-widget-container\">\n\t\t\t\t\t<div class=\"elementor-image-gallery\">\n\t\t\t<div id='gallery-1' class='gallery galleryid-11214 gallery-columns-1 gallery-size-full'><figure class='gallery-item'>\n\t\t\t<div class='gallery-icon landscape'>\n\t\t\t\t<a data-elementor-open-lightbox=\"yes\" data-elementor-lightbox-slideshow=\"24f6a5c\" data-elementor-lightbox-title=\"Side Opening Roof Top Tent 4\" data-e-action-hash=\"#elementor-action%3Aaction%3Dlightbox%26settings%3DeyJpZCI6MTEyMTksInVybCI6Imh0dHBzOlwvXC93d3cuZXhwLWJ5ZC5jb21cL3dwLWNvbnRlbnRcL3VwbG9hZHNcLzIwMjRcLzEyXC9TaWRlLU9wZW5pbmctUm9vZi1Ub3AtVGVudC00LmpwZyIsInNsaWRlc2hvdyI6IjI0ZjZhNWMifQ%3D%3D\" href='https:\/\/www.exp-byd.com\/wp-content\/uploads\/2024\/12\/Side-Opening-Roof-Top-Tent-4.jpg'><img fetchpriority=\"high\" decoding=\"async\" width=\"1940\" height=\"1200\" src=\"https:\/\/www.exp-byd.com\/wp-content\/uploads\/2024\/12\/Side-Opening-Roof-Top-Tent-4.jpg\" class=\"attachment-full size-full\" alt=\"\" srcset=\"https:\/\/www.exp-byd.com\/wp-content\/uploads\/2024\/12\/Side-Opening-Roof-Top-Tent-4.jpg 1940w, https:\/\/www.exp-byd.com\/wp-content\/uploads\/2024\/12\/Side-Opening-Roof-Top-Tent-4-300x186.jpg 300w, https:\/\/www.exp-byd.com\/wp-content\/uploads\/2024\/12\/Side-Opening-Roof-Top-Tent-4-1024x633.jpg 1024w, https:\/\/www.exp-byd.com\/wp-content\/uploads\/2024\/12\/Side-Opening-Roof-Top-Tent-4-768x475.jpg 768w, https:\/\/www.exp-byd.com\/wp-content\/uploads\/2024\/12\/Side-Opening-Roof-Top-Tent-4-1536x950.jpg 1536w, https:\/\/www.exp-byd.com\/wp-content\/uploads\/2024\/12\/Side-Opening-Roof-Top-Tent-4-18x12.jpg 18w, https:\/\/www.exp-byd.com\/wp-content\/uploads\/2024\/12\/Side-Opening-Roof-Top-Tent-4-1200x742.jpg 1200w\" sizes=\"(max-width: 1940px) 100vw, 1940px\" \/><\/a>\n\t\t\t<\/div><\/figure>\n\t\t<\/div>\n\t\t<\/div>\n\t\t\t\t<\/div>\n\t\t\t\t<\/div>\n\t\t\t\t<\/div>\n\t\t\t\t<\/div>\n\t\t<div id=\"e-n-tab-content-2609455692\" role=\"tabpanel\" aria-labelledby=\"e-n-tab-title-2609455692\" data-tab-index=\"2\" style=\"--n-tabs-title-order: 2;\" class=\"elementor-element elementor-element-1d660ec e-con-full e-flex e-con e-child\" data-id=\"1d660ec\" data-element_type=\"container\">\n\t\t<div class=\"elementor-element elementor-element-ef072dd e-con-full e-flex e-con e-child\" data-id=\"ef072dd\" data-element_type=\"container\">\n\t\t\t\t<\/div>\n\t\t\t\t<\/div>\n\t\t\t\t\t<\/div>\n\t\t<\/div>\n\t\t\t\t<\/div>\n\t\t\t\t<\/div>\n\t\t\t\t\t<\/div>\n\t\t\t\t<\/div>\n\t\t\t\t<\/div>","protected":false},"excerpt":{"rendered":"<p><strong>Concha:<\/strong> Tenda com pain\u00e9is de alum\u00ednio em formato de colmeia<\/p>\n<p><strong>Cor:<\/strong> C\u00e1qui, Verde Ex\u00e9rcito, Cinza Claro, Cinza Escuro, Preto<\/p>\n<p><strong>Tecido da tenda:<\/strong> Tecido Oxford 600D ou lona Rip-stop 280 T\/C, revestimento em PU, imperme\u00e1vel at\u00e9 2000 mm, prote\u00e7\u00e3o UV 50+.<\/p>\n<p><strong>Colch\u00e3o:<\/strong> Colch\u00e3o de alta densidade de 5 cm<\/p>\n<p><strong>Host:<\/strong> Escada extens\u00edvel de alum\u00ednio de 2,3 m<\/p>\n<p><strong>Sistema operacional:<\/strong> Hidr\u00e1ulico autom\u00e1tico<\/p>","protected":false},"featured_media":11215,"comment_status":"open","ping_status":"closed","template":"","meta":{"rank_math_lock_modified_date":false},"product_cat":[102],"product_tag":[],"class_list":{"0":"post-11214","1":"product","2":"type-product","3":"status-publish","4":"has-post-thumbnail","6":"product_cat-accessories","8":"first","9":"instock","10":"shipping-taxable","11":"product-type-simple"},"_links":{"self":[{"href":"https:\/\/www.exp-byd.com\/pt\/wp-json\/wp\/v2\/product\/11214","targetHints":{"allow":["GET"]}}],"collection":[{"href":"https:\/\/www.exp-byd.com\/pt\/wp-json\/wp\/v2\/product"}],"about":[{"href":"https:\/\/www.exp-byd.com\/pt\/wp-json\/wp\/v2\/types\/product"}],"replies":[{"embeddable":true,"href":"https:\/\/www.exp-byd.com\/pt\/wp-json\/wp\/v2\/comments?post=11214"}],"version-history":[{"count":7,"href":"https:\/\/www.exp-byd.com\/pt\/wp-json\/wp\/v2\/product\/11214\/revisions"}],"predecessor-version":[{"id":11225,"href":"https:\/\/www.exp-byd.com\/pt\/wp-json\/wp\/v2\/product\/11214\/revisions\/11225"}],"wp:featuredmedia":[{"embeddable":true,"href":"https:\/\/www.exp-byd.com\/pt\/wp-json\/wp\/v2\/media\/11215"}],"wp:attachment":[{"href":"https:\/\/www.exp-byd.com\/pt\/wp-json\/wp\/v2\/media?parent=11214"}],"wp:term":[{"taxonomy":"product_cat","embeddable":true,"href":"https:\/\/www.exp-byd.com\/pt\/wp-json\/wp\/v2\/product_cat?post=11214"},{"taxonomy":"product_tag","embeddable":true,"href":"https:\/\/www.exp-byd.com\/pt\/wp-json\/wp\/v2\/product_tag?post=11214"}],"curies":[{"name":"wp","href":"https:\/\/api.w.org\/{rel}","templated":true}]}}